{"id":1109,"date":"2014-08-06T07:49:34","date_gmt":"2016-06-27T21:41:15","guid":{"rendered":""},"modified":"2025-08-13T08:55:15","modified_gmt":"2025-08-13T12:55:15","slug":"frais-de-competition-de-la-fce-pour-2014-2015","status":"publish","type":"page","link":"https:\/\/fencing.ca\/fr\/frais-de-competition-de-la-fce-pour-2014-2015\/","title":{"rendered":"Frais de comp\u00e9tition de la FCE"},"content":{"rendered":"<p><strong>Frais standards\u00a0:<\/strong><br \/>\n(Jusqu\u2019\u00e0 huit semaines avant le d\u00e9but de la comp\u00e9tition)<\/p>\n<p>Frais d\u2019administration\u00a0: 50\u00a0$ par participant (non remboursables)<\/p>\n<p>Frais de participation aux \u00e9v\u00e9nements\u00a0:<\/p>\n<table style=\"width: 500px;\" border=\"0\" cellspacing=\"1\" cellpadding=\"1\">\n<tbody>\n<tr>\n<td>U15<\/td>\n<td>85.00$<\/td>\n<td><\/td>\n<\/tr>\n<tr>\n<td>Cadet<\/td>\n<td>85.00$<\/td>\n<td><\/td>\n<\/tr>\n<tr>\n<td>Junior<\/td>\n<td>85.00$<\/td>\n<td><\/td>\n<\/tr>\n<tr>\n<td>Universit\u00e9<\/td>\n<td>85.00$<\/td>\n<td>(\u00e9v\u00e9nement universitaire admissible s\u00e9par\u00e9)<\/td>\n<\/tr>\n<tr>\n<td>Senior<\/td>\n<td>85.00$<\/td>\n<td><\/td>\n<\/tr>\n<tr>\n<td>V\u00e9t\u00e9rans<\/td>\n<td>85.00$<\/td>\n<td><\/td>\n<\/tr>\n<tr>\n<td><\/td>\n<td><\/td>\n<td><\/td>\n<\/tr>\n<tr>\n<td>\u00c9quipe<\/td>\n<td>200.00$<\/td>\n<td><\/td>\n<\/tr>\n<\/tbody>\n<\/table>\n<p>&nbsp;<\/p>\n<p><strong>Frais de retard<\/strong><br \/>\n(2 semaines avant le d\u00e9but de la comp\u00e9tition)<\/p>\n<p>Frais d\u2019administration\u00a0: 50\u00a0$ par participant (non remboursables)<\/p>\n<p>Frais de participation aux \u00e9v\u00e9nements\u00a0:<\/p>\n<p>&nbsp;<\/p>\n<table style=\"width: 500px;\" border=\"0\" cellspacing=\"1\" cellpadding=\"1\">\n<tbody>\n<tr>\n<td>U15<\/td>\n<td>170.00$<\/td>\n<td><\/td>\n<\/tr>\n<tr>\n<td>Cadet<\/td>\n<td>170.00$<\/td>\n<td><\/td>\n<\/tr>\n<tr>\n<td>Junior<\/td>\n<td>170.00$<\/td>\n<td><\/td>\n<\/tr>\n<tr>\n<td>Universit\u00e9<\/td>\n<td>170.00$<\/td>\n<td>(\u00e9v\u00e9nement universitaire admissible s\u00e9par\u00e9)<\/td>\n<\/tr>\n<tr>\n<td>Senior<\/td>\n<td>170.00$<\/td>\n<td><\/td>\n<\/tr>\n<tr>\n<td>V\u00e9t\u00e9rans<\/td>\n<td>170.00$<\/td>\n<td><\/td>\n<\/tr>\n<tr>\n<td><\/td>\n<td><\/td>\n<td><\/td>\n<\/tr>\n<tr>\n<td>\u00c9quipe<\/td>\n<td>400.00$<\/td>\n<td><\/td>\n<\/tr>\n<\/tbody>\n<\/table>\n<p>&nbsp;<\/p>\n<p><strong>Frais de retard<\/strong><br \/>\n(1 semaine avant le d\u00e9but de la comp\u00e9tition)<\/p>\n<p>Frais d\u2019administration\u00a0: 50\u00a0$\u00a0(non remboursables)<\/p>\n<table style=\"width: 500px;\" border=\"0\" cellspacing=\"1\" cellpadding=\"1\">\n<tbody>\n<tr>\n<td>&nbsp;<\/p>\n<table style=\"width: 500px;\" border=\"0\" cellspacing=\"1\" cellpadding=\"1\">\n<tbody>\n<tr>\n<td>U15<\/td>\n<td>255.00$<\/td>\n<td><\/td>\n<\/tr>\n<tr>\n<td>Cadet<\/td>\n<td>255.00$<\/td>\n<td><\/td>\n<\/tr>\n<tr>\n<td>Junior<\/td>\n<td>255.00$<\/td>\n<td><\/td>\n<\/tr>\n<tr>\n<td>Universit\u00e9<\/td>\n<td>255.00$<\/td>\n<td>(\u00e9v\u00e9nement universitaire admissible s\u00e9par\u00e9)<\/td>\n<\/tr>\n<tr>\n<td>Senior<\/td>\n<td>255.00$<\/td>\n<td><\/td>\n<\/tr>\n<tr>\n<td>V\u00e9t\u00e9rans<\/td>\n<td>255.00$<\/td>\n<td><\/td>\n<\/tr>\n<tr>\n<td><\/td>\n<td><\/td>\n<td><\/td>\n<\/tr>\n<tr>\n<td>\u00c9quipe<\/td>\n<td>600.00$<\/td>\n<td><\/td>\n<\/tr>\n<\/tbody>\n<\/table>\n<p>&nbsp;<\/td>\n<\/tr>\n<tr>\n<td><\/td>\n<\/tr>\n<\/tbody>\n<\/table>\n","protected":false},"excerpt":{"rendered":"<p>Frais standards\u00a0: (Jusqu\u2019\u00e0 huit semaines avant le d\u00e9but de la comp\u00e9tition) Frais d\u2019administration\u00a0: 50\u00a0$ par participant (non remboursables) Frais de participation aux \u00e9v\u00e9nements\u00a0: U15 85.00$ Cadet 85.00$ Junior 85.00$ Universit\u00e9 [&hellip;]<\/p>\n","protected":false},"author":1,"featured_media":0,"parent":0,"menu_order":0,"comment_status":"closed","ping_status":"closed","template":"","meta":{"_acf_changed":false,"footnotes":""},"class_list":["post-1109","page","type-page","status-publish","hentry"],"acf":[],"yoast_head":"<!-- This site is optimized with the Yoast SEO plugin v27.3 - https:\/\/yoast.com\/product\/yoast-seo-wordpress\/ -->\n<title>Frais de comp\u00e9tition de la FCE - Canadian Fencing Federation<\/title>\n<meta name=\"robots\" content=\"index, follow, max-snippet:-1, max-image-preview:large, max-video-preview:-1\" \/>\n<link rel=\"canonical\" href=\"https:\/\/fencing.ca\/fr\/frais-de-competition-de-la-fce-pour-2014-2015\/\" \/>\n<meta property=\"og:locale\" content=\"fr_FR\" \/>\n<meta property=\"og:type\" content=\"article\" \/>\n<meta property=\"og:title\" content=\"Frais de comp\u00e9tition de la FCE - Canadian Fencing Federation\" \/>\n<meta property=\"og:description\" content=\"Frais standards\u00a0: (Jusqu\u2019\u00e0 huit semaines avant le d\u00e9but de la comp\u00e9tition) Frais d\u2019administration\u00a0: 50\u00a0$ par participant (non remboursables) Frais de participation aux \u00e9v\u00e9nements\u00a0: U15 85.00$ Cadet 85.00$ Junior 85.00$ Universit\u00e9 [&hellip;]\" \/>\n<meta property=\"og:url\" content=\"https:\/\/fencing.ca\/fr\/frais-de-competition-de-la-fce-pour-2014-2015\/\" \/>\n<meta property=\"og:site_name\" content=\"Canadian Fencing Federation\" \/>\n<meta property=\"article:modified_time\" content=\"2025-08-13T12:55:15+00:00\" \/>\n<meta name=\"twitter:card\" content=\"summary_large_image\" \/>\n<meta name=\"twitter:label1\" content=\"Dur\u00e9e de lecture estim\u00e9e\" \/>\n\t<meta name=\"twitter:data1\" content=\"1 minute\" \/>\n<script type=\"application\/ld+json\" class=\"yoast-schema-graph\">{\"@context\":\"https:\\\/\\\/schema.org\",\"@graph\":[{\"@type\":\"WebPage\",\"@id\":\"https:\\\/\\\/fencing.ca\\\/fr\\\/frais-de-competition-de-la-fce-pour-2014-2015\\\/\",\"url\":\"https:\\\/\\\/fencing.ca\\\/fr\\\/frais-de-competition-de-la-fce-pour-2014-2015\\\/\",\"name\":\"Frais de comp\u00e9tition de la FCE - Canadian Fencing Federation\",\"isPartOf\":{\"@id\":\"https:\\\/\\\/fencing.ca\\\/#website\"},\"datePublished\":\"2016-06-27T21:41:15+00:00\",\"dateModified\":\"2025-08-13T12:55:15+00:00\",\"breadcrumb\":{\"@id\":\"https:\\\/\\\/fencing.ca\\\/fr\\\/frais-de-competition-de-la-fce-pour-2014-2015\\\/#breadcrumb\"},\"inLanguage\":\"fr-FR\",\"potentialAction\":[{\"@type\":\"ReadAction\",\"target\":[\"https:\\\/\\\/fencing.ca\\\/fr\\\/frais-de-competition-de-la-fce-pour-2014-2015\\\/\"]}]},{\"@type\":\"BreadcrumbList\",\"@id\":\"https:\\\/\\\/fencing.ca\\\/fr\\\/frais-de-competition-de-la-fce-pour-2014-2015\\\/#breadcrumb\",\"itemListElement\":[{\"@type\":\"ListItem\",\"position\":1,\"name\":\"Home\",\"item\":\"https:\\\/\\\/fencing.ca\\\/fr\\\/\"},{\"@type\":\"ListItem\",\"position\":2,\"name\":\"Frais de comp\u00e9tition de la FCE\"}]},{\"@type\":\"WebSite\",\"@id\":\"https:\\\/\\\/fencing.ca\\\/#website\",\"url\":\"https:\\\/\\\/fencing.ca\\\/\",\"name\":\"Canadian Fencing Federation\",\"description\":\"Fencing Canada\",\"potentialAction\":[{\"@type\":\"SearchAction\",\"target\":{\"@type\":\"EntryPoint\",\"urlTemplate\":\"https:\\\/\\\/fencing.ca\\\/?s={search_term_string}\"},\"query-input\":{\"@type\":\"PropertyValueSpecification\",\"valueRequired\":true,\"valueName\":\"search_term_string\"}}],\"inLanguage\":\"fr-FR\"}]}<\/script>\n<!-- \/ Yoast SEO plugin. -->","yoast_head_json":{"title":"Frais de comp\u00e9tition de la FCE - Canadian Fencing Federation","robots":{"index":"index","follow":"follow","max-snippet":"max-snippet:-1","max-image-preview":"max-image-preview:large","max-video-preview":"max-video-preview:-1"},"canonical":"https:\/\/fencing.ca\/fr\/frais-de-competition-de-la-fce-pour-2014-2015\/","og_locale":"fr_FR","og_type":"article","og_title":"Frais de comp\u00e9tition de la FCE - Canadian Fencing Federation","og_description":"Frais standards\u00a0: (Jusqu\u2019\u00e0 huit semaines avant le d\u00e9but de la comp\u00e9tition) Frais d\u2019administration\u00a0: 50\u00a0$ par participant (non remboursables) Frais de participation aux \u00e9v\u00e9nements\u00a0: U15 85.00$ Cadet 85.00$ Junior 85.00$ Universit\u00e9 [&hellip;]","og_url":"https:\/\/fencing.ca\/fr\/frais-de-competition-de-la-fce-pour-2014-2015\/","og_site_name":"Canadian Fencing Federation","article_modified_time":"2025-08-13T12:55:15+00:00","twitter_card":"summary_large_image","twitter_misc":{"Dur\u00e9e de lecture estim\u00e9e":"1 minute"},"schema":{"@context":"https:\/\/schema.org","@graph":[{"@type":"WebPage","@id":"https:\/\/fencing.ca\/fr\/frais-de-competition-de-la-fce-pour-2014-2015\/","url":"https:\/\/fencing.ca\/fr\/frais-de-competition-de-la-fce-pour-2014-2015\/","name":"Frais de comp\u00e9tition de la FCE - Canadian Fencing Federation","isPartOf":{"@id":"https:\/\/fencing.ca\/#website"},"datePublished":"2016-06-27T21:41:15+00:00","dateModified":"2025-08-13T12:55:15+00:00","breadcrumb":{"@id":"https:\/\/fencing.ca\/fr\/frais-de-competition-de-la-fce-pour-2014-2015\/#breadcrumb"},"inLanguage":"fr-FR","potentialAction":[{"@type":"ReadAction","target":["https:\/\/fencing.ca\/fr\/frais-de-competition-de-la-fce-pour-2014-2015\/"]}]},{"@type":"BreadcrumbList","@id":"https:\/\/fencing.ca\/fr\/frais-de-competition-de-la-fce-pour-2014-2015\/#breadcrumb","itemListElement":[{"@type":"ListItem","position":1,"name":"Home","item":"https:\/\/fencing.ca\/fr\/"},{"@type":"ListItem","position":2,"name":"Frais de comp\u00e9tition de la FCE"}]},{"@type":"WebSite","@id":"https:\/\/fencing.ca\/#website","url":"https:\/\/fencing.ca\/","name":"Canadian Fencing Federation","description":"Fencing Canada","potentialAction":[{"@type":"SearchAction","target":{"@type":"EntryPoint","urlTemplate":"https:\/\/fencing.ca\/?s={search_term_string}"},"query-input":{"@type":"PropertyValueSpecification","valueRequired":true,"valueName":"search_term_string"}}],"inLanguage":"fr-FR"}]}},"_links":{"self":[{"href":"https:\/\/fencing.ca\/fr\/wp-json\/wp\/v2\/pages\/1109","targetHints":{"allow":["GET"]}}],"collection":[{"href":"https:\/\/fencing.ca\/fr\/wp-json\/wp\/v2\/pages"}],"about":[{"href":"https:\/\/fencing.ca\/fr\/wp-json\/wp\/v2\/types\/page"}],"author":[{"embeddable":true,"href":"https:\/\/fencing.ca\/fr\/wp-json\/wp\/v2\/users\/1"}],"replies":[{"embeddable":true,"href":"https:\/\/fencing.ca\/fr\/wp-json\/wp\/v2\/comments?post=1109"}],"version-history":[{"count":5,"href":"https:\/\/fencing.ca\/fr\/wp-json\/wp\/v2\/pages\/1109\/revisions"}],"predecessor-version":[{"id":45172,"href":"https:\/\/fencing.ca\/fr\/wp-json\/wp\/v2\/pages\/1109\/revisions\/45172"}],"wp:attachment":[{"href":"https:\/\/fencing.ca\/fr\/wp-json\/wp\/v2\/media?parent=1109"}],"curies":[{"name":"wp","href":"https:\/\/api.w.org\/{rel}","templated":true}]}}