{"id":1125,"date":"2014-08-20T12:06:52","date_gmt":"2016-06-27T21:41:15","guid":{"rendered":""},"modified":"2026-02-02T05:29:05","modified_gmt":"2026-02-02T10:29:05","slug":"politique","status":"publish","type":"page","link":"https:\/\/fencing.ca\/fr\/politique\/","title":{"rendered":"Politique"},"content":{"rendered":"<ul>\n<li><a href=\"http:\/\/fencing.ca\/wp-content\/uploads\/Entente-PHP-2021-2022.pdf\">Entente de l&rsquo;athl\u00e8te<\/a><\/li>\n<li><a href=\"http:\/\/fencing.ca\/wp-content\/uploads\/fce-CommitteeFramework-fr.pdf\">L&rsquo;organisation, la structure et les r\u00f4les des comit\u00e9s<\/a><\/li>\n<li><a href=\"https:\/\/fencing.ca\/wp-content\/uploads\/Politique-dappel-2023.pdf\">Politique d&rsquo;appel<\/a><\/li>\n<li><a href=\"http:\/\/fencing.ca\/wp-content\/uploads\/fce-pol-conf-int-fr.pdf\">Politique sur les conflits d&rsquo;int\u00e9r\u00eats<\/a><\/li>\n<li><a href=\"http:\/\/fencing.ca\/wp-content\/uploads\/fceEquityPolicy-fr.pdf\">Politique sur l\u2019\u00e9quit\u00e9 et l&rsquo;acc\u00e8s<\/a><\/li>\n<li><a href=\"https:\/\/fencing.ca\/wp-content\/uploads\/Politique-dequite-entre-les-genres-FR.pdf\">Politique d&rsquo;\u00e9quit\u00e9 entre les genres<\/a><\/li>\n<li><a href=\"http:\/\/fencing.ca\/wp-content\/uploads\/fce-OffLangPolicy-fr.pdf\"><span style=\"color: #333333;\">Politique sur les langues officielles<\/span><\/a><\/li>\n<li><a href=\"http:\/\/fencing.ca\/wp-content\/uploads\/fce-PrivacyPolicy-fr-Final.pdf\">Protection des renseignements personnels<\/a><\/li>\n<li><a href=\"http:\/\/fencing.ca\/wp-content\/uploads\/fce-OccupationalHealthSafetyPolicy-fr.pdf\">Politique sur la sant\u00e9 et la s\u00e9curit\u00e9 au travail<\/a><\/li>\n<li><a href=\"https:\/\/fencing.ca\/wp-content\/uploads\/MANUEL-DE-POLITIQUE-DE-SECURITE-DU-SPORT-2-fevrier-2026.pdf\">Manuel de politique de s\u00e9curit\u00e9 du sport<\/a><a href=\"http:\/\/fencing.ca\/wp-content\/uploads\/CODE-DE-CONDUITE-ET-DETHIQUE.pdf\"><br \/>\n<\/a><\/li>\n<\/ul>\n","protected":false},"excerpt":{"rendered":"<p>Entente de l&rsquo;athl\u00e8te L&rsquo;organisation, la structure et les r\u00f4les des comit\u00e9s Politique d&rsquo;appel Politique sur les conflits d&rsquo;int\u00e9r\u00eats Politique sur l\u2019\u00e9quit\u00e9 et l&rsquo;acc\u00e8s Politique d&rsquo;\u00e9quit\u00e9 entre les genres Politique sur [&hellip;]<\/p>\n","protected":false},"author":1,"featured_media":0,"parent":0,"menu_order":0,"comment_status":"closed","ping_status":"closed","template":"","meta":{"_acf_changed":false,"footnotes":""},"class_list":["post-1125","page","type-page","status-publish","hentry"],"acf":[],"yoast_head":"<!-- This site is optimized with the Yoast SEO plugin v27.3 - https:\/\/yoast.com\/product\/yoast-seo-wordpress\/ -->\n<title>Politique - Canadian Fencing Federation<\/title>\n<meta name=\"robots\" content=\"index, follow, max-snippet:-1, max-image-preview:large, max-video-preview:-1\" \/>\n<link rel=\"canonical\" href=\"https:\/\/fencing.ca\/fr\/politique\/\" \/>\n<meta property=\"og:locale\" content=\"fr_FR\" \/>\n<meta property=\"og:type\" content=\"article\" \/>\n<meta property=\"og:title\" content=\"Politique - Canadian Fencing Federation\" \/>\n<meta property=\"og:description\" content=\"Entente de l&rsquo;athl\u00e8te L&rsquo;organisation, la structure et les r\u00f4les des comit\u00e9s Politique d&rsquo;appel Politique sur les conflits d&rsquo;int\u00e9r\u00eats Politique sur l\u2019\u00e9quit\u00e9 et l&rsquo;acc\u00e8s Politique d&rsquo;\u00e9quit\u00e9 entre les genres Politique sur [&hellip;]\" \/>\n<meta property=\"og:url\" content=\"https:\/\/fencing.ca\/fr\/politique\/\" \/>\n<meta property=\"og:site_name\" content=\"Canadian Fencing Federation\" \/>\n<meta property=\"article:modified_time\" content=\"2026-02-02T10:29:05+00:00\" \/>\n<meta name=\"twitter:card\" content=\"summary_large_image\" \/>\n<meta name=\"twitter:label1\" content=\"Dur\u00e9e de lecture estim\u00e9e\" \/>\n\t<meta name=\"twitter:data1\" content=\"1 minute\" \/>\n<script type=\"application\/ld+json\" class=\"yoast-schema-graph\">{\"@context\":\"https:\\\/\\\/schema.org\",\"@graph\":[{\"@type\":\"WebPage\",\"@id\":\"https:\\\/\\\/fencing.ca\\\/fr\\\/politique\\\/\",\"url\":\"https:\\\/\\\/fencing.ca\\\/fr\\\/politique\\\/\",\"name\":\"Politique - Canadian Fencing Federation\",\"isPartOf\":{\"@id\":\"https:\\\/\\\/fencing.ca\\\/#website\"},\"datePublished\":\"2016-06-27T21:41:15+00:00\",\"dateModified\":\"2026-02-02T10:29:05+00:00\",\"breadcrumb\":{\"@id\":\"https:\\\/\\\/fencing.ca\\\/fr\\\/politique\\\/#breadcrumb\"},\"inLanguage\":\"fr-FR\",\"potentialAction\":[{\"@type\":\"ReadAction\",\"target\":[\"https:\\\/\\\/fencing.ca\\\/fr\\\/politique\\\/\"]}]},{\"@type\":\"BreadcrumbList\",\"@id\":\"https:\\\/\\\/fencing.ca\\\/fr\\\/politique\\\/#breadcrumb\",\"itemListElement\":[{\"@type\":\"ListItem\",\"position\":1,\"name\":\"Home\",\"item\":\"https:\\\/\\\/fencing.ca\\\/fr\\\/\"},{\"@type\":\"ListItem\",\"position\":2,\"name\":\"Politique\"}]},{\"@type\":\"WebSite\",\"@id\":\"https:\\\/\\\/fencing.ca\\\/#website\",\"url\":\"https:\\\/\\\/fencing.ca\\\/\",\"name\":\"Canadian Fencing Federation\",\"description\":\"Fencing Canada\",\"potentialAction\":[{\"@type\":\"SearchAction\",\"target\":{\"@type\":\"EntryPoint\",\"urlTemplate\":\"https:\\\/\\\/fencing.ca\\\/?s={search_term_string}\"},\"query-input\":{\"@type\":\"PropertyValueSpecification\",\"valueRequired\":true,\"valueName\":\"search_term_string\"}}],\"inLanguage\":\"fr-FR\"}]}<\/script>\n<!-- \/ Yoast SEO plugin. -->","yoast_head_json":{"title":"Politique - Canadian Fencing Federation","robots":{"index":"index","follow":"follow","max-snippet":"max-snippet:-1","max-image-preview":"max-image-preview:large","max-video-preview":"max-video-preview:-1"},"canonical":"https:\/\/fencing.ca\/fr\/politique\/","og_locale":"fr_FR","og_type":"article","og_title":"Politique - Canadian Fencing Federation","og_description":"Entente de l&rsquo;athl\u00e8te L&rsquo;organisation, la structure et les r\u00f4les des comit\u00e9s Politique d&rsquo;appel Politique sur les conflits d&rsquo;int\u00e9r\u00eats Politique sur l\u2019\u00e9quit\u00e9 et l&rsquo;acc\u00e8s Politique d&rsquo;\u00e9quit\u00e9 entre les genres Politique sur [&hellip;]","og_url":"https:\/\/fencing.ca\/fr\/politique\/","og_site_name":"Canadian Fencing Federation","article_modified_time":"2026-02-02T10:29:05+00:00","twitter_card":"summary_large_image","twitter_misc":{"Dur\u00e9e de lecture estim\u00e9e":"1 minute"},"schema":{"@context":"https:\/\/schema.org","@graph":[{"@type":"WebPage","@id":"https:\/\/fencing.ca\/fr\/politique\/","url":"https:\/\/fencing.ca\/fr\/politique\/","name":"Politique - Canadian Fencing Federation","isPartOf":{"@id":"https:\/\/fencing.ca\/#website"},"datePublished":"2016-06-27T21:41:15+00:00","dateModified":"2026-02-02T10:29:05+00:00","breadcrumb":{"@id":"https:\/\/fencing.ca\/fr\/politique\/#breadcrumb"},"inLanguage":"fr-FR","potentialAction":[{"@type":"ReadAction","target":["https:\/\/fencing.ca\/fr\/politique\/"]}]},{"@type":"BreadcrumbList","@id":"https:\/\/fencing.ca\/fr\/politique\/#breadcrumb","itemListElement":[{"@type":"ListItem","position":1,"name":"Home","item":"https:\/\/fencing.ca\/fr\/"},{"@type":"ListItem","position":2,"name":"Politique"}]},{"@type":"WebSite","@id":"https:\/\/fencing.ca\/#website","url":"https:\/\/fencing.ca\/","name":"Canadian Fencing Federation","description":"Fencing Canada","potentialAction":[{"@type":"SearchAction","target":{"@type":"EntryPoint","urlTemplate":"https:\/\/fencing.ca\/?s={search_term_string}"},"query-input":{"@type":"PropertyValueSpecification","valueRequired":true,"valueName":"search_term_string"}}],"inLanguage":"fr-FR"}]}},"_links":{"self":[{"href":"https:\/\/fencing.ca\/fr\/wp-json\/wp\/v2\/pages\/1125","targetHints":{"allow":["GET"]}}],"collection":[{"href":"https:\/\/fencing.ca\/fr\/wp-json\/wp\/v2\/pages"}],"about":[{"href":"https:\/\/fencing.ca\/fr\/wp-json\/wp\/v2\/types\/page"}],"author":[{"embeddable":true,"href":"https:\/\/fencing.ca\/fr\/wp-json\/wp\/v2\/users\/1"}],"replies":[{"embeddable":true,"href":"https:\/\/fencing.ca\/fr\/wp-json\/wp\/v2\/comments?post=1125"}],"version-history":[{"count":5,"href":"https:\/\/fencing.ca\/fr\/wp-json\/wp\/v2\/pages\/1125\/revisions"}],"predecessor-version":[{"id":46406,"href":"https:\/\/fencing.ca\/fr\/wp-json\/wp\/v2\/pages\/1125\/revisions\/46406"}],"wp:attachment":[{"href":"https:\/\/fencing.ca\/fr\/wp-json\/wp\/v2\/media?parent=1125"}],"curies":[{"name":"wp","href":"https:\/\/api.w.org\/{rel}","templated":true}]}}