{"id":11790,"date":"2019-03-01T09:19:20","date_gmt":"2019-03-01T14:19:20","guid":{"rendered":"http:\/\/fencing.ca\/?page_id=11790"},"modified":"2019-03-01T09:19:20","modified_gmt":"2019-03-01T14:19:20","slug":"fencing-nccp-coach-development-model","status":"publish","type":"page","link":"https:\/\/fencing.ca\/fr\/fencing-nccp-coach-development-model\/","title":{"rendered":"Fencing &#038; NCCP &#8211; Coach Development Model"},"content":{"rendered":"<p><img fetchpriority=\"high\" decoding=\"async\" class=\"alignnone size-medium wp-image-11793\" src=\"http:\/\/fencing.ca\/wp-content\/uploads\/Screen-Shot-2019-03-01-at-9.12.22-AM-500x368.png\" alt=\"\" width=\"500\" height=\"368\" srcset=\"https:\/\/fencing.ca\/wp-content\/uploads\/Screen-Shot-2019-03-01-at-9.12.22-AM-500x368.png 500w, https:\/\/fencing.ca\/wp-content\/uploads\/Screen-Shot-2019-03-01-at-9.12.22-AM-600x441.png 600w, https:\/\/fencing.ca\/wp-content\/uploads\/Screen-Shot-2019-03-01-at-9.12.22-AM.png 1100w\" sizes=\"(max-width: 500px) 100vw, 500px\" \/><\/p>\n<p>Pour une version PDF du mod\u00e8le de d\u00e9veloppement des entra\u00eeneurs d&rsquo;escrime, <a href=\"http:\/\/fencing.ca\/wp-content\/uploads\/UPDATED-1.3-FR-Modele-Canadien-de-developpement-des-entraineurs-20-fev-2019-1.pdf\">cliquez ici.\u00a0<\/a><\/p>\n","protected":false},"excerpt":{"rendered":"<p>Pour une version PDF du mod\u00e8le de d\u00e9veloppement des entra\u00eeneurs d&rsquo;escrime, cliquez ici.\u00a0<\/p>\n","protected":false},"author":37,"featured_media":0,"parent":0,"menu_order":0,"comment_status":"closed","ping_status":"closed","template":"","meta":{"_acf_changed":false,"footnotes":""},"class_list":["post-11790","page","type-page","status-publish","hentry"],"acf":[],"yoast_head":"<!-- This site is optimized with the Yoast SEO plugin v27.3 - https:\/\/yoast.com\/product\/yoast-seo-wordpress\/ -->\n<title>Fencing &amp; NCCP - Coach Development Model - Canadian Fencing Federation<\/title>\n<meta name=\"robots\" content=\"index, follow, max-snippet:-1, max-image-preview:large, max-video-preview:-1\" \/>\n<link rel=\"canonical\" href=\"https:\/\/fencing.ca\/fencing-nccp-coach-development-model\/\" \/>\n<meta property=\"og:locale\" content=\"fr_FR\" \/>\n<meta property=\"og:type\" content=\"article\" \/>\n<meta property=\"og:title\" content=\"Fencing &amp; NCCP - Coach Development Model - Canadian Fencing Federation\" \/>\n<meta property=\"og:description\" content=\"Pour une version PDF du mod\u00e8le de d\u00e9veloppement des entra\u00eeneurs d&rsquo;escrime, cliquez ici.\u00a0\" \/>\n<meta property=\"og:url\" content=\"https:\/\/fencing.ca\/fencing-nccp-coach-development-model\/\" \/>\n<meta property=\"og:site_name\" content=\"Canadian Fencing Federation\" \/>\n<meta property=\"og:image\" content=\"http:\/\/fencing.ca\/wp-content\/uploads\/Screen-Shot-2019-03-01-at-9.12.22-AM-500x368.png\" \/>\n<meta name=\"twitter:card\" content=\"summary_large_image\" \/>\n<script type=\"application\/ld+json\" class=\"yoast-schema-graph\">{\"@context\":\"https:\\\/\\\/schema.org\",\"@graph\":[{\"@type\":\"WebPage\",\"@id\":\"https:\\\/\\\/fencing.ca\\\/fencing-nccp-coach-development-model\\\/\",\"url\":\"https:\\\/\\\/fencing.ca\\\/fencing-nccp-coach-development-model\\\/\",\"name\":\"Fencing & NCCP - Coach Development Model - Canadian Fencing Federation\",\"isPartOf\":{\"@id\":\"https:\\\/\\\/fencing.ca\\\/#website\"},\"primaryImageOfPage\":{\"@id\":\"https:\\\/\\\/fencing.ca\\\/fencing-nccp-coach-development-model\\\/#primaryimage\"},\"image\":{\"@id\":\"https:\\\/\\\/fencing.ca\\\/fencing-nccp-coach-development-model\\\/#primaryimage\"},\"thumbnailUrl\":\"http:\\\/\\\/fencing.ca\\\/wp-content\\\/uploads\\\/Screen-Shot-2019-03-01-at-9.12.22-AM-500x368.png\",\"datePublished\":\"2019-03-01T14:19:20+00:00\",\"breadcrumb\":{\"@id\":\"https:\\\/\\\/fencing.ca\\\/fencing-nccp-coach-development-model\\\/#breadcrumb\"},\"inLanguage\":\"fr-FR\",\"potentialAction\":[{\"@type\":\"ReadAction\",\"target\":[\"https:\\\/\\\/fencing.ca\\\/fencing-nccp-coach-development-model\\\/\"]}]},{\"@type\":\"ImageObject\",\"inLanguage\":\"fr-FR\",\"@id\":\"https:\\\/\\\/fencing.ca\\\/fencing-nccp-coach-development-model\\\/#primaryimage\",\"url\":\"http:\\\/\\\/fencing.ca\\\/wp-content\\\/uploads\\\/Screen-Shot-2019-03-01-at-9.12.22-AM-500x368.png\",\"contentUrl\":\"http:\\\/\\\/fencing.ca\\\/wp-content\\\/uploads\\\/Screen-Shot-2019-03-01-at-9.12.22-AM-500x368.png\"},{\"@type\":\"BreadcrumbList\",\"@id\":\"https:\\\/\\\/fencing.ca\\\/fencing-nccp-coach-development-model\\\/#breadcrumb\",\"itemListElement\":[{\"@type\":\"ListItem\",\"position\":1,\"name\":\"Home\",\"item\":\"https:\\\/\\\/fencing.ca\\\/fr\\\/\"},{\"@type\":\"ListItem\",\"position\":2,\"name\":\"Fencing &#038; NCCP &#8211; Coach Development Model\"}]},{\"@type\":\"WebSite\",\"@id\":\"https:\\\/\\\/fencing.ca\\\/#website\",\"url\":\"https:\\\/\\\/fencing.ca\\\/\",\"name\":\"Canadian Fencing Federation\",\"description\":\"Fencing Canada\",\"potentialAction\":[{\"@type\":\"SearchAction\",\"target\":{\"@type\":\"EntryPoint\",\"urlTemplate\":\"https:\\\/\\\/fencing.ca\\\/?s={search_term_string}\"},\"query-input\":{\"@type\":\"PropertyValueSpecification\",\"valueRequired\":true,\"valueName\":\"search_term_string\"}}],\"inLanguage\":\"fr-FR\"}]}<\/script>\n<!-- \/ Yoast SEO plugin. -->","yoast_head_json":{"title":"Fencing & NCCP - Coach Development Model - Canadian Fencing Federation","robots":{"index":"index","follow":"follow","max-snippet":"max-snippet:-1","max-image-preview":"max-image-preview:large","max-video-preview":"max-video-preview:-1"},"canonical":"https:\/\/fencing.ca\/fencing-nccp-coach-development-model\/","og_locale":"fr_FR","og_type":"article","og_title":"Fencing & NCCP - Coach Development Model - Canadian Fencing Federation","og_description":"Pour une version PDF du mod\u00e8le de d\u00e9veloppement des entra\u00eeneurs d&rsquo;escrime, cliquez ici.\u00a0","og_url":"https:\/\/fencing.ca\/fencing-nccp-coach-development-model\/","og_site_name":"Canadian Fencing Federation","og_image":[{"url":"http:\/\/fencing.ca\/wp-content\/uploads\/Screen-Shot-2019-03-01-at-9.12.22-AM-500x368.png","type":"","width":"","height":""}],"twitter_card":"summary_large_image","schema":{"@context":"https:\/\/schema.org","@graph":[{"@type":"WebPage","@id":"https:\/\/fencing.ca\/fencing-nccp-coach-development-model\/","url":"https:\/\/fencing.ca\/fencing-nccp-coach-development-model\/","name":"Fencing & NCCP - Coach Development Model - Canadian Fencing Federation","isPartOf":{"@id":"https:\/\/fencing.ca\/#website"},"primaryImageOfPage":{"@id":"https:\/\/fencing.ca\/fencing-nccp-coach-development-model\/#primaryimage"},"image":{"@id":"https:\/\/fencing.ca\/fencing-nccp-coach-development-model\/#primaryimage"},"thumbnailUrl":"http:\/\/fencing.ca\/wp-content\/uploads\/Screen-Shot-2019-03-01-at-9.12.22-AM-500x368.png","datePublished":"2019-03-01T14:19:20+00:00","breadcrumb":{"@id":"https:\/\/fencing.ca\/fencing-nccp-coach-development-model\/#breadcrumb"},"inLanguage":"fr-FR","potentialAction":[{"@type":"ReadAction","target":["https:\/\/fencing.ca\/fencing-nccp-coach-development-model\/"]}]},{"@type":"ImageObject","inLanguage":"fr-FR","@id":"https:\/\/fencing.ca\/fencing-nccp-coach-development-model\/#primaryimage","url":"http:\/\/fencing.ca\/wp-content\/uploads\/Screen-Shot-2019-03-01-at-9.12.22-AM-500x368.png","contentUrl":"http:\/\/fencing.ca\/wp-content\/uploads\/Screen-Shot-2019-03-01-at-9.12.22-AM-500x368.png"},{"@type":"BreadcrumbList","@id":"https:\/\/fencing.ca\/fencing-nccp-coach-development-model\/#breadcrumb","itemListElement":[{"@type":"ListItem","position":1,"name":"Home","item":"https:\/\/fencing.ca\/fr\/"},{"@type":"ListItem","position":2,"name":"Fencing &#038; NCCP &#8211; Coach Development Model"}]},{"@type":"WebSite","@id":"https:\/\/fencing.ca\/#website","url":"https:\/\/fencing.ca\/","name":"Canadian Fencing Federation","description":"Fencing Canada","potentialAction":[{"@type":"SearchAction","target":{"@type":"EntryPoint","urlTemplate":"https:\/\/fencing.ca\/?s={search_term_string}"},"query-input":{"@type":"PropertyValueSpecification","valueRequired":true,"valueName":"search_term_string"}}],"inLanguage":"fr-FR"}]}},"_links":{"self":[{"href":"https:\/\/fencing.ca\/fr\/wp-json\/wp\/v2\/pages\/11790","targetHints":{"allow":["GET"]}}],"collection":[{"href":"https:\/\/fencing.ca\/fr\/wp-json\/wp\/v2\/pages"}],"about":[{"href":"https:\/\/fencing.ca\/fr\/wp-json\/wp\/v2\/types\/page"}],"author":[{"embeddable":true,"href":"https:\/\/fencing.ca\/fr\/wp-json\/wp\/v2\/users\/37"}],"replies":[{"embeddable":true,"href":"https:\/\/fencing.ca\/fr\/wp-json\/wp\/v2\/comments?post=11790"}],"version-history":[{"count":1,"href":"https:\/\/fencing.ca\/fr\/wp-json\/wp\/v2\/pages\/11790\/revisions"}],"predecessor-version":[{"id":11797,"href":"https:\/\/fencing.ca\/fr\/wp-json\/wp\/v2\/pages\/11790\/revisions\/11797"}],"wp:attachment":[{"href":"https:\/\/fencing.ca\/fr\/wp-json\/wp\/v2\/media?parent=11790"}],"curies":[{"name":"wp","href":"https:\/\/api.w.org\/{rel}","templated":true}]}}