{"id":11886,"date":"2019-03-14T14:20:17","date_gmt":"2019-03-14T18:20:17","guid":{"rendered":"http:\/\/fencing.ca\/?page_id=11886"},"modified":"2019-04-04T11:33:54","modified_gmt":"2019-04-04T15:33:54","slug":"respect-et-sport","status":"publish","type":"page","link":"https:\/\/fencing.ca\/fr\/respect-et-sport\/","title":{"rendered":"RESPECT et Sport"},"content":{"rendered":"<p><img decoding=\"async\" class=\"wp-image-11888 aligncenter\" src=\"http:\/\/fencing.ca\/wp-content\/uploads\/logoFR_RiSportAL-1-500x171.png\" alt=\"\" width=\"360\" height=\"123\" srcset=\"https:\/\/fencing.ca\/wp-content\/uploads\/logoFR_RiSportAL-1-500x171.png 500w, https:\/\/fencing.ca\/wp-content\/uploads\/logoFR_RiSportAL-1-600x205.png 600w, https:\/\/fencing.ca\/wp-content\/uploads\/logoFR_RiSportAL-1.png 1098w\" sizes=\"(max-width: 360px) 100vw, 360px\" \/><\/p>\n<p>Dans le cadre du mouvement pour un entra\u00eenement responsable, la F\u00e9d\u00e9ration canadienne d&rsquo;escrime a maintenant un partenariat avec le groupe Respect dans le sport. Les entra\u00eeneurs peuvent compl\u00e9ter la formation.<\/p>\n<p>Respect dans le sport pour les leaders d&rsquo;activit\u00e9 propose un cours de formation bas\u00e9 sur Internet tr\u00e8s attrayant et facile \u00e0 utiliser pour les leaders sportifs de tous les niveaux; (r\u00e9cr\u00e9atif, comp\u00e9titif et \u00e9lite). Le but de cette formation requise est de:<\/p>\n<ul>\n<li>Habiliter et \u00e9duquer les animateurs \/ animateurs de jeunesse en mati\u00e8re de pr\u00e9vention de l&rsquo;intimidation, de la maltraitance, du harc\u00e8lement et de la discrimination<\/li>\n<li>Construire une culture holistique de respect au sein de la communaut\u00e9 sportive<\/li>\n<li>Fournir des outils d&rsquo;entra\u00eenement fondamentaux qui permettent \u00e0 TOUS les entra\u00eeneurs et animateurs de devenir de meilleurs mod\u00e8les pour les jeunes athl\u00e8tes \u00e0 leur charge.<\/li>\n<\/ul>\n<p>Respect et Sport est \u00e9ligible pour les points de d\u00e9veloppement professionnel en vue du maintien de sa certification par le PNCE. Rappelez-vous de cliquer sur \u00abautoriser\u00bb dans la section relative au transfert des donn\u00e9es relatives \u00e0 l\u2019ach\u00e8vement de la formation Respect in Sport au PNCE Locker.<\/p>\n<p>Portal <a href=\"https:\/\/fencing-canada.respectgroupinc.com\/\">fencing-canada.respectgroupinc.com\/<\/a><\/p>\n<p>&nbsp;<\/p>\n<p>Programme Respect dans le sport pour les parents:<br \/>\nCe programme de certification unique compl\u00e8te le programme Respect dans le sport \u00e0 l\u2019intention des responsables d\u2019activit\u00e9 en renfor\u00e7ant le r\u00f4le des parents dans les activit\u00e9s d\u2019un enfant ou d\u2019un jeune, en encourageant les comportements sportifs positifs et en donnant un aper\u00e7u des diff\u00e9rents r\u00f4les que jouent d\u2019autres personnes (tels que les entra\u00eeneurs et les officiels). Ce programme Respect dans le sport pour les parents:<\/p>\n<ul>\n<li>Donne aux parents les moyens d&rsquo;assurer la s\u00e9curit\u00e9 de leurs enfants<\/li>\n<li>Encourage une communication positive et efficace<\/li>\n<li>Am\u00e9liore le plaisir et la camaraderie de l\u2019activit\u00e9 de l\u2019enfant<\/li>\n<\/ul>\n<p>&nbsp;<\/p>\n<p><strong>Portal Login for Parents:<\/strong><a href=\"https:\/\/fencing-canada-parent.respectgroupinc.com\/start.jsp\">\u00a0https:\/\/fencing-canada-parent.respectgroupinc.com\/start.jsp<\/a><\/p>\n<p>&nbsp;<\/p>\n<p>&nbsp;<\/p>\n<p>&nbsp;<\/p>\n<p><strong>Portal Login for Staff:<\/strong>\u00a0<a href=\"https:\/\/fencing-canada-workplace.respectgroupinc.com\/start.jsp\">https:\/\/fencing-canada-workplace.respectgroupinc.com\/start.jsp<\/a><\/p>\n<p>&nbsp;<\/p>\n<p>&nbsp;<\/p>\n<p>Veuillez trouver la FAQ sur le <a href=\"http:\/\/fencing.ca\/wp-content\/uploads\/Respect-FAQ-CFF.pdf\">Respect FAQ CFF<\/a> (English Only)<\/p>\n<p>&nbsp;<\/p>\n<p>&nbsp;<\/p>\n","protected":false},"excerpt":{"rendered":"<p>Dans le cadre du mouvement pour un entra\u00eenement responsable, la F\u00e9d\u00e9ration canadienne d&rsquo;escrime a maintenant un partenariat avec le groupe Respect dans le sport. Les entra\u00eeneurs peuvent compl\u00e9ter la formation. [&hellip;]<\/p>\n","protected":false},"author":37,"featured_media":0,"parent":0,"menu_order":0,"comment_status":"closed","ping_status":"closed","template":"","meta":{"_acf_changed":false,"footnotes":""},"class_list":["post-11886","page","type-page","status-publish","hentry"],"acf":[],"yoast_head":"<!-- This site is optimized with the Yoast SEO plugin v27.3 - https:\/\/yoast.com\/product\/yoast-seo-wordpress\/ -->\n<title>RESPECT et Sport - Canadian Fencing Federation<\/title>\n<meta name=\"robots\" content=\"index, follow, max-snippet:-1, max-image-preview:large, max-video-preview:-1\" \/>\n<link rel=\"canonical\" href=\"https:\/\/fencing.ca\/respect-in-sport\/\" \/>\n<meta property=\"og:locale\" content=\"fr_FR\" \/>\n<meta property=\"og:type\" content=\"article\" \/>\n<meta property=\"og:title\" content=\"RESPECT et Sport - Canadian Fencing Federation\" \/>\n<meta property=\"og:description\" content=\"Dans le cadre du mouvement pour un entra\u00eenement responsable, la F\u00e9d\u00e9ration canadienne d&rsquo;escrime a maintenant un partenariat avec le groupe Respect dans le sport. Les entra\u00eeneurs peuvent compl\u00e9ter la formation. [&hellip;]\" \/>\n<meta property=\"og:url\" content=\"https:\/\/fencing.ca\/respect-in-sport\/\" \/>\n<meta property=\"og:site_name\" content=\"Canadian Fencing Federation\" \/>\n<meta property=\"article:modified_time\" content=\"2019-04-04T15:33:54+00:00\" \/>\n<meta property=\"og:image\" content=\"http:\/\/fencing.ca\/wp-content\/uploads\/logoFR_RiSportAL-1-500x171.png\" \/>\n<meta name=\"twitter:card\" content=\"summary_large_image\" \/>\n<meta name=\"twitter:label1\" content=\"Dur\u00e9e de lecture estim\u00e9e\" \/>\n\t<meta name=\"twitter:data1\" content=\"2 minutes\" \/>\n<script type=\"application\/ld+json\" class=\"yoast-schema-graph\">{\"@context\":\"https:\\\/\\\/schema.org\",\"@graph\":[{\"@type\":\"WebPage\",\"@id\":\"https:\\\/\\\/fencing.ca\\\/respect-in-sport\\\/\",\"url\":\"https:\\\/\\\/fencing.ca\\\/respect-in-sport\\\/\",\"name\":\"RESPECT et Sport - Canadian Fencing Federation\",\"isPartOf\":{\"@id\":\"https:\\\/\\\/fencing.ca\\\/#website\"},\"primaryImageOfPage\":{\"@id\":\"https:\\\/\\\/fencing.ca\\\/respect-in-sport\\\/#primaryimage\"},\"image\":{\"@id\":\"https:\\\/\\\/fencing.ca\\\/respect-in-sport\\\/#primaryimage\"},\"thumbnailUrl\":\"http:\\\/\\\/fencing.ca\\\/wp-content\\\/uploads\\\/logoFR_RiSportAL-1-500x171.png\",\"datePublished\":\"2019-03-14T18:20:17+00:00\",\"dateModified\":\"2019-04-04T15:33:54+00:00\",\"breadcrumb\":{\"@id\":\"https:\\\/\\\/fencing.ca\\\/respect-in-sport\\\/#breadcrumb\"},\"inLanguage\":\"fr-FR\",\"potentialAction\":[{\"@type\":\"ReadAction\",\"target\":[\"https:\\\/\\\/fencing.ca\\\/respect-in-sport\\\/\"]}]},{\"@type\":\"ImageObject\",\"inLanguage\":\"fr-FR\",\"@id\":\"https:\\\/\\\/fencing.ca\\\/respect-in-sport\\\/#primaryimage\",\"url\":\"http:\\\/\\\/fencing.ca\\\/wp-content\\\/uploads\\\/logoFR_RiSportAL-1-500x171.png\",\"contentUrl\":\"http:\\\/\\\/fencing.ca\\\/wp-content\\\/uploads\\\/logoFR_RiSportAL-1-500x171.png\"},{\"@type\":\"BreadcrumbList\",\"@id\":\"https:\\\/\\\/fencing.ca\\\/respect-in-sport\\\/#breadcrumb\",\"itemListElement\":[{\"@type\":\"ListItem\",\"position\":1,\"name\":\"Home\",\"item\":\"https:\\\/\\\/fencing.ca\\\/fr\\\/\"},{\"@type\":\"ListItem\",\"position\":2,\"name\":\"RESPECT et Sport\"}]},{\"@type\":\"WebSite\",\"@id\":\"https:\\\/\\\/fencing.ca\\\/#website\",\"url\":\"https:\\\/\\\/fencing.ca\\\/\",\"name\":\"Canadian Fencing Federation\",\"description\":\"Fencing Canada\",\"potentialAction\":[{\"@type\":\"SearchAction\",\"target\":{\"@type\":\"EntryPoint\",\"urlTemplate\":\"https:\\\/\\\/fencing.ca\\\/?s={search_term_string}\"},\"query-input\":{\"@type\":\"PropertyValueSpecification\",\"valueRequired\":true,\"valueName\":\"search_term_string\"}}],\"inLanguage\":\"fr-FR\"}]}<\/script>\n<!-- \/ Yoast SEO plugin. -->","yoast_head_json":{"title":"RESPECT et Sport - Canadian Fencing Federation","robots":{"index":"index","follow":"follow","max-snippet":"max-snippet:-1","max-image-preview":"max-image-preview:large","max-video-preview":"max-video-preview:-1"},"canonical":"https:\/\/fencing.ca\/respect-in-sport\/","og_locale":"fr_FR","og_type":"article","og_title":"RESPECT et Sport - Canadian Fencing Federation","og_description":"Dans le cadre du mouvement pour un entra\u00eenement responsable, la F\u00e9d\u00e9ration canadienne d&rsquo;escrime a maintenant un partenariat avec le groupe Respect dans le sport. Les entra\u00eeneurs peuvent compl\u00e9ter la formation. [&hellip;]","og_url":"https:\/\/fencing.ca\/respect-in-sport\/","og_site_name":"Canadian Fencing Federation","article_modified_time":"2019-04-04T15:33:54+00:00","og_image":[{"url":"http:\/\/fencing.ca\/wp-content\/uploads\/logoFR_RiSportAL-1-500x171.png","type":"","width":"","height":""}],"twitter_card":"summary_large_image","twitter_misc":{"Dur\u00e9e de lecture estim\u00e9e":"2 minutes"},"schema":{"@context":"https:\/\/schema.org","@graph":[{"@type":"WebPage","@id":"https:\/\/fencing.ca\/respect-in-sport\/","url":"https:\/\/fencing.ca\/respect-in-sport\/","name":"RESPECT et Sport - Canadian Fencing Federation","isPartOf":{"@id":"https:\/\/fencing.ca\/#website"},"primaryImageOfPage":{"@id":"https:\/\/fencing.ca\/respect-in-sport\/#primaryimage"},"image":{"@id":"https:\/\/fencing.ca\/respect-in-sport\/#primaryimage"},"thumbnailUrl":"http:\/\/fencing.ca\/wp-content\/uploads\/logoFR_RiSportAL-1-500x171.png","datePublished":"2019-03-14T18:20:17+00:00","dateModified":"2019-04-04T15:33:54+00:00","breadcrumb":{"@id":"https:\/\/fencing.ca\/respect-in-sport\/#breadcrumb"},"inLanguage":"fr-FR","potentialAction":[{"@type":"ReadAction","target":["https:\/\/fencing.ca\/respect-in-sport\/"]}]},{"@type":"ImageObject","inLanguage":"fr-FR","@id":"https:\/\/fencing.ca\/respect-in-sport\/#primaryimage","url":"http:\/\/fencing.ca\/wp-content\/uploads\/logoFR_RiSportAL-1-500x171.png","contentUrl":"http:\/\/fencing.ca\/wp-content\/uploads\/logoFR_RiSportAL-1-500x171.png"},{"@type":"BreadcrumbList","@id":"https:\/\/fencing.ca\/respect-in-sport\/#breadcrumb","itemListElement":[{"@type":"ListItem","position":1,"name":"Home","item":"https:\/\/fencing.ca\/fr\/"},{"@type":"ListItem","position":2,"name":"RESPECT et Sport"}]},{"@type":"WebSite","@id":"https:\/\/fencing.ca\/#website","url":"https:\/\/fencing.ca\/","name":"Canadian Fencing Federation","description":"Fencing Canada","potentialAction":[{"@type":"SearchAction","target":{"@type":"EntryPoint","urlTemplate":"https:\/\/fencing.ca\/?s={search_term_string}"},"query-input":{"@type":"PropertyValueSpecification","valueRequired":true,"valueName":"search_term_string"}}],"inLanguage":"fr-FR"}]}},"_links":{"self":[{"href":"https:\/\/fencing.ca\/fr\/wp-json\/wp\/v2\/pages\/11886","targetHints":{"allow":["GET"]}}],"collection":[{"href":"https:\/\/fencing.ca\/fr\/wp-json\/wp\/v2\/pages"}],"about":[{"href":"https:\/\/fencing.ca\/fr\/wp-json\/wp\/v2\/types\/page"}],"author":[{"embeddable":true,"href":"https:\/\/fencing.ca\/fr\/wp-json\/wp\/v2\/users\/37"}],"replies":[{"embeddable":true,"href":"https:\/\/fencing.ca\/fr\/wp-json\/wp\/v2\/comments?post=11886"}],"version-history":[{"count":5,"href":"https:\/\/fencing.ca\/fr\/wp-json\/wp\/v2\/pages\/11886\/revisions"}],"predecessor-version":[{"id":12101,"href":"https:\/\/fencing.ca\/fr\/wp-json\/wp\/v2\/pages\/11886\/revisions\/12101"}],"wp:attachment":[{"href":"https:\/\/fencing.ca\/fr\/wp-json\/wp\/v2\/media?parent=11886"}],"curies":[{"name":"wp","href":"https:\/\/api.w.org\/{rel}","templated":true}]}}