{"id":12987,"date":"2019-10-07T12:02:44","date_gmt":"2019-10-07T16:02:44","guid":{"rendered":"http:\/\/fencing.ca\/?page_id=12987"},"modified":"2025-08-22T10:28:37","modified_gmt":"2025-08-22T14:28:37","slug":"para-escrime","status":"publish","type":"page","link":"https:\/\/fencing.ca\/fr\/para-escrime\/","title":{"rendered":"Para escrime"},"content":{"rendered":"<h3><a href=\"http:\/\/fencing.ca\/fr\/coordonnateur-de-para-escrime\/\">Contact<\/a> | <a href=\"http:\/\/fencing.ca\/fr\/para-escrime\/calendrier-des-evenements\/\">Calendrier des \u00e9v\u00e9nements<\/a> | <a href=\"http:\/\/fencing.ca\/fr\/para-escrime\/\">Annuaire<\/a><\/h3>\n<div style=\"width: 1920px;\" class=\"wp-video\"><video class=\"wp-video-shortcode\" id=\"video-12987-1\" width=\"1920\" height=\"1080\" preload=\"metadata\" controls=\"controls\"><source type=\"video\/mp4\" src=\"http:\/\/fencing.ca\/wp-content\/uploads\/IWAS-WF65-Logo.mp4?_=1\" \/><a href=\"http:\/\/fencing.ca\/wp-content\/uploads\/IWAS-WF65-Logo.mp4\">http:\/\/fencing.ca\/wp-content\/uploads\/IWAS-WF65-Logo.mp4<\/a><\/video><\/div>\n<h2><\/h2>\n<h2>Annuaire<\/h2>\n<div id=\"breadcrumbs\" class=\"breadcrumbs\">\n<div>\n<p class=\"paragraph\"><a href=\"https:\/\/fencing.ca\/wp-content\/uploads\/Programme-de-developpement-de-la-para-1.pdf\"><span class=\"normaltextrun\"><span lang=\"FR-CA\">Programme de d\u00e9veloppement de la para-escrime<\/span><\/span><\/a><span class=\"eop\"><span lang=\"FR-CA\">\u00a0<\/span><\/span><\/p>\n<\/div>\n<\/div>\n<p><a href=\"http:\/\/fencing.ca\/wp-content\/uploads\/Parafencing.pdf\">Qualification paralymique (Anglais seulement)<\/a><\/p>\n<p><a href=\"http:\/\/fencing.ca\/wp-content\/uploads\/Wheelchair-Fencing-Pamphlet-FR.pdf\">Brochure de para-escrime FR<\/a><\/p>\n<p><a href=\"http:\/\/fencing.ca\/wp-content\/uploads\/2019-20-ParaFencing-Booklet-.pdf\">Livret de selection para-escrime (Anglais seulement)<\/a><\/p>\n<p><a href=\"http:\/\/fencing.ca\/fr\/para-escrime\/calendrier-des-evenements\/\">Calendrier des \u00e9v\u00e9nements<\/a><\/p>\n<p><a href=\"https:\/\/iwas.ophardt.online\/en\/search\/rankings\/1\">Classement IWAS (Anglais seulement)<\/a><\/p>\n<p><a href=\"http:\/\/www.iwasf.com\/iwasf\/index.cfm\/sports\/iwas-wheelchair-fencing\/results\/\">R\u00e9sultats IWAS (Anglais seulement)<\/a><\/p>\n<p><a href=\"http:\/\/www.iwasf.com\/iwasf\/index.cfm\/sports\/iwas-wheelchair-fencing\/news11\/\">Actualit\u00e9s IWAS (Anglais seulement)<\/a><\/p>\n","protected":false},"excerpt":{"rendered":"<p>Contact | Calendrier des \u00e9v\u00e9nements | Annuaire Annuaire Programme de d\u00e9veloppement de la para-escrime\u00a0 Qualification paralymique (Anglais seulement) Brochure de para-escrime FR Livret de selection para-escrime (Anglais seulement) Calendrier des [&hellip;]<\/p>\n","protected":false},"author":4,"featured_media":0,"parent":0,"menu_order":0,"comment_status":"closed","ping_status":"closed","template":"","meta":{"_acf_changed":false,"footnotes":""},"class_list":["post-12987","page","type-page","status-publish","hentry"],"acf":[],"yoast_head":"<!-- This site is optimized with the Yoast SEO plugin v27.3 - https:\/\/yoast.com\/product\/yoast-seo-wordpress\/ -->\n<title>Para escrime - Canadian Fencing Federation<\/title>\n<meta name=\"robots\" content=\"index, follow, max-snippet:-1, max-image-preview:large, max-video-preview:-1\" \/>\n<link rel=\"canonical\" href=\"https:\/\/fencing.ca\/fr\/para-escrime\/\" \/>\n<meta property=\"og:locale\" content=\"fr_FR\" \/>\n<meta property=\"og:type\" content=\"article\" \/>\n<meta property=\"og:title\" content=\"Para escrime - Canadian Fencing Federation\" \/>\n<meta property=\"og:description\" content=\"Contact | Calendrier des \u00e9v\u00e9nements | Annuaire Annuaire Programme de d\u00e9veloppement de la para-escrime\u00a0 Qualification paralymique (Anglais seulement) Brochure de para-escrime FR Livret de selection para-escrime (Anglais seulement) Calendrier des [&hellip;]\" \/>\n<meta property=\"og:url\" content=\"https:\/\/fencing.ca\/fr\/para-escrime\/\" \/>\n<meta property=\"og:site_name\" content=\"Canadian Fencing Federation\" \/>\n<meta property=\"article:modified_time\" content=\"2025-08-22T14:28:37+00:00\" \/>\n<meta name=\"twitter:card\" content=\"summary_large_image\" \/>\n<meta name=\"twitter:label1\" content=\"Dur\u00e9e de lecture estim\u00e9e\" \/>\n\t<meta name=\"twitter:data1\" content=\"1 minute\" \/>\n<script type=\"application\/ld+json\" class=\"yoast-schema-graph\">{\"@context\":\"https:\\\/\\\/schema.org\",\"@graph\":[{\"@type\":\"WebPage\",\"@id\":\"https:\\\/\\\/fencing.ca\\\/fr\\\/para-escrime\\\/\",\"url\":\"https:\\\/\\\/fencing.ca\\\/fr\\\/para-escrime\\\/\",\"name\":\"Para escrime - Canadian Fencing Federation\",\"isPartOf\":{\"@id\":\"https:\\\/\\\/fencing.ca\\\/#website\"},\"datePublished\":\"2019-10-07T16:02:44+00:00\",\"dateModified\":\"2025-08-22T14:28:37+00:00\",\"breadcrumb\":{\"@id\":\"https:\\\/\\\/fencing.ca\\\/fr\\\/para-escrime\\\/#breadcrumb\"},\"inLanguage\":\"fr-FR\",\"potentialAction\":[{\"@type\":\"ReadAction\",\"target\":[\"https:\\\/\\\/fencing.ca\\\/fr\\\/para-escrime\\\/\"]}]},{\"@type\":\"BreadcrumbList\",\"@id\":\"https:\\\/\\\/fencing.ca\\\/fr\\\/para-escrime\\\/#breadcrumb\",\"itemListElement\":[{\"@type\":\"ListItem\",\"position\":1,\"name\":\"Home\",\"item\":\"https:\\\/\\\/fencing.ca\\\/fr\\\/\"},{\"@type\":\"ListItem\",\"position\":2,\"name\":\"Para escrime\"}]},{\"@type\":\"WebSite\",\"@id\":\"https:\\\/\\\/fencing.ca\\\/#website\",\"url\":\"https:\\\/\\\/fencing.ca\\\/\",\"name\":\"Canadian Fencing Federation\",\"description\":\"Fencing Canada\",\"potentialAction\":[{\"@type\":\"SearchAction\",\"target\":{\"@type\":\"EntryPoint\",\"urlTemplate\":\"https:\\\/\\\/fencing.ca\\\/?s={search_term_string}\"},\"query-input\":{\"@type\":\"PropertyValueSpecification\",\"valueRequired\":true,\"valueName\":\"search_term_string\"}}],\"inLanguage\":\"fr-FR\"}]}<\/script>\n<!-- \/ Yoast SEO plugin. -->","yoast_head_json":{"title":"Para escrime - Canadian Fencing Federation","robots":{"index":"index","follow":"follow","max-snippet":"max-snippet:-1","max-image-preview":"max-image-preview:large","max-video-preview":"max-video-preview:-1"},"canonical":"https:\/\/fencing.ca\/fr\/para-escrime\/","og_locale":"fr_FR","og_type":"article","og_title":"Para escrime - Canadian Fencing Federation","og_description":"Contact | Calendrier des \u00e9v\u00e9nements | Annuaire Annuaire Programme de d\u00e9veloppement de la para-escrime\u00a0 Qualification paralymique (Anglais seulement) Brochure de para-escrime FR Livret de selection para-escrime (Anglais seulement) Calendrier des [&hellip;]","og_url":"https:\/\/fencing.ca\/fr\/para-escrime\/","og_site_name":"Canadian Fencing Federation","article_modified_time":"2025-08-22T14:28:37+00:00","twitter_card":"summary_large_image","twitter_misc":{"Dur\u00e9e de lecture estim\u00e9e":"1 minute"},"schema":{"@context":"https:\/\/schema.org","@graph":[{"@type":"WebPage","@id":"https:\/\/fencing.ca\/fr\/para-escrime\/","url":"https:\/\/fencing.ca\/fr\/para-escrime\/","name":"Para escrime - Canadian Fencing Federation","isPartOf":{"@id":"https:\/\/fencing.ca\/#website"},"datePublished":"2019-10-07T16:02:44+00:00","dateModified":"2025-08-22T14:28:37+00:00","breadcrumb":{"@id":"https:\/\/fencing.ca\/fr\/para-escrime\/#breadcrumb"},"inLanguage":"fr-FR","potentialAction":[{"@type":"ReadAction","target":["https:\/\/fencing.ca\/fr\/para-escrime\/"]}]},{"@type":"BreadcrumbList","@id":"https:\/\/fencing.ca\/fr\/para-escrime\/#breadcrumb","itemListElement":[{"@type":"ListItem","position":1,"name":"Home","item":"https:\/\/fencing.ca\/fr\/"},{"@type":"ListItem","position":2,"name":"Para escrime"}]},{"@type":"WebSite","@id":"https:\/\/fencing.ca\/#website","url":"https:\/\/fencing.ca\/","name":"Canadian Fencing Federation","description":"Fencing Canada","potentialAction":[{"@type":"SearchAction","target":{"@type":"EntryPoint","urlTemplate":"https:\/\/fencing.ca\/?s={search_term_string}"},"query-input":{"@type":"PropertyValueSpecification","valueRequired":true,"valueName":"search_term_string"}}],"inLanguage":"fr-FR"}]}},"_links":{"self":[{"href":"https:\/\/fencing.ca\/fr\/wp-json\/wp\/v2\/pages\/12987","targetHints":{"allow":["GET"]}}],"collection":[{"href":"https:\/\/fencing.ca\/fr\/wp-json\/wp\/v2\/pages"}],"about":[{"href":"https:\/\/fencing.ca\/fr\/wp-json\/wp\/v2\/types\/page"}],"author":[{"embeddable":true,"href":"https:\/\/fencing.ca\/fr\/wp-json\/wp\/v2\/users\/4"}],"replies":[{"embeddable":true,"href":"https:\/\/fencing.ca\/fr\/wp-json\/wp\/v2\/comments?post=12987"}],"version-history":[{"count":5,"href":"https:\/\/fencing.ca\/fr\/wp-json\/wp\/v2\/pages\/12987\/revisions"}],"predecessor-version":[{"id":45189,"href":"https:\/\/fencing.ca\/fr\/wp-json\/wp\/v2\/pages\/12987\/revisions\/45189"}],"wp:attachment":[{"href":"https:\/\/fencing.ca\/fr\/wp-json\/wp\/v2\/media?parent=12987"}],"curies":[{"name":"wp","href":"https:\/\/api.w.org\/{rel}","templated":true}]}}