{"id":133,"date":"2012-06-28T13:26:05","date_gmt":"2016-06-27T21:41:14","guid":{"rendered":""},"modified":"2016-07-28T15:16:34","modified_gmt":"2016-07-28T19:16:34","slug":"breve-histoire-de-lescrime-au-canada","status":"publish","type":"page","link":"https:\/\/fencing.ca\/fr\/breve-histoire-de-lescrime-au-canada\/","title":{"rendered":"Br\u00e8ve histoire de l&rsquo;escrime au Canada"},"content":{"rendered":"<p>L&rsquo;escrime est un sport vraiment olympique. En effet, elle figurait d\u00e9j\u00e0 au programme des premiers Jeux olympiques de l&rsquo;\u00e8re moderne, qui ont eu lieu \u00e0 Ath\u00e8nes en 1896. De plus, l&rsquo;escrime fait partie du groupe restreint des quatre sports qui ont figur\u00e9 au programme de tous les Jeux olympiques d&rsquo;\u00e9t\u00e9 depuis leur renouveau moderne.<\/p>\n<p>L&rsquo;escrime canadienne remonte \u00e0 1816, alors que le ma\u00eetre Girard a ouvert la premi\u00e8re \u00e9cole d&rsquo;escrime \u00e0 Montr\u00e9al. Le premier Championnat canadien d&rsquo;escrime a eu lieu en 1902.<\/p>\n<p>Mais ce ne fut qu&rsquo;\u00e0 partir de l&rsquo;annonce des Jeux olympiques de 1976 et de l&rsquo;incorporation de la F\u00e9d\u00e9ration canadienne d&rsquo;escrime en 1971 que le gouvernement f\u00e9d\u00e9ral a subventionn\u00e9 l&rsquo;escrime dans le but de former des athl\u00e8tes d&rsquo;\u00e9lite en vue des Jeux de Montr\u00e9al. Cela a donn\u00e9 l&rsquo;\u00e9lan n\u00e9cessaire aux escrimeurs canadiens pour am\u00e9liorer r\u00e9guli\u00e8rement leurs r\u00e9sultats sur la sc\u00e8ne internationale.<\/p>\n<p>La FCE est une association sportive amateure sans but lucratif qui est l&rsquo;organisme national directeur de sport pour l&rsquo;escrime au Canada. Elle se compose de dix associations provinciales, qui \u00e0 leur tour repr\u00e9sentent plus de 200 clubs locaux d&rsquo;un oc\u00e9an \u00e0 l&rsquo;autre. La FCE a pour mandat d&rsquo;\u00e9tablir, de d\u00e9velopper et de soutenir l&rsquo;escrime au Canada, ainsi que de repr\u00e9senter le Canada sur la sc\u00e8ne internationale.<\/p>\n","protected":false},"excerpt":{"rendered":"<p>L&rsquo;escrime est un sport vraiment olympique. En effet, elle figurait d\u00e9j\u00e0 au programme des premiers Jeux olympiques de l&rsquo;\u00e8re moderne, qui ont eu lieu \u00e0 Ath\u00e8nes en 1896. De plus, [&hellip;]<\/p>\n","protected":false},"author":1,"featured_media":0,"parent":0,"menu_order":0,"comment_status":"closed","ping_status":"closed","template":"","meta":{"_acf_changed":false,"footnotes":""},"class_list":["post-133","page","type-page","status-publish","hentry"],"acf":[],"yoast_head":"<!-- This site is optimized with the Yoast SEO plugin v27.3 - https:\/\/yoast.com\/product\/yoast-seo-wordpress\/ -->\n<title>Br\u00e8ve histoire de l&#039;escrime au Canada - Canadian Fencing Federation<\/title>\n<meta name=\"robots\" content=\"index, follow, max-snippet:-1, max-image-preview:large, max-video-preview:-1\" \/>\n<link rel=\"canonical\" href=\"https:\/\/fencing.ca\/fr\/breve-histoire-de-lescrime-au-canada\/\" \/>\n<meta property=\"og:locale\" content=\"fr_FR\" \/>\n<meta property=\"og:type\" content=\"article\" \/>\n<meta property=\"og:title\" content=\"Br\u00e8ve histoire de l&#039;escrime au Canada - Canadian Fencing Federation\" \/>\n<meta property=\"og:description\" content=\"L&rsquo;escrime est un sport vraiment olympique. En effet, elle figurait d\u00e9j\u00e0 au programme des premiers Jeux olympiques de l&rsquo;\u00e8re moderne, qui ont eu lieu \u00e0 Ath\u00e8nes en 1896. De plus, [&hellip;]\" \/>\n<meta property=\"og:url\" content=\"https:\/\/fencing.ca\/fr\/breve-histoire-de-lescrime-au-canada\/\" \/>\n<meta property=\"og:site_name\" content=\"Canadian Fencing Federation\" \/>\n<meta property=\"article:modified_time\" content=\"2016-07-28T19:16:34+00:00\" \/>\n<meta name=\"twitter:card\" content=\"summary_large_image\" \/>\n<meta name=\"twitter:label1\" content=\"Dur\u00e9e de lecture estim\u00e9e\" \/>\n\t<meta name=\"twitter:data1\" content=\"1 minute\" \/>\n<script type=\"application\/ld+json\" class=\"yoast-schema-graph\">{\"@context\":\"https:\\\/\\\/schema.org\",\"@graph\":[{\"@type\":\"WebPage\",\"@id\":\"https:\\\/\\\/fencing.ca\\\/fr\\\/breve-histoire-de-lescrime-au-canada\\\/\",\"url\":\"https:\\\/\\\/fencing.ca\\\/fr\\\/breve-histoire-de-lescrime-au-canada\\\/\",\"name\":\"Br\u00e8ve histoire de l'escrime au Canada - Canadian Fencing Federation\",\"isPartOf\":{\"@id\":\"https:\\\/\\\/fencing.ca\\\/#website\"},\"datePublished\":\"2016-06-27T21:41:14+00:00\",\"dateModified\":\"2016-07-28T19:16:34+00:00\",\"breadcrumb\":{\"@id\":\"https:\\\/\\\/fencing.ca\\\/fr\\\/breve-histoire-de-lescrime-au-canada\\\/#breadcrumb\"},\"inLanguage\":\"fr-FR\",\"potentialAction\":[{\"@type\":\"ReadAction\",\"target\":[\"https:\\\/\\\/fencing.ca\\\/fr\\\/breve-histoire-de-lescrime-au-canada\\\/\"]}]},{\"@type\":\"BreadcrumbList\",\"@id\":\"https:\\\/\\\/fencing.ca\\\/fr\\\/breve-histoire-de-lescrime-au-canada\\\/#breadcrumb\",\"itemListElement\":[{\"@type\":\"ListItem\",\"position\":1,\"name\":\"Home\",\"item\":\"https:\\\/\\\/fencing.ca\\\/fr\\\/\"},{\"@type\":\"ListItem\",\"position\":2,\"name\":\"Br\u00e8ve histoire de l&rsquo;escrime au Canada\"}]},{\"@type\":\"WebSite\",\"@id\":\"https:\\\/\\\/fencing.ca\\\/#website\",\"url\":\"https:\\\/\\\/fencing.ca\\\/\",\"name\":\"Canadian Fencing Federation\",\"description\":\"Fencing Canada\",\"potentialAction\":[{\"@type\":\"SearchAction\",\"target\":{\"@type\":\"EntryPoint\",\"urlTemplate\":\"https:\\\/\\\/fencing.ca\\\/?s={search_term_string}\"},\"query-input\":{\"@type\":\"PropertyValueSpecification\",\"valueRequired\":true,\"valueName\":\"search_term_string\"}}],\"inLanguage\":\"fr-FR\"}]}<\/script>\n<!-- \/ Yoast SEO plugin. -->","yoast_head_json":{"title":"Br\u00e8ve histoire de l'escrime au Canada - Canadian Fencing Federation","robots":{"index":"index","follow":"follow","max-snippet":"max-snippet:-1","max-image-preview":"max-image-preview:large","max-video-preview":"max-video-preview:-1"},"canonical":"https:\/\/fencing.ca\/fr\/breve-histoire-de-lescrime-au-canada\/","og_locale":"fr_FR","og_type":"article","og_title":"Br\u00e8ve histoire de l'escrime au Canada - Canadian Fencing Federation","og_description":"L&rsquo;escrime est un sport vraiment olympique. En effet, elle figurait d\u00e9j\u00e0 au programme des premiers Jeux olympiques de l&rsquo;\u00e8re moderne, qui ont eu lieu \u00e0 Ath\u00e8nes en 1896. De plus, [&hellip;]","og_url":"https:\/\/fencing.ca\/fr\/breve-histoire-de-lescrime-au-canada\/","og_site_name":"Canadian Fencing Federation","article_modified_time":"2016-07-28T19:16:34+00:00","twitter_card":"summary_large_image","twitter_misc":{"Dur\u00e9e de lecture estim\u00e9e":"1 minute"},"schema":{"@context":"https:\/\/schema.org","@graph":[{"@type":"WebPage","@id":"https:\/\/fencing.ca\/fr\/breve-histoire-de-lescrime-au-canada\/","url":"https:\/\/fencing.ca\/fr\/breve-histoire-de-lescrime-au-canada\/","name":"Br\u00e8ve histoire de l'escrime au Canada - Canadian Fencing Federation","isPartOf":{"@id":"https:\/\/fencing.ca\/#website"},"datePublished":"2016-06-27T21:41:14+00:00","dateModified":"2016-07-28T19:16:34+00:00","breadcrumb":{"@id":"https:\/\/fencing.ca\/fr\/breve-histoire-de-lescrime-au-canada\/#breadcrumb"},"inLanguage":"fr-FR","potentialAction":[{"@type":"ReadAction","target":["https:\/\/fencing.ca\/fr\/breve-histoire-de-lescrime-au-canada\/"]}]},{"@type":"BreadcrumbList","@id":"https:\/\/fencing.ca\/fr\/breve-histoire-de-lescrime-au-canada\/#breadcrumb","itemListElement":[{"@type":"ListItem","position":1,"name":"Home","item":"https:\/\/fencing.ca\/fr\/"},{"@type":"ListItem","position":2,"name":"Br\u00e8ve histoire de l&rsquo;escrime au Canada"}]},{"@type":"WebSite","@id":"https:\/\/fencing.ca\/#website","url":"https:\/\/fencing.ca\/","name":"Canadian Fencing Federation","description":"Fencing Canada","potentialAction":[{"@type":"SearchAction","target":{"@type":"EntryPoint","urlTemplate":"https:\/\/fencing.ca\/?s={search_term_string}"},"query-input":{"@type":"PropertyValueSpecification","valueRequired":true,"valueName":"search_term_string"}}],"inLanguage":"fr-FR"}]}},"_links":{"self":[{"href":"https:\/\/fencing.ca\/fr\/wp-json\/wp\/v2\/pages\/133","targetHints":{"allow":["GET"]}}],"collection":[{"href":"https:\/\/fencing.ca\/fr\/wp-json\/wp\/v2\/pages"}],"about":[{"href":"https:\/\/fencing.ca\/fr\/wp-json\/wp\/v2\/types\/page"}],"author":[{"embeddable":true,"href":"https:\/\/fencing.ca\/fr\/wp-json\/wp\/v2\/users\/1"}],"replies":[{"embeddable":true,"href":"https:\/\/fencing.ca\/fr\/wp-json\/wp\/v2\/comments?post=133"}],"version-history":[{"count":3,"href":"https:\/\/fencing.ca\/fr\/wp-json\/wp\/v2\/pages\/133\/revisions"}],"predecessor-version":[{"id":2371,"href":"https:\/\/fencing.ca\/fr\/wp-json\/wp\/v2\/pages\/133\/revisions\/2371"}],"wp:attachment":[{"href":"https:\/\/fencing.ca\/fr\/wp-json\/wp\/v2\/media?parent=133"}],"curies":[{"name":"wp","href":"https:\/\/api.w.org\/{rel}","templated":true}]}}