{"id":1392,"date":"2015-07-09T19:41:31","date_gmt":"2016-06-27T21:41:15","guid":{"rendered":""},"modified":"2016-08-23T13:21:05","modified_gmt":"2016-08-23T17:21:05","slug":"criteres-de-selection-des-arbitres","status":"publish","type":"page","link":"https:\/\/fencing.ca\/fr\/criteres-de-selection-des-arbitres\/","title":{"rendered":"crit\u00e8res de s\u00e9lection des arbitres"},"content":{"rendered":"<p>Les pr\u00e9sents crit\u00e8res de s\u00e9lection sont bas\u00e9s sur deux principes principaux :<\/p>\n<ul>\n<li>les arbitres doivent \u00eatre disponibles sur le plan domestique s&rsquo;ils souhaitent travailler sur le plan international;<\/li>\n<li>en ce qui concerne la FIE, nous devons donner de l&rsquo;exposition au plus grand nombre possible d&rsquo;arbitres.<\/li>\n<\/ul>\n<p>&nbsp;<\/p>\n<p><strong>S\u00e9lections domestiques<\/strong><\/p>\n<p>&#8211; Exigences concernant la licence : pour \u00eatre consid\u00e9r\u00e9s en vue d&rsquo;une s\u00e9lection, les arbitres doivent \u00eatre membres en r\u00e8gle de la FCE ayant pay\u00e9 leur cotisation (obligatoire avant la date limite de la demande de disponibilit\u00e9)<\/p>\n<p>&#8211; Disponibilit\u00e9 : la priorit\u00e9 sera accord\u00e9e \u00e0 ceux qui sont int\u00e9gralement disponibles pour la s\u00e9lection<\/p>\n<p>&#8211; Exp\u00e9rience : un arbitre FIE \u00e0 chaque arme<\/p>\n<p>&#8211; Opportunit\u00e9 de d\u00e9veloppement<\/p>\n<p>&#8211; Repr\u00e9sentation provinciale \/ r\u00e9gionale<\/p>\n<p>&#8211; Respect de la date limite : l&rsquo;arbitre doit avoir r\u00e9pondu \u00e0 temps \u00e0 la demande de disponibilit\u00e9<\/p>\n<p>&#8211; S\u00e9lection d&rsquo;un arbitre en chef : doit de pr\u00e9f\u00e9rence \u00eatre membre du comit\u00e9 d&rsquo;arbitrage<\/p>\n<p>&nbsp;<\/p>\n<p><strong>\u00a0S\u00e9lections internationales<\/strong><\/p>\n<p>&nbsp;<\/p>\n<p><strong>\u00c9preuves d\u00e9sign\u00e9es de la FIE (listes de GP, Championnats et Jeux) :<\/strong><\/p>\n<p>&#8211; Exigences concernant la licence : pour \u00eatre consid\u00e9r\u00e9s en vue d&rsquo;une s\u00e9lection, les arbitres doivent \u00eatre membres en r\u00e8gle de la FCE et de la FIE ayant pay\u00e9 leur cotisation (obligatoire avant la date limite de la demande de disponibilit\u00e9)<\/p>\n<p>&#8211; Disponibilit\u00e9 sur le plan domestique au cours des deux pr\u00e9c\u00e9dentes saisons : doit avoir \u00e9t\u00e9 disponible pour arbitrer, ou avoir arbitr\u00e9 au moins 50 % des comp\u00e9titions de s\u00e9lection canadiennes<\/p>\n<p>&#8211; Travail international : comp\u00e9tence pour arbitrer au plus haut niveau de comp\u00e9tition sur le plan international<\/p>\n<p>&#8211; Respect de la date limite : l&rsquo;arbitre doit avoir r\u00e9pondu \u00e0 temps \u00e0 la demande de disponibilit\u00e9<\/p>\n<p>&#8211; * Sp\u00e9cifique \u00e0 la liste des GP : \u00c9tant donn\u00e9 la quantit\u00e9 limit\u00e9e d&rsquo;arbitres pouvant \u00eatre nomm\u00e9s, un arbitre ne peut \u00eatre nomm\u00e9 qu&rsquo;\u00e0 une arme pour les listes de GP, \u00e0 moins qu&rsquo;il reste des places disponibles<\/p>\n<p>&nbsp;<\/p>\n<p><strong>\u00c9preuves de la Coupe du monde junior \/ Satellites<\/strong><\/p>\n<p>&#8211; Exigences concernant la licence : pour \u00eatre consid\u00e9r\u00e9s en vue d&rsquo;une s\u00e9lection, les arbitres doivent \u00eatre membres en r\u00e8gle de la FCE et de la FIE ayant pay\u00e9 leur cotisation (obligatoire avant la date limite de la demande de disponibilit\u00e9)<\/p>\n<p>&#8211; Disponibilit\u00e9 sur le plan domestique au cours des deux pr\u00e9c\u00e9dentes saisons : doit avoir \u00e9t\u00e9 disponible pour arbitrer, ou avoir arbitr\u00e9 au moins 50 % des comp\u00e9titions de s\u00e9lection canadiennes<\/p>\n<p>&#8211; D\u00e9veloppement international : la priorit\u00e9 sera accord\u00e9e aux arbitres r\u00e9cemment licenci\u00e9s de la FIE, et aux arbitres licenci\u00e9s de la FIE ne figurant pas sur la liste des GP de la FIE \u00e0 cette arme sp\u00e9cifique<\/p>\n<p>&#8211; Respect de la date limite : l&rsquo;arbitre doit avoir r\u00e9pondu \u00e0 temps \u00e0 la demande de disponibilit\u00e9<\/p>\n<p>&nbsp;<\/p>\n<p><strong>Comp\u00e9titions internationales au Canada<\/strong><\/p>\n<p>&#8211; Exigences concernant la licence : pour \u00eatre consid\u00e9r\u00e9s en vue d&rsquo;une s\u00e9lection, les arbitres doivent \u00eatre membres en r\u00e8gle de la FCE et de la FIE ayant pay\u00e9 leur cotisation (obligatoire avant la date limite de la demande de disponibilit\u00e9)<\/p>\n<p>&#8211; Disponibilit\u00e9 sur le plan domestique au cours des deux pr\u00e9c\u00e9dentes saisons : doit avoir \u00e9t\u00e9 disponible pour arbitrer, ou avoir arbitr\u00e9 au moins 50 % des comp\u00e9titions de s\u00e9lection canadiennes<\/p>\n<p>&#8211; Continuit\u00e9 avec les \u00e9preuves d\u00e9sign\u00e9es de la FIE : au moins un membre provenant de la liste des GP<\/p>\n<p>&#8211; Respect de la date limite : l&rsquo;arbitre doit avoir r\u00e9pondu \u00e0 temps \u00e0 la demande de disponibilit\u00e9<\/p>\n<p>&#8211; * Sp\u00e9cifique aux comp\u00e9titions \u00e0 une seule arme : la priorit\u00e9 sera accord\u00e9e aux arbitres licenci\u00e9s sp\u00e9cifiquement et seulement \u00e0 cette arme<\/p>\n<p>&#8211; * Sp\u00e9cifique aux comp\u00e9titions \u00e0 plusieurs armes : la priorit\u00e9 sera accord\u00e9e aux arbitres licenci\u00e9s dans plusieurs armes<\/p>\n<p>&nbsp;<\/p>\n<p><strong>\u00a0Comp\u00e9titions internationales cadettes<\/strong><\/p>\n<p>&#8211; Exigences concernant la licence : pour \u00eatre consid\u00e9r\u00e9s en vue d&rsquo;une s\u00e9lection, les arbitres doivent \u00eatre membres en r\u00e8gle de la FCE ayant pay\u00e9 leur cotisation (obligatoire avant la date limite de la demande de disponibilit\u00e9)<\/p>\n<p>&#8211; Disponibilit\u00e9 sur le plan domestique au cours des deux pr\u00e9c\u00e9dentes saisons : doit avoir \u00e9t\u00e9 disponible pour arbitrer, ou avoir arbitr\u00e9 au moins 50 % des comp\u00e9titions de s\u00e9lection canadiennes<\/p>\n<p>&#8211; Qualifications : au minimum arbitre de niveau N<\/p>\n<p>&#8211; Travail domestique : comp\u00e9tence pour arbitrer au plus haut niveau de comp\u00e9tition sur le plan canadien<\/p>\n<p>&#8211; Respect de la date limite : l&rsquo;arbitre doit avoir r\u00e9pondu \u00e0 temps \u00e0 la demande de disponibilit\u00e9<\/p>\n<p>&nbsp;<\/p>\n<p><strong>Candidats aux examens de la FIE :<\/strong><\/p>\n<p>&#8211; Exigences concernant la licence : pour \u00eatre consid\u00e9r\u00e9s en vue d&rsquo;une s\u00e9lection, les arbitres doivent \u00eatre membres en r\u00e8gle de la FCE ayant pay\u00e9 leur cotisation (obligatoire avant la date limite de la demande de disponibilit\u00e9)<\/p>\n<p>&#8211; Disponibilit\u00e9 sur le plan domestique au cours des deux pr\u00e9c\u00e9dentes saisons : doit avoir \u00e9t\u00e9 disponible pour arbitrer, ou avoir arbitr\u00e9 au moins 50 % des comp\u00e9titions de s\u00e9lection canadiennes<\/p>\n<p>&#8211; Qualifications : au minimum arbitre de niveau N<\/p>\n<p>&#8211; Travail domestique : comp\u00e9tence pour arbitrer au plus haut niveau de comp\u00e9tition sur le plan canadien<\/p>\n<p>&#8211; Exp\u00e9rience internationale potentielle : Circuit nord-am\u00e9ricain, comp\u00e9titions internationales cadettes, et ainsi de suite<\/p>\n<p>&#8211; Respect de la date limite : l&rsquo;arbitre doit avoir r\u00e9pondu \u00e0 temps \u00e0 la demande de disponibilit\u00e9<\/p>\n<p>&nbsp;<\/p>\n<p><strong>Consid\u00e9rations suppl\u00e9mentaires au sujet de la disponibilit\u00e9 sur le plan domestique :<\/strong><\/p>\n<p>&#8211; Le comit\u00e9 pourra tenir compte de consid\u00e9rations sp\u00e9ciales dans certaines circonstances, au cas par cas, \u00e0 condition que le comit\u00e9 ait \u00e9t\u00e9 pr\u00e9venu en temps utile (obligations professionnelles relatives \u00e0 un emploi \u00e0 plein temps, probl\u00e8mes personnels, affectations de la FIE, et ainsi de suite)<\/p>\n<p>&#8211; La s\u00e9lection aux comp\u00e9titions de s\u00e9lection canadiennes n&rsquo;est pas une exigence pour satisfaire au crit\u00e8re de disponibilit\u00e9 domestique. Si un arbitre disponible n&rsquo;a pas \u00e9t\u00e9 s\u00e9lectionn\u00e9 pour une \u00e9preuve, mais \u00e9tait disponible pour l&rsquo;arbitrer, cela compte quand m\u00eame pour le crit\u00e8re de disponibilit\u00e9 domestique. Cependant, si un arbitre est s\u00e9lectionn\u00e9 par le comit\u00e9 d&rsquo;arbitrage pour une comp\u00e9tition de s\u00e9lection canadienne et doit annuler sa pr\u00e9sence, sa disponibilit\u00e9 pour ladite comp\u00e9tition pourra \u00eatre reconsid\u00e9r\u00e9e \u00e0 la lumi\u00e8re de consid\u00e9rations sp\u00e9ciales.<\/p>\n<p>&nbsp;<\/p>\n<p><strong>Autres consid\u00e9rations:<\/strong><\/p>\n<p>&#8211; On s&rsquo;attend \u00e0 ce que les arbitres s\u00e9lectionn\u00e9s par le comit\u00e9 d&rsquo;arbitrage pour une comp\u00e9tition soient pr\u00e9sents pendant l&rsquo;int\u00e9gralit\u00e9 de ladite comp\u00e9tition. En ce qui concerne les comp\u00e9titions domestiques, les arbitres s\u00e9lectionn\u00e9s doivent s&rsquo;assurer d&rsquo;\u00eatre pr\u00e9sents au moins jusqu&rsquo;\u00e0 17 h 00 le dernier jour de la comp\u00e9tition, et assurer que leurs arrangements de voyage leur permettent de satisfaire \u00e0 cette exigence.<\/p>\n<p>&#8211; On s&rsquo;attend \u00e0 ce que les arbitres s\u00e9lectionn\u00e9s par le comit\u00e9 d&rsquo;arbitrage pour n&rsquo;importe quelle comp\u00e9tition soient disponibles comme arbitres pendant l&rsquo;int\u00e9gralit\u00e9 de ladite comp\u00e9tition. On s&rsquo;attend aussi \u00e0 ce qu&rsquo;ils ne soient pas admissibles \u00e0 jouer d&rsquo;autres r\u00f4les pendant la comp\u00e9tition (p. ex. athl\u00e8te ou entra\u00eeneur).<\/p>\n","protected":false},"excerpt":{"rendered":"<p>Les pr\u00e9sents crit\u00e8res de s\u00e9lection sont bas\u00e9s sur deux principes principaux : les arbitres doivent \u00eatre disponibles sur le plan domestique s&rsquo;ils souhaitent travailler sur le plan international; en ce [&hellip;]<\/p>\n","protected":false},"author":1,"featured_media":0,"parent":0,"menu_order":0,"comment_status":"closed","ping_status":"closed","template":"","meta":{"_acf_changed":false,"footnotes":""},"class_list":["post-1392","page","type-page","status-publish","hentry"],"acf":[],"yoast_head":"<!-- This site is optimized with the Yoast SEO plugin v27.3 - https:\/\/yoast.com\/product\/yoast-seo-wordpress\/ -->\n<title>crit\u00e8res de s\u00e9lection des arbitres - Canadian Fencing Federation<\/title>\n<meta name=\"robots\" content=\"index, follow, max-snippet:-1, max-image-preview:large, max-video-preview:-1\" \/>\n<link rel=\"canonical\" href=\"https:\/\/fencing.ca\/fr\/criteres-de-selection-des-arbitres\/\" \/>\n<meta property=\"og:locale\" content=\"fr_FR\" \/>\n<meta property=\"og:type\" content=\"article\" \/>\n<meta property=\"og:title\" content=\"crit\u00e8res de s\u00e9lection des arbitres - Canadian Fencing Federation\" \/>\n<meta property=\"og:description\" content=\"Les pr\u00e9sents crit\u00e8res de s\u00e9lection sont bas\u00e9s sur deux principes principaux : les arbitres doivent \u00eatre disponibles sur le plan domestique s&rsquo;ils souhaitent travailler sur le plan international; en ce [&hellip;]\" \/>\n<meta property=\"og:url\" content=\"https:\/\/fencing.ca\/fr\/criteres-de-selection-des-arbitres\/\" \/>\n<meta property=\"og:site_name\" content=\"Canadian Fencing Federation\" \/>\n<meta property=\"article:modified_time\" content=\"2016-08-23T17:21:05+00:00\" \/>\n<meta name=\"twitter:card\" content=\"summary_large_image\" \/>\n<meta name=\"twitter:label1\" content=\"Dur\u00e9e de lecture estim\u00e9e\" \/>\n\t<meta name=\"twitter:data1\" content=\"6 minutes\" \/>\n<script type=\"application\/ld+json\" class=\"yoast-schema-graph\">{\"@context\":\"https:\\\/\\\/schema.org\",\"@graph\":[{\"@type\":\"WebPage\",\"@id\":\"https:\\\/\\\/fencing.ca\\\/fr\\\/criteres-de-selection-des-arbitres\\\/\",\"url\":\"https:\\\/\\\/fencing.ca\\\/fr\\\/criteres-de-selection-des-arbitres\\\/\",\"name\":\"crit\u00e8res de s\u00e9lection des arbitres - Canadian Fencing Federation\",\"isPartOf\":{\"@id\":\"https:\\\/\\\/fencing.ca\\\/#website\"},\"datePublished\":\"2016-06-27T21:41:15+00:00\",\"dateModified\":\"2016-08-23T17:21:05+00:00\",\"breadcrumb\":{\"@id\":\"https:\\\/\\\/fencing.ca\\\/fr\\\/criteres-de-selection-des-arbitres\\\/#breadcrumb\"},\"inLanguage\":\"fr-FR\",\"potentialAction\":[{\"@type\":\"ReadAction\",\"target\":[\"https:\\\/\\\/fencing.ca\\\/fr\\\/criteres-de-selection-des-arbitres\\\/\"]}]},{\"@type\":\"BreadcrumbList\",\"@id\":\"https:\\\/\\\/fencing.ca\\\/fr\\\/criteres-de-selection-des-arbitres\\\/#breadcrumb\",\"itemListElement\":[{\"@type\":\"ListItem\",\"position\":1,\"name\":\"Home\",\"item\":\"https:\\\/\\\/fencing.ca\\\/fr\\\/\"},{\"@type\":\"ListItem\",\"position\":2,\"name\":\"crit\u00e8res de s\u00e9lection des arbitres\"}]},{\"@type\":\"WebSite\",\"@id\":\"https:\\\/\\\/fencing.ca\\\/#website\",\"url\":\"https:\\\/\\\/fencing.ca\\\/\",\"name\":\"Canadian Fencing Federation\",\"description\":\"Fencing Canada\",\"potentialAction\":[{\"@type\":\"SearchAction\",\"target\":{\"@type\":\"EntryPoint\",\"urlTemplate\":\"https:\\\/\\\/fencing.ca\\\/?s={search_term_string}\"},\"query-input\":{\"@type\":\"PropertyValueSpecification\",\"valueRequired\":true,\"valueName\":\"search_term_string\"}}],\"inLanguage\":\"fr-FR\"}]}<\/script>\n<!-- \/ Yoast SEO plugin. -->","yoast_head_json":{"title":"crit\u00e8res de s\u00e9lection des arbitres - Canadian Fencing Federation","robots":{"index":"index","follow":"follow","max-snippet":"max-snippet:-1","max-image-preview":"max-image-preview:large","max-video-preview":"max-video-preview:-1"},"canonical":"https:\/\/fencing.ca\/fr\/criteres-de-selection-des-arbitres\/","og_locale":"fr_FR","og_type":"article","og_title":"crit\u00e8res de s\u00e9lection des arbitres - Canadian Fencing Federation","og_description":"Les pr\u00e9sents crit\u00e8res de s\u00e9lection sont bas\u00e9s sur deux principes principaux : les arbitres doivent \u00eatre disponibles sur le plan domestique s&rsquo;ils souhaitent travailler sur le plan international; en ce [&hellip;]","og_url":"https:\/\/fencing.ca\/fr\/criteres-de-selection-des-arbitres\/","og_site_name":"Canadian Fencing Federation","article_modified_time":"2016-08-23T17:21:05+00:00","twitter_card":"summary_large_image","twitter_misc":{"Dur\u00e9e de lecture estim\u00e9e":"6 minutes"},"schema":{"@context":"https:\/\/schema.org","@graph":[{"@type":"WebPage","@id":"https:\/\/fencing.ca\/fr\/criteres-de-selection-des-arbitres\/","url":"https:\/\/fencing.ca\/fr\/criteres-de-selection-des-arbitres\/","name":"crit\u00e8res de s\u00e9lection des arbitres - Canadian Fencing Federation","isPartOf":{"@id":"https:\/\/fencing.ca\/#website"},"datePublished":"2016-06-27T21:41:15+00:00","dateModified":"2016-08-23T17:21:05+00:00","breadcrumb":{"@id":"https:\/\/fencing.ca\/fr\/criteres-de-selection-des-arbitres\/#breadcrumb"},"inLanguage":"fr-FR","potentialAction":[{"@type":"ReadAction","target":["https:\/\/fencing.ca\/fr\/criteres-de-selection-des-arbitres\/"]}]},{"@type":"BreadcrumbList","@id":"https:\/\/fencing.ca\/fr\/criteres-de-selection-des-arbitres\/#breadcrumb","itemListElement":[{"@type":"ListItem","position":1,"name":"Home","item":"https:\/\/fencing.ca\/fr\/"},{"@type":"ListItem","position":2,"name":"crit\u00e8res de s\u00e9lection des arbitres"}]},{"@type":"WebSite","@id":"https:\/\/fencing.ca\/#website","url":"https:\/\/fencing.ca\/","name":"Canadian Fencing Federation","description":"Fencing Canada","potentialAction":[{"@type":"SearchAction","target":{"@type":"EntryPoint","urlTemplate":"https:\/\/fencing.ca\/?s={search_term_string}"},"query-input":{"@type":"PropertyValueSpecification","valueRequired":true,"valueName":"search_term_string"}}],"inLanguage":"fr-FR"}]}},"_links":{"self":[{"href":"https:\/\/fencing.ca\/fr\/wp-json\/wp\/v2\/pages\/1392","targetHints":{"allow":["GET"]}}],"collection":[{"href":"https:\/\/fencing.ca\/fr\/wp-json\/wp\/v2\/pages"}],"about":[{"href":"https:\/\/fencing.ca\/fr\/wp-json\/wp\/v2\/types\/page"}],"author":[{"embeddable":true,"href":"https:\/\/fencing.ca\/fr\/wp-json\/wp\/v2\/users\/1"}],"replies":[{"embeddable":true,"href":"https:\/\/fencing.ca\/fr\/wp-json\/wp\/v2\/comments?post=1392"}],"version-history":[{"count":2,"href":"https:\/\/fencing.ca\/fr\/wp-json\/wp\/v2\/pages\/1392\/revisions"}],"predecessor-version":[{"id":2908,"href":"https:\/\/fencing.ca\/fr\/wp-json\/wp\/v2\/pages\/1392\/revisions\/2908"}],"wp:attachment":[{"href":"https:\/\/fencing.ca\/fr\/wp-json\/wp\/v2\/media?parent=1392"}],"curies":[{"name":"wp","href":"https:\/\/api.w.org\/{rel}","templated":true}]}}