{"id":14075,"date":"2020-07-23T12:54:05","date_gmt":"2020-07-23T16:54:05","guid":{"rendered":"http:\/\/fencing.ca\/?page_id=14075"},"modified":"2026-02-03T07:28:35","modified_gmt":"2026-02-03T12:28:35","slug":"sanctions","status":"publish","type":"page","link":"https:\/\/fencing.ca\/fr\/sanctions\/","title":{"rendered":"Personnes actuellement sanctionn\u00e9es"},"content":{"rendered":"<p><strong><span class=\"Apple-converted-space\">\u00a0<\/span>Theodor Serbu, Quebec<\/strong><\/p>\n<ul>\n<li>Adh\u00e9sion suspendue par la FEQ jusqu&rsquo;\u00e0 nouvel ordre<\/li>\n<li>\u00c0 compter du 5 mars 2025<\/li>\n<\/ul>\n<p><strong>Jeremy Lee, Saskatchewan<\/strong><\/p>\n<ul>\n<li>Suspension provisoire par l&rsquo;Association d&rsquo;escrime de la Saskatchewan<\/li>\n<li>\u00c0 compter du 24 juillet 2024<\/li>\n<\/ul>\n<p><strong>Consultez le registre public du programme Canadien de sport s\u00e9curitaire <a href=\"https:\/\/cces.ca\/fr\/registre-public-du-programme-canadien-de-sport-securitaire\">ici<\/a><\/strong><\/p>\n<h2><\/h2>\n","protected":false},"excerpt":{"rendered":"<p>\u00a0Theodor Serbu, Quebec Adh\u00e9sion suspendue par la FEQ jusqu&rsquo;\u00e0 nouvel ordre \u00c0 compter du 5 mars 2025 Jeremy Lee, Saskatchewan Suspension provisoire par l&rsquo;Association d&rsquo;escrime de la Saskatchewan \u00c0 compter [&hellip;]<\/p>\n","protected":false},"author":4,"featured_media":0,"parent":0,"menu_order":0,"comment_status":"closed","ping_status":"closed","template":"","meta":{"_acf_changed":false,"footnotes":""},"class_list":["post-14075","page","type-page","status-publish","hentry"],"acf":[],"yoast_head":"<!-- This site is optimized with the Yoast SEO plugin v27.3 - https:\/\/yoast.com\/product\/yoast-seo-wordpress\/ -->\n<title>Personnes actuellement sanctionn\u00e9es - Canadian Fencing Federation<\/title>\n<meta name=\"robots\" content=\"index, follow, max-snippet:-1, max-image-preview:large, max-video-preview:-1\" \/>\n<link rel=\"canonical\" href=\"https:\/\/fencing.ca\/fr\/sanctions\/\" \/>\n<meta property=\"og:locale\" content=\"fr_FR\" \/>\n<meta property=\"og:type\" content=\"article\" \/>\n<meta property=\"og:title\" content=\"Personnes actuellement sanctionn\u00e9es - Canadian Fencing Federation\" \/>\n<meta property=\"og:description\" content=\"\u00a0Theodor Serbu, Quebec Adh\u00e9sion suspendue par la FEQ jusqu&rsquo;\u00e0 nouvel ordre \u00c0 compter du 5 mars 2025 Jeremy Lee, Saskatchewan Suspension provisoire par l&rsquo;Association d&rsquo;escrime de la Saskatchewan \u00c0 compter [&hellip;]\" \/>\n<meta property=\"og:url\" content=\"https:\/\/fencing.ca\/fr\/sanctions\/\" \/>\n<meta property=\"og:site_name\" content=\"Canadian Fencing Federation\" \/>\n<meta property=\"article:modified_time\" content=\"2026-02-03T12:28:35+00:00\" \/>\n<meta name=\"twitter:card\" content=\"summary_large_image\" \/>\n<meta name=\"twitter:label1\" content=\"Dur\u00e9e de lecture estim\u00e9e\" \/>\n\t<meta name=\"twitter:data1\" content=\"1 minute\" \/>\n<script type=\"application\/ld+json\" class=\"yoast-schema-graph\">{\"@context\":\"https:\\\/\\\/schema.org\",\"@graph\":[{\"@type\":\"WebPage\",\"@id\":\"https:\\\/\\\/fencing.ca\\\/fr\\\/sanctions\\\/\",\"url\":\"https:\\\/\\\/fencing.ca\\\/fr\\\/sanctions\\\/\",\"name\":\"Personnes actuellement sanctionn\u00e9es - Canadian Fencing Federation\",\"isPartOf\":{\"@id\":\"https:\\\/\\\/fencing.ca\\\/#website\"},\"datePublished\":\"2020-07-23T16:54:05+00:00\",\"dateModified\":\"2026-02-03T12:28:35+00:00\",\"breadcrumb\":{\"@id\":\"https:\\\/\\\/fencing.ca\\\/fr\\\/sanctions\\\/#breadcrumb\"},\"inLanguage\":\"fr-FR\",\"potentialAction\":[{\"@type\":\"ReadAction\",\"target\":[\"https:\\\/\\\/fencing.ca\\\/fr\\\/sanctions\\\/\"]}]},{\"@type\":\"BreadcrumbList\",\"@id\":\"https:\\\/\\\/fencing.ca\\\/fr\\\/sanctions\\\/#breadcrumb\",\"itemListElement\":[{\"@type\":\"ListItem\",\"position\":1,\"name\":\"Home\",\"item\":\"https:\\\/\\\/fencing.ca\\\/fr\\\/\"},{\"@type\":\"ListItem\",\"position\":2,\"name\":\"Personnes actuellement sanctionn\u00e9es\"}]},{\"@type\":\"WebSite\",\"@id\":\"https:\\\/\\\/fencing.ca\\\/#website\",\"url\":\"https:\\\/\\\/fencing.ca\\\/\",\"name\":\"Canadian Fencing Federation\",\"description\":\"Fencing Canada\",\"potentialAction\":[{\"@type\":\"SearchAction\",\"target\":{\"@type\":\"EntryPoint\",\"urlTemplate\":\"https:\\\/\\\/fencing.ca\\\/?s={search_term_string}\"},\"query-input\":{\"@type\":\"PropertyValueSpecification\",\"valueRequired\":true,\"valueName\":\"search_term_string\"}}],\"inLanguage\":\"fr-FR\"}]}<\/script>\n<!-- \/ Yoast SEO plugin. -->","yoast_head_json":{"title":"Personnes actuellement sanctionn\u00e9es - Canadian Fencing Federation","robots":{"index":"index","follow":"follow","max-snippet":"max-snippet:-1","max-image-preview":"max-image-preview:large","max-video-preview":"max-video-preview:-1"},"canonical":"https:\/\/fencing.ca\/fr\/sanctions\/","og_locale":"fr_FR","og_type":"article","og_title":"Personnes actuellement sanctionn\u00e9es - Canadian Fencing Federation","og_description":"\u00a0Theodor Serbu, Quebec Adh\u00e9sion suspendue par la FEQ jusqu&rsquo;\u00e0 nouvel ordre \u00c0 compter du 5 mars 2025 Jeremy Lee, Saskatchewan Suspension provisoire par l&rsquo;Association d&rsquo;escrime de la Saskatchewan \u00c0 compter [&hellip;]","og_url":"https:\/\/fencing.ca\/fr\/sanctions\/","og_site_name":"Canadian Fencing Federation","article_modified_time":"2026-02-03T12:28:35+00:00","twitter_card":"summary_large_image","twitter_misc":{"Dur\u00e9e de lecture estim\u00e9e":"1 minute"},"schema":{"@context":"https:\/\/schema.org","@graph":[{"@type":"WebPage","@id":"https:\/\/fencing.ca\/fr\/sanctions\/","url":"https:\/\/fencing.ca\/fr\/sanctions\/","name":"Personnes actuellement sanctionn\u00e9es - Canadian Fencing Federation","isPartOf":{"@id":"https:\/\/fencing.ca\/#website"},"datePublished":"2020-07-23T16:54:05+00:00","dateModified":"2026-02-03T12:28:35+00:00","breadcrumb":{"@id":"https:\/\/fencing.ca\/fr\/sanctions\/#breadcrumb"},"inLanguage":"fr-FR","potentialAction":[{"@type":"ReadAction","target":["https:\/\/fencing.ca\/fr\/sanctions\/"]}]},{"@type":"BreadcrumbList","@id":"https:\/\/fencing.ca\/fr\/sanctions\/#breadcrumb","itemListElement":[{"@type":"ListItem","position":1,"name":"Home","item":"https:\/\/fencing.ca\/fr\/"},{"@type":"ListItem","position":2,"name":"Personnes actuellement sanctionn\u00e9es"}]},{"@type":"WebSite","@id":"https:\/\/fencing.ca\/#website","url":"https:\/\/fencing.ca\/","name":"Canadian Fencing Federation","description":"Fencing Canada","potentialAction":[{"@type":"SearchAction","target":{"@type":"EntryPoint","urlTemplate":"https:\/\/fencing.ca\/?s={search_term_string}"},"query-input":{"@type":"PropertyValueSpecification","valueRequired":true,"valueName":"search_term_string"}}],"inLanguage":"fr-FR"}]}},"_links":{"self":[{"href":"https:\/\/fencing.ca\/fr\/wp-json\/wp\/v2\/pages\/14075","targetHints":{"allow":["GET"]}}],"collection":[{"href":"https:\/\/fencing.ca\/fr\/wp-json\/wp\/v2\/pages"}],"about":[{"href":"https:\/\/fencing.ca\/fr\/wp-json\/wp\/v2\/types\/page"}],"author":[{"embeddable":true,"href":"https:\/\/fencing.ca\/fr\/wp-json\/wp\/v2\/users\/4"}],"replies":[{"embeddable":true,"href":"https:\/\/fencing.ca\/fr\/wp-json\/wp\/v2\/comments?post=14075"}],"version-history":[{"count":5,"href":"https:\/\/fencing.ca\/fr\/wp-json\/wp\/v2\/pages\/14075\/revisions"}],"predecessor-version":[{"id":43751,"href":"https:\/\/fencing.ca\/fr\/wp-json\/wp\/v2\/pages\/14075\/revisions\/43751"}],"wp:attachment":[{"href":"https:\/\/fencing.ca\/fr\/wp-json\/wp\/v2\/media?parent=14075"}],"curies":[{"name":"wp","href":"https:\/\/api.w.org\/{rel}","templated":true}]}}