{"id":14170,"date":"2020-08-27T11:18:45","date_gmt":"2020-08-27T15:18:45","guid":{"rendered":"http:\/\/fencing.ca\/?page_id=14170"},"modified":"2025-03-20T23:13:11","modified_gmt":"2025-03-21T03:13:11","slug":"licences-fie-et-efc","status":"publish","type":"page","link":"https:\/\/fencing.ca\/fr\/licences-fie-et-efc\/","title":{"rendered":"Licences FIE et EFC"},"content":{"rendered":"<p>Les licences FIE et EFC peuvent d\u00e9sormais \u00eatre achet\u00e9es dans le cadre de la proc\u00e9dure d&rsquo;adh\u00e9sion de votre province \u00e0 l&rsquo;adresse <a href=\"https:\/\/2mev.com\/#!\/listings\/memberships?display_in_listing_page=1&amp;page=1&amp;search=fencing\">https:\/\/2mev.com\/#!\/listings\/memberships?display_in_listing_page=1&amp;page=1&amp;search=fencing<\/a><\/p>\n<p>Veuillez noter que les licences FIE et EFC ne peuvent \u00eatre achet\u00e9es que si vous avez achet\u00e9 une adh\u00e9sion provinciale et CFF. Si vous avez d\u00e9j\u00e0 achet\u00e9 une adh\u00e9sion, veillez \u00e0 r\u00e9utiliser le m\u00eame compte et le m\u00eame profil, sinon le syst\u00e8me vous obligera \u00e0 acheter \u00e0 nouveau une licence CFF.<\/p>\n","protected":false},"excerpt":{"rendered":"<p>Les licences FIE et EFC peuvent d\u00e9sormais \u00eatre achet\u00e9es dans le cadre de la proc\u00e9dure d&rsquo;adh\u00e9sion de votre province \u00e0 l&rsquo;adresse https:\/\/2mev.com\/#!\/listings\/memberships?display_in_listing_page=1&amp;page=1&amp;search=fencing Veuillez noter que les licences FIE et EFC [&hellip;]<\/p>\n","protected":false},"author":4,"featured_media":0,"parent":0,"menu_order":0,"comment_status":"closed","ping_status":"closed","template":"","meta":{"_acf_changed":false,"footnotes":""},"class_list":["post-14170","page","type-page","status-publish","hentry"],"acf":[],"yoast_head":"<!-- This site is optimized with the Yoast SEO plugin v27.3 - https:\/\/yoast.com\/product\/yoast-seo-wordpress\/ -->\n<title>Licences FIE et EFC - Canadian Fencing Federation<\/title>\n<meta name=\"robots\" content=\"index, follow, max-snippet:-1, max-image-preview:large, max-video-preview:-1\" \/>\n<link rel=\"canonical\" href=\"https:\/\/fencing.ca\/fr\/licences-fie-et-efc\/\" \/>\n<meta property=\"og:locale\" content=\"fr_FR\" \/>\n<meta property=\"og:type\" content=\"article\" \/>\n<meta property=\"og:title\" content=\"Licences FIE et EFC - Canadian Fencing Federation\" \/>\n<meta property=\"og:description\" content=\"Les licences FIE et EFC peuvent d\u00e9sormais \u00eatre achet\u00e9es dans le cadre de la proc\u00e9dure d&rsquo;adh\u00e9sion de votre province \u00e0 l&rsquo;adresse https:\/\/2mev.com\/#!\/listings\/memberships?display_in_listing_page=1&amp;page=1&amp;search=fencing Veuillez noter que les licences FIE et EFC [&hellip;]\" \/>\n<meta property=\"og:url\" content=\"https:\/\/fencing.ca\/fr\/licences-fie-et-efc\/\" \/>\n<meta property=\"og:site_name\" content=\"Canadian Fencing Federation\" \/>\n<meta property=\"article:modified_time\" content=\"2025-03-21T03:13:11+00:00\" \/>\n<meta name=\"twitter:card\" content=\"summary_large_image\" \/>\n<meta name=\"twitter:label1\" content=\"Dur\u00e9e de lecture estim\u00e9e\" \/>\n\t<meta name=\"twitter:data1\" content=\"1 minute\" \/>\n<script type=\"application\/ld+json\" class=\"yoast-schema-graph\">{\"@context\":\"https:\\\/\\\/schema.org\",\"@graph\":[{\"@type\":\"WebPage\",\"@id\":\"https:\\\/\\\/fencing.ca\\\/fr\\\/licences-fie-et-efc\\\/\",\"url\":\"https:\\\/\\\/fencing.ca\\\/fr\\\/licences-fie-et-efc\\\/\",\"name\":\"Licences FIE et EFC - Canadian Fencing Federation\",\"isPartOf\":{\"@id\":\"https:\\\/\\\/fencing.ca\\\/#website\"},\"datePublished\":\"2020-08-27T15:18:45+00:00\",\"dateModified\":\"2025-03-21T03:13:11+00:00\",\"breadcrumb\":{\"@id\":\"https:\\\/\\\/fencing.ca\\\/fr\\\/licences-fie-et-efc\\\/#breadcrumb\"},\"inLanguage\":\"fr-FR\",\"potentialAction\":[{\"@type\":\"ReadAction\",\"target\":[\"https:\\\/\\\/fencing.ca\\\/fr\\\/licences-fie-et-efc\\\/\"]}]},{\"@type\":\"BreadcrumbList\",\"@id\":\"https:\\\/\\\/fencing.ca\\\/fr\\\/licences-fie-et-efc\\\/#breadcrumb\",\"itemListElement\":[{\"@type\":\"ListItem\",\"position\":1,\"name\":\"Home\",\"item\":\"https:\\\/\\\/fencing.ca\\\/fr\\\/\"},{\"@type\":\"ListItem\",\"position\":2,\"name\":\"Licences FIE et EFC\"}]},{\"@type\":\"WebSite\",\"@id\":\"https:\\\/\\\/fencing.ca\\\/#website\",\"url\":\"https:\\\/\\\/fencing.ca\\\/\",\"name\":\"Canadian Fencing Federation\",\"description\":\"Fencing Canada\",\"potentialAction\":[{\"@type\":\"SearchAction\",\"target\":{\"@type\":\"EntryPoint\",\"urlTemplate\":\"https:\\\/\\\/fencing.ca\\\/?s={search_term_string}\"},\"query-input\":{\"@type\":\"PropertyValueSpecification\",\"valueRequired\":true,\"valueName\":\"search_term_string\"}}],\"inLanguage\":\"fr-FR\"}]}<\/script>\n<!-- \/ Yoast SEO plugin. -->","yoast_head_json":{"title":"Licences FIE et EFC - Canadian Fencing Federation","robots":{"index":"index","follow":"follow","max-snippet":"max-snippet:-1","max-image-preview":"max-image-preview:large","max-video-preview":"max-video-preview:-1"},"canonical":"https:\/\/fencing.ca\/fr\/licences-fie-et-efc\/","og_locale":"fr_FR","og_type":"article","og_title":"Licences FIE et EFC - Canadian Fencing Federation","og_description":"Les licences FIE et EFC peuvent d\u00e9sormais \u00eatre achet\u00e9es dans le cadre de la proc\u00e9dure d&rsquo;adh\u00e9sion de votre province \u00e0 l&rsquo;adresse https:\/\/2mev.com\/#!\/listings\/memberships?display_in_listing_page=1&amp;page=1&amp;search=fencing Veuillez noter que les licences FIE et EFC [&hellip;]","og_url":"https:\/\/fencing.ca\/fr\/licences-fie-et-efc\/","og_site_name":"Canadian Fencing Federation","article_modified_time":"2025-03-21T03:13:11+00:00","twitter_card":"summary_large_image","twitter_misc":{"Dur\u00e9e de lecture estim\u00e9e":"1 minute"},"schema":{"@context":"https:\/\/schema.org","@graph":[{"@type":"WebPage","@id":"https:\/\/fencing.ca\/fr\/licences-fie-et-efc\/","url":"https:\/\/fencing.ca\/fr\/licences-fie-et-efc\/","name":"Licences FIE et EFC - Canadian Fencing Federation","isPartOf":{"@id":"https:\/\/fencing.ca\/#website"},"datePublished":"2020-08-27T15:18:45+00:00","dateModified":"2025-03-21T03:13:11+00:00","breadcrumb":{"@id":"https:\/\/fencing.ca\/fr\/licences-fie-et-efc\/#breadcrumb"},"inLanguage":"fr-FR","potentialAction":[{"@type":"ReadAction","target":["https:\/\/fencing.ca\/fr\/licences-fie-et-efc\/"]}]},{"@type":"BreadcrumbList","@id":"https:\/\/fencing.ca\/fr\/licences-fie-et-efc\/#breadcrumb","itemListElement":[{"@type":"ListItem","position":1,"name":"Home","item":"https:\/\/fencing.ca\/fr\/"},{"@type":"ListItem","position":2,"name":"Licences FIE et EFC"}]},{"@type":"WebSite","@id":"https:\/\/fencing.ca\/#website","url":"https:\/\/fencing.ca\/","name":"Canadian Fencing Federation","description":"Fencing Canada","potentialAction":[{"@type":"SearchAction","target":{"@type":"EntryPoint","urlTemplate":"https:\/\/fencing.ca\/?s={search_term_string}"},"query-input":{"@type":"PropertyValueSpecification","valueRequired":true,"valueName":"search_term_string"}}],"inLanguage":"fr-FR"}]}},"_links":{"self":[{"href":"https:\/\/fencing.ca\/fr\/wp-json\/wp\/v2\/pages\/14170","targetHints":{"allow":["GET"]}}],"collection":[{"href":"https:\/\/fencing.ca\/fr\/wp-json\/wp\/v2\/pages"}],"about":[{"href":"https:\/\/fencing.ca\/fr\/wp-json\/wp\/v2\/types\/page"}],"author":[{"embeddable":true,"href":"https:\/\/fencing.ca\/fr\/wp-json\/wp\/v2\/users\/4"}],"replies":[{"embeddable":true,"href":"https:\/\/fencing.ca\/fr\/wp-json\/wp\/v2\/comments?post=14170"}],"version-history":[{"count":2,"href":"https:\/\/fencing.ca\/fr\/wp-json\/wp\/v2\/pages\/14170\/revisions"}],"predecessor-version":[{"id":44837,"href":"https:\/\/fencing.ca\/fr\/wp-json\/wp\/v2\/pages\/14170\/revisions\/44837"}],"wp:attachment":[{"href":"https:\/\/fencing.ca\/fr\/wp-json\/wp\/v2\/media?parent=14170"}],"curies":[{"name":"wp","href":"https:\/\/api.w.org\/{rel}","templated":true}]}}