{"id":14203,"date":"2020-09-09T12:02:15","date_gmt":"2020-09-09T16:02:15","guid":{"rendered":"http:\/\/fencing.ca\/?page_id=14203"},"modified":"2020-10-01T09:27:26","modified_gmt":"2020-10-01T13:27:26","slug":"ressources-sur-les-commotions-cerebrales","status":"publish","type":"page","link":"https:\/\/fencing.ca\/fr\/ressources-sur-les-commotions-cerebrales\/","title":{"rendered":"Ressources sur les commotions c\u00e9r\u00e9brales"},"content":{"rendered":"<p><a href=\"http:\/\/fencing.ca\/wp-content\/uploads\/CFF-ConcussionInfographic1-FR-1.pdf\" rel=\"attachment wp-att-14384\"><img fetchpriority=\"high\" decoding=\"async\" class=\"alignnone size-medium wp-image-14384\" src=\"http:\/\/fencing.ca\/wp-content\/uploads\/CFF-ConcussionInfographic1-FR-1-500x386.png\" alt=\"\" width=\"500\" height=\"386\" srcset=\"https:\/\/fencing.ca\/wp-content\/uploads\/CFF-ConcussionInfographic1-FR-1-500x386.png 500w, https:\/\/fencing.ca\/wp-content\/uploads\/CFF-ConcussionInfographic1-FR-1-1325x1024.png 1325w, https:\/\/fencing.ca\/wp-content\/uploads\/CFF-ConcussionInfographic1-FR-1-1536x1187.png 1536w, https:\/\/fencing.ca\/wp-content\/uploads\/CFF-ConcussionInfographic1-FR-1-2048x1583.png 2048w, https:\/\/fencing.ca\/wp-content\/uploads\/CFF-ConcussionInfographic1-FR-1-600x464.png 600w\" sizes=\"(max-width: 500px) 100vw, 500px\" \/><\/a><\/p>\n<p>&nbsp;<\/p>\n<p><a href=\"http:\/\/fencing.ca\/wp-content\/uploads\/CFF-ConcussionInfographic2-FR-1.pdf\" rel=\"attachment wp-att-14382\"><img decoding=\"async\" class=\"alignnone size-medium wp-image-14382\" src=\"http:\/\/fencing.ca\/wp-content\/uploads\/CFF-ConcussionInfographic2-FR-1-386x500.png\" alt=\"\" width=\"386\" height=\"500\" srcset=\"https:\/\/fencing.ca\/wp-content\/uploads\/CFF-ConcussionInfographic2-FR-1-386x500.png 386w, https:\/\/fencing.ca\/wp-content\/uploads\/CFF-ConcussionInfographic2-FR-1-791x1024.png 791w, https:\/\/fencing.ca\/wp-content\/uploads\/CFF-ConcussionInfographic2-FR-1-1187x1536.png 1187w, https:\/\/fencing.ca\/wp-content\/uploads\/CFF-ConcussionInfographic2-FR-1-1583x2048.png 1583w, https:\/\/fencing.ca\/wp-content\/uploads\/CFF-ConcussionInfographic2-FR-1-600x776.png 600w, https:\/\/fencing.ca\/wp-content\/uploads\/CFF-ConcussionInfographic2-FR-1.png 1700w\" sizes=\"(max-width: 386px) 100vw, 386px\" \/><\/a><\/p>\n<p><a href=\"http:\/\/fencing.ca\/wp-content\/uploads\/Protocole-sur-les-commotions-cerebral-es-de-la-FCE-FR.pdf\">Protocole sur les commotions c\u00e9r\u00e9brales de la FCE<\/a><\/p>\n<p><a href=\"http:\/\/fencing.ca\/wp-content\/uploads\/Guide-sur-les-commotions-cerebrales-pour-les-athletes-UA.pdf\">Guide-sur-les-commotions c\u00e9r\u00e9brales pour les athl\u00e8tes<\/a><\/p>\n<p><a href=\"http:\/\/fencing.ca\/wp-content\/uploads\/Commotion-Entraineurs-UA.pdf\">Guide sur les commotions c\u00e9r\u00e9brales pour les entra\u00eeneurs<\/a><\/p>\n<p><a href=\"http:\/\/fencing.ca\/wp-content\/uploads\/Commotion-Parents-UA.pdf\">Guide sur les commotions c\u00e9r\u00e9brales pour les parents<\/a><\/p>\n<p><a href=\"http:\/\/fencing.ca\/wp-content\/uploads\/Concussion-CoC-Athlete-FR.pdf\">Commotions c\u00e9r\u00e9brales\u00a0&#8211; Code de conduit pour les athl\u00e8tes<\/a><\/p>\n<p><a href=\"http:\/\/fencing.ca\/wp-content\/uploads\/Concussion-CoC-Coach-FR.pdf\">Commotions c\u00e9r\u00e9brales\u00a0&#8211; Code de conduit pour les entra\u00eeneurs, les soigneurs et les officiels<\/a><\/p>\n<p><a href=\"https:\/\/parachute.ca\/fr\/\">Parachute Canada &#8211; les commotions <\/a><a href=\"https:\/\/parachute.ca\/fr\/sujet-blessure\/commotion-cerebrale\/\">c\u00e9r\u00e9brales<\/a><\/p>\n<p>&nbsp;<\/p>\n","protected":false},"excerpt":{"rendered":"<p>&nbsp; Protocole sur les commotions c\u00e9r\u00e9brales de la FCE Guide-sur-les-commotions c\u00e9r\u00e9brales pour les athl\u00e8tes Guide sur les commotions c\u00e9r\u00e9brales pour les entra\u00eeneurs Guide sur les commotions c\u00e9r\u00e9brales pour les parents [&hellip;]<\/p>\n","protected":false},"author":4,"featured_media":0,"parent":0,"menu_order":0,"comment_status":"closed","ping_status":"closed","template":"","meta":{"_acf_changed":false,"footnotes":""},"class_list":["post-14203","page","type-page","status-publish","hentry"],"acf":[],"yoast_head":"<!-- This site is optimized with the Yoast SEO plugin v27.3 - https:\/\/yoast.com\/product\/yoast-seo-wordpress\/ -->\n<title>Ressources sur les commotions c\u00e9r\u00e9brales - Canadian Fencing Federation<\/title>\n<meta name=\"robots\" content=\"index, follow, max-snippet:-1, max-image-preview:large, max-video-preview:-1\" \/>\n<link rel=\"canonical\" href=\"https:\/\/fencing.ca\/fr\/ressources-sur-les-commotions-cerebrales\/\" \/>\n<meta property=\"og:locale\" content=\"fr_FR\" \/>\n<meta property=\"og:type\" content=\"article\" \/>\n<meta property=\"og:title\" content=\"Ressources sur les commotions c\u00e9r\u00e9brales - Canadian Fencing Federation\" \/>\n<meta property=\"og:description\" content=\"&nbsp; Protocole sur les commotions c\u00e9r\u00e9brales de la FCE Guide-sur-les-commotions c\u00e9r\u00e9brales pour les athl\u00e8tes Guide sur les commotions c\u00e9r\u00e9brales pour les entra\u00eeneurs Guide sur les commotions c\u00e9r\u00e9brales pour les parents [&hellip;]\" \/>\n<meta property=\"og:url\" content=\"https:\/\/fencing.ca\/fr\/ressources-sur-les-commotions-cerebrales\/\" \/>\n<meta property=\"og:site_name\" content=\"Canadian Fencing Federation\" \/>\n<meta property=\"article:modified_time\" content=\"2020-10-01T13:27:26+00:00\" \/>\n<meta property=\"og:image\" content=\"http:\/\/fencing.ca\/wp-content\/uploads\/CFF-ConcussionInfographic1-FR-1-500x386.png\" \/>\n<meta name=\"twitter:card\" content=\"summary_large_image\" \/>\n<script type=\"application\/ld+json\" class=\"yoast-schema-graph\">{\"@context\":\"https:\\\/\\\/schema.org\",\"@graph\":[{\"@type\":\"WebPage\",\"@id\":\"https:\\\/\\\/fencing.ca\\\/fr\\\/ressources-sur-les-commotions-cerebrales\\\/\",\"url\":\"https:\\\/\\\/fencing.ca\\\/fr\\\/ressources-sur-les-commotions-cerebrales\\\/\",\"name\":\"Ressources sur les commotions c\u00e9r\u00e9brales - Canadian Fencing Federation\",\"isPartOf\":{\"@id\":\"https:\\\/\\\/fencing.ca\\\/#website\"},\"primaryImageOfPage\":{\"@id\":\"https:\\\/\\\/fencing.ca\\\/fr\\\/ressources-sur-les-commotions-cerebrales\\\/#primaryimage\"},\"image\":{\"@id\":\"https:\\\/\\\/fencing.ca\\\/fr\\\/ressources-sur-les-commotions-cerebrales\\\/#primaryimage\"},\"thumbnailUrl\":\"http:\\\/\\\/fencing.ca\\\/wp-content\\\/uploads\\\/CFF-ConcussionInfographic1-FR-1-500x386.png\",\"datePublished\":\"2020-09-09T16:02:15+00:00\",\"dateModified\":\"2020-10-01T13:27:26+00:00\",\"breadcrumb\":{\"@id\":\"https:\\\/\\\/fencing.ca\\\/fr\\\/ressources-sur-les-commotions-cerebrales\\\/#breadcrumb\"},\"inLanguage\":\"fr-FR\",\"potentialAction\":[{\"@type\":\"ReadAction\",\"target\":[\"https:\\\/\\\/fencing.ca\\\/fr\\\/ressources-sur-les-commotions-cerebrales\\\/\"]}]},{\"@type\":\"ImageObject\",\"inLanguage\":\"fr-FR\",\"@id\":\"https:\\\/\\\/fencing.ca\\\/fr\\\/ressources-sur-les-commotions-cerebrales\\\/#primaryimage\",\"url\":\"http:\\\/\\\/fencing.ca\\\/wp-content\\\/uploads\\\/CFF-ConcussionInfographic1-FR-1-500x386.png\",\"contentUrl\":\"http:\\\/\\\/fencing.ca\\\/wp-content\\\/uploads\\\/CFF-ConcussionInfographic1-FR-1-500x386.png\"},{\"@type\":\"BreadcrumbList\",\"@id\":\"https:\\\/\\\/fencing.ca\\\/fr\\\/ressources-sur-les-commotions-cerebrales\\\/#breadcrumb\",\"itemListElement\":[{\"@type\":\"ListItem\",\"position\":1,\"name\":\"Home\",\"item\":\"https:\\\/\\\/fencing.ca\\\/fr\\\/\"},{\"@type\":\"ListItem\",\"position\":2,\"name\":\"Ressources sur les commotions c\u00e9r\u00e9brales\"}]},{\"@type\":\"WebSite\",\"@id\":\"https:\\\/\\\/fencing.ca\\\/#website\",\"url\":\"https:\\\/\\\/fencing.ca\\\/\",\"name\":\"Canadian Fencing Federation\",\"description\":\"Fencing Canada\",\"potentialAction\":[{\"@type\":\"SearchAction\",\"target\":{\"@type\":\"EntryPoint\",\"urlTemplate\":\"https:\\\/\\\/fencing.ca\\\/?s={search_term_string}\"},\"query-input\":{\"@type\":\"PropertyValueSpecification\",\"valueRequired\":true,\"valueName\":\"search_term_string\"}}],\"inLanguage\":\"fr-FR\"}]}<\/script>\n<!-- \/ Yoast SEO plugin. -->","yoast_head_json":{"title":"Ressources sur les commotions c\u00e9r\u00e9brales - Canadian Fencing Federation","robots":{"index":"index","follow":"follow","max-snippet":"max-snippet:-1","max-image-preview":"max-image-preview:large","max-video-preview":"max-video-preview:-1"},"canonical":"https:\/\/fencing.ca\/fr\/ressources-sur-les-commotions-cerebrales\/","og_locale":"fr_FR","og_type":"article","og_title":"Ressources sur les commotions c\u00e9r\u00e9brales - Canadian Fencing Federation","og_description":"&nbsp; Protocole sur les commotions c\u00e9r\u00e9brales de la FCE Guide-sur-les-commotions c\u00e9r\u00e9brales pour les athl\u00e8tes Guide sur les commotions c\u00e9r\u00e9brales pour les entra\u00eeneurs Guide sur les commotions c\u00e9r\u00e9brales pour les parents [&hellip;]","og_url":"https:\/\/fencing.ca\/fr\/ressources-sur-les-commotions-cerebrales\/","og_site_name":"Canadian Fencing Federation","article_modified_time":"2020-10-01T13:27:26+00:00","og_image":[{"url":"http:\/\/fencing.ca\/wp-content\/uploads\/CFF-ConcussionInfographic1-FR-1-500x386.png","type":"","width":"","height":""}],"twitter_card":"summary_large_image","schema":{"@context":"https:\/\/schema.org","@graph":[{"@type":"WebPage","@id":"https:\/\/fencing.ca\/fr\/ressources-sur-les-commotions-cerebrales\/","url":"https:\/\/fencing.ca\/fr\/ressources-sur-les-commotions-cerebrales\/","name":"Ressources sur les commotions c\u00e9r\u00e9brales - Canadian Fencing Federation","isPartOf":{"@id":"https:\/\/fencing.ca\/#website"},"primaryImageOfPage":{"@id":"https:\/\/fencing.ca\/fr\/ressources-sur-les-commotions-cerebrales\/#primaryimage"},"image":{"@id":"https:\/\/fencing.ca\/fr\/ressources-sur-les-commotions-cerebrales\/#primaryimage"},"thumbnailUrl":"http:\/\/fencing.ca\/wp-content\/uploads\/CFF-ConcussionInfographic1-FR-1-500x386.png","datePublished":"2020-09-09T16:02:15+00:00","dateModified":"2020-10-01T13:27:26+00:00","breadcrumb":{"@id":"https:\/\/fencing.ca\/fr\/ressources-sur-les-commotions-cerebrales\/#breadcrumb"},"inLanguage":"fr-FR","potentialAction":[{"@type":"ReadAction","target":["https:\/\/fencing.ca\/fr\/ressources-sur-les-commotions-cerebrales\/"]}]},{"@type":"ImageObject","inLanguage":"fr-FR","@id":"https:\/\/fencing.ca\/fr\/ressources-sur-les-commotions-cerebrales\/#primaryimage","url":"http:\/\/fencing.ca\/wp-content\/uploads\/CFF-ConcussionInfographic1-FR-1-500x386.png","contentUrl":"http:\/\/fencing.ca\/wp-content\/uploads\/CFF-ConcussionInfographic1-FR-1-500x386.png"},{"@type":"BreadcrumbList","@id":"https:\/\/fencing.ca\/fr\/ressources-sur-les-commotions-cerebrales\/#breadcrumb","itemListElement":[{"@type":"ListItem","position":1,"name":"Home","item":"https:\/\/fencing.ca\/fr\/"},{"@type":"ListItem","position":2,"name":"Ressources sur les commotions c\u00e9r\u00e9brales"}]},{"@type":"WebSite","@id":"https:\/\/fencing.ca\/#website","url":"https:\/\/fencing.ca\/","name":"Canadian Fencing Federation","description":"Fencing Canada","potentialAction":[{"@type":"SearchAction","target":{"@type":"EntryPoint","urlTemplate":"https:\/\/fencing.ca\/?s={search_term_string}"},"query-input":{"@type":"PropertyValueSpecification","valueRequired":true,"valueName":"search_term_string"}}],"inLanguage":"fr-FR"}]}},"_links":{"self":[{"href":"https:\/\/fencing.ca\/fr\/wp-json\/wp\/v2\/pages\/14203","targetHints":{"allow":["GET"]}}],"collection":[{"href":"https:\/\/fencing.ca\/fr\/wp-json\/wp\/v2\/pages"}],"about":[{"href":"https:\/\/fencing.ca\/fr\/wp-json\/wp\/v2\/types\/page"}],"author":[{"embeddable":true,"href":"https:\/\/fencing.ca\/fr\/wp-json\/wp\/v2\/users\/4"}],"replies":[{"embeddable":true,"href":"https:\/\/fencing.ca\/fr\/wp-json\/wp\/v2\/comments?post=14203"}],"version-history":[{"count":5,"href":"https:\/\/fencing.ca\/fr\/wp-json\/wp\/v2\/pages\/14203\/revisions"}],"predecessor-version":[{"id":14396,"href":"https:\/\/fencing.ca\/fr\/wp-json\/wp\/v2\/pages\/14203\/revisions\/14396"}],"wp:attachment":[{"href":"https:\/\/fencing.ca\/fr\/wp-json\/wp\/v2\/media?parent=14203"}],"curies":[{"name":"wp","href":"https:\/\/api.w.org\/{rel}","templated":true}]}}