{"id":14233,"date":"2020-09-12T16:36:24","date_gmt":"2020-09-12T20:36:24","guid":{"rendered":"http:\/\/fencing.ca\/?page_id=14233"},"modified":"2026-03-09T06:42:57","modified_gmt":"2026-03-09T10:42:57","slug":"php-inscription","status":"publish","type":"page","link":"https:\/\/fencing.ca\/fr\/php-inscription\/","title":{"rendered":"Programme de la Haute Performance &#8211; Inscription (2025-2026)"},"content":{"rendered":"<h2><strong><span style=\"color: #ff0000;\">L&rsquo;inscription est maintenant disponible pour les athl\u00e8tes des provinces\/territoires dont le syst\u00e8me d&rsquo;adh\u00e9sion est activ\u00e9.<\/span><\/strong><\/h2>\n<p><strong>POUR \u00caTRE ACCEPT\u00c9(E) AU PHP DE LA FCE :<\/strong><\/p>\n<ol>\n<li><a href=\"https:\/\/2mev.com\/#!\/events\/high-performance-program-hpp-membership-2025-2026-programme-de-la-haute-performance-php-inscription-20252026\">Remplir le formulaire<\/a> de demande d\u2019adh\u00e9sion au PHP, accompagn\u00e9 du paiement des frais (<span style=\"color: #ff0000;\"><strong>gratuit cette ann\u00e9e pour les athl\u00e8tes qui ont atteint les crit\u00e8res seniors ou qui ont remport\u00e9 des m\u00e9dailles lors de championnats du monde<\/strong><\/span>).<\/li>\n<li>D\u00e9tenir une licence valide de la FCE pour la saison 2025-26.<\/li>\n<li>Acheter une <strong>license de la FIE<\/strong>\u00a0si vous allez participer \u00e0 un \u00e9v\u00e9nement de la\u00a0FIE\u00a0(coupe du monde, grand prix, etc.) &#8211; inclus dans les options d&rsquo;inscription au programme PHP.<\/li>\n<li>Acheter une <strong>license EFC<\/strong>\u00a0si vous allez participer \u00e0 un \u00e9v\u00e9nement de ce circuit &#8211;\u00a0inclus dans les options d&rsquo;inscription au programme PHP.<\/li>\n<li>Au cours de cette proc\u00e9dure d&rsquo;inscription, il vous sera demand\u00e9 de fournir ou de compl\u00e9ter les \u00e9l\u00e9ments suivants :\n<ol>\n<li>Une signature en ligne de l&rsquo;entente PHP 2025-2026.<\/li>\n<li>Une photo\u00a0r\u00e9cente\u00a0<strong>en couleurs<\/strong>, de format passeport (t\u00eate et \u00e9paules seulement). Ces photos doivent \u00eatre envoy\u00e9es \u00e0\u00a0<strong>chaque fois<\/strong>\u00a0que vous faites une demande d\u2019adh\u00e9sion au PHP.<\/li>\n<li>Une photocopie des pages 2 et 3 de votre passeport du gouvernement du Canada. Assurez-vous que vous d\u00e9tenez un passeport valide pour la saison toute enti\u00e8re. Certains pays exigent que les voyageurs d\u00e9tiennent un passeport valide pendant 3 \u00e0 6 mois apr\u00e8s la date pr\u00e9vue du d\u00e9part.<\/li>\n<li>Une copie de votre<strong> plan annuel d&rsquo;entra\u00eenemen<\/strong>t, sign\u00e9 par votre entra\u00eeneur(e) personnel(le).<\/li>\n<li>Un exemple de plan d&rsquo;entra\u00eenement hebdomadaire typique.<\/li>\n<li>R\u00e9ussir <a href=\"https:\/\/coach.ca\/fr\/securite-dans-le-sport\/formation-sur-la-securite-dans-le-sport\"><strong>la formation sur la s\u00e9curit\u00e9 dans le sport<\/strong><\/a>.<\/li>\n<li>R\u00e9ussir <strong><a href=\"https:\/\/fencing.ca\/wp-content\/uploads\/Canadian-Fencing-Federation-2025-CSSP-E-Learning-Invitation-ENFR-1.pdf\">la\u00a0nouvelle formation sur le sport s\u00e9curitaire et signer le formulaire de consentement<\/a><\/strong>\u00a0du Programme canadien de sport s\u00e9curitaire (PCSS).<\/li>\n<li><strong>C\u2019est de la responsabilit\u00e9 de l\u2019athl\u00e8te de s\u2019assurer de respecter les r\u00e8glements antidopage de la FIE et de <a href=\"https:\/\/sportintegrity.ca\/fr\/antidopage\">Sport Int\u00e9grit\u00e9 Canada<\/a><\/strong>.\u00a0Veuillez lire le\u00a0<strong><a href=\"https:\/\/web.archive.org\/web\/20160708075248\/http:\/\/www.fencing.ca\/sites\/default\/files\/hp_files\/CCES-PUB-AthleteGuideDopingControl-F.pdf\">Guide des Athl\u00e8tes sur le contr\u00f4le du dopage<\/a><\/strong> publi\u00e9 par Sport Int\u00e9grit\u00e9 Canada et suivre le cours en ligne <strong><a href=\"https:\/\/sportintegrity.ca\/fr\/apprentissage-en-ligne\">Sport pur : l\u2019ABC du sport sain<\/a><\/strong>.<\/li>\n<\/ol>\n<\/li>\n<\/ol>\n<p><strong>L&rsquo;inscription au Programme de haute performance est consid\u00e9r\u00e9e comme une demande d&rsquo;adh\u00e9sion au Programme de haute performance de la FCE. Par cons\u00e9quent, la FCE peut accepter ou rejeter une demande d&rsquo;adh\u00e9sion au PHP quand il y a des raisons suffisantes de le faire. De m\u00eame, la FCE peut \u00e9galement suspendre l&rsquo;adh\u00e9sion d&rsquo;un(e) athl\u00e8te au PHP. Les exemples qui peuvent justifier le rejet ou la suspension de l&rsquo;adh\u00e9sion au PHP comprennent, sans s&rsquo;y limiter, des dettes financi\u00e8res impay\u00e9es \u00e0 la FCE et un comportement qui contrevient au Code de conduite et d&rsquo;\u00e9thique de la FCE.<\/strong><\/p>\n<p>&nbsp;<\/p>\n<p><span style=\"text-decoration: underline;\"><strong>Frais d&rsquo;inscription pour 2025-2026<\/strong><\/span><\/p>\n<p><a href=\"https:\/\/2mev.com\/#!\/events\/high-performance-program-hpp-membership-2025-2026-programme-de-la-haute-performance-php-inscription-20252026\"><strong>INSCRIPTION R\u00c9GULI\u00c8RE<\/strong><\/a> : 500 $ jusqu&rsquo;au 25 septembre 2025 <span style=\"color: #ff0000;\"><strong>(gratuit cette ann\u00e9e pour les athl\u00e8tes qui ont atteint les crit\u00e8res seniors ou qui ont remport\u00e9 des m\u00e9dailles lors de championnats du monde)<\/strong><\/span><\/p>\n<p><a href=\"https:\/\/2mev.com\/#!\/events\/high-performance-program-hpp-membership-2025-2026-programme-de-la-haute-performance-php-inscription-20252026\"><strong>INSCRIPTION TARDIVE<\/strong><\/a> : 650 $ apr\u00e8s le 25 septembre 2025<\/p>\n<p><strong>REMARQUE<\/strong> : Pour les athl\u00e8tes qui s&rsquo;inscrivent au PHP apr\u00e8s la date limite du 25 septembre 2025, seuls les r\u00e9sultats des comp\u00e9titions qui ont lieu apr\u00e8s la fin de l&rsquo;inscription au PHP et le paiement des frais du PHP seront inclus dans le classement du PHP de la FCE (p. ex. un(e) athl\u00e8te qui s&rsquo;inscrit et paie les frais de 650 $ le 1er janvier 2026 ne pourra compter que les r\u00e9sultats des comp\u00e9titions qui ont lieu \u00e0 partir du 1er janvier 2026).<\/p>\n<p><u><strong><span style=\"color: #ff0000;\">IMPORTANT<\/span> <\/strong><\/u>: Veuillez \u00e9galement vous familiariser avec les informations contenues dans la page sur le <a href=\"http:\/\/fencing.ca\/fr\/sport-securitaire\/\">sport s\u00e9curitaire<\/a> du site Web de la FCE, y compris le <a href=\"http:\/\/fencing.ca\/wp-content\/uploads\/Safe-Sport-Policy-Manual-FR.pdf\">manuel de politique de s\u00e9curit\u00e9 du sport<\/a> de la FCE. Pour signaler un abus pr\u00e9sum\u00e9, vous pouvez signaler en ligne \u00e0 <a href=\"https:\/\/sportintegrity.ca\/fr\/signalement-sport-securitaire\">https:\/\/sportintegrity.ca\/fr\/signalement-sport-securitaire<\/a><span lang=\"FR-CA\">\u202f<\/span>ou par t\u00e9l\u00e9phone \u00e0 1 833 858 2777 (sans frais).<\/p>\n<p>Pour des informations plus d\u00e9taill\u00e9es sur le programme de haute performance, veuillez contacter :<a href=\"mailto:hpd@fencing.ca\"> hpd@fencing.ca<\/a><\/p>\n<p>&nbsp;<\/p>\n<p><strong>Veuillez envisager de faire un don pour aider \u00e0 soutenir l&rsquo;escrime canadienne !<\/strong><\/p>\n<h2 style=\"text-align: left;\"><a href=\"https:\/\/2mev.com\/#!\/memberships\/canadian-fencing-federation-membership-20222023\/store\"><span style=\"color: #0000ff;\"><strong>DONNER<\/strong><\/span><\/a><\/h2>\n<p>&nbsp;<\/p>\n<h2 style=\"text-align: left;\"><span style=\"color: #0000ff;\"><strong>\u00a0<\/strong><\/span><\/h2>\n<p>&nbsp;<\/p>\n","protected":false},"excerpt":{"rendered":"<p>L&rsquo;inscription est maintenant disponible pour les athl\u00e8tes des provinces\/territoires dont le syst\u00e8me d&rsquo;adh\u00e9sion est activ\u00e9. POUR \u00caTRE ACCEPT\u00c9(E) AU PHP DE LA FCE : Remplir le formulaire de demande d\u2019adh\u00e9sion [&hellip;]<\/p>\n","protected":false},"author":4,"featured_media":0,"parent":0,"menu_order":0,"comment_status":"closed","ping_status":"closed","template":"","meta":{"_acf_changed":false,"footnotes":""},"class_list":["post-14233","page","type-page","status-publish","hentry"],"acf":[],"yoast_head":"<!-- This site is optimized with the Yoast SEO plugin v27.3 - https:\/\/yoast.com\/product\/yoast-seo-wordpress\/ -->\n<title>Programme de la Haute Performance - Inscription (2025-2026) - Canadian Fencing Federation<\/title>\n<meta name=\"robots\" content=\"index, follow, max-snippet:-1, max-image-preview:large, max-video-preview:-1\" \/>\n<link rel=\"canonical\" href=\"https:\/\/fencing.ca\/fr\/php-inscription\/\" \/>\n<meta property=\"og:locale\" content=\"fr_FR\" \/>\n<meta property=\"og:type\" content=\"article\" \/>\n<meta property=\"og:title\" content=\"Programme de la Haute Performance - Inscription (2025-2026) - Canadian Fencing Federation\" \/>\n<meta property=\"og:description\" content=\"L&rsquo;inscription est maintenant disponible pour les athl\u00e8tes des provinces\/territoires dont le syst\u00e8me d&rsquo;adh\u00e9sion est activ\u00e9. POUR \u00caTRE ACCEPT\u00c9(E) AU PHP DE LA FCE : Remplir le formulaire de demande d\u2019adh\u00e9sion [&hellip;]\" \/>\n<meta property=\"og:url\" content=\"https:\/\/fencing.ca\/fr\/php-inscription\/\" \/>\n<meta property=\"og:site_name\" content=\"Canadian Fencing Federation\" \/>\n<meta property=\"article:modified_time\" content=\"2026-03-09T10:42:57+00:00\" \/>\n<meta name=\"twitter:card\" content=\"summary_large_image\" \/>\n<meta name=\"twitter:label1\" content=\"Dur\u00e9e de lecture estim\u00e9e\" \/>\n\t<meta name=\"twitter:data1\" content=\"3 minutes\" \/>\n<script type=\"application\/ld+json\" class=\"yoast-schema-graph\">{\"@context\":\"https:\\\/\\\/schema.org\",\"@graph\":[{\"@type\":\"WebPage\",\"@id\":\"https:\\\/\\\/fencing.ca\\\/fr\\\/php-inscription\\\/\",\"url\":\"https:\\\/\\\/fencing.ca\\\/fr\\\/php-inscription\\\/\",\"name\":\"Programme de la Haute Performance - Inscription (2025-2026) - Canadian Fencing Federation\",\"isPartOf\":{\"@id\":\"https:\\\/\\\/fencing.ca\\\/#website\"},\"datePublished\":\"2020-09-12T20:36:24+00:00\",\"dateModified\":\"2026-03-09T10:42:57+00:00\",\"breadcrumb\":{\"@id\":\"https:\\\/\\\/fencing.ca\\\/fr\\\/php-inscription\\\/#breadcrumb\"},\"inLanguage\":\"fr-FR\",\"potentialAction\":[{\"@type\":\"ReadAction\",\"target\":[\"https:\\\/\\\/fencing.ca\\\/fr\\\/php-inscription\\\/\"]}]},{\"@type\":\"BreadcrumbList\",\"@id\":\"https:\\\/\\\/fencing.ca\\\/fr\\\/php-inscription\\\/#breadcrumb\",\"itemListElement\":[{\"@type\":\"ListItem\",\"position\":1,\"name\":\"Home\",\"item\":\"https:\\\/\\\/fencing.ca\\\/fr\\\/\"},{\"@type\":\"ListItem\",\"position\":2,\"name\":\"Programme de la Haute Performance &#8211; Inscription (2025-2026)\"}]},{\"@type\":\"WebSite\",\"@id\":\"https:\\\/\\\/fencing.ca\\\/#website\",\"url\":\"https:\\\/\\\/fencing.ca\\\/\",\"name\":\"Canadian Fencing Federation\",\"description\":\"Fencing Canada\",\"potentialAction\":[{\"@type\":\"SearchAction\",\"target\":{\"@type\":\"EntryPoint\",\"urlTemplate\":\"https:\\\/\\\/fencing.ca\\\/?s={search_term_string}\"},\"query-input\":{\"@type\":\"PropertyValueSpecification\",\"valueRequired\":true,\"valueName\":\"search_term_string\"}}],\"inLanguage\":\"fr-FR\"}]}<\/script>\n<!-- \/ Yoast SEO plugin. -->","yoast_head_json":{"title":"Programme de la Haute Performance - Inscription (2025-2026) - Canadian Fencing Federation","robots":{"index":"index","follow":"follow","max-snippet":"max-snippet:-1","max-image-preview":"max-image-preview:large","max-video-preview":"max-video-preview:-1"},"canonical":"https:\/\/fencing.ca\/fr\/php-inscription\/","og_locale":"fr_FR","og_type":"article","og_title":"Programme de la Haute Performance - Inscription (2025-2026) - Canadian Fencing Federation","og_description":"L&rsquo;inscription est maintenant disponible pour les athl\u00e8tes des provinces\/territoires dont le syst\u00e8me d&rsquo;adh\u00e9sion est activ\u00e9. POUR \u00caTRE ACCEPT\u00c9(E) AU PHP DE LA FCE : Remplir le formulaire de demande d\u2019adh\u00e9sion [&hellip;]","og_url":"https:\/\/fencing.ca\/fr\/php-inscription\/","og_site_name":"Canadian Fencing Federation","article_modified_time":"2026-03-09T10:42:57+00:00","twitter_card":"summary_large_image","twitter_misc":{"Dur\u00e9e de lecture estim\u00e9e":"3 minutes"},"schema":{"@context":"https:\/\/schema.org","@graph":[{"@type":"WebPage","@id":"https:\/\/fencing.ca\/fr\/php-inscription\/","url":"https:\/\/fencing.ca\/fr\/php-inscription\/","name":"Programme de la Haute Performance - Inscription (2025-2026) - Canadian Fencing Federation","isPartOf":{"@id":"https:\/\/fencing.ca\/#website"},"datePublished":"2020-09-12T20:36:24+00:00","dateModified":"2026-03-09T10:42:57+00:00","breadcrumb":{"@id":"https:\/\/fencing.ca\/fr\/php-inscription\/#breadcrumb"},"inLanguage":"fr-FR","potentialAction":[{"@type":"ReadAction","target":["https:\/\/fencing.ca\/fr\/php-inscription\/"]}]},{"@type":"BreadcrumbList","@id":"https:\/\/fencing.ca\/fr\/php-inscription\/#breadcrumb","itemListElement":[{"@type":"ListItem","position":1,"name":"Home","item":"https:\/\/fencing.ca\/fr\/"},{"@type":"ListItem","position":2,"name":"Programme de la Haute Performance &#8211; Inscription (2025-2026)"}]},{"@type":"WebSite","@id":"https:\/\/fencing.ca\/#website","url":"https:\/\/fencing.ca\/","name":"Canadian Fencing Federation","description":"Fencing Canada","potentialAction":[{"@type":"SearchAction","target":{"@type":"EntryPoint","urlTemplate":"https:\/\/fencing.ca\/?s={search_term_string}"},"query-input":{"@type":"PropertyValueSpecification","valueRequired":true,"valueName":"search_term_string"}}],"inLanguage":"fr-FR"}]}},"_links":{"self":[{"href":"https:\/\/fencing.ca\/fr\/wp-json\/wp\/v2\/pages\/14233","targetHints":{"allow":["GET"]}}],"collection":[{"href":"https:\/\/fencing.ca\/fr\/wp-json\/wp\/v2\/pages"}],"about":[{"href":"https:\/\/fencing.ca\/fr\/wp-json\/wp\/v2\/types\/page"}],"author":[{"embeddable":true,"href":"https:\/\/fencing.ca\/fr\/wp-json\/wp\/v2\/users\/4"}],"replies":[{"embeddable":true,"href":"https:\/\/fencing.ca\/fr\/wp-json\/wp\/v2\/comments?post=14233"}],"version-history":[{"count":5,"href":"https:\/\/fencing.ca\/fr\/wp-json\/wp\/v2\/pages\/14233\/revisions"}],"predecessor-version":[{"id":27545,"href":"https:\/\/fencing.ca\/fr\/wp-json\/wp\/v2\/pages\/14233\/revisions\/27545"}],"wp:attachment":[{"href":"https:\/\/fencing.ca\/fr\/wp-json\/wp\/v2\/media?parent=14233"}],"curies":[{"name":"wp","href":"https:\/\/api.w.org\/{rel}","templated":true}]}}