{"id":14658,"date":"2021-01-05T14:27:21","date_gmt":"2021-01-05T19:27:21","guid":{"rendered":"http:\/\/fencing.ca\/?page_id=14658"},"modified":"2026-03-09T06:55:48","modified_gmt":"2026-03-09T10:55:48","slug":"le-programme-canadien-antidopage-et-la-liste-des-interdictions-2021-de-lagence-mondiale-antidopage","status":"publish","type":"page","link":"https:\/\/fencing.ca\/fr\/le-programme-canadien-antidopage-et-la-liste-des-interdictions-2021-de-lagence-mondiale-antidopage\/","title":{"rendered":"Le Programme canadien antidopage et la liste des interdictions\u00a0de l\u2019Agence mondiale antidopage"},"content":{"rendered":"<p><strong>Le PCA et la Liste des interdictions 2026 maintenant en vigueur<\/strong><\/p>\n<p>Sport Int\u00e9grit\u00e9 Canada rappelle \u00e0 la communaut\u00e9 sportive canadienne que deux documents mis \u00e0 jour, soit le Programme canadien antidopage (PCA) 2026 et la Liste des interdictions 2026 de l\u2019Agence mondiale antidopage (AMA) sont maintenant disponibles.<\/p>\n<p><a href=\"https:\/\/sportintegrity.ca\/fr\/substances-et-methodes-interdites\" target=\"_blank\" rel=\"noopener noreferrer\">https:\/\/sportintegrity.ca\/fr\/substances-et-methodes-interdites<\/a><\/p>\n<p>&nbsp;<\/p>\n<h3><a href=\"https:\/\/sportintegrity.ca\/fr\/exemptions-medicales\">Exemptions m\u00e9dicales<\/a><\/h3>\n<p>&nbsp;<\/p>\n","protected":false},"excerpt":{"rendered":"<p>Le PCA et la Liste des interdictions 2026 maintenant en vigueur Sport Int\u00e9grit\u00e9 Canada rappelle \u00e0 la communaut\u00e9 sportive canadienne que deux documents mis \u00e0 jour, soit le Programme canadien [&hellip;]<\/p>\n","protected":false},"author":4,"featured_media":0,"parent":0,"menu_order":0,"comment_status":"closed","ping_status":"closed","template":"","meta":{"_acf_changed":false,"footnotes":""},"class_list":["post-14658","page","type-page","status-publish","hentry"],"acf":[],"yoast_head":"<!-- This site is optimized with the Yoast SEO plugin v27.3 - https:\/\/yoast.com\/product\/yoast-seo-wordpress\/ -->\n<title>Le Programme canadien antidopage et la liste des interdictions\u00a0de l\u2019Agence mondiale antidopage - Canadian Fencing Federation<\/title>\n<meta name=\"robots\" content=\"index, follow, max-snippet:-1, max-image-preview:large, max-video-preview:-1\" \/>\n<link rel=\"canonical\" href=\"https:\/\/fencing.ca\/fr\/le-programme-canadien-antidopage-et-la-liste-des-interdictions-2021-de-lagence-mondiale-antidopage\/\" \/>\n<meta property=\"og:locale\" content=\"fr_FR\" \/>\n<meta property=\"og:type\" content=\"article\" \/>\n<meta property=\"og:title\" content=\"Le Programme canadien antidopage et la liste des interdictions\u00a0de l\u2019Agence mondiale antidopage - Canadian Fencing Federation\" \/>\n<meta property=\"og:description\" content=\"Le PCA et la Liste des interdictions 2026 maintenant en vigueur Sport Int\u00e9grit\u00e9 Canada rappelle \u00e0 la communaut\u00e9 sportive canadienne que deux documents mis \u00e0 jour, soit le Programme canadien [&hellip;]\" \/>\n<meta property=\"og:url\" content=\"https:\/\/fencing.ca\/fr\/le-programme-canadien-antidopage-et-la-liste-des-interdictions-2021-de-lagence-mondiale-antidopage\/\" \/>\n<meta property=\"og:site_name\" content=\"Canadian Fencing Federation\" \/>\n<meta property=\"article:modified_time\" content=\"2026-03-09T10:55:48+00:00\" \/>\n<meta name=\"twitter:card\" content=\"summary_large_image\" \/>\n<meta name=\"twitter:label1\" content=\"Dur\u00e9e de lecture estim\u00e9e\" \/>\n\t<meta name=\"twitter:data1\" content=\"1 minute\" \/>\n<script type=\"application\/ld+json\" class=\"yoast-schema-graph\">{\"@context\":\"https:\\\/\\\/schema.org\",\"@graph\":[{\"@type\":\"WebPage\",\"@id\":\"https:\\\/\\\/fencing.ca\\\/fr\\\/le-programme-canadien-antidopage-et-la-liste-des-interdictions-2021-de-lagence-mondiale-antidopage\\\/\",\"url\":\"https:\\\/\\\/fencing.ca\\\/fr\\\/le-programme-canadien-antidopage-et-la-liste-des-interdictions-2021-de-lagence-mondiale-antidopage\\\/\",\"name\":\"Le Programme canadien antidopage et la liste des interdictions\u00a0de l\u2019Agence mondiale antidopage - Canadian Fencing Federation\",\"isPartOf\":{\"@id\":\"https:\\\/\\\/fencing.ca\\\/#website\"},\"datePublished\":\"2021-01-05T19:27:21+00:00\",\"dateModified\":\"2026-03-09T10:55:48+00:00\",\"breadcrumb\":{\"@id\":\"https:\\\/\\\/fencing.ca\\\/fr\\\/le-programme-canadien-antidopage-et-la-liste-des-interdictions-2021-de-lagence-mondiale-antidopage\\\/#breadcrumb\"},\"inLanguage\":\"fr-FR\",\"potentialAction\":[{\"@type\":\"ReadAction\",\"target\":[\"https:\\\/\\\/fencing.ca\\\/fr\\\/le-programme-canadien-antidopage-et-la-liste-des-interdictions-2021-de-lagence-mondiale-antidopage\\\/\"]}]},{\"@type\":\"BreadcrumbList\",\"@id\":\"https:\\\/\\\/fencing.ca\\\/fr\\\/le-programme-canadien-antidopage-et-la-liste-des-interdictions-2021-de-lagence-mondiale-antidopage\\\/#breadcrumb\",\"itemListElement\":[{\"@type\":\"ListItem\",\"position\":1,\"name\":\"Home\",\"item\":\"https:\\\/\\\/fencing.ca\\\/fr\\\/\"},{\"@type\":\"ListItem\",\"position\":2,\"name\":\"Le Programme canadien antidopage et la liste des interdictions\u00a0de l\u2019Agence mondiale antidopage\"}]},{\"@type\":\"WebSite\",\"@id\":\"https:\\\/\\\/fencing.ca\\\/#website\",\"url\":\"https:\\\/\\\/fencing.ca\\\/\",\"name\":\"Canadian Fencing Federation\",\"description\":\"Fencing Canada\",\"potentialAction\":[{\"@type\":\"SearchAction\",\"target\":{\"@type\":\"EntryPoint\",\"urlTemplate\":\"https:\\\/\\\/fencing.ca\\\/?s={search_term_string}\"},\"query-input\":{\"@type\":\"PropertyValueSpecification\",\"valueRequired\":true,\"valueName\":\"search_term_string\"}}],\"inLanguage\":\"fr-FR\"}]}<\/script>\n<!-- \/ Yoast SEO plugin. -->","yoast_head_json":{"title":"Le Programme canadien antidopage et la liste des interdictions\u00a0de l\u2019Agence mondiale antidopage - Canadian Fencing Federation","robots":{"index":"index","follow":"follow","max-snippet":"max-snippet:-1","max-image-preview":"max-image-preview:large","max-video-preview":"max-video-preview:-1"},"canonical":"https:\/\/fencing.ca\/fr\/le-programme-canadien-antidopage-et-la-liste-des-interdictions-2021-de-lagence-mondiale-antidopage\/","og_locale":"fr_FR","og_type":"article","og_title":"Le Programme canadien antidopage et la liste des interdictions\u00a0de l\u2019Agence mondiale antidopage - Canadian Fencing Federation","og_description":"Le PCA et la Liste des interdictions 2026 maintenant en vigueur Sport Int\u00e9grit\u00e9 Canada rappelle \u00e0 la communaut\u00e9 sportive canadienne que deux documents mis \u00e0 jour, soit le Programme canadien [&hellip;]","og_url":"https:\/\/fencing.ca\/fr\/le-programme-canadien-antidopage-et-la-liste-des-interdictions-2021-de-lagence-mondiale-antidopage\/","og_site_name":"Canadian Fencing Federation","article_modified_time":"2026-03-09T10:55:48+00:00","twitter_card":"summary_large_image","twitter_misc":{"Dur\u00e9e de lecture estim\u00e9e":"1 minute"},"schema":{"@context":"https:\/\/schema.org","@graph":[{"@type":"WebPage","@id":"https:\/\/fencing.ca\/fr\/le-programme-canadien-antidopage-et-la-liste-des-interdictions-2021-de-lagence-mondiale-antidopage\/","url":"https:\/\/fencing.ca\/fr\/le-programme-canadien-antidopage-et-la-liste-des-interdictions-2021-de-lagence-mondiale-antidopage\/","name":"Le Programme canadien antidopage et la liste des interdictions\u00a0de l\u2019Agence mondiale antidopage - Canadian Fencing Federation","isPartOf":{"@id":"https:\/\/fencing.ca\/#website"},"datePublished":"2021-01-05T19:27:21+00:00","dateModified":"2026-03-09T10:55:48+00:00","breadcrumb":{"@id":"https:\/\/fencing.ca\/fr\/le-programme-canadien-antidopage-et-la-liste-des-interdictions-2021-de-lagence-mondiale-antidopage\/#breadcrumb"},"inLanguage":"fr-FR","potentialAction":[{"@type":"ReadAction","target":["https:\/\/fencing.ca\/fr\/le-programme-canadien-antidopage-et-la-liste-des-interdictions-2021-de-lagence-mondiale-antidopage\/"]}]},{"@type":"BreadcrumbList","@id":"https:\/\/fencing.ca\/fr\/le-programme-canadien-antidopage-et-la-liste-des-interdictions-2021-de-lagence-mondiale-antidopage\/#breadcrumb","itemListElement":[{"@type":"ListItem","position":1,"name":"Home","item":"https:\/\/fencing.ca\/fr\/"},{"@type":"ListItem","position":2,"name":"Le Programme canadien antidopage et la liste des interdictions\u00a0de l\u2019Agence mondiale antidopage"}]},{"@type":"WebSite","@id":"https:\/\/fencing.ca\/#website","url":"https:\/\/fencing.ca\/","name":"Canadian Fencing Federation","description":"Fencing Canada","potentialAction":[{"@type":"SearchAction","target":{"@type":"EntryPoint","urlTemplate":"https:\/\/fencing.ca\/?s={search_term_string}"},"query-input":{"@type":"PropertyValueSpecification","valueRequired":true,"valueName":"search_term_string"}}],"inLanguage":"fr-FR"}]}},"_links":{"self":[{"href":"https:\/\/fencing.ca\/fr\/wp-json\/wp\/v2\/pages\/14658","targetHints":{"allow":["GET"]}}],"collection":[{"href":"https:\/\/fencing.ca\/fr\/wp-json\/wp\/v2\/pages"}],"about":[{"href":"https:\/\/fencing.ca\/fr\/wp-json\/wp\/v2\/types\/page"}],"author":[{"embeddable":true,"href":"https:\/\/fencing.ca\/fr\/wp-json\/wp\/v2\/users\/4"}],"replies":[{"embeddable":true,"href":"https:\/\/fencing.ca\/fr\/wp-json\/wp\/v2\/comments?post=14658"}],"version-history":[{"count":5,"href":"https:\/\/fencing.ca\/fr\/wp-json\/wp\/v2\/pages\/14658\/revisions"}],"predecessor-version":[{"id":46781,"href":"https:\/\/fencing.ca\/fr\/wp-json\/wp\/v2\/pages\/14658\/revisions\/46781"}],"wp:attachment":[{"href":"https:\/\/fencing.ca\/fr\/wp-json\/wp\/v2\/media?parent=14658"}],"curies":[{"name":"wp","href":"https:\/\/api.w.org\/{rel}","templated":true}]}}