{"id":14667,"date":"2021-01-06T10:48:29","date_gmt":"2021-01-06T15:48:29","guid":{"rendered":"http:\/\/fencing.ca\/?page_id=14667"},"modified":"2021-02-11T10:12:23","modified_gmt":"2021-02-11T15:12:23","slug":"conseils-pour-larmurerie","status":"publish","type":"page","link":"https:\/\/fencing.ca\/fr\/conseils-pour-larmurerie\/","title":{"rendered":"Armurerie"},"content":{"rendered":"<p><span style=\"text-decoration: underline;\"><strong>Liste des armuriers certifi\u00e9s au niveau national<\/strong><\/span><\/p>\n<p>Antoine Gouin \u2013 Armurier national senior<\/p>\n<p>Tim Stang \u2013 Armurier national senior<\/p>\n<p>Kiah Bransch \u2013 Armurier national<\/p>\n<p>Denis Martel \u2013 Armurier national senior (Retrait\u00e9)<\/p>\n<p>Frank Kis-Toth \u2013 Armurier national (Retrait\u00e9)<\/p>\n<p>&nbsp;<\/p>\n<p><span style=\"text-decoration: underline;\"><strong>Demandez \u00e0 un armurier<\/strong><\/span><\/p>\n<p>Le mat\u00e9riel d&rsquo;escrime se brise. Beaucoup. Apprenez les bases de l&rsquo;entretien, des diagnostics et des r\u00e9parations (en anglais) avec Kiah, un armurier de niveau national qui travaille au Canada et aux \u00c9tats-Unis, et faites durer votre mat\u00e9riel plus longtemps.<\/p>\n<p>Regardez sa <a href=\"https:\/\/www.youtube.com\/channel\/UCTZXwSxiwJ33PGvxeZ-kSnQ\/featured\">cha\u00eene Youtube<\/a><\/p>\n","protected":false},"excerpt":{"rendered":"<p>Liste des armuriers certifi\u00e9s au niveau national Antoine Gouin \u2013 Armurier national senior Tim Stang \u2013 Armurier national senior Kiah Bransch \u2013 Armurier national Denis Martel \u2013 Armurier national senior [&hellip;]<\/p>\n","protected":false},"author":4,"featured_media":0,"parent":0,"menu_order":0,"comment_status":"closed","ping_status":"closed","template":"","meta":{"_acf_changed":false,"footnotes":""},"class_list":["post-14667","page","type-page","status-publish","hentry"],"acf":[],"yoast_head":"<!-- This site is optimized with the Yoast SEO plugin v27.3 - https:\/\/yoast.com\/product\/yoast-seo-wordpress\/ -->\n<title>Armurerie - Canadian Fencing Federation<\/title>\n<meta name=\"robots\" content=\"index, follow, max-snippet:-1, max-image-preview:large, max-video-preview:-1\" \/>\n<link rel=\"canonical\" href=\"https:\/\/fencing.ca\/fr\/conseils-pour-larmurerie\/\" \/>\n<meta property=\"og:locale\" content=\"fr_FR\" \/>\n<meta property=\"og:type\" content=\"article\" \/>\n<meta property=\"og:title\" content=\"Armurerie - Canadian Fencing Federation\" \/>\n<meta property=\"og:description\" content=\"Liste des armuriers certifi\u00e9s au niveau national Antoine Gouin \u2013 Armurier national senior Tim Stang \u2013 Armurier national senior Kiah Bransch \u2013 Armurier national Denis Martel \u2013 Armurier national senior [&hellip;]\" \/>\n<meta property=\"og:url\" content=\"https:\/\/fencing.ca\/fr\/conseils-pour-larmurerie\/\" \/>\n<meta property=\"og:site_name\" content=\"Canadian Fencing Federation\" \/>\n<meta property=\"article:modified_time\" content=\"2021-02-11T15:12:23+00:00\" \/>\n<meta name=\"twitter:card\" content=\"summary_large_image\" \/>\n<meta name=\"twitter:label1\" content=\"Dur\u00e9e de lecture estim\u00e9e\" \/>\n\t<meta name=\"twitter:data1\" content=\"1 minute\" \/>\n<script type=\"application\/ld+json\" class=\"yoast-schema-graph\">{\"@context\":\"https:\\\/\\\/schema.org\",\"@graph\":[{\"@type\":\"WebPage\",\"@id\":\"https:\\\/\\\/fencing.ca\\\/fr\\\/conseils-pour-larmurerie\\\/\",\"url\":\"https:\\\/\\\/fencing.ca\\\/fr\\\/conseils-pour-larmurerie\\\/\",\"name\":\"Armurerie - Canadian Fencing Federation\",\"isPartOf\":{\"@id\":\"https:\\\/\\\/fencing.ca\\\/#website\"},\"datePublished\":\"2021-01-06T15:48:29+00:00\",\"dateModified\":\"2021-02-11T15:12:23+00:00\",\"breadcrumb\":{\"@id\":\"https:\\\/\\\/fencing.ca\\\/fr\\\/conseils-pour-larmurerie\\\/#breadcrumb\"},\"inLanguage\":\"fr-FR\",\"potentialAction\":[{\"@type\":\"ReadAction\",\"target\":[\"https:\\\/\\\/fencing.ca\\\/fr\\\/conseils-pour-larmurerie\\\/\"]}]},{\"@type\":\"BreadcrumbList\",\"@id\":\"https:\\\/\\\/fencing.ca\\\/fr\\\/conseils-pour-larmurerie\\\/#breadcrumb\",\"itemListElement\":[{\"@type\":\"ListItem\",\"position\":1,\"name\":\"Home\",\"item\":\"https:\\\/\\\/fencing.ca\\\/fr\\\/\"},{\"@type\":\"ListItem\",\"position\":2,\"name\":\"Armurerie\"}]},{\"@type\":\"WebSite\",\"@id\":\"https:\\\/\\\/fencing.ca\\\/#website\",\"url\":\"https:\\\/\\\/fencing.ca\\\/\",\"name\":\"Canadian Fencing Federation\",\"description\":\"Fencing Canada\",\"potentialAction\":[{\"@type\":\"SearchAction\",\"target\":{\"@type\":\"EntryPoint\",\"urlTemplate\":\"https:\\\/\\\/fencing.ca\\\/?s={search_term_string}\"},\"query-input\":{\"@type\":\"PropertyValueSpecification\",\"valueRequired\":true,\"valueName\":\"search_term_string\"}}],\"inLanguage\":\"fr-FR\"}]}<\/script>\n<!-- \/ Yoast SEO plugin. -->","yoast_head_json":{"title":"Armurerie - Canadian Fencing Federation","robots":{"index":"index","follow":"follow","max-snippet":"max-snippet:-1","max-image-preview":"max-image-preview:large","max-video-preview":"max-video-preview:-1"},"canonical":"https:\/\/fencing.ca\/fr\/conseils-pour-larmurerie\/","og_locale":"fr_FR","og_type":"article","og_title":"Armurerie - Canadian Fencing Federation","og_description":"Liste des armuriers certifi\u00e9s au niveau national Antoine Gouin \u2013 Armurier national senior Tim Stang \u2013 Armurier national senior Kiah Bransch \u2013 Armurier national Denis Martel \u2013 Armurier national senior [&hellip;]","og_url":"https:\/\/fencing.ca\/fr\/conseils-pour-larmurerie\/","og_site_name":"Canadian Fencing Federation","article_modified_time":"2021-02-11T15:12:23+00:00","twitter_card":"summary_large_image","twitter_misc":{"Dur\u00e9e de lecture estim\u00e9e":"1 minute"},"schema":{"@context":"https:\/\/schema.org","@graph":[{"@type":"WebPage","@id":"https:\/\/fencing.ca\/fr\/conseils-pour-larmurerie\/","url":"https:\/\/fencing.ca\/fr\/conseils-pour-larmurerie\/","name":"Armurerie - Canadian Fencing Federation","isPartOf":{"@id":"https:\/\/fencing.ca\/#website"},"datePublished":"2021-01-06T15:48:29+00:00","dateModified":"2021-02-11T15:12:23+00:00","breadcrumb":{"@id":"https:\/\/fencing.ca\/fr\/conseils-pour-larmurerie\/#breadcrumb"},"inLanguage":"fr-FR","potentialAction":[{"@type":"ReadAction","target":["https:\/\/fencing.ca\/fr\/conseils-pour-larmurerie\/"]}]},{"@type":"BreadcrumbList","@id":"https:\/\/fencing.ca\/fr\/conseils-pour-larmurerie\/#breadcrumb","itemListElement":[{"@type":"ListItem","position":1,"name":"Home","item":"https:\/\/fencing.ca\/fr\/"},{"@type":"ListItem","position":2,"name":"Armurerie"}]},{"@type":"WebSite","@id":"https:\/\/fencing.ca\/#website","url":"https:\/\/fencing.ca\/","name":"Canadian Fencing Federation","description":"Fencing Canada","potentialAction":[{"@type":"SearchAction","target":{"@type":"EntryPoint","urlTemplate":"https:\/\/fencing.ca\/?s={search_term_string}"},"query-input":{"@type":"PropertyValueSpecification","valueRequired":true,"valueName":"search_term_string"}}],"inLanguage":"fr-FR"}]}},"_links":{"self":[{"href":"https:\/\/fencing.ca\/fr\/wp-json\/wp\/v2\/pages\/14667","targetHints":{"allow":["GET"]}}],"collection":[{"href":"https:\/\/fencing.ca\/fr\/wp-json\/wp\/v2\/pages"}],"about":[{"href":"https:\/\/fencing.ca\/fr\/wp-json\/wp\/v2\/types\/page"}],"author":[{"embeddable":true,"href":"https:\/\/fencing.ca\/fr\/wp-json\/wp\/v2\/users\/4"}],"replies":[{"embeddable":true,"href":"https:\/\/fencing.ca\/fr\/wp-json\/wp\/v2\/comments?post=14667"}],"version-history":[{"count":5,"href":"https:\/\/fencing.ca\/fr\/wp-json\/wp\/v2\/pages\/14667\/revisions"}],"predecessor-version":[{"id":16667,"href":"https:\/\/fencing.ca\/fr\/wp-json\/wp\/v2\/pages\/14667\/revisions\/16667"}],"wp:attachment":[{"href":"https:\/\/fencing.ca\/fr\/wp-json\/wp\/v2\/media?parent=14667"}],"curies":[{"name":"wp","href":"https:\/\/api.w.org\/{rel}","templated":true}]}}