{"id":14674,"date":"2021-01-06T15:06:40","date_gmt":"2021-01-06T20:06:40","guid":{"rendered":"http:\/\/fencing.ca\/?page_id=14674"},"modified":"2025-08-25T08:37:41","modified_gmt":"2025-08-25T12:37:41","slug":"proces-verbaux-de-laga-sgm-et-etats-financiers-annuels","status":"publish","type":"page","link":"https:\/\/fencing.ca\/fr\/proces-verbaux-de-laga-sgm-et-etats-financiers-annuels\/","title":{"rendered":"Proc\u00e8s-verbaux de l&rsquo;AGA\/AGE, \u00e9tats financiers annuels &#038; budgets"},"content":{"rendered":"<h3><strong>Proc\u00e8s-verbal de l&rsquo;AGA\/AGE<\/strong><\/h3>\n<p><a href=\"https:\/\/fencing.ca\/wp-content\/uploads\/2023-AGM-Minutes-fr.pdf\">2023 proc\u00e8s-verbal de l&rsquo;AGA<\/a><\/p>\n<p><a href=\"https:\/\/fencing.ca\/wp-content\/uploads\/Proces-verbal-de-lAGA-2022.pdf\">2022 proc\u00e8s-verbal de l&rsquo;AGA<\/a><\/p>\n<p><a href=\"https:\/\/fencing.ca\/wp-content\/uploads\/Proces-verbal-de-lassemblee-generale-extraordinaire-27-fev-2022.pdf\">Proc\u00e8s-verbal de l&rsquo;assembl\u00e9e g\u00e9n\u00e9rale extraordinaire 27 f\u00e9v 2022<\/a><\/p>\n<p><a href=\"https:\/\/fencing.ca\/wp-content\/uploads\/AGM-2021-MINUTES-fr.pdf\">2021 proc\u00e8s-verbal de l&rsquo;AGA<\/a><\/p>\n<p><a href=\"https:\/\/fencing.ca\/wp-content\/uploads\/fce20114-AGA2020Minutes-FR.pdf\">2020\u00a0proc\u00e8s-verbal de l&rsquo;AGA<\/a><\/p>\n<p><a href=\"http:\/\/fencing.ca\/wp-content\/uploads\/AGM-MINUTES-2019.pdf\">2019 proc\u00e8s-verbaux de l&rsquo;AGA<\/a><\/p>\n<h3><strong><br \/>\nProc\u00e8s-verbaux des r\u00e9unions du conseil d&rsquo;administration\u00a0<\/strong><\/h3>\n<p>(en anglais uniquement, comme pr\u00e9vu dans l&rsquo;accord avec la FEQ)<\/p>\n<p><strong>2024-2025<\/strong><br \/>\n<a href=\"https:\/\/fencing.ca\/wp-content\/uploads\/BOD-Meeting-Minutes-January-26-2025-.pdf\">26 janvier, 2025<\/a><br \/>\n<a href=\"https:\/\/fencing.ca\/wp-content\/uploads\/BOD-Meeting-Minutes-November-8-2024-1.pdf\">8 novembre, 2024<\/a><br \/>\n<a href=\"https:\/\/fencing.ca\/wp-content\/uploads\/BOD-Meeting-Minutes-June-2024.pdf\">23 juin, 2024<\/a><br \/>\n<a href=\"https:\/\/fencing.ca\/wp-content\/uploads\/BOD-Meeting-Minutes-April-2024-1.pdf\">28 avril, 2024<\/a><\/p>\n<p><strong>2023-2024<\/strong><br \/>\n<a href=\"https:\/\/fencing.ca\/wp-content\/uploads\/BOD-Meeting-Minutes-January-2024.pdf\">28 janvier, 2024<\/a><br \/>\n<a href=\"https:\/\/fencing.ca\/wp-content\/uploads\/BOD-Meeting-Minutes-October-2023-1.pdf\">22 octobre, 2023<\/a><br \/>\n<a href=\"https:\/\/fencing.ca\/wp-content\/uploads\/BOD-Meeting-Minutes-July-2023.pdf\">9 juillet, 2023<\/a><br \/>\n<a href=\"https:\/\/fencing.ca\/wp-content\/uploads\/BOD-Meeting-Minutes-April-2023.pdf\">30 avril, 2023<\/a><\/p>\n<h3><strong><br \/>\n\u00c9tats financiers<\/strong><\/h3>\n<p><a href=\"https:\/\/fencing.ca\/wp-content\/uploads\/Canadian-Fencing-Federation-2025-Financial-statement.pdf\">2024-2025 \u00e9tats financiers annuels<\/a><\/p>\n<p><a href=\"https:\/\/fencing.ca\/wp-content\/uploads\/Canadian-Fencing-Federation-2024-Financial-statement.pdf\">2023-2024 \u00e9tats financiers annuels<\/a><\/p>\n<p><a href=\"https:\/\/fencing.ca\/wp-content\/uploads\/Canadian-Fencing-Federation-2023-signed.pdf\">2022-2023 \u00e9tats financiers annuels<\/a><\/p>\n<p><a href=\"https:\/\/fencing.ca\/wp-content\/uploads\/Canadian-Fencing-Federation-2022-signed-FS_kg_yb.pdf\">2021-2022 \u00e9tats financiers annuels<\/a><\/p>\n<p><a href=\"https:\/\/fencing.ca\/wp-content\/uploads\/2020-21-CFF-Audit-report_signed.pdf\">2020-2021 \u00e9tats financiers annuels<\/a><\/p>\n<p><a href=\"http:\/\/fencing.ca\/wp-content\/uploads\/CFF-2020-financial-statements-final.pdf\">2019-2020 \u00e9tats financiers annuels<\/a><\/p>\n<p>&nbsp;<\/p>\n<h3><strong>Budgets<\/strong><\/h3>\n<p><a href=\"https:\/\/fencing.ca\/wp-content\/uploads\/Budget-2025-2026-for-website.xlsx\">Budget 2025-2026<\/a><\/p>\n<p>&nbsp;<\/p>\n","protected":false},"excerpt":{"rendered":"<p>Proc\u00e8s-verbal de l&rsquo;AGA\/AGE 2023 proc\u00e8s-verbal de l&rsquo;AGA 2022 proc\u00e8s-verbal de l&rsquo;AGA Proc\u00e8s-verbal de l&rsquo;assembl\u00e9e g\u00e9n\u00e9rale extraordinaire 27 f\u00e9v 2022 2021 proc\u00e8s-verbal de l&rsquo;AGA 2020\u00a0proc\u00e8s-verbal de l&rsquo;AGA 2019 proc\u00e8s-verbaux de l&rsquo;AGA [&hellip;]<\/p>\n","protected":false},"author":1,"featured_media":0,"parent":0,"menu_order":0,"comment_status":"closed","ping_status":"closed","template":"","meta":{"_acf_changed":false,"footnotes":""},"class_list":["post-14674","page","type-page","status-publish","hentry"],"acf":[],"yoast_head":"<!-- This site is optimized with the Yoast SEO plugin v27.3 - https:\/\/yoast.com\/product\/yoast-seo-wordpress\/ -->\n<title>Proc\u00e8s-verbaux de l&#039;AGA\/AGE, \u00e9tats financiers annuels &amp; budgets - Canadian Fencing Federation<\/title>\n<meta name=\"robots\" content=\"index, follow, max-snippet:-1, max-image-preview:large, max-video-preview:-1\" \/>\n<link rel=\"canonical\" href=\"https:\/\/fencing.ca\/fr\/proces-verbaux-de-laga-sgm-et-etats-financiers-annuels\/\" \/>\n<meta property=\"og:locale\" content=\"fr_FR\" \/>\n<meta property=\"og:type\" content=\"article\" \/>\n<meta property=\"og:title\" content=\"Proc\u00e8s-verbaux de l&#039;AGA\/AGE, \u00e9tats financiers annuels &amp; budgets - Canadian Fencing Federation\" \/>\n<meta property=\"og:description\" content=\"Proc\u00e8s-verbal de l&rsquo;AGA\/AGE 2023 proc\u00e8s-verbal de l&rsquo;AGA 2022 proc\u00e8s-verbal de l&rsquo;AGA Proc\u00e8s-verbal de l&rsquo;assembl\u00e9e g\u00e9n\u00e9rale extraordinaire 27 f\u00e9v 2022 2021 proc\u00e8s-verbal de l&rsquo;AGA 2020\u00a0proc\u00e8s-verbal de l&rsquo;AGA 2019 proc\u00e8s-verbaux de l&rsquo;AGA [&hellip;]\" \/>\n<meta property=\"og:url\" content=\"https:\/\/fencing.ca\/fr\/proces-verbaux-de-laga-sgm-et-etats-financiers-annuels\/\" \/>\n<meta property=\"og:site_name\" content=\"Canadian Fencing Federation\" \/>\n<meta property=\"article:modified_time\" content=\"2025-08-25T12:37:41+00:00\" \/>\n<meta name=\"twitter:card\" content=\"summary_large_image\" \/>\n<meta name=\"twitter:label1\" content=\"Dur\u00e9e de lecture estim\u00e9e\" \/>\n\t<meta name=\"twitter:data1\" content=\"1 minute\" \/>\n<script type=\"application\/ld+json\" class=\"yoast-schema-graph\">{\"@context\":\"https:\\\/\\\/schema.org\",\"@graph\":[{\"@type\":\"WebPage\",\"@id\":\"https:\\\/\\\/fencing.ca\\\/fr\\\/proces-verbaux-de-laga-sgm-et-etats-financiers-annuels\\\/\",\"url\":\"https:\\\/\\\/fencing.ca\\\/fr\\\/proces-verbaux-de-laga-sgm-et-etats-financiers-annuels\\\/\",\"name\":\"Proc\u00e8s-verbaux de l'AGA\\\/AGE, \u00e9tats financiers annuels & budgets - Canadian Fencing Federation\",\"isPartOf\":{\"@id\":\"https:\\\/\\\/fencing.ca\\\/#website\"},\"datePublished\":\"2021-01-06T20:06:40+00:00\",\"dateModified\":\"2025-08-25T12:37:41+00:00\",\"breadcrumb\":{\"@id\":\"https:\\\/\\\/fencing.ca\\\/fr\\\/proces-verbaux-de-laga-sgm-et-etats-financiers-annuels\\\/#breadcrumb\"},\"inLanguage\":\"fr-FR\",\"potentialAction\":[{\"@type\":\"ReadAction\",\"target\":[\"https:\\\/\\\/fencing.ca\\\/fr\\\/proces-verbaux-de-laga-sgm-et-etats-financiers-annuels\\\/\"]}]},{\"@type\":\"BreadcrumbList\",\"@id\":\"https:\\\/\\\/fencing.ca\\\/fr\\\/proces-verbaux-de-laga-sgm-et-etats-financiers-annuels\\\/#breadcrumb\",\"itemListElement\":[{\"@type\":\"ListItem\",\"position\":1,\"name\":\"Home\",\"item\":\"https:\\\/\\\/fencing.ca\\\/fr\\\/\"},{\"@type\":\"ListItem\",\"position\":2,\"name\":\"Proc\u00e8s-verbaux de l&#8217;AGA\\\/AGE, \u00e9tats financiers annuels &#038; budgets\"}]},{\"@type\":\"WebSite\",\"@id\":\"https:\\\/\\\/fencing.ca\\\/#website\",\"url\":\"https:\\\/\\\/fencing.ca\\\/\",\"name\":\"Canadian Fencing Federation\",\"description\":\"Fencing Canada\",\"potentialAction\":[{\"@type\":\"SearchAction\",\"target\":{\"@type\":\"EntryPoint\",\"urlTemplate\":\"https:\\\/\\\/fencing.ca\\\/?s={search_term_string}\"},\"query-input\":{\"@type\":\"PropertyValueSpecification\",\"valueRequired\":true,\"valueName\":\"search_term_string\"}}],\"inLanguage\":\"fr-FR\"}]}<\/script>\n<!-- \/ Yoast SEO plugin. -->","yoast_head_json":{"title":"Proc\u00e8s-verbaux de l'AGA\/AGE, \u00e9tats financiers annuels & budgets - Canadian Fencing Federation","robots":{"index":"index","follow":"follow","max-snippet":"max-snippet:-1","max-image-preview":"max-image-preview:large","max-video-preview":"max-video-preview:-1"},"canonical":"https:\/\/fencing.ca\/fr\/proces-verbaux-de-laga-sgm-et-etats-financiers-annuels\/","og_locale":"fr_FR","og_type":"article","og_title":"Proc\u00e8s-verbaux de l'AGA\/AGE, \u00e9tats financiers annuels & budgets - Canadian Fencing Federation","og_description":"Proc\u00e8s-verbal de l&rsquo;AGA\/AGE 2023 proc\u00e8s-verbal de l&rsquo;AGA 2022 proc\u00e8s-verbal de l&rsquo;AGA Proc\u00e8s-verbal de l&rsquo;assembl\u00e9e g\u00e9n\u00e9rale extraordinaire 27 f\u00e9v 2022 2021 proc\u00e8s-verbal de l&rsquo;AGA 2020\u00a0proc\u00e8s-verbal de l&rsquo;AGA 2019 proc\u00e8s-verbaux de l&rsquo;AGA [&hellip;]","og_url":"https:\/\/fencing.ca\/fr\/proces-verbaux-de-laga-sgm-et-etats-financiers-annuels\/","og_site_name":"Canadian Fencing Federation","article_modified_time":"2025-08-25T12:37:41+00:00","twitter_card":"summary_large_image","twitter_misc":{"Dur\u00e9e de lecture estim\u00e9e":"1 minute"},"schema":{"@context":"https:\/\/schema.org","@graph":[{"@type":"WebPage","@id":"https:\/\/fencing.ca\/fr\/proces-verbaux-de-laga-sgm-et-etats-financiers-annuels\/","url":"https:\/\/fencing.ca\/fr\/proces-verbaux-de-laga-sgm-et-etats-financiers-annuels\/","name":"Proc\u00e8s-verbaux de l'AGA\/AGE, \u00e9tats financiers annuels & budgets - Canadian Fencing Federation","isPartOf":{"@id":"https:\/\/fencing.ca\/#website"},"datePublished":"2021-01-06T20:06:40+00:00","dateModified":"2025-08-25T12:37:41+00:00","breadcrumb":{"@id":"https:\/\/fencing.ca\/fr\/proces-verbaux-de-laga-sgm-et-etats-financiers-annuels\/#breadcrumb"},"inLanguage":"fr-FR","potentialAction":[{"@type":"ReadAction","target":["https:\/\/fencing.ca\/fr\/proces-verbaux-de-laga-sgm-et-etats-financiers-annuels\/"]}]},{"@type":"BreadcrumbList","@id":"https:\/\/fencing.ca\/fr\/proces-verbaux-de-laga-sgm-et-etats-financiers-annuels\/#breadcrumb","itemListElement":[{"@type":"ListItem","position":1,"name":"Home","item":"https:\/\/fencing.ca\/fr\/"},{"@type":"ListItem","position":2,"name":"Proc\u00e8s-verbaux de l&#8217;AGA\/AGE, \u00e9tats financiers annuels &#038; budgets"}]},{"@type":"WebSite","@id":"https:\/\/fencing.ca\/#website","url":"https:\/\/fencing.ca\/","name":"Canadian Fencing Federation","description":"Fencing Canada","potentialAction":[{"@type":"SearchAction","target":{"@type":"EntryPoint","urlTemplate":"https:\/\/fencing.ca\/?s={search_term_string}"},"query-input":{"@type":"PropertyValueSpecification","valueRequired":true,"valueName":"search_term_string"}}],"inLanguage":"fr-FR"}]}},"_links":{"self":[{"href":"https:\/\/fencing.ca\/fr\/wp-json\/wp\/v2\/pages\/14674","targetHints":{"allow":["GET"]}}],"collection":[{"href":"https:\/\/fencing.ca\/fr\/wp-json\/wp\/v2\/pages"}],"about":[{"href":"https:\/\/fencing.ca\/fr\/wp-json\/wp\/v2\/types\/page"}],"author":[{"embeddable":true,"href":"https:\/\/fencing.ca\/fr\/wp-json\/wp\/v2\/users\/1"}],"replies":[{"embeddable":true,"href":"https:\/\/fencing.ca\/fr\/wp-json\/wp\/v2\/comments?post=14674"}],"version-history":[{"count":5,"href":"https:\/\/fencing.ca\/fr\/wp-json\/wp\/v2\/pages\/14674\/revisions"}],"predecessor-version":[{"id":45222,"href":"https:\/\/fencing.ca\/fr\/wp-json\/wp\/v2\/pages\/14674\/revisions\/45222"}],"wp:attachment":[{"href":"https:\/\/fencing.ca\/fr\/wp-json\/wp\/v2\/media?parent=14674"}],"curies":[{"name":"wp","href":"https:\/\/api.w.org\/{rel}","templated":true}]}}