{"id":16651,"date":"2021-02-10T14:09:47","date_gmt":"2021-02-10T19:09:47","guid":{"rendered":"http:\/\/fencing.ca\/?page_id=16651"},"modified":"2022-02-11T13:28:50","modified_gmt":"2022-02-11T18:28:50","slug":"centres-dentrainement-de-haute-performance","status":"publish","type":"page","link":"https:\/\/fencing.ca\/fr\/centres-dentrainement-de-haute-performance\/","title":{"rendered":"Centres d&rsquo;entra\u00eenement de haute performance"},"content":{"rendered":"<p>Les clubs suivants ont \u00e9t\u00e9 d\u00e9sign\u00e9s comme centres officiels d&rsquo;entra\u00eenement de haute performance de la F\u00e9d\u00e9ration canadienne d&rsquo;escrime :<\/p>\n<p><img decoding=\"async\" class=\"alignnone wp-image-16633\" src=\"http:\/\/fencing.ca\/wp-content\/uploads\/Dynamo-Logo.png\" alt=\"\" width=\"103\" height=\"103\" \/><\/p>\n<p><a href=\"https:\/\/www.dynamofencing.com\">Dynamo Fencing Club<\/a> &#8211;\u00a0Richmond &amp; North Vancouver, BC<\/p>\n<p>&nbsp;<\/p>\n<p><a href=\"https:\/\/fencing.ca\/high-performance-training-centres\/epic-logo\/\" rel=\"attachment wp-att-29386\"><img decoding=\"async\" class=\"alignnone  wp-image-29386\" src=\"https:\/\/fencing.ca\/wp-content\/uploads\/epic-logo.jpg\" alt=\"\" width=\"220\" height=\"83\" \/><\/a><\/p>\n<p><a href=\"https:\/\/epicfencing.ca\">EPIC Fencing Club<\/a> &#8211;\u00a0Calgary, AB<\/p>\n<p>&nbsp;<\/p>\n<p><img decoding=\"async\" class=\"alignnone wp-image-16641\" src=\"http:\/\/fencing.ca\/wp-content\/uploads\/HHF.png\" alt=\"\" width=\"86\" height=\"100\" \/><\/p>\n<p><a href=\"https:\/\/www.huahuafencing.com\">Hua Hua Fencing<\/a> &#8211; Markham, ON<\/p>\n<p>&nbsp;<\/p>\n<p><img loading=\"lazy\" decoding=\"async\" class=\"alignnone wp-image-16639\" src=\"http:\/\/fencing.ca\/wp-content\/uploads\/SWP.png\" alt=\"\" width=\"133\" height=\"99\" \/><\/p>\n<p><a href=\"http:\/\/www.swordplayers.com\">Sword Players Fencing Academy<\/a> &#8211; Toronto, ON<\/p>\n<p>&nbsp;<\/p>\n<p><img loading=\"lazy\" decoding=\"async\" class=\"alignnone wp-image-16635\" src=\"http:\/\/fencing.ca\/wp-content\/uploads\/TFC-logo-e1514691822464-211x300-1.jpg\" alt=\"\" width=\"77\" height=\"109\" \/><\/p>\n<p><a href=\"https:\/\/www.torontofencing.com\">Toronto Fencing Club<\/a> &#8211; Toronto, ON<\/p>\n<p>&nbsp;<\/p>\n<p><img loading=\"lazy\" decoding=\"async\" class=\"alignnone wp-image-16643\" src=\"http:\/\/fencing.ca\/wp-content\/uploads\/1596_logo.jpg\" alt=\"\" width=\"93\" height=\"131\" \/><\/p>\n<p><a href=\"http:\/\/vangofencing.ca\">Vango Toronto Fencing Centre<\/a> &#8211; Markham, ON<\/p>\n<p>&nbsp;<\/p>\n<p><img loading=\"lazy\" decoding=\"async\" class=\"alignnone wp-image-16645\" src=\"http:\/\/fencing.ca\/wp-content\/uploads\/Ottawa-Fencing-Logo-Main_410x.png\" alt=\"\" width=\"105\" height=\"89\" \/><\/p>\n<p><a href=\"https:\/\/www.ottawafencing.ca\">Ottawa Fencing<\/a> &#8211; Ottawa, ON<\/p>\n<p>&nbsp;<\/p>\n<p><img loading=\"lazy\" decoding=\"async\" class=\"alignnone wp-image-16647\" src=\"http:\/\/fencing.ca\/wp-content\/uploads\/Brebeuf.png\" alt=\"\" width=\"96\" height=\"89\" \/><\/p>\n<p><a href=\"https:\/\/www.brebeuf.qc.ca\/secondaire\/sports-garcons\/escrime-elite\/\">Escrime Brebeuf<\/a> &#8211; Montreal, QC<\/p>\n<p>&nbsp;<\/p>\n<p><img loading=\"lazy\" decoding=\"async\" class=\"alignnone wp-image-16657\" src=\"http:\/\/fencing.ca\/wp-content\/uploads\/OM.png\" alt=\"\" width=\"129\" height=\"129\" srcset=\"https:\/\/fencing.ca\/wp-content\/uploads\/OM.png 225w, https:\/\/fencing.ca\/wp-content\/uploads\/OM-100x100.png 100w\" sizes=\"(max-width: 129px) 100vw, 129px\" \/><\/p>\n<p><a href=\"http:\/\/olympialongueuil.com\">Club describe Olympia Longueuil<\/a> &#8211; Longueuil, QC<\/p>\n","protected":false},"excerpt":{"rendered":"<p>Les clubs suivants ont \u00e9t\u00e9 d\u00e9sign\u00e9s comme centres officiels d&rsquo;entra\u00eenement de haute performance de la F\u00e9d\u00e9ration canadienne d&rsquo;escrime : Dynamo Fencing Club &#8211;\u00a0Richmond &amp; North Vancouver, BC &nbsp; EPIC Fencing [&hellip;]<\/p>\n","protected":false},"author":4,"featured_media":0,"parent":0,"menu_order":0,"comment_status":"closed","ping_status":"closed","template":"","meta":{"_acf_changed":false,"footnotes":""},"class_list":["post-16651","page","type-page","status-publish","hentry"],"acf":[],"yoast_head":"<!-- This site is optimized with the Yoast SEO plugin v27.3 - https:\/\/yoast.com\/product\/yoast-seo-wordpress\/ -->\n<title>Centres d&#039;entra\u00eenement de haute performance - Canadian Fencing Federation<\/title>\n<meta name=\"robots\" content=\"index, follow, max-snippet:-1, max-image-preview:large, max-video-preview:-1\" \/>\n<link rel=\"canonical\" href=\"https:\/\/fencing.ca\/fr\/centres-dentrainement-de-haute-performance\/\" \/>\n<meta property=\"og:locale\" content=\"fr_FR\" \/>\n<meta property=\"og:type\" content=\"article\" \/>\n<meta property=\"og:title\" content=\"Centres d&#039;entra\u00eenement de haute performance - Canadian Fencing Federation\" \/>\n<meta property=\"og:description\" content=\"Les clubs suivants ont \u00e9t\u00e9 d\u00e9sign\u00e9s comme centres officiels d&rsquo;entra\u00eenement de haute performance de la F\u00e9d\u00e9ration canadienne d&rsquo;escrime : Dynamo Fencing Club &#8211;\u00a0Richmond &amp; North Vancouver, BC &nbsp; EPIC Fencing [&hellip;]\" \/>\n<meta property=\"og:url\" content=\"https:\/\/fencing.ca\/fr\/centres-dentrainement-de-haute-performance\/\" \/>\n<meta property=\"og:site_name\" content=\"Canadian Fencing Federation\" \/>\n<meta property=\"article:modified_time\" content=\"2022-02-11T18:28:50+00:00\" \/>\n<meta property=\"og:image\" content=\"http:\/\/fencing.ca\/wp-content\/uploads\/Dynamo-Logo.png\" \/>\n<meta name=\"twitter:card\" content=\"summary_large_image\" \/>\n<meta name=\"twitter:label1\" content=\"Dur\u00e9e de lecture estim\u00e9e\" \/>\n\t<meta name=\"twitter:data1\" content=\"3 minutes\" \/>\n<script type=\"application\/ld+json\" class=\"yoast-schema-graph\">{\"@context\":\"https:\\\/\\\/schema.org\",\"@graph\":[{\"@type\":\"WebPage\",\"@id\":\"https:\\\/\\\/fencing.ca\\\/fr\\\/centres-dentrainement-de-haute-performance\\\/\",\"url\":\"https:\\\/\\\/fencing.ca\\\/fr\\\/centres-dentrainement-de-haute-performance\\\/\",\"name\":\"Centres d'entra\u00eenement de haute performance - Canadian Fencing Federation\",\"isPartOf\":{\"@id\":\"https:\\\/\\\/fencing.ca\\\/#website\"},\"primaryImageOfPage\":{\"@id\":\"https:\\\/\\\/fencing.ca\\\/fr\\\/centres-dentrainement-de-haute-performance\\\/#primaryimage\"},\"image\":{\"@id\":\"https:\\\/\\\/fencing.ca\\\/fr\\\/centres-dentrainement-de-haute-performance\\\/#primaryimage\"},\"thumbnailUrl\":\"http:\\\/\\\/fencing.ca\\\/wp-content\\\/uploads\\\/Dynamo-Logo.png\",\"datePublished\":\"2021-02-10T19:09:47+00:00\",\"dateModified\":\"2022-02-11T18:28:50+00:00\",\"breadcrumb\":{\"@id\":\"https:\\\/\\\/fencing.ca\\\/fr\\\/centres-dentrainement-de-haute-performance\\\/#breadcrumb\"},\"inLanguage\":\"fr-FR\",\"potentialAction\":[{\"@type\":\"ReadAction\",\"target\":[\"https:\\\/\\\/fencing.ca\\\/fr\\\/centres-dentrainement-de-haute-performance\\\/\"]}]},{\"@type\":\"ImageObject\",\"inLanguage\":\"fr-FR\",\"@id\":\"https:\\\/\\\/fencing.ca\\\/fr\\\/centres-dentrainement-de-haute-performance\\\/#primaryimage\",\"url\":\"http:\\\/\\\/fencing.ca\\\/wp-content\\\/uploads\\\/Dynamo-Logo.png\",\"contentUrl\":\"http:\\\/\\\/fencing.ca\\\/wp-content\\\/uploads\\\/Dynamo-Logo.png\"},{\"@type\":\"BreadcrumbList\",\"@id\":\"https:\\\/\\\/fencing.ca\\\/fr\\\/centres-dentrainement-de-haute-performance\\\/#breadcrumb\",\"itemListElement\":[{\"@type\":\"ListItem\",\"position\":1,\"name\":\"Home\",\"item\":\"https:\\\/\\\/fencing.ca\\\/fr\\\/\"},{\"@type\":\"ListItem\",\"position\":2,\"name\":\"Centres d&rsquo;entra\u00eenement de haute performance\"}]},{\"@type\":\"WebSite\",\"@id\":\"https:\\\/\\\/fencing.ca\\\/#website\",\"url\":\"https:\\\/\\\/fencing.ca\\\/\",\"name\":\"Canadian Fencing Federation\",\"description\":\"Fencing Canada\",\"potentialAction\":[{\"@type\":\"SearchAction\",\"target\":{\"@type\":\"EntryPoint\",\"urlTemplate\":\"https:\\\/\\\/fencing.ca\\\/?s={search_term_string}\"},\"query-input\":{\"@type\":\"PropertyValueSpecification\",\"valueRequired\":true,\"valueName\":\"search_term_string\"}}],\"inLanguage\":\"fr-FR\"}]}<\/script>\n<!-- \/ Yoast SEO plugin. -->","yoast_head_json":{"title":"Centres d'entra\u00eenement de haute performance - Canadian Fencing Federation","robots":{"index":"index","follow":"follow","max-snippet":"max-snippet:-1","max-image-preview":"max-image-preview:large","max-video-preview":"max-video-preview:-1"},"canonical":"https:\/\/fencing.ca\/fr\/centres-dentrainement-de-haute-performance\/","og_locale":"fr_FR","og_type":"article","og_title":"Centres d'entra\u00eenement de haute performance - Canadian Fencing Federation","og_description":"Les clubs suivants ont \u00e9t\u00e9 d\u00e9sign\u00e9s comme centres officiels d&rsquo;entra\u00eenement de haute performance de la F\u00e9d\u00e9ration canadienne d&rsquo;escrime : Dynamo Fencing Club &#8211;\u00a0Richmond &amp; North Vancouver, BC &nbsp; EPIC Fencing [&hellip;]","og_url":"https:\/\/fencing.ca\/fr\/centres-dentrainement-de-haute-performance\/","og_site_name":"Canadian Fencing Federation","article_modified_time":"2022-02-11T18:28:50+00:00","og_image":[{"url":"http:\/\/fencing.ca\/wp-content\/uploads\/Dynamo-Logo.png","type":"","width":"","height":""}],"twitter_card":"summary_large_image","twitter_misc":{"Dur\u00e9e de lecture estim\u00e9e":"3 minutes"},"schema":{"@context":"https:\/\/schema.org","@graph":[{"@type":"WebPage","@id":"https:\/\/fencing.ca\/fr\/centres-dentrainement-de-haute-performance\/","url":"https:\/\/fencing.ca\/fr\/centres-dentrainement-de-haute-performance\/","name":"Centres d'entra\u00eenement de haute performance - Canadian Fencing Federation","isPartOf":{"@id":"https:\/\/fencing.ca\/#website"},"primaryImageOfPage":{"@id":"https:\/\/fencing.ca\/fr\/centres-dentrainement-de-haute-performance\/#primaryimage"},"image":{"@id":"https:\/\/fencing.ca\/fr\/centres-dentrainement-de-haute-performance\/#primaryimage"},"thumbnailUrl":"http:\/\/fencing.ca\/wp-content\/uploads\/Dynamo-Logo.png","datePublished":"2021-02-10T19:09:47+00:00","dateModified":"2022-02-11T18:28:50+00:00","breadcrumb":{"@id":"https:\/\/fencing.ca\/fr\/centres-dentrainement-de-haute-performance\/#breadcrumb"},"inLanguage":"fr-FR","potentialAction":[{"@type":"ReadAction","target":["https:\/\/fencing.ca\/fr\/centres-dentrainement-de-haute-performance\/"]}]},{"@type":"ImageObject","inLanguage":"fr-FR","@id":"https:\/\/fencing.ca\/fr\/centres-dentrainement-de-haute-performance\/#primaryimage","url":"http:\/\/fencing.ca\/wp-content\/uploads\/Dynamo-Logo.png","contentUrl":"http:\/\/fencing.ca\/wp-content\/uploads\/Dynamo-Logo.png"},{"@type":"BreadcrumbList","@id":"https:\/\/fencing.ca\/fr\/centres-dentrainement-de-haute-performance\/#breadcrumb","itemListElement":[{"@type":"ListItem","position":1,"name":"Home","item":"https:\/\/fencing.ca\/fr\/"},{"@type":"ListItem","position":2,"name":"Centres d&rsquo;entra\u00eenement de haute performance"}]},{"@type":"WebSite","@id":"https:\/\/fencing.ca\/#website","url":"https:\/\/fencing.ca\/","name":"Canadian Fencing Federation","description":"Fencing Canada","potentialAction":[{"@type":"SearchAction","target":{"@type":"EntryPoint","urlTemplate":"https:\/\/fencing.ca\/?s={search_term_string}"},"query-input":{"@type":"PropertyValueSpecification","valueRequired":true,"valueName":"search_term_string"}}],"inLanguage":"fr-FR"}]}},"_links":{"self":[{"href":"https:\/\/fencing.ca\/fr\/wp-json\/wp\/v2\/pages\/16651","targetHints":{"allow":["GET"]}}],"collection":[{"href":"https:\/\/fencing.ca\/fr\/wp-json\/wp\/v2\/pages"}],"about":[{"href":"https:\/\/fencing.ca\/fr\/wp-json\/wp\/v2\/types\/page"}],"author":[{"embeddable":true,"href":"https:\/\/fencing.ca\/fr\/wp-json\/wp\/v2\/users\/4"}],"replies":[{"embeddable":true,"href":"https:\/\/fencing.ca\/fr\/wp-json\/wp\/v2\/comments?post=16651"}],"version-history":[{"count":3,"href":"https:\/\/fencing.ca\/fr\/wp-json\/wp\/v2\/pages\/16651\/revisions"}],"predecessor-version":[{"id":29389,"href":"https:\/\/fencing.ca\/fr\/wp-json\/wp\/v2\/pages\/16651\/revisions\/29389"}],"wp:attachment":[{"href":"https:\/\/fencing.ca\/fr\/wp-json\/wp\/v2\/media?parent=16651"}],"curies":[{"name":"wp","href":"https:\/\/api.w.org\/{rel}","templated":true}]}}