{"id":247,"date":"2012-07-09T16:22:41","date_gmt":"2016-06-27T21:41:14","guid":{"rendered":""},"modified":"2025-12-15T17:08:36","modified_gmt":"2025-12-15T22:08:36","slug":"conseil-dadministration","status":"publish","type":"page","link":"https:\/\/fencing.ca\/fr\/conseil-dadministration\/","title":{"rendered":"Conseil d&rsquo;administration"},"content":{"rendered":"<div class=\"br_cont_st_col_row board_dr clearfix\">\n<div class=\"br_cont_st_col clearfix\">\n<div class=\"br_cont_st clearfix\">\n<div class=\"img_wr\">\n<p><img fetchpriority=\"high\" decoding=\"async\" class=\"alignnone wp-image-29099\" src=\"https:\/\/fencing.ca\/wp-content\/uploads\/Yann-Bernard-2-TN.jpg\" alt=\"\" width=\"225\" height=\"300\" \/><\/p>\n<\/div>\n<div class=\"cont_wr\">\n<div class=\"cont_wr_body\">\n<h2>YANN<\/h2>\n<h2>BERNARD<\/h2>\n<p>Pr\u00e9sident<br \/>\n(2024-2026)<\/p>\n<p><a href=\"mailto:president@fencing.ca\">president@fencing.ca<\/a><\/p>\n<\/div>\n<\/div>\n<\/div>\n<\/div>\n<div class=\"br_cont_st_col clearfix\">\n<div class=\"br_cont_st clearfix\">\n<div class=\"img_wr\">\n<p><a href=\"https:\/\/fencing.ca\/fr\/conseil-dadministration\/bio-monique-kavelaars-2\/\" rel=\"attachment wp-att-43872\"><img decoding=\"async\" class=\"alignleft wp-image-43872\" src=\"https:\/\/fencing.ca\/wp-content\/uploads\/bio-monique-kavelaars-500x500.jpg\" alt=\"\" width=\"246\" height=\"246\" srcset=\"https:\/\/fencing.ca\/wp-content\/uploads\/bio-monique-kavelaars-500x500.jpg 500w, https:\/\/fencing.ca\/wp-content\/uploads\/bio-monique-kavelaars-1024x1024.jpg 1024w, https:\/\/fencing.ca\/wp-content\/uploads\/bio-monique-kavelaars-300x300.jpg 300w, https:\/\/fencing.ca\/wp-content\/uploads\/bio-monique-kavelaars-600x600.jpg 600w, https:\/\/fencing.ca\/wp-content\/uploads\/bio-monique-kavelaars-100x100.jpg 100w, https:\/\/fencing.ca\/wp-content\/uploads\/bio-monique-kavelaars.jpg 1280w\" sizes=\"(max-width: 246px) 100vw, 246px\" \/><\/a><\/p>\n<\/div>\n<div class=\"cont_wr\">\n<div class=\"cont_wr_body\">\n<h2>MONIQUE<\/h2>\n<h2>KAVELAARS<\/h2>\n<p>Vice-Pr\u00e9sident<br \/>\n(2025 \u2013 2027)<\/p>\n<\/div>\n<\/div>\n<\/div>\n<\/div>\n<div class=\"br_cont_st_col clearfix\">\n<div class=\"br_cont_st clearfix\">\n<div class=\"img_wr\">\n<h2><img decoding=\"async\" class=\"alignnone wp-image-29107\" src=\"https:\/\/fencing.ca\/wp-content\/uploads\/Peter-Yin-scaled.jpeg\" alt=\"\" width=\"226\" height=\"300\" \/><\/h2>\n<h2>PETER<\/h2>\n<h2>YIN<\/h2>\n<p>Membre du conseil d&rsquo;administration<br \/>\n(2025 \u2013 2027)<\/p>\n<\/div>\n<\/div>\n<\/div>\n<div class=\"br_cont_st_col clearfix\">\n<div class=\"br_cont_st clearfix\">\n<div class=\"img_wr\">\n<h2><img loading=\"lazy\" decoding=\"async\" class=\"alignnone wp-image-29109\" src=\"https:\/\/fencing.ca\/wp-content\/uploads\/Stephanie-Cote-1.jpeg\" alt=\"\" width=\"225\" height=\"300\" \/><\/h2>\n<h2>ST\u00c9PHANIE<\/h2>\n<h2>C\u00d4T\u00c9<\/h2>\n<p>Membre du conseil d&rsquo;administration<br \/>\n(2025 &#8211; 2027)<\/p>\n<\/div>\n<\/div>\n<\/div>\n<\/div>\n<div class=\"br_cont_st_col clearfix\">\n<div class=\"br_cont_st clearfix\">\n<div class=\"img_wr\">\n<h2><img loading=\"lazy\" decoding=\"async\" class=\"alignnone wp-image-29781\" src=\"https:\/\/fencing.ca\/wp-content\/uploads\/A-Edited-375x500.png\" alt=\"\" width=\"225\" height=\"300\" srcset=\"https:\/\/fencing.ca\/wp-content\/uploads\/A-Edited-375x500.png 375w, https:\/\/fencing.ca\/wp-content\/uploads\/A-Edited.png 450w\" sizes=\"(max-width: 225px) 100vw, 225px\" \/><\/h2>\n<h2>Alexanne Verret<\/h2>\n<p>Tr\u00e9sorier<br \/>\n(2024- 2026)<\/p>\n<\/div>\n<\/div>\n<\/div>\n<div class=\"br_cont_st_col clearfix\">\n<div class=\"br_cont_st clearfix\">\n<div class=\"img_wr\">\n<h2><img loading=\"lazy\" decoding=\"async\" class=\"alignnone wp-image-29781\" src=\"https:\/\/fencing.ca\/wp-content\/uploads\/Moore-Vountas_Steven.png\" alt=\"\" width=\"325\" height=\"454\" \/><\/h2>\n<h2>Steven Moore-Vountas<\/h2>\n<p>Membre du conseil d&rsquo;administration<br \/>\n(2024- 2026)<\/p>\n<\/div>\n<\/div>\n<\/div>\n<div class=\"br_cont_st_col clearfix\">\n<div class=\"br_cont_st clearfix\">\n<div class=\"img_wr\">\n<h2><a href=\"https:\/\/fencing.ca\/fr\/conseil-dadministration\/phil-mccully-2-2\/\" rel=\"attachment wp-att-44682\"><img loading=\"lazy\" decoding=\"async\" class=\"alignleft size-medium wp-image-44682\" src=\"https:\/\/fencing.ca\/wp-content\/uploads\/Phil-McCully-1-370x500.jpg\" alt=\"\" width=\"370\" height=\"500\" srcset=\"https:\/\/fencing.ca\/wp-content\/uploads\/Phil-McCully-1-370x500.jpg 370w, https:\/\/fencing.ca\/wp-content\/uploads\/Phil-McCully-1-600x811.jpg 600w, https:\/\/fencing.ca\/wp-content\/uploads\/Phil-McCully-1.jpg 756w\" sizes=\"(max-width: 370px) 100vw, 370px\" \/><\/a><\/h2>\n<h2>Phil McCully<\/h2>\n<p>Membre du conseil d&rsquo;administration<br \/>\n(2024- 2026)<\/p>\n<\/div>\n<p>&nbsp;<\/p>\n<\/div>\n<\/div>\n<div class=\"br_cont_st_col clearfix\">\n<div class=\"br_cont_st clearfix\">\n<div class=\"img_wr\">\n<p><a href=\"https:\/\/fencing.ca\/fr\/representante-des-athletes-de-la-fce\/kelleigh_ryan-2\/\" rel=\"attachment wp-att-27438\"><img loading=\"lazy\" decoding=\"async\" class=\"alignleft size-medium wp-image-27438\" src=\"https:\/\/fencing.ca\/wp-content\/uploads\/SHAUL_GORDON-e1633370052146.jpg.webp\" alt=\"\" width=\"400\" height=\"500\" \/><\/a><\/p>\n<h2>Shaul Gordon<\/h2>\n<p>Repr\u00e9sentante des athl\u00e8tes<\/p>\n<\/div>\n<\/div>\n<\/div>\n","protected":false},"excerpt":{"rendered":"<p>YANN BERNARD Pr\u00e9sident (2024-2026) president@fencing.ca MONIQUE KAVELAARS Vice-Pr\u00e9sident (2025 \u2013 2027) PETER YIN Membre du conseil d&rsquo;administration (2025 \u2013 2027) ST\u00c9PHANIE C\u00d4T\u00c9 Membre du conseil d&rsquo;administration (2025 &#8211; 2027) Alexanne [&hellip;]<\/p>\n","protected":false},"author":1,"featured_media":0,"parent":0,"menu_order":0,"comment_status":"closed","ping_status":"closed","template":"","meta":{"_acf_changed":false,"footnotes":""},"class_list":["post-247","page","type-page","status-publish","hentry"],"acf":[],"yoast_head":"<!-- This site is optimized with the Yoast SEO plugin v27.3 - https:\/\/yoast.com\/product\/yoast-seo-wordpress\/ -->\n<title>Conseil d&#039;administration - Canadian Fencing Federation<\/title>\n<meta name=\"robots\" content=\"index, follow, max-snippet:-1, max-image-preview:large, max-video-preview:-1\" \/>\n<link rel=\"canonical\" href=\"https:\/\/fencing.ca\/fr\/conseil-dadministration\/\" \/>\n<meta property=\"og:locale\" content=\"fr_FR\" \/>\n<meta property=\"og:type\" content=\"article\" \/>\n<meta property=\"og:title\" content=\"Conseil d&#039;administration - Canadian Fencing Federation\" \/>\n<meta property=\"og:description\" content=\"YANN BERNARD Pr\u00e9sident (2024-2026) president@fencing.ca MONIQUE KAVELAARS Vice-Pr\u00e9sident (2025 \u2013 2027) PETER YIN Membre du conseil d&rsquo;administration (2025 \u2013 2027) ST\u00c9PHANIE C\u00d4T\u00c9 Membre du conseil d&rsquo;administration (2025 &#8211; 2027) Alexanne [&hellip;]\" \/>\n<meta property=\"og:url\" content=\"https:\/\/fencing.ca\/fr\/conseil-dadministration\/\" \/>\n<meta property=\"og:site_name\" content=\"Canadian Fencing Federation\" \/>\n<meta property=\"article:modified_time\" content=\"2025-12-15T22:08:36+00:00\" \/>\n<meta property=\"og:image\" content=\"https:\/\/fencing.ca\/wp-content\/uploads\/Yann-Bernard-2-TN.jpg\" \/>\n\t<meta property=\"og:image:width\" content=\"375\" \/>\n\t<meta property=\"og:image:height\" content=\"499\" \/>\n\t<meta property=\"og:image:type\" content=\"image\/jpeg\" \/>\n<meta name=\"twitter:card\" content=\"summary_large_image\" \/>\n<meta name=\"twitter:label1\" content=\"Dur\u00e9e de lecture estim\u00e9e\" \/>\n\t<meta name=\"twitter:data1\" content=\"2 minutes\" \/>\n<script type=\"application\/ld+json\" class=\"yoast-schema-graph\">{\"@context\":\"https:\\\/\\\/schema.org\",\"@graph\":[{\"@type\":\"WebPage\",\"@id\":\"https:\\\/\\\/fencing.ca\\\/fr\\\/conseil-dadministration\\\/\",\"url\":\"https:\\\/\\\/fencing.ca\\\/fr\\\/conseil-dadministration\\\/\",\"name\":\"Conseil d'administration - Canadian Fencing Federation\",\"isPartOf\":{\"@id\":\"https:\\\/\\\/fencing.ca\\\/#website\"},\"primaryImageOfPage\":{\"@id\":\"https:\\\/\\\/fencing.ca\\\/fr\\\/conseil-dadministration\\\/#primaryimage\"},\"image\":{\"@id\":\"https:\\\/\\\/fencing.ca\\\/fr\\\/conseil-dadministration\\\/#primaryimage\"},\"thumbnailUrl\":\"https:\\\/\\\/fencing.ca\\\/wp-content\\\/uploads\\\/Yann-Bernard-2-TN.jpg\",\"datePublished\":\"2016-06-27T21:41:14+00:00\",\"dateModified\":\"2025-12-15T22:08:36+00:00\",\"breadcrumb\":{\"@id\":\"https:\\\/\\\/fencing.ca\\\/fr\\\/conseil-dadministration\\\/#breadcrumb\"},\"inLanguage\":\"fr-FR\",\"potentialAction\":[{\"@type\":\"ReadAction\",\"target\":[\"https:\\\/\\\/fencing.ca\\\/fr\\\/conseil-dadministration\\\/\"]}]},{\"@type\":\"ImageObject\",\"inLanguage\":\"fr-FR\",\"@id\":\"https:\\\/\\\/fencing.ca\\\/fr\\\/conseil-dadministration\\\/#primaryimage\",\"url\":\"https:\\\/\\\/fencing.ca\\\/wp-content\\\/uploads\\\/Yann-Bernard-2-TN.jpg\",\"contentUrl\":\"https:\\\/\\\/fencing.ca\\\/wp-content\\\/uploads\\\/Yann-Bernard-2-TN.jpg\"},{\"@type\":\"BreadcrumbList\",\"@id\":\"https:\\\/\\\/fencing.ca\\\/fr\\\/conseil-dadministration\\\/#breadcrumb\",\"itemListElement\":[{\"@type\":\"ListItem\",\"position\":1,\"name\":\"Home\",\"item\":\"https:\\\/\\\/fencing.ca\\\/fr\\\/\"},{\"@type\":\"ListItem\",\"position\":2,\"name\":\"Conseil d&#8217;administration\"}]},{\"@type\":\"WebSite\",\"@id\":\"https:\\\/\\\/fencing.ca\\\/#website\",\"url\":\"https:\\\/\\\/fencing.ca\\\/\",\"name\":\"Canadian Fencing Federation\",\"description\":\"Fencing Canada\",\"potentialAction\":[{\"@type\":\"SearchAction\",\"target\":{\"@type\":\"EntryPoint\",\"urlTemplate\":\"https:\\\/\\\/fencing.ca\\\/?s={search_term_string}\"},\"query-input\":{\"@type\":\"PropertyValueSpecification\",\"valueRequired\":true,\"valueName\":\"search_term_string\"}}],\"inLanguage\":\"fr-FR\"}]}<\/script>\n<!-- \/ Yoast SEO plugin. -->","yoast_head_json":{"title":"Conseil d'administration - Canadian Fencing Federation","robots":{"index":"index","follow":"follow","max-snippet":"max-snippet:-1","max-image-preview":"max-image-preview:large","max-video-preview":"max-video-preview:-1"},"canonical":"https:\/\/fencing.ca\/fr\/conseil-dadministration\/","og_locale":"fr_FR","og_type":"article","og_title":"Conseil d'administration - Canadian Fencing Federation","og_description":"YANN BERNARD Pr\u00e9sident (2024-2026) president@fencing.ca MONIQUE KAVELAARS Vice-Pr\u00e9sident (2025 \u2013 2027) PETER YIN Membre du conseil d&rsquo;administration (2025 \u2013 2027) ST\u00c9PHANIE C\u00d4T\u00c9 Membre du conseil d&rsquo;administration (2025 &#8211; 2027) Alexanne [&hellip;]","og_url":"https:\/\/fencing.ca\/fr\/conseil-dadministration\/","og_site_name":"Canadian Fencing Federation","article_modified_time":"2025-12-15T22:08:36+00:00","og_image":[{"width":375,"height":499,"url":"https:\/\/fencing.ca\/wp-content\/uploads\/Yann-Bernard-2-TN.jpg","type":"image\/jpeg"}],"twitter_card":"summary_large_image","twitter_misc":{"Dur\u00e9e de lecture estim\u00e9e":"2 minutes"},"schema":{"@context":"https:\/\/schema.org","@graph":[{"@type":"WebPage","@id":"https:\/\/fencing.ca\/fr\/conseil-dadministration\/","url":"https:\/\/fencing.ca\/fr\/conseil-dadministration\/","name":"Conseil d'administration - Canadian Fencing Federation","isPartOf":{"@id":"https:\/\/fencing.ca\/#website"},"primaryImageOfPage":{"@id":"https:\/\/fencing.ca\/fr\/conseil-dadministration\/#primaryimage"},"image":{"@id":"https:\/\/fencing.ca\/fr\/conseil-dadministration\/#primaryimage"},"thumbnailUrl":"https:\/\/fencing.ca\/wp-content\/uploads\/Yann-Bernard-2-TN.jpg","datePublished":"2016-06-27T21:41:14+00:00","dateModified":"2025-12-15T22:08:36+00:00","breadcrumb":{"@id":"https:\/\/fencing.ca\/fr\/conseil-dadministration\/#breadcrumb"},"inLanguage":"fr-FR","potentialAction":[{"@type":"ReadAction","target":["https:\/\/fencing.ca\/fr\/conseil-dadministration\/"]}]},{"@type":"ImageObject","inLanguage":"fr-FR","@id":"https:\/\/fencing.ca\/fr\/conseil-dadministration\/#primaryimage","url":"https:\/\/fencing.ca\/wp-content\/uploads\/Yann-Bernard-2-TN.jpg","contentUrl":"https:\/\/fencing.ca\/wp-content\/uploads\/Yann-Bernard-2-TN.jpg"},{"@type":"BreadcrumbList","@id":"https:\/\/fencing.ca\/fr\/conseil-dadministration\/#breadcrumb","itemListElement":[{"@type":"ListItem","position":1,"name":"Home","item":"https:\/\/fencing.ca\/fr\/"},{"@type":"ListItem","position":2,"name":"Conseil d&#8217;administration"}]},{"@type":"WebSite","@id":"https:\/\/fencing.ca\/#website","url":"https:\/\/fencing.ca\/","name":"Canadian Fencing Federation","description":"Fencing Canada","potentialAction":[{"@type":"SearchAction","target":{"@type":"EntryPoint","urlTemplate":"https:\/\/fencing.ca\/?s={search_term_string}"},"query-input":{"@type":"PropertyValueSpecification","valueRequired":true,"valueName":"search_term_string"}}],"inLanguage":"fr-FR"}]}},"_links":{"self":[{"href":"https:\/\/fencing.ca\/fr\/wp-json\/wp\/v2\/pages\/247","targetHints":{"allow":["GET"]}}],"collection":[{"href":"https:\/\/fencing.ca\/fr\/wp-json\/wp\/v2\/pages"}],"about":[{"href":"https:\/\/fencing.ca\/fr\/wp-json\/wp\/v2\/types\/page"}],"author":[{"embeddable":true,"href":"https:\/\/fencing.ca\/fr\/wp-json\/wp\/v2\/users\/1"}],"replies":[{"embeddable":true,"href":"https:\/\/fencing.ca\/fr\/wp-json\/wp\/v2\/comments?post=247"}],"version-history":[{"count":5,"href":"https:\/\/fencing.ca\/fr\/wp-json\/wp\/v2\/pages\/247\/revisions"}],"predecessor-version":[{"id":46117,"href":"https:\/\/fencing.ca\/fr\/wp-json\/wp\/v2\/pages\/247\/revisions\/46117"}],"wp:attachment":[{"href":"https:\/\/fencing.ca\/fr\/wp-json\/wp\/v2\/media?parent=247"}],"curies":[{"name":"wp","href":"https:\/\/api.w.org\/{rel}","templated":true}]}}