{"id":27975,"date":"2021-09-24T15:28:11","date_gmt":"2021-09-24T19:28:11","guid":{"rendered":"http:\/\/fencing.ca\/?page_id=27975"},"modified":"2026-02-13T07:05:40","modified_gmt":"2026-02-13T12:05:40","slug":"competitions-et-camps-de-haute-performance","status":"publish","type":"page","link":"https:\/\/fencing.ca\/fr\/competitions-et-camps-de-haute-performance\/","title":{"rendered":"Comp\u00e9titions et camps d&rsquo;entra\u00eenement de haute performance"},"content":{"rendered":"<p><span style=\"text-decoration: underline;\"><strong>Comp\u00e9titions et camps d&rsquo;entra\u00eenement<\/strong><\/span><\/p>\n<p><a href=\"https:\/\/fencing.ca\/fr\/womens-epee-epee-feminine\/\">epee feminin<\/a><br \/>\n<a href=\"https:\/\/fencing.ca\/fr\/competitions-de-fleuret-feminin-womens-foil-competitions\/\">fleuret feminin<\/a><br \/>\n<a href=\"https:\/\/fencing.ca\/fr\/womens-sabre-competitions-competitions-de-sabre-feminin\/\">sabre feminin<\/a><br \/>\n<a href=\"https:\/\/fencing.ca\/fr\/mens-epee-competitions-competitions-depee-masculine\/\">epee masculin<\/a><br \/>\n<a href=\"https:\/\/fencing.ca\/fr\/competitions-de-fleuret-masculin-mens-foil-competitions\/\">flueret masculin<\/a><br \/>\n<a href=\"https:\/\/fencing.ca\/fr\/mens-sabre-competitions-competitions-de-sabre-masculin\/\">sabre masculin<\/a><\/p>\n<p>&nbsp;<\/p>\n<p style=\"font-weight: 400;\"><strong><u>Exigences relatives \u00e0 l&rsquo;enregistrement des entra\u00eeneurs pour les comp\u00e9titions de la FIE<\/u><\/strong><\/p>\n<p style=\"font-weight: 400;\">La FIE a mis en place un nouveau syst\u00e8me d&rsquo;enregistrement pour toutes les comp\u00e9titions internationales. Ce syst\u00e8me permet aux entra\u00eeneurs accr\u00e9dit\u00e9s d&rsquo;acc\u00e9der \u00e0 la zone de comp\u00e9tition. Sans accr\u00e9ditation appropri\u00e9e, les entra\u00eeneurs ne seront pas autoris\u00e9s \u00e0 acc\u00e9der aux comp\u00e9titions de la FIE.<\/p>\n<p style=\"font-weight: 400;\">Pour vous assurer de votre \u00e9ligibilit\u00e9, veuillez contacter <a href=\"mailto:hpc@fencing.ca\">hpc@fencing.ca<\/a> afin de vous inscrire en tant qu&rsquo;entra\u00eeneur aupr\u00e8s de la FCE au plus tard 30 jours avant le d\u00e9but de l&rsquo;\u00e9v\u00e9nement.<\/p>\n<p style=\"font-weight: 400;\">Tous les entra\u00eeneurs doivent :<\/p>\n<ul>\n<li style=\"font-weight: 400;\">poss\u00e9der une licence FIE valide<\/li>\n<li style=\"font-weight: 400;\">poss\u00e9der une adh\u00e9sion valide en tant qu&rsquo;entra\u00eeneur aupr\u00e8s de la FCE<\/li>\n<li style=\"font-weight: 400;\">r\u00e9pondre \u00e0 toutes les exigences de la FCE en mati\u00e8re de s\u00e9curit\u00e9 dans le sport<\/li>\n<\/ul>\n","protected":false},"excerpt":{"rendered":"<p>Comp\u00e9titions et camps d&rsquo;entra\u00eenement epee feminin fleuret feminin sabre feminin epee masculin flueret masculin sabre masculin &nbsp; Exigences relatives \u00e0 l&rsquo;enregistrement des entra\u00eeneurs pour les comp\u00e9titions de la FIE La [&hellip;]<\/p>\n","protected":false},"author":4,"featured_media":0,"parent":0,"menu_order":0,"comment_status":"closed","ping_status":"closed","template":"","meta":{"_acf_changed":false,"footnotes":""},"class_list":["post-27975","page","type-page","status-publish","hentry"],"acf":[],"yoast_head":"<!-- This site is optimized with the Yoast SEO plugin v27.3 - https:\/\/yoast.com\/product\/yoast-seo-wordpress\/ -->\n<title>Comp\u00e9titions et camps d&#039;entra\u00eenement de haute performance - Canadian Fencing Federation<\/title>\n<meta name=\"robots\" content=\"index, follow, max-snippet:-1, max-image-preview:large, max-video-preview:-1\" \/>\n<link rel=\"canonical\" href=\"https:\/\/fencing.ca\/fr\/competitions-et-camps-de-haute-performance\/\" \/>\n<meta property=\"og:locale\" content=\"fr_FR\" \/>\n<meta property=\"og:type\" content=\"article\" \/>\n<meta property=\"og:title\" content=\"Comp\u00e9titions et camps d&#039;entra\u00eenement de haute performance - Canadian Fencing Federation\" \/>\n<meta property=\"og:description\" content=\"Comp\u00e9titions et camps d&rsquo;entra\u00eenement epee feminin fleuret feminin sabre feminin epee masculin flueret masculin sabre masculin &nbsp; Exigences relatives \u00e0 l&rsquo;enregistrement des entra\u00eeneurs pour les comp\u00e9titions de la FIE La [&hellip;]\" \/>\n<meta property=\"og:url\" content=\"https:\/\/fencing.ca\/fr\/competitions-et-camps-de-haute-performance\/\" \/>\n<meta property=\"og:site_name\" content=\"Canadian Fencing Federation\" \/>\n<meta property=\"article:modified_time\" content=\"2026-02-13T12:05:40+00:00\" \/>\n<meta name=\"twitter:card\" content=\"summary_large_image\" \/>\n<meta name=\"twitter:label1\" content=\"Dur\u00e9e de lecture estim\u00e9e\" \/>\n\t<meta name=\"twitter:data1\" content=\"1 minute\" \/>\n<script type=\"application\/ld+json\" class=\"yoast-schema-graph\">{\"@context\":\"https:\\\/\\\/schema.org\",\"@graph\":[{\"@type\":\"WebPage\",\"@id\":\"https:\\\/\\\/fencing.ca\\\/fr\\\/competitions-et-camps-de-haute-performance\\\/\",\"url\":\"https:\\\/\\\/fencing.ca\\\/fr\\\/competitions-et-camps-de-haute-performance\\\/\",\"name\":\"Comp\u00e9titions et camps d'entra\u00eenement de haute performance - Canadian Fencing Federation\",\"isPartOf\":{\"@id\":\"https:\\\/\\\/fencing.ca\\\/#website\"},\"datePublished\":\"2021-09-24T19:28:11+00:00\",\"dateModified\":\"2026-02-13T12:05:40+00:00\",\"breadcrumb\":{\"@id\":\"https:\\\/\\\/fencing.ca\\\/fr\\\/competitions-et-camps-de-haute-performance\\\/#breadcrumb\"},\"inLanguage\":\"fr-FR\",\"potentialAction\":[{\"@type\":\"ReadAction\",\"target\":[\"https:\\\/\\\/fencing.ca\\\/fr\\\/competitions-et-camps-de-haute-performance\\\/\"]}]},{\"@type\":\"BreadcrumbList\",\"@id\":\"https:\\\/\\\/fencing.ca\\\/fr\\\/competitions-et-camps-de-haute-performance\\\/#breadcrumb\",\"itemListElement\":[{\"@type\":\"ListItem\",\"position\":1,\"name\":\"Home\",\"item\":\"https:\\\/\\\/fencing.ca\\\/fr\\\/\"},{\"@type\":\"ListItem\",\"position\":2,\"name\":\"Comp\u00e9titions et camps d&#8217;entra\u00eenement de haute performance\"}]},{\"@type\":\"WebSite\",\"@id\":\"https:\\\/\\\/fencing.ca\\\/#website\",\"url\":\"https:\\\/\\\/fencing.ca\\\/\",\"name\":\"Canadian Fencing Federation\",\"description\":\"Fencing Canada\",\"potentialAction\":[{\"@type\":\"SearchAction\",\"target\":{\"@type\":\"EntryPoint\",\"urlTemplate\":\"https:\\\/\\\/fencing.ca\\\/?s={search_term_string}\"},\"query-input\":{\"@type\":\"PropertyValueSpecification\",\"valueRequired\":true,\"valueName\":\"search_term_string\"}}],\"inLanguage\":\"fr-FR\"}]}<\/script>\n<!-- \/ Yoast SEO plugin. -->","yoast_head_json":{"title":"Comp\u00e9titions et camps d'entra\u00eenement de haute performance - Canadian Fencing Federation","robots":{"index":"index","follow":"follow","max-snippet":"max-snippet:-1","max-image-preview":"max-image-preview:large","max-video-preview":"max-video-preview:-1"},"canonical":"https:\/\/fencing.ca\/fr\/competitions-et-camps-de-haute-performance\/","og_locale":"fr_FR","og_type":"article","og_title":"Comp\u00e9titions et camps d'entra\u00eenement de haute performance - Canadian Fencing Federation","og_description":"Comp\u00e9titions et camps d&rsquo;entra\u00eenement epee feminin fleuret feminin sabre feminin epee masculin flueret masculin sabre masculin &nbsp; Exigences relatives \u00e0 l&rsquo;enregistrement des entra\u00eeneurs pour les comp\u00e9titions de la FIE La [&hellip;]","og_url":"https:\/\/fencing.ca\/fr\/competitions-et-camps-de-haute-performance\/","og_site_name":"Canadian Fencing Federation","article_modified_time":"2026-02-13T12:05:40+00:00","twitter_card":"summary_large_image","twitter_misc":{"Dur\u00e9e de lecture estim\u00e9e":"1 minute"},"schema":{"@context":"https:\/\/schema.org","@graph":[{"@type":"WebPage","@id":"https:\/\/fencing.ca\/fr\/competitions-et-camps-de-haute-performance\/","url":"https:\/\/fencing.ca\/fr\/competitions-et-camps-de-haute-performance\/","name":"Comp\u00e9titions et camps d'entra\u00eenement de haute performance - Canadian Fencing Federation","isPartOf":{"@id":"https:\/\/fencing.ca\/#website"},"datePublished":"2021-09-24T19:28:11+00:00","dateModified":"2026-02-13T12:05:40+00:00","breadcrumb":{"@id":"https:\/\/fencing.ca\/fr\/competitions-et-camps-de-haute-performance\/#breadcrumb"},"inLanguage":"fr-FR","potentialAction":[{"@type":"ReadAction","target":["https:\/\/fencing.ca\/fr\/competitions-et-camps-de-haute-performance\/"]}]},{"@type":"BreadcrumbList","@id":"https:\/\/fencing.ca\/fr\/competitions-et-camps-de-haute-performance\/#breadcrumb","itemListElement":[{"@type":"ListItem","position":1,"name":"Home","item":"https:\/\/fencing.ca\/fr\/"},{"@type":"ListItem","position":2,"name":"Comp\u00e9titions et camps d&#8217;entra\u00eenement de haute performance"}]},{"@type":"WebSite","@id":"https:\/\/fencing.ca\/#website","url":"https:\/\/fencing.ca\/","name":"Canadian Fencing Federation","description":"Fencing Canada","potentialAction":[{"@type":"SearchAction","target":{"@type":"EntryPoint","urlTemplate":"https:\/\/fencing.ca\/?s={search_term_string}"},"query-input":{"@type":"PropertyValueSpecification","valueRequired":true,"valueName":"search_term_string"}}],"inLanguage":"fr-FR"}]}},"_links":{"self":[{"href":"https:\/\/fencing.ca\/fr\/wp-json\/wp\/v2\/pages\/27975","targetHints":{"allow":["GET"]}}],"collection":[{"href":"https:\/\/fencing.ca\/fr\/wp-json\/wp\/v2\/pages"}],"about":[{"href":"https:\/\/fencing.ca\/fr\/wp-json\/wp\/v2\/types\/page"}],"author":[{"embeddable":true,"href":"https:\/\/fencing.ca\/fr\/wp-json\/wp\/v2\/users\/4"}],"replies":[{"embeddable":true,"href":"https:\/\/fencing.ca\/fr\/wp-json\/wp\/v2\/comments?post=27975"}],"version-history":[{"count":5,"href":"https:\/\/fencing.ca\/fr\/wp-json\/wp\/v2\/pages\/27975\/revisions"}],"predecessor-version":[{"id":46534,"href":"https:\/\/fencing.ca\/fr\/wp-json\/wp\/v2\/pages\/27975\/revisions\/46534"}],"wp:attachment":[{"href":"https:\/\/fencing.ca\/fr\/wp-json\/wp\/v2\/media?parent=27975"}],"curies":[{"name":"wp","href":"https:\/\/api.w.org\/{rel}","templated":true}]}}