{"id":28043,"date":"2021-10-07T15:28:32","date_gmt":"2021-10-07T19:28:32","guid":{"rendered":"http:\/\/fencing.ca\/mens-sabre-competitions-competitions-de-sabre-masculin\/"},"modified":"2026-03-13T11:23:33","modified_gmt":"2026-03-13T15:23:33","slug":"mens-sabre-competitions-competitions-de-sabre-masculin","status":"publish","type":"page","link":"https:\/\/fencing.ca\/fr\/mens-sabre-competitions-competitions-de-sabre-masculin\/","title":{"rendered":"MEN&rsquo;S SABRE COMPETITIONS \/ COMP\u00c9TITIONS DE SABRE MASCULIN"},"content":{"rendered":"<p><b><u>Circuits cadets europ\u00e9ens (CEE)<\/u><\/b><\/p>\n<p><a href=\"https:\/\/2mev.com\/#!\/events\/cws-efc-competition-budapest-hun-competition-sfc\"><strong>EFC-CEE &#8211; G\u00f6d\u00f6ll\u0151, HUN: 8-9 novembre 2025<\/strong><\/a><\/p>\n<p>date limite: 2025-10-18<\/p>\n<p><a href=\"https:\/\/2mev.com\/#!\/events\/cws-efc-cadet-competition-eislingen-ger\"><strong>\u00a0EFC-CEE Cadet &#8211; Eislingen, GER: 6-7 d\u00e9cembre 2025<\/strong><\/a><\/p>\n<p>date limite: 2025-11-3<\/p>\n<p>&nbsp;<\/p>\n<p><span style=\"text-decoration: underline;\"><strong>Junior<\/strong><\/span><\/p>\n<p><a href=\"https:\/\/2mev.com\/#!\/events\/2025-2026-jms-grand-prix-tunis-tun\"><strong>Dormagen, GER Coupe du monde junior: 13-15 d\u00e9cembre 2025<\/strong><\/a><\/p>\n<p>date limite: 2025-11-06<\/p>\n<p><a href=\"https:\/\/2mev.com\/#!\/events\/2025-2026-jms-boston-usa\"><strong>Boston, USA Coupe du monde junior: 16-19 janvier 2026<\/strong><\/a><\/p>\n<p>date limite: 2025-12-12<\/p>\n<p><a href=\"https:\/\/2mev.com\/#!\/events\/2025-2026-jms-plovdiv-bul\"><strong>Plovdiv, BUL <\/strong><strong>Coupe du monde junior: 31 janvier &#8211; 2 f\u00e9vrier 2026<\/strong><\/a><\/p>\n<p>date limite: 2025-12-18<\/p>\n<p>&nbsp;<\/p>\n<p><span style=\"text-decoration: underline;\"><strong>Senior<\/strong><\/span><\/p>\n<p><a href=\"https:\/\/2mev.com\/#!\/events\/2025-2026-sms-algiers-algeria\"><strong>Algiers, ALG Coupe du monde senior: 7-9 novembre 2025<\/strong><\/a><\/p>\n<p>date limite: 2025-10-11<\/p>\n<p><a href=\"https:\/\/2mev.com\/#!\/events\/2025-2026-sms-grand-prix-nuoma-orleans-france\"><strong>Orleans, FRA Grand Prix Nuoma: 5-6 d\u00e9cembre 2024<\/strong><\/a><\/p>\n<p>date limite: 2025-11-30<\/p>\n<p><a href=\"https:\/\/2mev.com\/#!\/events\/2025-2026-sms-grand-prix-tunis-tun\"><strong>Tunis, TUN Grand Prix: 9-11 janvier 2026<\/strong><\/a><\/p>\n<p>date limite: 2025-12-05<\/p>\n<p><a href=\"https:\/\/2mev.com\/#!\/events\/2025-2026-sms-salt-lake-city-ut-usa\"><strong>Salt Lake City, USA Coupe du monde senior: 22 &#8211; 25 janvier 2026<\/strong><\/a><\/p>\n<p>date limite: 2025-12-18<\/p>\n<p><a href=\"https:\/\/2mev.com\/#!\/events\/2025-2026-trophee-luxardo-sms-padua-italy\"><strong>Padua, ITA <\/strong><strong>Coupe du monde Troph\u00e9e Luxardo: 17 &#8211; 19 avril 2026\u00a0<\/strong><\/a><\/p>\n<p>date limite: 2026-03-22<\/p>\n<p><a href=\"https:\/\/2mev.com\/#!\/events\/2025-2026-sms-budapest\"><strong>Budapest, HUN <\/strong><strong>Coupe du monde senior: \u00a027-29 mars 2026<\/strong><\/a><\/p>\n<p>date limite: 2026-02-20<\/p>\n<p><a href=\"https:\/\/2mev.com\/#!\/events\/2024-2025-grand-prix-sms-seoul-korea\"><strong>Incheon, KOR Grand Prix: 1-3 mai 2026<\/strong><\/a><\/p>\n<p>date limite: 2026-03-28<\/p>\n<p><a href=\"https:\/\/2mev.com\/#!\/events\/2025-2026-sms-cairo-egypt\"><strong>Cairo, EGY <\/strong><strong>Coupe du monde senior: 22-24 mai 2026<\/strong><\/a><\/p>\n<p>date limite: 2026-04-28<\/p>\n<p>&nbsp;<\/p>\n<p>&nbsp;<\/p>\n<p>&nbsp;<\/p>\n","protected":false},"excerpt":{"rendered":"<p>Circuits cadets europ\u00e9ens (CEE) EFC-CEE &#8211; G\u00f6d\u00f6ll\u0151, HUN: 8-9 novembre 2025 date limite: 2025-10-18 \u00a0EFC-CEE Cadet &#8211; Eislingen, GER: 6-7 d\u00e9cembre 2025 date limite: 2025-11-3 &nbsp; Junior Dormagen, GER Coupe [&hellip;]<\/p>\n","protected":false},"author":4,"featured_media":0,"parent":0,"menu_order":0,"comment_status":"closed","ping_status":"closed","template":"","meta":{"_acf_changed":false,"footnotes":""},"class_list":["post-28043","page","type-page","status-publish","hentry"],"acf":[],"yoast_head":"<!-- This site is optimized with the Yoast SEO plugin v27.3 - https:\/\/yoast.com\/product\/yoast-seo-wordpress\/ -->\n<title>MEN&#039;S SABRE COMPETITIONS \/ COMP\u00c9TITIONS DE SABRE MASCULIN - Canadian Fencing Federation<\/title>\n<meta name=\"robots\" content=\"index, follow, max-snippet:-1, max-image-preview:large, max-video-preview:-1\" \/>\n<link rel=\"canonical\" href=\"https:\/\/fencing.ca\/fr\/mens-sabre-competitions-competitions-de-sabre-masculin\/\" \/>\n<meta property=\"og:locale\" content=\"fr_FR\" \/>\n<meta property=\"og:type\" content=\"article\" \/>\n<meta property=\"og:title\" content=\"MEN&#039;S SABRE COMPETITIONS \/ COMP\u00c9TITIONS DE SABRE MASCULIN - Canadian Fencing Federation\" \/>\n<meta property=\"og:description\" content=\"Circuits cadets europ\u00e9ens (CEE) EFC-CEE &#8211; G\u00f6d\u00f6ll\u0151, HUN: 8-9 novembre 2025 date limite: 2025-10-18 \u00a0EFC-CEE Cadet &#8211; Eislingen, GER: 6-7 d\u00e9cembre 2025 date limite: 2025-11-3 &nbsp; Junior Dormagen, GER Coupe [&hellip;]\" \/>\n<meta property=\"og:url\" content=\"https:\/\/fencing.ca\/fr\/mens-sabre-competitions-competitions-de-sabre-masculin\/\" \/>\n<meta property=\"og:site_name\" content=\"Canadian Fencing Federation\" \/>\n<meta property=\"article:modified_time\" content=\"2026-03-13T15:23:33+00:00\" \/>\n<meta name=\"twitter:card\" content=\"summary_large_image\" \/>\n<meta name=\"twitter:label1\" content=\"Dur\u00e9e de lecture estim\u00e9e\" \/>\n\t<meta name=\"twitter:data1\" content=\"1 minute\" \/>\n<script type=\"application\/ld+json\" class=\"yoast-schema-graph\">{\"@context\":\"https:\\\/\\\/schema.org\",\"@graph\":[{\"@type\":\"WebPage\",\"@id\":\"https:\\\/\\\/fencing.ca\\\/fr\\\/mens-sabre-competitions-competitions-de-sabre-masculin\\\/\",\"url\":\"https:\\\/\\\/fencing.ca\\\/fr\\\/mens-sabre-competitions-competitions-de-sabre-masculin\\\/\",\"name\":\"MEN'S SABRE COMPETITIONS \\\/ COMP\u00c9TITIONS DE SABRE MASCULIN - Canadian Fencing Federation\",\"isPartOf\":{\"@id\":\"https:\\\/\\\/fencing.ca\\\/#website\"},\"datePublished\":\"2021-10-07T19:28:32+00:00\",\"dateModified\":\"2026-03-13T15:23:33+00:00\",\"breadcrumb\":{\"@id\":\"https:\\\/\\\/fencing.ca\\\/fr\\\/mens-sabre-competitions-competitions-de-sabre-masculin\\\/#breadcrumb\"},\"inLanguage\":\"fr-FR\",\"potentialAction\":[{\"@type\":\"ReadAction\",\"target\":[\"https:\\\/\\\/fencing.ca\\\/fr\\\/mens-sabre-competitions-competitions-de-sabre-masculin\\\/\"]}]},{\"@type\":\"BreadcrumbList\",\"@id\":\"https:\\\/\\\/fencing.ca\\\/fr\\\/mens-sabre-competitions-competitions-de-sabre-masculin\\\/#breadcrumb\",\"itemListElement\":[{\"@type\":\"ListItem\",\"position\":1,\"name\":\"Home\",\"item\":\"https:\\\/\\\/fencing.ca\\\/fr\\\/\"},{\"@type\":\"ListItem\",\"position\":2,\"name\":\"MEN&#8217;S SABRE COMPETITIONS \\\/ COMP\u00c9TITIONS DE SABRE MASCULIN\"}]},{\"@type\":\"WebSite\",\"@id\":\"https:\\\/\\\/fencing.ca\\\/#website\",\"url\":\"https:\\\/\\\/fencing.ca\\\/\",\"name\":\"Canadian Fencing Federation\",\"description\":\"Fencing Canada\",\"potentialAction\":[{\"@type\":\"SearchAction\",\"target\":{\"@type\":\"EntryPoint\",\"urlTemplate\":\"https:\\\/\\\/fencing.ca\\\/?s={search_term_string}\"},\"query-input\":{\"@type\":\"PropertyValueSpecification\",\"valueRequired\":true,\"valueName\":\"search_term_string\"}}],\"inLanguage\":\"fr-FR\"}]}<\/script>\n<!-- \/ Yoast SEO plugin. -->","yoast_head_json":{"title":"MEN'S SABRE COMPETITIONS \/ COMP\u00c9TITIONS DE SABRE MASCULIN - Canadian Fencing Federation","robots":{"index":"index","follow":"follow","max-snippet":"max-snippet:-1","max-image-preview":"max-image-preview:large","max-video-preview":"max-video-preview:-1"},"canonical":"https:\/\/fencing.ca\/fr\/mens-sabre-competitions-competitions-de-sabre-masculin\/","og_locale":"fr_FR","og_type":"article","og_title":"MEN'S SABRE COMPETITIONS \/ COMP\u00c9TITIONS DE SABRE MASCULIN - Canadian Fencing Federation","og_description":"Circuits cadets europ\u00e9ens (CEE) EFC-CEE &#8211; G\u00f6d\u00f6ll\u0151, HUN: 8-9 novembre 2025 date limite: 2025-10-18 \u00a0EFC-CEE Cadet &#8211; Eislingen, GER: 6-7 d\u00e9cembre 2025 date limite: 2025-11-3 &nbsp; Junior Dormagen, GER Coupe [&hellip;]","og_url":"https:\/\/fencing.ca\/fr\/mens-sabre-competitions-competitions-de-sabre-masculin\/","og_site_name":"Canadian Fencing Federation","article_modified_time":"2026-03-13T15:23:33+00:00","twitter_card":"summary_large_image","twitter_misc":{"Dur\u00e9e de lecture estim\u00e9e":"1 minute"},"schema":{"@context":"https:\/\/schema.org","@graph":[{"@type":"WebPage","@id":"https:\/\/fencing.ca\/fr\/mens-sabre-competitions-competitions-de-sabre-masculin\/","url":"https:\/\/fencing.ca\/fr\/mens-sabre-competitions-competitions-de-sabre-masculin\/","name":"MEN'S SABRE COMPETITIONS \/ COMP\u00c9TITIONS DE SABRE MASCULIN - Canadian Fencing Federation","isPartOf":{"@id":"https:\/\/fencing.ca\/#website"},"datePublished":"2021-10-07T19:28:32+00:00","dateModified":"2026-03-13T15:23:33+00:00","breadcrumb":{"@id":"https:\/\/fencing.ca\/fr\/mens-sabre-competitions-competitions-de-sabre-masculin\/#breadcrumb"},"inLanguage":"fr-FR","potentialAction":[{"@type":"ReadAction","target":["https:\/\/fencing.ca\/fr\/mens-sabre-competitions-competitions-de-sabre-masculin\/"]}]},{"@type":"BreadcrumbList","@id":"https:\/\/fencing.ca\/fr\/mens-sabre-competitions-competitions-de-sabre-masculin\/#breadcrumb","itemListElement":[{"@type":"ListItem","position":1,"name":"Home","item":"https:\/\/fencing.ca\/fr\/"},{"@type":"ListItem","position":2,"name":"MEN&#8217;S SABRE COMPETITIONS \/ COMP\u00c9TITIONS DE SABRE MASCULIN"}]},{"@type":"WebSite","@id":"https:\/\/fencing.ca\/#website","url":"https:\/\/fencing.ca\/","name":"Canadian Fencing Federation","description":"Fencing Canada","potentialAction":[{"@type":"SearchAction","target":{"@type":"EntryPoint","urlTemplate":"https:\/\/fencing.ca\/?s={search_term_string}"},"query-input":{"@type":"PropertyValueSpecification","valueRequired":true,"valueName":"search_term_string"}}],"inLanguage":"fr-FR"}]}},"_links":{"self":[{"href":"https:\/\/fencing.ca\/fr\/wp-json\/wp\/v2\/pages\/28043","targetHints":{"allow":["GET"]}}],"collection":[{"href":"https:\/\/fencing.ca\/fr\/wp-json\/wp\/v2\/pages"}],"about":[{"href":"https:\/\/fencing.ca\/fr\/wp-json\/wp\/v2\/types\/page"}],"author":[{"embeddable":true,"href":"https:\/\/fencing.ca\/fr\/wp-json\/wp\/v2\/users\/4"}],"replies":[{"embeddable":true,"href":"https:\/\/fencing.ca\/fr\/wp-json\/wp\/v2\/comments?post=28043"}],"version-history":[{"count":5,"href":"https:\/\/fencing.ca\/fr\/wp-json\/wp\/v2\/pages\/28043\/revisions"}],"predecessor-version":[{"id":46828,"href":"https:\/\/fencing.ca\/fr\/wp-json\/wp\/v2\/pages\/28043\/revisions\/46828"}],"wp:attachment":[{"href":"https:\/\/fencing.ca\/fr\/wp-json\/wp\/v2\/media?parent=28043"}],"curies":[{"name":"wp","href":"https:\/\/api.w.org\/{rel}","templated":true}]}}