{"id":285,"date":"2012-08-13T13:37:41","date_gmt":"2016-06-27T21:41:14","guid":{"rendered":""},"modified":"2025-06-11T15:44:25","modified_gmt":"2025-06-11T19:44:25","slug":"documents-principaux","status":"publish","type":"page","link":"https:\/\/fencing.ca\/fr\/documents-principaux\/","title":{"rendered":"Documents Principaux"},"content":{"rendered":"<ul>\n<li><a href=\"https:\/\/fencing.ca\/wp-content\/uploads\/Plan-operationnel-2024-25-.pdf\">Plan operationnel 2024-25<\/a><\/li>\n<li><a href=\"https:\/\/fencing.ca\/wp-content\/uploads\/2024-2028-PLAN-STRATEGIQUE-2.pdf\">2024-2028 Plan strat\u00e9gique<\/a><\/li>\n<li><a href=\"https:\/\/fencing.ca\/wp-content\/uploads\/fce-reglement-administratif-18-avril-2025.docx\">F\u00e9d\u00e9ration canadienne d&rsquo;escrime &#8211; R\u00e8glement administratif<\/a> &#8211; Approuv\u00e9s le 13 avril 2025<\/li>\n<\/ul>\n","protected":false},"excerpt":{"rendered":"<p>Plan operationnel 2024-25 2024-2028 Plan strat\u00e9gique F\u00e9d\u00e9ration canadienne d&rsquo;escrime &#8211; R\u00e8glement administratif &#8211; Approuv\u00e9s le 13 avril 2025<\/p>\n","protected":false},"author":1,"featured_media":0,"parent":0,"menu_order":0,"comment_status":"closed","ping_status":"closed","template":"","meta":{"_acf_changed":false,"footnotes":""},"class_list":["post-285","page","type-page","status-publish","hentry"],"acf":[],"yoast_head":"<!-- This site is optimized with the Yoast SEO plugin v27.3 - https:\/\/yoast.com\/product\/yoast-seo-wordpress\/ -->\n<title>Documents Principaux - Canadian Fencing Federation<\/title>\n<meta name=\"robots\" content=\"index, follow, max-snippet:-1, max-image-preview:large, max-video-preview:-1\" \/>\n<link rel=\"canonical\" href=\"https:\/\/fencing.ca\/fr\/documents-principaux\/\" \/>\n<meta property=\"og:locale\" content=\"fr_FR\" \/>\n<meta property=\"og:type\" content=\"article\" \/>\n<meta property=\"og:title\" content=\"Documents Principaux - Canadian Fencing Federation\" \/>\n<meta property=\"og:description\" content=\"Plan operationnel 2024-25 2024-2028 Plan strat\u00e9gique F\u00e9d\u00e9ration canadienne d&rsquo;escrime &#8211; R\u00e8glement administratif &#8211; Approuv\u00e9s le 13 avril 2025\" \/>\n<meta property=\"og:url\" content=\"https:\/\/fencing.ca\/fr\/documents-principaux\/\" \/>\n<meta property=\"og:site_name\" content=\"Canadian Fencing Federation\" \/>\n<meta property=\"article:modified_time\" content=\"2025-06-11T19:44:25+00:00\" \/>\n<meta name=\"twitter:card\" content=\"summary_large_image\" \/>\n<meta name=\"twitter:label1\" content=\"Dur\u00e9e de lecture estim\u00e9e\" \/>\n\t<meta name=\"twitter:data1\" content=\"1 minute\" \/>\n<script type=\"application\/ld+json\" class=\"yoast-schema-graph\">{\"@context\":\"https:\\\/\\\/schema.org\",\"@graph\":[{\"@type\":\"WebPage\",\"@id\":\"https:\\\/\\\/fencing.ca\\\/fr\\\/documents-principaux\\\/\",\"url\":\"https:\\\/\\\/fencing.ca\\\/fr\\\/documents-principaux\\\/\",\"name\":\"Documents Principaux - Canadian Fencing Federation\",\"isPartOf\":{\"@id\":\"https:\\\/\\\/fencing.ca\\\/#website\"},\"datePublished\":\"2016-06-27T21:41:14+00:00\",\"dateModified\":\"2025-06-11T19:44:25+00:00\",\"breadcrumb\":{\"@id\":\"https:\\\/\\\/fencing.ca\\\/fr\\\/documents-principaux\\\/#breadcrumb\"},\"inLanguage\":\"fr-FR\",\"potentialAction\":[{\"@type\":\"ReadAction\",\"target\":[\"https:\\\/\\\/fencing.ca\\\/fr\\\/documents-principaux\\\/\"]}]},{\"@type\":\"BreadcrumbList\",\"@id\":\"https:\\\/\\\/fencing.ca\\\/fr\\\/documents-principaux\\\/#breadcrumb\",\"itemListElement\":[{\"@type\":\"ListItem\",\"position\":1,\"name\":\"Home\",\"item\":\"https:\\\/\\\/fencing.ca\\\/fr\\\/\"},{\"@type\":\"ListItem\",\"position\":2,\"name\":\"Documents Principaux\"}]},{\"@type\":\"WebSite\",\"@id\":\"https:\\\/\\\/fencing.ca\\\/#website\",\"url\":\"https:\\\/\\\/fencing.ca\\\/\",\"name\":\"Canadian Fencing Federation\",\"description\":\"Fencing Canada\",\"potentialAction\":[{\"@type\":\"SearchAction\",\"target\":{\"@type\":\"EntryPoint\",\"urlTemplate\":\"https:\\\/\\\/fencing.ca\\\/?s={search_term_string}\"},\"query-input\":{\"@type\":\"PropertyValueSpecification\",\"valueRequired\":true,\"valueName\":\"search_term_string\"}}],\"inLanguage\":\"fr-FR\"}]}<\/script>\n<!-- \/ Yoast SEO plugin. -->","yoast_head_json":{"title":"Documents Principaux - Canadian Fencing Federation","robots":{"index":"index","follow":"follow","max-snippet":"max-snippet:-1","max-image-preview":"max-image-preview:large","max-video-preview":"max-video-preview:-1"},"canonical":"https:\/\/fencing.ca\/fr\/documents-principaux\/","og_locale":"fr_FR","og_type":"article","og_title":"Documents Principaux - Canadian Fencing Federation","og_description":"Plan operationnel 2024-25 2024-2028 Plan strat\u00e9gique F\u00e9d\u00e9ration canadienne d&rsquo;escrime &#8211; R\u00e8glement administratif &#8211; Approuv\u00e9s le 13 avril 2025","og_url":"https:\/\/fencing.ca\/fr\/documents-principaux\/","og_site_name":"Canadian Fencing Federation","article_modified_time":"2025-06-11T19:44:25+00:00","twitter_card":"summary_large_image","twitter_misc":{"Dur\u00e9e de lecture estim\u00e9e":"1 minute"},"schema":{"@context":"https:\/\/schema.org","@graph":[{"@type":"WebPage","@id":"https:\/\/fencing.ca\/fr\/documents-principaux\/","url":"https:\/\/fencing.ca\/fr\/documents-principaux\/","name":"Documents Principaux - Canadian Fencing Federation","isPartOf":{"@id":"https:\/\/fencing.ca\/#website"},"datePublished":"2016-06-27T21:41:14+00:00","dateModified":"2025-06-11T19:44:25+00:00","breadcrumb":{"@id":"https:\/\/fencing.ca\/fr\/documents-principaux\/#breadcrumb"},"inLanguage":"fr-FR","potentialAction":[{"@type":"ReadAction","target":["https:\/\/fencing.ca\/fr\/documents-principaux\/"]}]},{"@type":"BreadcrumbList","@id":"https:\/\/fencing.ca\/fr\/documents-principaux\/#breadcrumb","itemListElement":[{"@type":"ListItem","position":1,"name":"Home","item":"https:\/\/fencing.ca\/fr\/"},{"@type":"ListItem","position":2,"name":"Documents Principaux"}]},{"@type":"WebSite","@id":"https:\/\/fencing.ca\/#website","url":"https:\/\/fencing.ca\/","name":"Canadian Fencing Federation","description":"Fencing Canada","potentialAction":[{"@type":"SearchAction","target":{"@type":"EntryPoint","urlTemplate":"https:\/\/fencing.ca\/?s={search_term_string}"},"query-input":{"@type":"PropertyValueSpecification","valueRequired":true,"valueName":"search_term_string"}}],"inLanguage":"fr-FR"}]}},"_links":{"self":[{"href":"https:\/\/fencing.ca\/fr\/wp-json\/wp\/v2\/pages\/285","targetHints":{"allow":["GET"]}}],"collection":[{"href":"https:\/\/fencing.ca\/fr\/wp-json\/wp\/v2\/pages"}],"about":[{"href":"https:\/\/fencing.ca\/fr\/wp-json\/wp\/v2\/types\/page"}],"author":[{"embeddable":true,"href":"https:\/\/fencing.ca\/fr\/wp-json\/wp\/v2\/users\/1"}],"replies":[{"embeddable":true,"href":"https:\/\/fencing.ca\/fr\/wp-json\/wp\/v2\/comments?post=285"}],"version-history":[{"count":5,"href":"https:\/\/fencing.ca\/fr\/wp-json\/wp\/v2\/pages\/285\/revisions"}],"predecessor-version":[{"id":45050,"href":"https:\/\/fencing.ca\/fr\/wp-json\/wp\/v2\/pages\/285\/revisions\/45050"}],"wp:attachment":[{"href":"https:\/\/fencing.ca\/fr\/wp-json\/wp\/v2\/media?parent=285"}],"curies":[{"name":"wp","href":"https:\/\/api.w.org\/{rel}","templated":true}]}}