{"id":291,"date":"2012-08-27T11:29:47","date_gmt":"2016-06-27T21:41:14","guid":{"rendered":""},"modified":"2026-05-11T20:46:34","modified_gmt":"2026-05-12T00:46:34","slug":"les-classements-de-selection-du-php","status":"publish","type":"page","link":"https:\/\/fencing.ca\/fr\/les-classements-de-selection-du-php\/","title":{"rendered":"Les classements de s\u00e9lection du PHP"},"content":{"rendered":"<p>&nbsp;<\/p>\n<table style=\"height: 447px;\" width=\"815\">\n<tbody>\n<tr>\n<td width=\"221\"><span style=\"color: #993300;\"><strong>2025-2026 PHP Classements de s\u00e9lection\u00a0<\/strong><\/span><\/p>\n<p><strong>&#8211; Cadet<\/strong><\/p>\n<ul>\n<li><a href=\"https:\/\/fencing.ca\/wp-content\/uploads\/Cadet_MS_Feb_21_2026-1.pdf\">Sabre masculin<\/a><\/li>\n<li><a href=\"https:\/\/fencing.ca\/wp-content\/uploads\/CadetWS_Feb_20_2026_Rankings.pdf\">Sabre f\u00e9minin<\/a><\/li>\n<li><a href=\"https:\/\/fencing.ca\/wp-content\/uploads\/CadetMF_Feb_21_2026_Rankings.pdf\">Fleuret masculin<\/a><\/li>\n<li><a href=\"https:\/\/fencing.ca\/wp-content\/uploads\/SeniorWF_May_4_2026_Rankings.pdf\">Fleuret f\u00e9minin<\/a><\/li>\n<li><a href=\"https:\/\/fencing.ca\/wp-content\/uploads\/CadetME_FEB_21_2026_Rankings.pdf\">\u00c9p\u00e9e masculin<\/a><\/li>\n<li><a href=\"https:\/\/fencing.ca\/wp-content\/uploads\/CadetWE_Feb24_2026_Rankings.pdf\">\u00c9p\u00e9e f\u00e9minine<\/a><\/li>\n<\/ul>\n<p><strong>&#8211; Junior<\/strong><\/p>\n<ul>\n<li><a href=\"https:\/\/fencing.ca\/wp-content\/uploads\/JuniorMS_Feb_20_2026_Ranking.pdf\">Sabre masculin<\/a><\/li>\n<li><a href=\"https:\/\/fencing.ca\/wp-content\/uploads\/JuniorWS_Feb_21_2026_Rankings.pdf\">Sabre f\u00e9minin<\/a><\/li>\n<li><a href=\"https:\/\/fencing.ca\/wp-content\/uploads\/JuniorMF_Feb_21_2026_Rankings.pdf\">Fleuret masculin<\/a><\/li>\n<li><a href=\"https:\/\/fencing.ca\/wp-content\/uploads\/Junior_WF_Feb_20_2026_Rankings.pdf\">Fleuret f\u00e9minin<\/a><\/li>\n<li><a href=\"https:\/\/fencing.ca\/wp-content\/uploads\/JuniorME_Feb_21_2026_Rankings.pdf\">\u00c9p\u00e9e masculin<\/a><\/li>\n<li><a href=\"https:\/\/fencing.ca\/wp-content\/uploads\/Junior_WE_FEB_21_2026_Rankings-1.pdf\">\u00c9p\u00e9e f\u00e9minine<\/a><\/li>\n<\/ul>\n<p><strong>&#8211; Senior<\/strong><\/p>\n<ul>\n<li><a href=\"https:\/\/fencing.ca\/wp-content\/uploads\/SeniorMS_May_4_2026_Rankings.pdf\">Sabre masculin<\/a><\/li>\n<li><a href=\"https:\/\/fencing.ca\/wp-content\/uploads\/SeniorWS_May_4_2026_Rankings.pdf\">Sabre f\u00e9minin<\/a><\/li>\n<li><a href=\"https:\/\/fencing.ca\/wp-content\/uploads\/SeniorMF_May_4_2026_Rankings-1.pdf\">Fleuret masculin<\/a><\/li>\n<li><a href=\"https:\/\/fencing.ca\/wp-content\/uploads\/SeniorWF_May_4_2026_Rankings.pdf\">Fleuret f\u00e9minin<\/a><\/li>\n<li><a href=\"https:\/\/fencing.ca\/wp-content\/uploads\/SeniorME_May_10_2026_Rankings.pdf\">\u00c9p\u00e9e masculine<\/a><\/li>\n<li><a href=\"https:\/\/fencing.ca\/wp-content\/uploads\/SeniorWE_May_10_2026_Rankings.pdf\">\u00c9p\u00e9e f\u00e9minine<\/a><\/li>\n<\/ul>\n<p>&nbsp;<\/p>\n<p>&nbsp;<\/p>\n<p><strong>2024-2025<\/strong><\/p>\n<p><a href=\"https:\/\/fencing.ca\/wp-content\/uploads\/HPSC_CRITERIA_2.3ALL_UPDATED_MAY_25_2025_-HPP-Senior-Selection-Rankings-1.xlsx\">2025 PHP Classements de s\u00e9lection &#8211; Senior (finale)<\/a><\/p>\n<p><a href=\"https:\/\/fencing.ca\/wp-content\/uploads\/Safesport_UPDATED_9_MAY_2024-2025-Junior-HP-Rankings-.xlsx\">2025 PHP Classements de s\u00e9lection &#8211; Junior (finale)<\/a><\/p>\n<p><a href=\"https:\/\/fencing.ca\/wp-content\/uploads\/Safesport_UPDATED_9_MAY_2024-2025-Cadet-HP-Program-Selection-Rankings.xlsx\">2025 PHP Classements de s\u00e9lection &#8211; Cadet (finale)<\/a><\/p>\n<p><strong>2023-2024<\/strong><\/p>\n<p><a href=\"https:\/\/fencing.ca\/wp-content\/uploads\/FINAL-2023-2024_Senior_Selection_Results.xlsx\">2024 PHP Classements de s\u00e9lection &#8211; Senior (finale)<\/a><\/p>\n<p><a href=\"https:\/\/fencing.ca\/wp-content\/uploads\/Olympic-Team-Selection-Rankings-April-2024.xlsx\">Classement de la s\u00e9lection de l&rsquo;\u00e9quipe olympique 2024 (11 avr)<\/a><\/p>\n<p><a href=\"https:\/\/fencing.ca\/wp-content\/uploads\/2024-PanAm-Championships-Selection-Rankings.xlsx\">Classement des s\u00e9lections pour les championnats panam\u00e9ricains de 2024 (12 mars)<\/a><\/p>\n<p><a href=\"https:\/\/fencing.ca\/wp-content\/uploads\/FINAL_2023-2024-Junior-HP-Rankings.xlsx\">2024 PHP Classements de s\u00e9lection &#8211; Junior (finale)<\/a><\/p>\n<p><a href=\"https:\/\/fencing.ca\/wp-content\/uploads\/FINAL_2023-2024-Cadet-HP-Rankings.xlsx\">2024 PHP Classements de s\u00e9lection &#8211; Cadet (finale)<\/a><\/p>\n<p><strong>2022-2023<\/strong><\/p>\n<p><a href=\"https:\/\/fencing.ca\/wp-content\/uploads\/2022-2023-HPP-Senior-Selection-Rankings.xlsx\">2023 PHP Classements de s\u00e9lection &#8211; Senior<\/a><\/p>\n<p><a href=\"https:\/\/fencing.ca\/wp-content\/uploads\/2022-2023-Junior-Selection-Rankings.xlsx\">2023 PHP Classements de s\u00e9lection &#8211; Junior<\/a><\/p>\n<p><a href=\"https:\/\/fencing.ca\/wp-content\/uploads\/2022-2023-Cadet-Selection-Rankings.xlsx\">2023 PHP Classements de s\u00e9lection &#8211; Cadet<\/a><\/p>\n<p><strong>2021-2022<\/strong><\/p>\n<p><a href=\"https:\/\/docs.google.com\/spreadsheets\/d\/1_KdZYndrqxjVQkaTjIjzV5XIqfuzXJJM\/edit#gid=870821094\">2022 PHP Classements de s\u00e9lection &#8211; Senior<\/a><\/p>\n<p><a href=\"https:\/\/docs.google.com\/spreadsheets\/d\/e\/2PACX-1vR8I5PaZMoQXiAXZe4C4UcEagHUilsr9OXm3RVkQfXi3fTcWAI4NuZRnACWM8bfvw\/pubhtml\">2022 PHP Classements de s\u00e9lection &#8211; Junior<\/a><\/p>\n<p><a href=\"https:\/\/docs.google.com\/spreadsheets\/d\/e\/2PACX-1vTTtDBX_mQ7SjA-sxXCvBvmwCOhpnZPLuC9CNsLzIWctN6zonblfqF_iEvOJL9nsA\/pubhtml\">2022 PHP Classements de s\u00e9lection &#8211; Cadet<\/a><\/p>\n<p><strong>2020-2021<\/strong><\/p>\n<p><a href=\"https:\/\/docs.google.com\/spreadsheets\/d\/e\/2PACX-1vTyLrPAvFu84ifHlzW01YVhDOIlJzf6nra0m3uHE1mcOxqK7hNRIyT0sF-x-84dCg\/pubhtml\">2021 PHP Classements de s\u00e9lection &#8211; Senior<\/a><br \/>\n<a href=\"https:\/\/docs.google.com\/spreadsheets\/d\/e\/2PACX-1vRamP6CMbgJ9kUsNTN43Yh1kmwwhiGnqktyFnMKE45SIbg8gNfnkUbfdlWtcfrOvA\/pubhtml\">2021 PHP Classements de s\u00e9lection &#8211; Junior<\/a><br \/>\n<a href=\"https:\/\/docs.google.com\/spreadsheets\/d\/e\/2PACX-1vR90gekAJL-c_01AsTf2CdYgOyzzdfFYK1Gwe8wsYNdWajJiYYQnpAfxxPy9ZWCLg\/pubhtml\">2021 PHP Classements de s\u00e9lection &#8211; Cadet<\/a><\/p>\n<p><strong>2019<\/strong><br \/>\n<a href=\"https:\/\/drive.google.com\/file\/d\/1WRL5qr41F48_nWvzyAFJqGu5RK2QtPkD\/view?usp=sharing\">2019 PHP Classements de s\u00e9lection &#8211; Senior<\/a><br \/>\n<a href=\"https:\/\/drive.google.com\/file\/d\/1FVUgFIcHxq2I5WY_92uudAxXmhEufSaS\/view?usp=sharing\">2019 PHP Classements de s\u00e9lection &#8211; Junior<\/a><br \/>\n<a href=\"https:\/\/drive.google.com\/file\/d\/1V7zVaHbQfPTwUsKtGYzL7DPJIRkyJwk9\/view\">2019 PHP Classements de s\u00e9lection &#8211; Cadet<\/a><br \/>\n<a href=\"https:\/\/drive.google.com\/file\/d\/1W7X6pWsqpL8aQsRdrLYvUDhDlqS6q1Sr\/view?usp=sharing\">2019 PHP Classement de s\u00e9lection &#8211; Moins de 15 ans<\/a><\/p>\n<p><strong>2018<\/strong><\/p>\n<p><a href=\"https:\/\/docs.google.com\/spreadsheets\/d\/1wxhtg73mpsAO5lOMX4k3fpobn6yWTTtbtQVcphngABE\/edit?usp=sharing\">2018 PHP Classements de s\u00e9lection &#8211; Senior<\/a><br \/>\n<a href=\"https:\/\/docs.google.com\/spreadsheets\/d\/1cA4rmr70SIHQ7iUCve3mrzCyI75XoP9GGrZQZz5Ec64\/edit?usp=sharing\">2018 PHP Classements de s\u00e9lection &#8211; Junior<\/a><br \/>\n<a href=\"https:\/\/docs.google.com\/spreadsheets\/d\/1DAf8P07Z21NCSmGWp14slBpoHDI8tlYdGrHQOvEFajI\/edit?usp=sharing\">2018 PHP Classements de s\u00e9lection &#8211; Cadet<\/a><br \/>\n<a href=\"https:\/\/docs.google.com\/spreadsheets\/d\/1NtU1sKXvNe_xVIKh3bbtnFrwp2FZUb2E66Ux7kT7RkE\/edit?usp=sharing\">2018 PHP Classement de s\u00e9lection &#8211; Moins de 15 ans<\/a><br \/>\n<a href=\"https:\/\/docs.google.com\/spreadsheets\/d\/1KOvkIHOGvAlRKMeo9uAxZwfRQtyfF0NbraQv4kP1uP8\/edit?usp=sharing\">2018 PHP Classement de s\u00e9lection &#8211; Fauteuil roulant<\/a><\/p>\n<p><strong>2017<\/strong><\/p>\n<p><a style=\"font-family: inherit; font-size: inherit;\" href=\"https:\/\/docs.google.com\/spreadsheets\/d\/1g75hvGpb_nvyF2tbZtW9gqETM0yMGjuHJqjfsf1ruzw\/edit?usp=sharing\">2017 PHP Classements de s\u00e9lection &#8211; Senior<\/a><br \/>\n<a style=\"font-family: inherit; font-size: inherit;\" href=\"https:\/\/docs.google.com\/spreadsheets\/d\/1098kV-JhAoEoCG_341TgpO-3o2OgBK6173iTbc4xHzM\/edit?usp=sharing\">2017 PHP Classements de s\u00e9lection &#8211; Junior<\/a><br \/>\n<a style=\"font-family: inherit; font-size: inherit;\" href=\"https:\/\/docs.google.com\/spreadsheets\/d\/1cbrPQBjVxWp703ke4CXttKZPF1ukkyuueE_Q0dTU8rs\/edit?usp=sharing\">2017 PHP Classements de s\u00e9lection &#8211; Cadet<\/a><br \/>\n<a style=\"font-family: inherit; font-size: inherit;\" href=\"https:\/\/docs.google.com\/spreadsheets\/d\/1tziH3C62ezfPt2PlTAI8G59-p5dWkMstMBsp3sagqi8\/edit?usp=sharing\">2017 PHP Classement de s\u00e9lection &#8211; Moins de 15 ans<\/a><span style=\"font-family: inherit; font-size: inherit;\"><br \/>\n<\/span><a href=\"https:\/\/docs.google.com\/spreadsheets\/d\/15Lg8metztHYAeKR1Aw6lR5QUnweVwneh5Ds0naEzsRk\/edit?usp=sharing\">2017 PHP Classement de s\u00e9lection &#8211; Fauteuil roulant<\/a><\/p>\n<p><strong>2016<\/strong><\/p>\n<p><span style=\"font-family: inherit; font-size: inherit;\"><a href=\"https:\/\/docs.google.com\/spreadsheets\/d\/1jLLjmbnrbvAdM_6RCOC0ZGxesb1_arroJMJglVueEr0\/edit?usp=sharing\">2016 PHP Classements de s\u00e9lection &#8211; Senior<\/a><br \/>\n<a href=\"https:\/\/docs.google.com\/spreadsheets\/d\/1m1lxdHCgO1d3TERsRSwjnlI4lAzBNFbG0STMoCrqxfQ\/edit?usp=sharing\">2016 PHP Classements de s\u00e9lection &#8211; Junior<\/a><a href=\"https:\/\/docs.google.com\/spreadsheets\/d\/1vztAxVJ0jhrcRWfcsU4hPfkO6szxVsZaSE4fsmJKQoc\/edit?usp=sharing\"><br \/>\n<\/a><a href=\"https:\/\/docs.google.com\/spreadsheets\/d\/1khC-z2_oegJygLeR628A3_Q1mcfB_H4DZMO2028Dn7M\/edit?usp=sharing\">2016 PHP Classements de s\u00e9lection &#8211; Cadet<\/a><\/span><\/p>\n<p>&nbsp;<\/p>\n<p>&nbsp;<\/p>\n<p>&nbsp;<\/td>\n<td width=\"221\"><strong>2015<\/strong><\/p>\n<p><a href=\"https:\/\/docs.google.com\/spreadsheets\/d\/1Qa_cB1d41zklDuTND4OmdN6uWWnqXvKUJow8dNGxavs\/edit?usp=sharing\">2015 PHP Classements de s\u00e9lection &#8211; Senior<\/a><br \/>\n<a href=\"https:\/\/docs.google.com\/spreadsheets\/d\/1vztAxVJ0jhrcRWfcsU4hPfkO6szxVsZaSE4fsmJKQoc\/edit?usp=sharing\">2015 PHP Classements de s\u00e9lection &#8211; Junior<br \/>\n<\/a><a href=\"https:\/\/docs.google.com\/spreadsheets\/d\/1b3_GUnwRZjd1peK9nP8U7EvyZsccx0z-73VrNPBeN84\/edit?usp=sharing\">2015 PHP Classements de s\u00e9lection &#8211; Cadet<\/a><\/p>\n<p><strong>2014<\/strong><\/p>\n<p><a href=\"https:\/\/docs.google.com\/spreadsheets\/d\/10wiTxbw9xSwOvDf1J4M9qjLYyp8dL95qXvqh0uthYJQ\/edit?usp=sharing\">2014 PHP Classements de s\u00e9lection &#8211; Senior<\/a><br \/>\n<a href=\"https:\/\/docs.google.com\/spreadsheet\/ccc?key=0AhnYALJWUrgZdGxaeXFHbEw5WmZsTjRJZ3FYTXd0S0E&amp;usp=sharing\">2014 PHP Classements de s\u00e9lection &#8211; Junior<br \/>\n<\/a><a href=\"https:\/\/docs.google.com\/spreadsheet\/ccc?key=0AhnYALJWUrgZdDVkcHF2N1ZnQTctRkJMQXBUS091aFE&amp;usp=sharing\">2014 PHP Classements de s\u00e9lection &#8211; Cadet<\/a><\/p>\n<p><strong>2013<\/strong><\/p>\n<p><a href=\"https:\/\/docs.google.com\/spreadsheet\/ccc?key=0AhnYALJWUrgZdHU5X2QwbTUzekhJR0pCMnZLWVBCSFE&amp;usp=sharing\">2013 PHP Classements de s\u00e9lection &#8211; Senior<\/a><br \/>\n<a href=\"https:\/\/docs.google.com\/spreadsheet\/ccc?key=0AhnYALJWUrgZdGYtSHR5QzBNTENwWnlQWTFWVUp6Unc&amp;usp=sharing\">2013 PHP Classements de s\u00e9lection &#8211; Junior<br \/>\n<\/a><a href=\"https:\/\/docs.google.com\/spreadsheet\/ccc?key=0AhnYALJWUrgZdFdSSTJSTmltakhTX3R3Z3lQOW00RHc&amp;usp=sharing\">2013 PHP Classements de s\u00e9lection &#8211; Cadet<\/a><\/p>\n<p><strong>2012<\/strong><\/p>\n<p><a href=\"https:\/\/docs.google.com\/spreadsheet\/ccc?key=0AhnYALJWUrgZdHVMYTFzdUt0SGFpT1NKUVc4ZXVxQkE#gid=0\">2012 PHP Classements de s\u00e9lection &#8211; Senior<br \/>\n<\/a><a href=\"https:\/\/docs.google.com\/spreadsheet\/ccc?key=0AhnYALJWUrgZdFh3MTZteVVWZmFvOG1seXBBbzMtNmc#gid=0\">2012 PHP Classements de s\u00e9lection &#8211; Junior<br \/>\n<\/a><a href=\"https:\/\/docs.google.com\/spreadsheet\/ccc?key=0AhnYALJWUrgZdG5iSEZGMjZTS09RWEYzUzA2VDdnakE#gid=0\">2012 PHP Classements de s\u00e9lection &#8211; Cadet<\/a><\/p>\n<p>&nbsp;<\/td>\n<\/tr>\n<\/tbody>\n<\/table>\n","protected":false},"excerpt":{"rendered":"<p>&nbsp; 2025-2026 PHP Classements de s\u00e9lection\u00a0 &#8211; Cadet Sabre masculin Sabre f\u00e9minin Fleuret masculin Fleuret f\u00e9minin \u00c9p\u00e9e masculin \u00c9p\u00e9e f\u00e9minine &#8211; Junior Sabre masculin Sabre f\u00e9minin Fleuret masculin Fleuret f\u00e9minin [&hellip;]<\/p>\n","protected":false},"author":1,"featured_media":0,"parent":0,"menu_order":0,"comment_status":"closed","ping_status":"closed","template":"","meta":{"_acf_changed":false,"footnotes":""},"class_list":["post-291","page","type-page","status-publish","hentry"],"acf":[],"yoast_head":"<!-- This site is optimized with the Yoast SEO plugin v27.3 - https:\/\/yoast.com\/product\/yoast-seo-wordpress\/ -->\n<title>Les classements de s\u00e9lection du PHP - Canadian Fencing Federation<\/title>\n<meta name=\"robots\" content=\"index, follow, max-snippet:-1, max-image-preview:large, max-video-preview:-1\" \/>\n<link rel=\"canonical\" href=\"https:\/\/fencing.ca\/fr\/les-classements-de-selection-du-php\/\" \/>\n<meta property=\"og:locale\" content=\"fr_FR\" \/>\n<meta property=\"og:type\" content=\"article\" \/>\n<meta property=\"og:title\" content=\"Les classements de s\u00e9lection du PHP - Canadian Fencing Federation\" \/>\n<meta property=\"og:description\" content=\"&nbsp; 2025-2026 PHP Classements de s\u00e9lection\u00a0 &#8211; Cadet Sabre masculin Sabre f\u00e9minin Fleuret masculin Fleuret f\u00e9minin \u00c9p\u00e9e masculin \u00c9p\u00e9e f\u00e9minine &#8211; Junior Sabre masculin Sabre f\u00e9minin Fleuret masculin Fleuret f\u00e9minin [&hellip;]\" \/>\n<meta property=\"og:url\" content=\"https:\/\/fencing.ca\/fr\/les-classements-de-selection-du-php\/\" \/>\n<meta property=\"og:site_name\" content=\"Canadian Fencing Federation\" \/>\n<meta property=\"article:modified_time\" content=\"2026-05-12T00:46:34+00:00\" \/>\n<meta name=\"twitter:card\" content=\"summary_large_image\" \/>\n<meta name=\"twitter:label1\" content=\"Dur\u00e9e de lecture estim\u00e9e\" \/>\n\t<meta name=\"twitter:data1\" content=\"2 minutes\" \/>\n<script type=\"application\/ld+json\" class=\"yoast-schema-graph\">{\"@context\":\"https:\\\/\\\/schema.org\",\"@graph\":[{\"@type\":\"WebPage\",\"@id\":\"https:\\\/\\\/fencing.ca\\\/fr\\\/les-classements-de-selection-du-php\\\/\",\"url\":\"https:\\\/\\\/fencing.ca\\\/fr\\\/les-classements-de-selection-du-php\\\/\",\"name\":\"Les classements de s\u00e9lection du PHP - Canadian Fencing Federation\",\"isPartOf\":{\"@id\":\"https:\\\/\\\/fencing.ca\\\/#website\"},\"datePublished\":\"2016-06-27T21:41:14+00:00\",\"dateModified\":\"2026-05-12T00:46:34+00:00\",\"breadcrumb\":{\"@id\":\"https:\\\/\\\/fencing.ca\\\/fr\\\/les-classements-de-selection-du-php\\\/#breadcrumb\"},\"inLanguage\":\"fr-FR\",\"potentialAction\":[{\"@type\":\"ReadAction\",\"target\":[\"https:\\\/\\\/fencing.ca\\\/fr\\\/les-classements-de-selection-du-php\\\/\"]}]},{\"@type\":\"BreadcrumbList\",\"@id\":\"https:\\\/\\\/fencing.ca\\\/fr\\\/les-classements-de-selection-du-php\\\/#breadcrumb\",\"itemListElement\":[{\"@type\":\"ListItem\",\"position\":1,\"name\":\"Home\",\"item\":\"https:\\\/\\\/fencing.ca\\\/fr\\\/\"},{\"@type\":\"ListItem\",\"position\":2,\"name\":\"Les classements de s\u00e9lection du PHP\"}]},{\"@type\":\"WebSite\",\"@id\":\"https:\\\/\\\/fencing.ca\\\/#website\",\"url\":\"https:\\\/\\\/fencing.ca\\\/\",\"name\":\"Canadian Fencing Federation\",\"description\":\"Fencing Canada\",\"potentialAction\":[{\"@type\":\"SearchAction\",\"target\":{\"@type\":\"EntryPoint\",\"urlTemplate\":\"https:\\\/\\\/fencing.ca\\\/?s={search_term_string}\"},\"query-input\":{\"@type\":\"PropertyValueSpecification\",\"valueRequired\":true,\"valueName\":\"search_term_string\"}}],\"inLanguage\":\"fr-FR\"}]}<\/script>\n<!-- \/ Yoast SEO plugin. -->","yoast_head_json":{"title":"Les classements de s\u00e9lection du PHP - Canadian Fencing Federation","robots":{"index":"index","follow":"follow","max-snippet":"max-snippet:-1","max-image-preview":"max-image-preview:large","max-video-preview":"max-video-preview:-1"},"canonical":"https:\/\/fencing.ca\/fr\/les-classements-de-selection-du-php\/","og_locale":"fr_FR","og_type":"article","og_title":"Les classements de s\u00e9lection du PHP - Canadian Fencing Federation","og_description":"&nbsp; 2025-2026 PHP Classements de s\u00e9lection\u00a0 &#8211; Cadet Sabre masculin Sabre f\u00e9minin Fleuret masculin Fleuret f\u00e9minin \u00c9p\u00e9e masculin \u00c9p\u00e9e f\u00e9minine &#8211; Junior Sabre masculin Sabre f\u00e9minin Fleuret masculin Fleuret f\u00e9minin [&hellip;]","og_url":"https:\/\/fencing.ca\/fr\/les-classements-de-selection-du-php\/","og_site_name":"Canadian Fencing Federation","article_modified_time":"2026-05-12T00:46:34+00:00","twitter_card":"summary_large_image","twitter_misc":{"Dur\u00e9e de lecture estim\u00e9e":"2 minutes"},"schema":{"@context":"https:\/\/schema.org","@graph":[{"@type":"WebPage","@id":"https:\/\/fencing.ca\/fr\/les-classements-de-selection-du-php\/","url":"https:\/\/fencing.ca\/fr\/les-classements-de-selection-du-php\/","name":"Les classements de s\u00e9lection du PHP - Canadian Fencing Federation","isPartOf":{"@id":"https:\/\/fencing.ca\/#website"},"datePublished":"2016-06-27T21:41:14+00:00","dateModified":"2026-05-12T00:46:34+00:00","breadcrumb":{"@id":"https:\/\/fencing.ca\/fr\/les-classements-de-selection-du-php\/#breadcrumb"},"inLanguage":"fr-FR","potentialAction":[{"@type":"ReadAction","target":["https:\/\/fencing.ca\/fr\/les-classements-de-selection-du-php\/"]}]},{"@type":"BreadcrumbList","@id":"https:\/\/fencing.ca\/fr\/les-classements-de-selection-du-php\/#breadcrumb","itemListElement":[{"@type":"ListItem","position":1,"name":"Home","item":"https:\/\/fencing.ca\/fr\/"},{"@type":"ListItem","position":2,"name":"Les classements de s\u00e9lection du PHP"}]},{"@type":"WebSite","@id":"https:\/\/fencing.ca\/#website","url":"https:\/\/fencing.ca\/","name":"Canadian Fencing Federation","description":"Fencing Canada","potentialAction":[{"@type":"SearchAction","target":{"@type":"EntryPoint","urlTemplate":"https:\/\/fencing.ca\/?s={search_term_string}"},"query-input":{"@type":"PropertyValueSpecification","valueRequired":true,"valueName":"search_term_string"}}],"inLanguage":"fr-FR"}]}},"_links":{"self":[{"href":"https:\/\/fencing.ca\/fr\/wp-json\/wp\/v2\/pages\/291","targetHints":{"allow":["GET"]}}],"collection":[{"href":"https:\/\/fencing.ca\/fr\/wp-json\/wp\/v2\/pages"}],"about":[{"href":"https:\/\/fencing.ca\/fr\/wp-json\/wp\/v2\/types\/page"}],"author":[{"embeddable":true,"href":"https:\/\/fencing.ca\/fr\/wp-json\/wp\/v2\/users\/1"}],"replies":[{"embeddable":true,"href":"https:\/\/fencing.ca\/fr\/wp-json\/wp\/v2\/comments?post=291"}],"version-history":[{"count":13,"href":"https:\/\/fencing.ca\/fr\/wp-json\/wp\/v2\/pages\/291\/revisions"}],"predecessor-version":[{"id":46996,"href":"https:\/\/fencing.ca\/fr\/wp-json\/wp\/v2\/pages\/291\/revisions\/46996"}],"wp:attachment":[{"href":"https:\/\/fencing.ca\/fr\/wp-json\/wp\/v2\/media?parent=291"}],"curies":[{"name":"wp","href":"https:\/\/api.w.org\/{rel}","templated":true}]}}