{"id":39316,"date":"2022-11-28T15:52:27","date_gmt":"2022-11-28T20:52:27","guid":{"rendered":"https:\/\/fencing.ca\/?page_id=39316"},"modified":"2022-11-30T14:27:45","modified_gmt":"2022-11-30T19:27:45","slug":"coupe-du-canada-n2-programme-preliminaire-des-evenements","status":"publish","type":"page","link":"https:\/\/fencing.ca\/fr\/coupe-du-canada-n2-programme-preliminaire-des-evenements\/","title":{"rendered":"Coupe du Canada  n\u00b02 &#8211; programme pr\u00e9liminaire des \u00e9v\u00e9nements"},"content":{"rendered":"<p style=\"font-weight: 400;\"><strong>Important: <\/strong><\/p>\n<ul>\n<li style=\"font-weight: 400;\">Le programme pr\u00e9liminaire ne pr\u00e9sente les \u00e9preuves que par jour. Les horaires ne seront confirm\u00e9s qu&rsquo;apr\u00e8s la cl\u00f4ture des inscriptions, lorsque nous disposerons d&rsquo;informations pr\u00e9cises sur le nombre de participants \u00e0 chaque \u00e9preuve de cette comp\u00e9tition.<\/li>\n<li style=\"font-weight: 400;\">Veuillez noter que l&rsquo;ordre des \u00e9preuves dans la liste n&rsquo;indique PAS l&rsquo;heure de la journ\u00e9e NI l&rsquo;ordre dans lequel les \u00e9preuves commencent.<\/li>\n<li style=\"font-weight: 400;\">Aucune supposition ne doit \u00eatre faite \u00e0 propos de cette liste en ce qui concerne les plans de voyage.<\/li>\n<li style=\"font-weight: 400;\">Pour planifier votre participation \u00e0 ce tournoi, l&rsquo;intention est que les \u00e9preuves se d\u00e9roulent entre 8h et 19h chaque jour, mais cela n&rsquo;est pas garanti et est susceptible de changer en fonction du nombre r\u00e9el de participants inscrits.<\/li>\n<\/ul>\n<table style=\"font-weight: 400;\" width=\"671\">\n<tbody>\n<tr>\n<td colspan=\"2\" width=\"208\"><strong>Friday\/Vendredi 27 Jan<\/strong><\/td>\n<td colspan=\"2\" width=\"236\"><strong>Saturday\/Samedi 28 Jan<\/strong><\/td>\n<td colspan=\"2\" width=\"227\"><strong>Sunday\/Dimanche 29 Jan<\/strong><\/td>\n<\/tr>\n<tr>\n<td width=\"75\"><strong>AM<\/strong><\/td>\n<td width=\"132\">EM\/ME junior<\/td>\n<td width=\"94\"><strong>AM<\/strong><\/td>\n<td width=\"142\">EM\/ME senior<\/td>\n<td width=\"94\"><strong>AM<\/strong><\/td>\n<td width=\"132\">FM\/MF senior<\/td>\n<\/tr>\n<tr>\n<td width=\"75\"><strong>AM<\/strong><\/td>\n<td width=\"132\">SF\/WS junior<\/td>\n<td width=\"94\"><strong>AM<\/strong><\/td>\n<td width=\"142\">FF\/WF cadet<\/td>\n<td width=\"94\"><strong>AM<\/strong><\/td>\n<td width=\"132\">SF\/WS cadet<\/td>\n<\/tr>\n<tr>\n<td width=\"75\"><strong>AM<\/strong><\/td>\n<td width=\"132\">FM\/MF cadet<\/td>\n<td width=\"94\"><strong>AM<\/strong><\/td>\n<td width=\"142\">SM\/MS cadet<\/td>\n<td width=\"94\"><strong>AM<\/strong><\/td>\n<td width=\"132\">EF\/WE senior<\/td>\n<\/tr>\n<tr>\n<td width=\"75\"><strong>AM<\/strong><\/td>\n<td width=\"132\">SM\/MS senior<\/td>\n<td width=\"94\"><strong>AM<\/strong><\/td>\n<td width=\"142\">FM\/MF junior<\/td>\n<td width=\"94\"><strong>AM<\/strong><\/td>\n<td width=\"132\">SM\/MS junior<\/td>\n<\/tr>\n<tr>\n<td width=\"75\"><strong>AM<\/strong><\/td>\n<td width=\"132\">FF\/WF senior<\/td>\n<td width=\"94\"><strong>AM<\/strong><\/td>\n<td width=\"142\">SF\/WS senior<\/td>\n<td width=\"94\"><strong>AM<\/strong><\/td>\n<td width=\"132\">FF\/WF junior<\/td>\n<\/tr>\n<tr>\n<td width=\"75\"><strong>PM<\/strong><\/td>\n<td width=\"132\">EM\/ME veteran<\/td>\n<td width=\"94\"><strong>PM<\/strong><\/td>\n<td width=\"142\">EF\/WE junior<\/td>\n<td width=\"94\"><strong>PM<\/strong><\/td>\n<td width=\"132\">EM\/ME cadet<\/td>\n<\/tr>\n<tr>\n<td width=\"75\"><strong>PM<\/strong><\/td>\n<td width=\"132\">EF\/WE veteran<\/td>\n<td width=\"94\"><strong>PM<\/strong><\/td>\n<td width=\"142\">FM\/MF veteran<\/td>\n<td width=\"94\"><strong>PM<\/strong><\/td>\n<td width=\"132\">SM\/MS veteran<\/td>\n<\/tr>\n<tr>\n<td width=\"75\"><strong>PM<\/strong><\/td>\n<td width=\"132\">EF\/WE cadet<\/td>\n<td width=\"94\"><strong>PM<\/strong><\/td>\n<td width=\"142\">FF\/WF veteran<\/td>\n<td width=\"94\"><strong>PM<\/strong><\/td>\n<td width=\"132\">SF\/WS veteran<\/td>\n<\/tr>\n<\/tbody>\n<\/table>\n","protected":false},"excerpt":{"rendered":"<p>Important: Le programme pr\u00e9liminaire ne pr\u00e9sente les \u00e9preuves que par jour. Les horaires ne seront confirm\u00e9s qu&rsquo;apr\u00e8s la cl\u00f4ture des inscriptions, lorsque nous disposerons d&rsquo;informations pr\u00e9cises sur le nombre de [&hellip;]<\/p>\n","protected":false},"author":4,"featured_media":0,"parent":0,"menu_order":0,"comment_status":"closed","ping_status":"closed","template":"","meta":{"_acf_changed":false,"footnotes":""},"class_list":["post-39316","page","type-page","status-publish","hentry"],"acf":[],"yoast_head":"<!-- This site is optimized with the Yoast SEO plugin v27.3 - https:\/\/yoast.com\/product\/yoast-seo-wordpress\/ -->\n<title>Coupe du Canada n\u00b02 - programme pr\u00e9liminaire des \u00e9v\u00e9nements - Canadian Fencing Federation<\/title>\n<meta name=\"robots\" content=\"index, follow, max-snippet:-1, max-image-preview:large, max-video-preview:-1\" \/>\n<link rel=\"canonical\" href=\"https:\/\/fencing.ca\/canada-cup-2-preliminary-schedule-of-events\/\" \/>\n<meta property=\"og:locale\" content=\"fr_FR\" \/>\n<meta property=\"og:type\" content=\"article\" \/>\n<meta property=\"og:title\" content=\"Coupe du Canada n\u00b02 - programme pr\u00e9liminaire des \u00e9v\u00e9nements - Canadian Fencing Federation\" \/>\n<meta property=\"og:description\" content=\"Important: Le programme pr\u00e9liminaire ne pr\u00e9sente les \u00e9preuves que par jour. Les horaires ne seront confirm\u00e9s qu&rsquo;apr\u00e8s la cl\u00f4ture des inscriptions, lorsque nous disposerons d&rsquo;informations pr\u00e9cises sur le nombre de [&hellip;]\" \/>\n<meta property=\"og:url\" content=\"https:\/\/fencing.ca\/canada-cup-2-preliminary-schedule-of-events\/\" \/>\n<meta property=\"og:site_name\" content=\"Canadian Fencing Federation\" \/>\n<meta property=\"article:modified_time\" content=\"2022-11-30T19:27:45+00:00\" \/>\n<meta name=\"twitter:card\" content=\"summary_large_image\" \/>\n<meta name=\"twitter:label1\" content=\"Dur\u00e9e de lecture estim\u00e9e\" \/>\n\t<meta name=\"twitter:data1\" content=\"1 minute\" \/>\n<script type=\"application\/ld+json\" class=\"yoast-schema-graph\">{\"@context\":\"https:\\\/\\\/schema.org\",\"@graph\":[{\"@type\":\"WebPage\",\"@id\":\"https:\\\/\\\/fencing.ca\\\/canada-cup-2-preliminary-schedule-of-events\\\/\",\"url\":\"https:\\\/\\\/fencing.ca\\\/canada-cup-2-preliminary-schedule-of-events\\\/\",\"name\":\"Coupe du Canada n\u00b02 - programme pr\u00e9liminaire des \u00e9v\u00e9nements - Canadian Fencing Federation\",\"isPartOf\":{\"@id\":\"https:\\\/\\\/fencing.ca\\\/#website\"},\"datePublished\":\"2022-11-28T20:52:27+00:00\",\"dateModified\":\"2022-11-30T19:27:45+00:00\",\"breadcrumb\":{\"@id\":\"https:\\\/\\\/fencing.ca\\\/canada-cup-2-preliminary-schedule-of-events\\\/#breadcrumb\"},\"inLanguage\":\"fr-FR\",\"potentialAction\":[{\"@type\":\"ReadAction\",\"target\":[\"https:\\\/\\\/fencing.ca\\\/canada-cup-2-preliminary-schedule-of-events\\\/\"]}]},{\"@type\":\"BreadcrumbList\",\"@id\":\"https:\\\/\\\/fencing.ca\\\/canada-cup-2-preliminary-schedule-of-events\\\/#breadcrumb\",\"itemListElement\":[{\"@type\":\"ListItem\",\"position\":1,\"name\":\"Home\",\"item\":\"https:\\\/\\\/fencing.ca\\\/fr\\\/\"},{\"@type\":\"ListItem\",\"position\":2,\"name\":\"Coupe du Canada n\u00b02 &#8211; programme pr\u00e9liminaire des \u00e9v\u00e9nements\"}]},{\"@type\":\"WebSite\",\"@id\":\"https:\\\/\\\/fencing.ca\\\/#website\",\"url\":\"https:\\\/\\\/fencing.ca\\\/\",\"name\":\"Canadian Fencing Federation\",\"description\":\"Fencing Canada\",\"potentialAction\":[{\"@type\":\"SearchAction\",\"target\":{\"@type\":\"EntryPoint\",\"urlTemplate\":\"https:\\\/\\\/fencing.ca\\\/?s={search_term_string}\"},\"query-input\":{\"@type\":\"PropertyValueSpecification\",\"valueRequired\":true,\"valueName\":\"search_term_string\"}}],\"inLanguage\":\"fr-FR\"}]}<\/script>\n<!-- \/ Yoast SEO plugin. -->","yoast_head_json":{"title":"Coupe du Canada n\u00b02 - programme pr\u00e9liminaire des \u00e9v\u00e9nements - Canadian Fencing Federation","robots":{"index":"index","follow":"follow","max-snippet":"max-snippet:-1","max-image-preview":"max-image-preview:large","max-video-preview":"max-video-preview:-1"},"canonical":"https:\/\/fencing.ca\/canada-cup-2-preliminary-schedule-of-events\/","og_locale":"fr_FR","og_type":"article","og_title":"Coupe du Canada n\u00b02 - programme pr\u00e9liminaire des \u00e9v\u00e9nements - Canadian Fencing Federation","og_description":"Important: Le programme pr\u00e9liminaire ne pr\u00e9sente les \u00e9preuves que par jour. Les horaires ne seront confirm\u00e9s qu&rsquo;apr\u00e8s la cl\u00f4ture des inscriptions, lorsque nous disposerons d&rsquo;informations pr\u00e9cises sur le nombre de [&hellip;]","og_url":"https:\/\/fencing.ca\/canada-cup-2-preliminary-schedule-of-events\/","og_site_name":"Canadian Fencing Federation","article_modified_time":"2022-11-30T19:27:45+00:00","twitter_card":"summary_large_image","twitter_misc":{"Dur\u00e9e de lecture estim\u00e9e":"1 minute"},"schema":{"@context":"https:\/\/schema.org","@graph":[{"@type":"WebPage","@id":"https:\/\/fencing.ca\/canada-cup-2-preliminary-schedule-of-events\/","url":"https:\/\/fencing.ca\/canada-cup-2-preliminary-schedule-of-events\/","name":"Coupe du Canada n\u00b02 - programme pr\u00e9liminaire des \u00e9v\u00e9nements - Canadian Fencing Federation","isPartOf":{"@id":"https:\/\/fencing.ca\/#website"},"datePublished":"2022-11-28T20:52:27+00:00","dateModified":"2022-11-30T19:27:45+00:00","breadcrumb":{"@id":"https:\/\/fencing.ca\/canada-cup-2-preliminary-schedule-of-events\/#breadcrumb"},"inLanguage":"fr-FR","potentialAction":[{"@type":"ReadAction","target":["https:\/\/fencing.ca\/canada-cup-2-preliminary-schedule-of-events\/"]}]},{"@type":"BreadcrumbList","@id":"https:\/\/fencing.ca\/canada-cup-2-preliminary-schedule-of-events\/#breadcrumb","itemListElement":[{"@type":"ListItem","position":1,"name":"Home","item":"https:\/\/fencing.ca\/fr\/"},{"@type":"ListItem","position":2,"name":"Coupe du Canada n\u00b02 &#8211; programme pr\u00e9liminaire des \u00e9v\u00e9nements"}]},{"@type":"WebSite","@id":"https:\/\/fencing.ca\/#website","url":"https:\/\/fencing.ca\/","name":"Canadian Fencing Federation","description":"Fencing Canada","potentialAction":[{"@type":"SearchAction","target":{"@type":"EntryPoint","urlTemplate":"https:\/\/fencing.ca\/?s={search_term_string}"},"query-input":{"@type":"PropertyValueSpecification","valueRequired":true,"valueName":"search_term_string"}}],"inLanguage":"fr-FR"}]}},"_links":{"self":[{"href":"https:\/\/fencing.ca\/fr\/wp-json\/wp\/v2\/pages\/39316","targetHints":{"allow":["GET"]}}],"collection":[{"href":"https:\/\/fencing.ca\/fr\/wp-json\/wp\/v2\/pages"}],"about":[{"href":"https:\/\/fencing.ca\/fr\/wp-json\/wp\/v2\/types\/page"}],"author":[{"embeddable":true,"href":"https:\/\/fencing.ca\/fr\/wp-json\/wp\/v2\/users\/4"}],"replies":[{"embeddable":true,"href":"https:\/\/fencing.ca\/fr\/wp-json\/wp\/v2\/comments?post=39316"}],"version-history":[{"count":2,"href":"https:\/\/fencing.ca\/fr\/wp-json\/wp\/v2\/pages\/39316\/revisions"}],"predecessor-version":[{"id":39325,"href":"https:\/\/fencing.ca\/fr\/wp-json\/wp\/v2\/pages\/39316\/revisions\/39325"}],"wp:attachment":[{"href":"https:\/\/fencing.ca\/fr\/wp-json\/wp\/v2\/media?parent=39316"}],"curies":[{"name":"wp","href":"https:\/\/api.w.org\/{rel}","templated":true}]}}