{"id":39825,"date":"2023-03-28T16:29:07","date_gmt":"2023-03-28T20:29:07","guid":{"rendered":"https:\/\/fencing.ca\/?page_id=39825"},"modified":"2026-03-09T06:22:45","modified_gmt":"2026-03-09T10:22:45","slug":"signaler-un-abus-presume","status":"publish","type":"page","link":"https:\/\/fencing.ca\/fr\/signaler-un-abus-presume\/","title":{"rendered":"COMMENT SIGNALER UN ABUS PR\u00c9SUM\u00c9"},"content":{"rendered":"<div>\n<p style=\"font-weight: 400;\"><span style=\"color: #ff0000;\"><strong>Comment faire un signalement<\/strong><\/span><\/p>\n<p style=\"font-weight: 400;\">\u00c0 compter du 1<sup>er<\/sup> avril, Sport Int\u00e9grit\u00e9 Canada acceptera les signalements faits par t\u00e9l\u00e9phone ou au moyen d\u2019un formulaire de signalement en ligne. Ces deux m\u00e9thodes vous permettent de garder l\u2019anonymat si vous le d\u00e9sirez. Si vous choisissez d\u2019indiquer votre nom lorsque vous faites un signalement, Sport Int\u00e9grit\u00e9 Canada ne divulguera pas cette information \u00e0 votre organisme de sport, sauf si cela s\u2019av\u00e9rait n\u00e9cessaire pour assurer votre s\u00e9curit\u00e9 ou celle d\u2019une autre personne, auquel cas il fera tout son possible pour obtenir votre consentement au pr\u00e9alable.<\/p>\n<p style=\"font-weight: 400;\">Signalement en ligne : <a href=\"https:\/\/sportintegrity.ca\/fr\/signalement-sport-securitaire\">https:\/\/sportintegrity.ca\/fr\/signalement-sport-securitaire<\/a><\/p>\n<p style=\"font-weight: 400;\">Signalement par t\u00e9l\u00e9phone : 1-866-971-2777<\/p>\n<\/div>\n<p>&nbsp;<\/p>\n","protected":false},"excerpt":{"rendered":"<p>Comment faire un signalement \u00c0 compter du 1er avril, Sport Int\u00e9grit\u00e9 Canada acceptera les signalements faits par t\u00e9l\u00e9phone ou au moyen d\u2019un formulaire de signalement en ligne. Ces deux m\u00e9thodes [&hellip;]<\/p>\n","protected":false},"author":4,"featured_media":0,"parent":0,"menu_order":0,"comment_status":"closed","ping_status":"closed","template":"","meta":{"_acf_changed":false,"footnotes":""},"class_list":["post-39825","page","type-page","status-publish","hentry"],"acf":[],"yoast_head":"<!-- This site is optimized with the Yoast SEO plugin v27.3 - https:\/\/yoast.com\/product\/yoast-seo-wordpress\/ -->\n<title>COMMENT SIGNALER UN ABUS PR\u00c9SUM\u00c9 - Canadian Fencing Federation<\/title>\n<meta name=\"robots\" content=\"index, follow, max-snippet:-1, max-image-preview:large, max-video-preview:-1\" \/>\n<link rel=\"canonical\" href=\"https:\/\/fencing.ca\/fr\/signaler-un-abus-presume\/\" \/>\n<meta property=\"og:locale\" content=\"fr_FR\" \/>\n<meta property=\"og:type\" content=\"article\" \/>\n<meta property=\"og:title\" content=\"COMMENT SIGNALER UN ABUS PR\u00c9SUM\u00c9 - Canadian Fencing Federation\" \/>\n<meta property=\"og:description\" content=\"Comment faire un signalement \u00c0 compter du 1er avril, Sport Int\u00e9grit\u00e9 Canada acceptera les signalements faits par t\u00e9l\u00e9phone ou au moyen d\u2019un formulaire de signalement en ligne. Ces deux m\u00e9thodes [&hellip;]\" \/>\n<meta property=\"og:url\" content=\"https:\/\/fencing.ca\/fr\/signaler-un-abus-presume\/\" \/>\n<meta property=\"og:site_name\" content=\"Canadian Fencing Federation\" \/>\n<meta property=\"article:modified_time\" content=\"2026-03-09T10:22:45+00:00\" \/>\n<meta name=\"twitter:card\" content=\"summary_large_image\" \/>\n<meta name=\"twitter:label1\" content=\"Dur\u00e9e de lecture estim\u00e9e\" \/>\n\t<meta name=\"twitter:data1\" content=\"1 minute\" \/>\n<script type=\"application\/ld+json\" class=\"yoast-schema-graph\">{\"@context\":\"https:\\\/\\\/schema.org\",\"@graph\":[{\"@type\":\"WebPage\",\"@id\":\"https:\\\/\\\/fencing.ca\\\/fr\\\/signaler-un-abus-presume\\\/\",\"url\":\"https:\\\/\\\/fencing.ca\\\/fr\\\/signaler-un-abus-presume\\\/\",\"name\":\"COMMENT SIGNALER UN ABUS PR\u00c9SUM\u00c9 - Canadian Fencing Federation\",\"isPartOf\":{\"@id\":\"https:\\\/\\\/fencing.ca\\\/#website\"},\"datePublished\":\"2023-03-28T20:29:07+00:00\",\"dateModified\":\"2026-03-09T10:22:45+00:00\",\"breadcrumb\":{\"@id\":\"https:\\\/\\\/fencing.ca\\\/fr\\\/signaler-un-abus-presume\\\/#breadcrumb\"},\"inLanguage\":\"fr-FR\",\"potentialAction\":[{\"@type\":\"ReadAction\",\"target\":[\"https:\\\/\\\/fencing.ca\\\/fr\\\/signaler-un-abus-presume\\\/\"]}]},{\"@type\":\"BreadcrumbList\",\"@id\":\"https:\\\/\\\/fencing.ca\\\/fr\\\/signaler-un-abus-presume\\\/#breadcrumb\",\"itemListElement\":[{\"@type\":\"ListItem\",\"position\":1,\"name\":\"Home\",\"item\":\"https:\\\/\\\/fencing.ca\\\/fr\\\/\"},{\"@type\":\"ListItem\",\"position\":2,\"name\":\"COMMENT SIGNALER UN ABUS PR\u00c9SUM\u00c9\"}]},{\"@type\":\"WebSite\",\"@id\":\"https:\\\/\\\/fencing.ca\\\/#website\",\"url\":\"https:\\\/\\\/fencing.ca\\\/\",\"name\":\"Canadian Fencing Federation\",\"description\":\"Fencing Canada\",\"potentialAction\":[{\"@type\":\"SearchAction\",\"target\":{\"@type\":\"EntryPoint\",\"urlTemplate\":\"https:\\\/\\\/fencing.ca\\\/?s={search_term_string}\"},\"query-input\":{\"@type\":\"PropertyValueSpecification\",\"valueRequired\":true,\"valueName\":\"search_term_string\"}}],\"inLanguage\":\"fr-FR\"}]}<\/script>\n<!-- \/ Yoast SEO plugin. -->","yoast_head_json":{"title":"COMMENT SIGNALER UN ABUS PR\u00c9SUM\u00c9 - Canadian Fencing Federation","robots":{"index":"index","follow":"follow","max-snippet":"max-snippet:-1","max-image-preview":"max-image-preview:large","max-video-preview":"max-video-preview:-1"},"canonical":"https:\/\/fencing.ca\/fr\/signaler-un-abus-presume\/","og_locale":"fr_FR","og_type":"article","og_title":"COMMENT SIGNALER UN ABUS PR\u00c9SUM\u00c9 - Canadian Fencing Federation","og_description":"Comment faire un signalement \u00c0 compter du 1er avril, Sport Int\u00e9grit\u00e9 Canada acceptera les signalements faits par t\u00e9l\u00e9phone ou au moyen d\u2019un formulaire de signalement en ligne. Ces deux m\u00e9thodes [&hellip;]","og_url":"https:\/\/fencing.ca\/fr\/signaler-un-abus-presume\/","og_site_name":"Canadian Fencing Federation","article_modified_time":"2026-03-09T10:22:45+00:00","twitter_card":"summary_large_image","twitter_misc":{"Dur\u00e9e de lecture estim\u00e9e":"1 minute"},"schema":{"@context":"https:\/\/schema.org","@graph":[{"@type":"WebPage","@id":"https:\/\/fencing.ca\/fr\/signaler-un-abus-presume\/","url":"https:\/\/fencing.ca\/fr\/signaler-un-abus-presume\/","name":"COMMENT SIGNALER UN ABUS PR\u00c9SUM\u00c9 - Canadian Fencing Federation","isPartOf":{"@id":"https:\/\/fencing.ca\/#website"},"datePublished":"2023-03-28T20:29:07+00:00","dateModified":"2026-03-09T10:22:45+00:00","breadcrumb":{"@id":"https:\/\/fencing.ca\/fr\/signaler-un-abus-presume\/#breadcrumb"},"inLanguage":"fr-FR","potentialAction":[{"@type":"ReadAction","target":["https:\/\/fencing.ca\/fr\/signaler-un-abus-presume\/"]}]},{"@type":"BreadcrumbList","@id":"https:\/\/fencing.ca\/fr\/signaler-un-abus-presume\/#breadcrumb","itemListElement":[{"@type":"ListItem","position":1,"name":"Home","item":"https:\/\/fencing.ca\/fr\/"},{"@type":"ListItem","position":2,"name":"COMMENT SIGNALER UN ABUS PR\u00c9SUM\u00c9"}]},{"@type":"WebSite","@id":"https:\/\/fencing.ca\/#website","url":"https:\/\/fencing.ca\/","name":"Canadian Fencing Federation","description":"Fencing Canada","potentialAction":[{"@type":"SearchAction","target":{"@type":"EntryPoint","urlTemplate":"https:\/\/fencing.ca\/?s={search_term_string}"},"query-input":{"@type":"PropertyValueSpecification","valueRequired":true,"valueName":"search_term_string"}}],"inLanguage":"fr-FR"}]}},"_links":{"self":[{"href":"https:\/\/fencing.ca\/fr\/wp-json\/wp\/v2\/pages\/39825","targetHints":{"allow":["GET"]}}],"collection":[{"href":"https:\/\/fencing.ca\/fr\/wp-json\/wp\/v2\/pages"}],"about":[{"href":"https:\/\/fencing.ca\/fr\/wp-json\/wp\/v2\/types\/page"}],"author":[{"embeddable":true,"href":"https:\/\/fencing.ca\/fr\/wp-json\/wp\/v2\/users\/4"}],"replies":[{"embeddable":true,"href":"https:\/\/fencing.ca\/fr\/wp-json\/wp\/v2\/comments?post=39825"}],"version-history":[{"count":5,"href":"https:\/\/fencing.ca\/fr\/wp-json\/wp\/v2\/pages\/39825\/revisions"}],"predecessor-version":[{"id":46762,"href":"https:\/\/fencing.ca\/fr\/wp-json\/wp\/v2\/pages\/39825\/revisions\/46762"}],"wp:attachment":[{"href":"https:\/\/fencing.ca\/fr\/wp-json\/wp\/v2\/media?parent=39825"}],"curies":[{"name":"wp","href":"https:\/\/api.w.org\/{rel}","templated":true}]}}