{"id":40027,"date":"2023-05-10T12:15:13","date_gmt":"2023-05-10T16:15:13","guid":{"rendered":"https:\/\/fencing.ca\/?page_id=40027"},"modified":"2025-10-03T12:53:41","modified_gmt":"2025-10-03T16:53:41","slug":"representante-des-athletes-de-la-fce","status":"publish","type":"page","link":"https:\/\/fencing.ca\/fr\/representante-des-athletes-de-la-fce\/","title":{"rendered":"Conseil des athl\u00e8tes de la FCE"},"content":{"rendered":"<p>La FCE a \u00e9tabli un Conseil des athl\u00e8tes. Les repr\u00e9sentants des athl\u00e8tes pour chaque programme sont les suivants :<\/p>\n<ul>\n<li>Pr\u00e9sident et repr\u00e9sentant des athl\u00e8tes au conseil d&rsquo;administration &#8211; Shaul Gordon<\/li>\n<li>Repr\u00e9sentant des anciens athl\u00e8tes &#8211; Joseph Polossifakis<\/li>\n<li>Para-escrime &#8211; Ryan Rousell<\/li>\n<li>\u00c9p\u00e9e f\u00e9minine &#8211; Leonora Mackinnon<\/li>\n<li>Fleuret f\u00e9minin &#8211; Eleanor Harvey<\/li>\n<li>Sabre f\u00e9minin &#8211; Madison Thurgood<\/li>\n<li>\u00c9p\u00e9e masculine &#8211; Ruibo (Leon) Xiao<\/li>\n<li>Fleuret masculin &#8211; Edward Li<\/li>\n<li>Sabre masculin &#8211; Shaul Gordon<\/li>\n<\/ul>\n<div>\n<p class=\"TableParagraph\" style=\"text-align: left;\" align=\"center\"><a href=\"https:\/\/fencing.ca\/wp-content\/uploads\/Athletes-Council-ToR-fr.pdf\"><b><span lang=\"FR-CA\">Conseil des athl\u00e8tes &#8211; Mandat<\/span><\/b><\/a><\/p>\n<\/div>\n<p>&nbsp;<\/p>\n<p>&nbsp;<\/p>\n","protected":false},"excerpt":{"rendered":"<p>La FCE a \u00e9tabli un Conseil des athl\u00e8tes. Les repr\u00e9sentants des athl\u00e8tes pour chaque programme sont les suivants : Pr\u00e9sident et repr\u00e9sentant des athl\u00e8tes au conseil d&rsquo;administration &#8211; Shaul Gordon [&hellip;]<\/p>\n","protected":false},"author":4,"featured_media":0,"parent":0,"menu_order":0,"comment_status":"closed","ping_status":"closed","template":"","meta":{"_acf_changed":false,"footnotes":""},"class_list":["post-40027","page","type-page","status-publish","hentry"],"acf":[],"yoast_head":"<!-- This site is optimized with the Yoast SEO plugin v27.3 - https:\/\/yoast.com\/product\/yoast-seo-wordpress\/ -->\n<title>Conseil des athl\u00e8tes de la FCE - Canadian Fencing Federation<\/title>\n<meta name=\"robots\" content=\"index, follow, max-snippet:-1, max-image-preview:large, max-video-preview:-1\" \/>\n<link rel=\"canonical\" href=\"https:\/\/fencing.ca\/fr\/representante-des-athletes-de-la-fce\/\" \/>\n<meta property=\"og:locale\" content=\"fr_FR\" \/>\n<meta property=\"og:type\" content=\"article\" \/>\n<meta property=\"og:title\" content=\"Conseil des athl\u00e8tes de la FCE - Canadian Fencing Federation\" \/>\n<meta property=\"og:description\" content=\"La FCE a \u00e9tabli un Conseil des athl\u00e8tes. Les repr\u00e9sentants des athl\u00e8tes pour chaque programme sont les suivants : Pr\u00e9sident et repr\u00e9sentant des athl\u00e8tes au conseil d&rsquo;administration &#8211; Shaul Gordon [&hellip;]\" \/>\n<meta property=\"og:url\" content=\"https:\/\/fencing.ca\/fr\/representante-des-athletes-de-la-fce\/\" \/>\n<meta property=\"og:site_name\" content=\"Canadian Fencing Federation\" \/>\n<meta property=\"article:modified_time\" content=\"2025-10-03T16:53:41+00:00\" \/>\n<meta name=\"twitter:card\" content=\"summary_large_image\" \/>\n<meta name=\"twitter:label1\" content=\"Dur\u00e9e de lecture estim\u00e9e\" \/>\n\t<meta name=\"twitter:data1\" content=\"1 minute\" \/>\n<script type=\"application\/ld+json\" class=\"yoast-schema-graph\">{\"@context\":\"https:\\\/\\\/schema.org\",\"@graph\":[{\"@type\":\"WebPage\",\"@id\":\"https:\\\/\\\/fencing.ca\\\/fr\\\/representante-des-athletes-de-la-fce\\\/\",\"url\":\"https:\\\/\\\/fencing.ca\\\/fr\\\/representante-des-athletes-de-la-fce\\\/\",\"name\":\"Conseil des athl\u00e8tes de la FCE - Canadian Fencing Federation\",\"isPartOf\":{\"@id\":\"https:\\\/\\\/fencing.ca\\\/#website\"},\"datePublished\":\"2023-05-10T16:15:13+00:00\",\"dateModified\":\"2025-10-03T16:53:41+00:00\",\"breadcrumb\":{\"@id\":\"https:\\\/\\\/fencing.ca\\\/fr\\\/representante-des-athletes-de-la-fce\\\/#breadcrumb\"},\"inLanguage\":\"fr-FR\",\"potentialAction\":[{\"@type\":\"ReadAction\",\"target\":[\"https:\\\/\\\/fencing.ca\\\/fr\\\/representante-des-athletes-de-la-fce\\\/\"]}]},{\"@type\":\"BreadcrumbList\",\"@id\":\"https:\\\/\\\/fencing.ca\\\/fr\\\/representante-des-athletes-de-la-fce\\\/#breadcrumb\",\"itemListElement\":[{\"@type\":\"ListItem\",\"position\":1,\"name\":\"Home\",\"item\":\"https:\\\/\\\/fencing.ca\\\/fr\\\/\"},{\"@type\":\"ListItem\",\"position\":2,\"name\":\"Conseil des athl\u00e8tes de la FCE\"}]},{\"@type\":\"WebSite\",\"@id\":\"https:\\\/\\\/fencing.ca\\\/#website\",\"url\":\"https:\\\/\\\/fencing.ca\\\/\",\"name\":\"Canadian Fencing Federation\",\"description\":\"Fencing Canada\",\"potentialAction\":[{\"@type\":\"SearchAction\",\"target\":{\"@type\":\"EntryPoint\",\"urlTemplate\":\"https:\\\/\\\/fencing.ca\\\/?s={search_term_string}\"},\"query-input\":{\"@type\":\"PropertyValueSpecification\",\"valueRequired\":true,\"valueName\":\"search_term_string\"}}],\"inLanguage\":\"fr-FR\"}]}<\/script>\n<!-- \/ Yoast SEO plugin. -->","yoast_head_json":{"title":"Conseil des athl\u00e8tes de la FCE - Canadian Fencing Federation","robots":{"index":"index","follow":"follow","max-snippet":"max-snippet:-1","max-image-preview":"max-image-preview:large","max-video-preview":"max-video-preview:-1"},"canonical":"https:\/\/fencing.ca\/fr\/representante-des-athletes-de-la-fce\/","og_locale":"fr_FR","og_type":"article","og_title":"Conseil des athl\u00e8tes de la FCE - Canadian Fencing Federation","og_description":"La FCE a \u00e9tabli un Conseil des athl\u00e8tes. Les repr\u00e9sentants des athl\u00e8tes pour chaque programme sont les suivants : Pr\u00e9sident et repr\u00e9sentant des athl\u00e8tes au conseil d&rsquo;administration &#8211; Shaul Gordon [&hellip;]","og_url":"https:\/\/fencing.ca\/fr\/representante-des-athletes-de-la-fce\/","og_site_name":"Canadian Fencing Federation","article_modified_time":"2025-10-03T16:53:41+00:00","twitter_card":"summary_large_image","twitter_misc":{"Dur\u00e9e de lecture estim\u00e9e":"1 minute"},"schema":{"@context":"https:\/\/schema.org","@graph":[{"@type":"WebPage","@id":"https:\/\/fencing.ca\/fr\/representante-des-athletes-de-la-fce\/","url":"https:\/\/fencing.ca\/fr\/representante-des-athletes-de-la-fce\/","name":"Conseil des athl\u00e8tes de la FCE - Canadian Fencing Federation","isPartOf":{"@id":"https:\/\/fencing.ca\/#website"},"datePublished":"2023-05-10T16:15:13+00:00","dateModified":"2025-10-03T16:53:41+00:00","breadcrumb":{"@id":"https:\/\/fencing.ca\/fr\/representante-des-athletes-de-la-fce\/#breadcrumb"},"inLanguage":"fr-FR","potentialAction":[{"@type":"ReadAction","target":["https:\/\/fencing.ca\/fr\/representante-des-athletes-de-la-fce\/"]}]},{"@type":"BreadcrumbList","@id":"https:\/\/fencing.ca\/fr\/representante-des-athletes-de-la-fce\/#breadcrumb","itemListElement":[{"@type":"ListItem","position":1,"name":"Home","item":"https:\/\/fencing.ca\/fr\/"},{"@type":"ListItem","position":2,"name":"Conseil des athl\u00e8tes de la FCE"}]},{"@type":"WebSite","@id":"https:\/\/fencing.ca\/#website","url":"https:\/\/fencing.ca\/","name":"Canadian Fencing Federation","description":"Fencing Canada","potentialAction":[{"@type":"SearchAction","target":{"@type":"EntryPoint","urlTemplate":"https:\/\/fencing.ca\/?s={search_term_string}"},"query-input":{"@type":"PropertyValueSpecification","valueRequired":true,"valueName":"search_term_string"}}],"inLanguage":"fr-FR"}]}},"_links":{"self":[{"href":"https:\/\/fencing.ca\/fr\/wp-json\/wp\/v2\/pages\/40027","targetHints":{"allow":["GET"]}}],"collection":[{"href":"https:\/\/fencing.ca\/fr\/wp-json\/wp\/v2\/pages"}],"about":[{"href":"https:\/\/fencing.ca\/fr\/wp-json\/wp\/v2\/types\/page"}],"author":[{"embeddable":true,"href":"https:\/\/fencing.ca\/fr\/wp-json\/wp\/v2\/users\/4"}],"replies":[{"embeddable":true,"href":"https:\/\/fencing.ca\/fr\/wp-json\/wp\/v2\/comments?post=40027"}],"version-history":[{"count":5,"href":"https:\/\/fencing.ca\/fr\/wp-json\/wp\/v2\/pages\/40027\/revisions"}],"predecessor-version":[{"id":45498,"href":"https:\/\/fencing.ca\/fr\/wp-json\/wp\/v2\/pages\/40027\/revisions\/45498"}],"wp:attachment":[{"href":"https:\/\/fencing.ca\/fr\/wp-json\/wp\/v2\/media?parent=40027"}],"curies":[{"name":"wp","href":"https:\/\/api.w.org\/{rel}","templated":true}]}}