{"id":421,"date":"2013-07-05T14:02:11","date_gmt":"2016-06-27T21:41:14","guid":{"rendered":""},"modified":"2025-01-27T13:41:14","modified_gmt":"2025-01-27T18:41:14","slug":"staff","status":"publish","type":"page","link":"https:\/\/fencing.ca\/fr\/staff\/","title":{"rendered":"Staff"},"content":{"rendered":"<div class=\"br_cont_st_col_row clearfix\">\n<div class=\"br_cont_st_col clearfix\">\n<div class=\"br_cont_st clearfix\">\n<div class=\"img_wr\">\n<h2><img fetchpriority=\"high\" decoding=\"async\" class=\"alignnone wp-image-29436 size-thumbnail\" src=\"https:\/\/fencing.ca\/wp-content\/uploads\/David-Edited-300x300.png\" alt=\"David Howes\" width=\"300\" height=\"300\" srcset=\"https:\/\/fencing.ca\/wp-content\/uploads\/David-Edited-300x300.png 300w, https:\/\/fencing.ca\/wp-content\/uploads\/David-Edited-500x500.png 500w, https:\/\/fencing.ca\/wp-content\/uploads\/David-Edited-100x100.png 100w, https:\/\/fencing.ca\/wp-content\/uploads\/David-Edited.png 526w\" sizes=\"(max-width: 300px) 100vw, 300px\" \/><\/h2>\n<h2>DAVID HOWES<\/h2>\n<p><span style=\"font-size: 16px;\">Directeur ex\u00e9cutif\/Directeur technique<\/span><br \/>\n<a style=\"font-size: 16px;\" href=\"mailto:ed@fencing.ca\">ed@fencing.ca<\/a><\/p>\n<\/div>\n<\/div>\n<\/div>\n<div class=\"br_cont_st_col_row clearfix\">\n<div class=\"br_cont_st_col_row clearfix\">\n<div class=\"br_cont_st_col clearfix\">\n<div class=\"br_cont_st clearfix\">\n<div class=\"img_wr\">\n<h2><img decoding=\"async\" class=\"alignnone wp-image-39287 size-full\" src=\"https:\/\/fencing.ca\/wp-content\/uploads\/CJM6701-3_JPG.png\" alt=\"\" width=\"300\" height=\"300\" srcset=\"https:\/\/fencing.ca\/wp-content\/uploads\/CJM6701-3_JPG.png 300w, https:\/\/fencing.ca\/wp-content\/uploads\/CJM6701-3_JPG-100x100.png 100w\" sizes=\"(max-width: 300px) 100vw, 300px\" \/><\/h2>\n<h2><span lang=\"FR-CA\">Igor Gantsevich<\/span><\/h2>\n<p><span lang=\"FR-CA\">Directeur de la haute performance<\/span>r<br \/>\n<a href=\"mailto:hpd@fencing.ca\" target=\"_blank\" rel=\"noopener\"><span lang=\"FR-CA\">hpd@fencing.ca<\/span><\/a><\/p>\n<\/div>\n<\/div>\n<\/div>\n<div class=\"br_cont_st_col_row clearfix\">\n<div class=\"br_cont_st_col clearfix\">\n<div class=\"br_cont_st clearfix\">\n<div class=\"img_wr\">\n<h2><a href=\"https:\/\/fencing.ca\/staff\/2023headshot\/\" rel=\"attachment wp-att-44204\"><img decoding=\"async\" class=\"alignleft wp-image-44204\" src=\"https:\/\/fencing.ca\/wp-content\/uploads\/2023Headshot.png\" alt=\"\" width=\"257\" height=\"299\" \/><\/a><\/h2>\n<h2><\/h2>\n<h2><\/h2>\n<h2><\/h2>\n<h2><\/h2>\n<h2><\/h2>\n<h2><\/h2>\n<h2><span lang=\"FR-CA\">Maureen Griffin<\/span><\/h2>\n<p><span lang=\"FR-CA\">Coordinatrice de la haute performance et des services aux membres<\/span><br \/>\n<a href=\"mailto:hpc@fencing.ca\" target=\"_blank\" rel=\"noopener\"><span lang=\"FR-CA\">hpc@fencing.ca<\/span><\/a><\/p>\n<\/div>\n<\/div>\n<\/div>\n<div class=\"br_cont_st_col clearfix\">\n<div class=\"br_cont_st clearfix\">\n<div class=\"img_wr\">\n<h2><img loading=\"lazy\" decoding=\"async\" class=\"alignnone wp-image-29440 size-thumbnail\" src=\"https:\/\/fencing.ca\/wp-content\/uploads\/Patrice-Edited-300x300.png\" alt=\"Patrice Duclos\" width=\"300\" height=\"300\" srcset=\"https:\/\/fencing.ca\/wp-content\/uploads\/Patrice-Edited-300x300.png 300w, https:\/\/fencing.ca\/wp-content\/uploads\/Patrice-Edited-100x100.png 100w\" sizes=\"(max-width: 300px) 100vw, 300px\" \/><\/h2>\n<h2>Patrice Duclos<\/h2>\n<p>Leader du programme d\u2019escrime handisport<br \/>\n<a href=\"mailto:paraleader@fencing.ca\">paraleader@fencing.ca<\/a><\/p>\n<\/div>\n<\/div>\n<\/div>\n<div class=\"br_cont_st_col clearfix\">\n<div class=\"br_cont_st clearfix\">\n<div class=\"img_wr\">\n<h2><a href=\"https:\/\/fencing.ca\/staff\/alex-martin\/\" rel=\"attachment wp-att-44662\"><img loading=\"lazy\" decoding=\"async\" class=\"alignleft size-full wp-image-44662\" src=\"https:\/\/fencing.ca\/wp-content\/uploads\/Alex-Martin.jpg\" alt=\"\" width=\"360\" height=\"286\" \/><\/a><\/h2>\n<h2>Alex Martin<\/h2>\n<p>Entra\u00eeneur national du fleuret f\u00e9minin<\/p>\n<\/div>\n<\/div>\n<\/div>\n<div class=\"br_cont_st_col clearfix\">\n<div class=\"br_cont_st clearfix\">\n<div class=\"img_wr\">\n<h2><a href=\"https:\/\/fencing.ca\/staff\/creation-sans-titre-1\/\" rel=\"attachment wp-att-44666\"><img loading=\"lazy\" decoding=\"async\" class=\"alignleft size-medium wp-image-44666\" src=\"https:\/\/fencing.ca\/wp-content\/uploads\/Arthur-Zatko-500x500.jpg\" alt=\"\" width=\"500\" height=\"500\" \/><\/a><\/h2>\n<h2>Arthur Zatko<\/h2>\n<p>Entra\u00eeneur national du sabre masculin<\/p>\n<\/div>\n<\/div>\n<\/div>\n<div class=\"br_cont_st_col clearfix\">\n<div class=\"br_cont_st clearfix\">\n<div class=\"img_wr\">\n<h2><a href=\"https:\/\/fencing.ca\/staff\/ayach-bounachada-2\/\" rel=\"attachment wp-att-44676\"><img loading=\"lazy\" decoding=\"async\" class=\"alignleft size-full wp-image-44676\" src=\"https:\/\/fencing.ca\/wp-content\/uploads\/Ayach-Bounachada-1-e1738000777532.jpg\" alt=\"\" width=\"390\" height=\"388\" \/><\/a><\/h2>\n<h2>Ayach Bounachada<\/h2>\n<p>Co-entra\u00eeneur national du sabre f\u00e9minin<\/p>\n<\/div>\n<\/div>\n<\/div>\n<div class=\"br_cont_st_col clearfix\">\n<div class=\"br_cont_st clearfix\">\n<div class=\"img_wr\">\n<h2><a href=\"https:\/\/fencing.ca\/staff\/varsity-fencing-2\/\" rel=\"attachment wp-att-44670\"><img loading=\"lazy\" decoding=\"async\" class=\"alignleft size-medium wp-image-44670\" src=\"https:\/\/fencing.ca\/wp-content\/uploads\/Howes_patricia-333x500.jpg\" alt=\"\" width=\"333\" height=\"500\" srcset=\"https:\/\/fencing.ca\/wp-content\/uploads\/Howes_patricia-333x500.jpg 333w, https:\/\/fencing.ca\/wp-content\/uploads\/Howes_patricia.jpg 600w\" sizes=\"(max-width: 333px) 100vw, 333px\" \/><\/a><\/h2>\n<h2>Patricia Howes<\/h2>\n<p>Co-entra\u00eeneur national du sabre f\u00e9minin<\/p>\n<\/div>\n<\/div>\n<\/div>\n<div class=\"br_cont_st_col clearfix\">\n<div class=\"br_cont_st clearfix\">\n<div class=\"img_wr\">\n<h2><a href=\"https:\/\/fencing.ca\/staff\/sherraine-schalm\/\" rel=\"attachment wp-att-44668\"><img loading=\"lazy\" decoding=\"async\" class=\"alignleft size-full wp-image-44668\" src=\"https:\/\/fencing.ca\/wp-content\/uploads\/Sherraine-Schalm.jpg\" alt=\"\" width=\"409\" height=\"409\" srcset=\"https:\/\/fencing.ca\/wp-content\/uploads\/Sherraine-Schalm.jpg 409w, https:\/\/fencing.ca\/wp-content\/uploads\/Sherraine-Schalm-300x300.jpg 300w, https:\/\/fencing.ca\/wp-content\/uploads\/Sherraine-Schalm-100x100.jpg 100w\" sizes=\"(max-width: 409px) 100vw, 409px\" \/><\/a><\/h2>\n<h2>Sherraine Schalm<\/h2>\n<p>Entra\u00eeneur national de l&rsquo;\u00e9p\u00e9e f\u00e9minine<\/p>\n<\/div>\n<\/div>\n<\/div>\n<\/div>\n<div class=\"br_cont_st_col clearfix\">\n<div class=\"br_cont_st clearfix\">\n<div class=\"img_wr\">\n<h2><a href=\"https:\/\/fencing.ca\/staff\/stavissky_simon-2\/\" rel=\"attachment wp-att-44674\"><img loading=\"lazy\" decoding=\"async\" class=\"alignleft size-full wp-image-44674\" src=\"https:\/\/fencing.ca\/wp-content\/uploads\/Stavissky_Simon-1.jpg\" alt=\"\" width=\"432\" height=\"438\" srcset=\"https:\/\/fencing.ca\/wp-content\/uploads\/Stavissky_Simon-1.jpg 432w, https:\/\/fencing.ca\/wp-content\/uploads\/Stavissky_Simon-1-100x100.jpg 100w\" sizes=\"(max-width: 432px) 100vw, 432px\" \/><\/a><\/h2>\n<h2>Simon Stavissky<\/h2>\n<p>Entra\u00eeneur national du fleuret masculin<\/p>\n<\/div>\n<\/div>\n<\/div>\n<div class=\"br_cont_st_col clearfix\">\n<div class=\"br_cont_st clearfix\">\n<div class=\"img_wr\">\n<h2><a href=\"https:\/\/fencing.ca\/staff\/victor-gantsevich\/\" rel=\"attachment wp-att-44664\"><img loading=\"lazy\" decoding=\"async\" class=\"alignleft size-full wp-image-44664\" src=\"https:\/\/fencing.ca\/wp-content\/uploads\/Victor-Gantsevich.jpg\" alt=\"\" width=\"368\" height=\"282\" \/><\/a><\/p>\n<h2>Victor Gantsevich<\/h2>\n<p>Entra\u00eeneur national de l&rsquo;\u00e9p\u00e9e masculine<\/p>\n<\/div>\n<\/div>\n<\/div>\n","protected":false},"excerpt":{"rendered":"<p>DAVID HOWES Directeur ex\u00e9cutif\/Directeur technique ed@fencing.ca Igor Gantsevich Directeur de la haute performancer hpd@fencing.ca Maureen Griffin Coordinatrice de la haute performance et des services aux membres hpc@fencing.ca Patrice Duclos Leader [&hellip;]<\/p>\n","protected":false},"author":1,"featured_media":0,"parent":0,"menu_order":0,"comment_status":"closed","ping_status":"closed","template":"","meta":{"_acf_changed":false,"footnotes":""},"class_list":["post-421","page","type-page","status-publish","hentry"],"acf":[],"yoast_head":"<!-- This site is optimized with the Yoast SEO plugin v27.3 - https:\/\/yoast.com\/product\/yoast-seo-wordpress\/ -->\n<title>Staff - Canadian Fencing Federation<\/title>\n<meta name=\"robots\" content=\"index, follow, max-snippet:-1, max-image-preview:large, max-video-preview:-1\" \/>\n<link rel=\"canonical\" href=\"https:\/\/fencing.ca\/fr\/staff\/\" \/>\n<meta property=\"og:locale\" content=\"fr_FR\" \/>\n<meta property=\"og:type\" content=\"article\" \/>\n<meta property=\"og:title\" content=\"Staff - Canadian Fencing Federation\" \/>\n<meta property=\"og:description\" content=\"DAVID HOWES Directeur ex\u00e9cutif\/Directeur technique ed@fencing.ca Igor Gantsevich Directeur de la haute performancer hpd@fencing.ca Maureen Griffin Coordinatrice de la haute performance et des services aux membres hpc@fencing.ca Patrice Duclos Leader [&hellip;]\" \/>\n<meta property=\"og:url\" content=\"https:\/\/fencing.ca\/fr\/staff\/\" \/>\n<meta property=\"og:site_name\" content=\"Canadian Fencing Federation\" \/>\n<meta property=\"article:modified_time\" content=\"2025-01-27T18:41:14+00:00\" \/>\n<meta property=\"og:image\" content=\"https:\/\/fencing.ca\/wp-content\/uploads\/David-Edited.png\" \/>\n\t<meta property=\"og:image:width\" content=\"526\" \/>\n\t<meta property=\"og:image:height\" content=\"526\" \/>\n\t<meta property=\"og:image:type\" content=\"image\/png\" \/>\n<meta name=\"twitter:card\" content=\"summary_large_image\" \/>\n<meta name=\"twitter:label1\" content=\"Dur\u00e9e de lecture estim\u00e9e\" \/>\n\t<meta name=\"twitter:data1\" content=\"1 minute\" \/>\n<script type=\"application\/ld+json\" class=\"yoast-schema-graph\">{\"@context\":\"https:\\\/\\\/schema.org\",\"@graph\":[{\"@type\":\"WebPage\",\"@id\":\"https:\\\/\\\/fencing.ca\\\/fr\\\/staff\\\/\",\"url\":\"https:\\\/\\\/fencing.ca\\\/fr\\\/staff\\\/\",\"name\":\"Staff - Canadian Fencing Federation\",\"isPartOf\":{\"@id\":\"https:\\\/\\\/fencing.ca\\\/#website\"},\"primaryImageOfPage\":{\"@id\":\"https:\\\/\\\/fencing.ca\\\/fr\\\/staff\\\/#primaryimage\"},\"image\":{\"@id\":\"https:\\\/\\\/fencing.ca\\\/fr\\\/staff\\\/#primaryimage\"},\"thumbnailUrl\":\"https:\\\/\\\/fencing.ca\\\/wp-content\\\/uploads\\\/David-Edited-300x300.png\",\"datePublished\":\"2016-06-27T21:41:14+00:00\",\"dateModified\":\"2025-01-27T18:41:14+00:00\",\"breadcrumb\":{\"@id\":\"https:\\\/\\\/fencing.ca\\\/fr\\\/staff\\\/#breadcrumb\"},\"inLanguage\":\"fr-FR\",\"potentialAction\":[{\"@type\":\"ReadAction\",\"target\":[\"https:\\\/\\\/fencing.ca\\\/fr\\\/staff\\\/\"]}]},{\"@type\":\"ImageObject\",\"inLanguage\":\"fr-FR\",\"@id\":\"https:\\\/\\\/fencing.ca\\\/fr\\\/staff\\\/#primaryimage\",\"url\":\"https:\\\/\\\/fencing.ca\\\/wp-content\\\/uploads\\\/David-Edited-300x300.png\",\"contentUrl\":\"https:\\\/\\\/fencing.ca\\\/wp-content\\\/uploads\\\/David-Edited-300x300.png\"},{\"@type\":\"BreadcrumbList\",\"@id\":\"https:\\\/\\\/fencing.ca\\\/fr\\\/staff\\\/#breadcrumb\",\"itemListElement\":[{\"@type\":\"ListItem\",\"position\":1,\"name\":\"Home\",\"item\":\"https:\\\/\\\/fencing.ca\\\/fr\\\/\"},{\"@type\":\"ListItem\",\"position\":2,\"name\":\"Staff\"}]},{\"@type\":\"WebSite\",\"@id\":\"https:\\\/\\\/fencing.ca\\\/#website\",\"url\":\"https:\\\/\\\/fencing.ca\\\/\",\"name\":\"Canadian Fencing Federation\",\"description\":\"Fencing Canada\",\"potentialAction\":[{\"@type\":\"SearchAction\",\"target\":{\"@type\":\"EntryPoint\",\"urlTemplate\":\"https:\\\/\\\/fencing.ca\\\/?s={search_term_string}\"},\"query-input\":{\"@type\":\"PropertyValueSpecification\",\"valueRequired\":true,\"valueName\":\"search_term_string\"}}],\"inLanguage\":\"fr-FR\"}]}<\/script>\n<!-- \/ Yoast SEO plugin. -->","yoast_head_json":{"title":"Staff - Canadian Fencing Federation","robots":{"index":"index","follow":"follow","max-snippet":"max-snippet:-1","max-image-preview":"max-image-preview:large","max-video-preview":"max-video-preview:-1"},"canonical":"https:\/\/fencing.ca\/fr\/staff\/","og_locale":"fr_FR","og_type":"article","og_title":"Staff - Canadian Fencing Federation","og_description":"DAVID HOWES Directeur ex\u00e9cutif\/Directeur technique ed@fencing.ca Igor Gantsevich Directeur de la haute performancer hpd@fencing.ca Maureen Griffin Coordinatrice de la haute performance et des services aux membres hpc@fencing.ca Patrice Duclos Leader [&hellip;]","og_url":"https:\/\/fencing.ca\/fr\/staff\/","og_site_name":"Canadian Fencing Federation","article_modified_time":"2025-01-27T18:41:14+00:00","og_image":[{"width":526,"height":526,"url":"https:\/\/fencing.ca\/wp-content\/uploads\/David-Edited.png","type":"image\/png"}],"twitter_card":"summary_large_image","twitter_misc":{"Dur\u00e9e de lecture estim\u00e9e":"1 minute"},"schema":{"@context":"https:\/\/schema.org","@graph":[{"@type":"WebPage","@id":"https:\/\/fencing.ca\/fr\/staff\/","url":"https:\/\/fencing.ca\/fr\/staff\/","name":"Staff - Canadian Fencing Federation","isPartOf":{"@id":"https:\/\/fencing.ca\/#website"},"primaryImageOfPage":{"@id":"https:\/\/fencing.ca\/fr\/staff\/#primaryimage"},"image":{"@id":"https:\/\/fencing.ca\/fr\/staff\/#primaryimage"},"thumbnailUrl":"https:\/\/fencing.ca\/wp-content\/uploads\/David-Edited-300x300.png","datePublished":"2016-06-27T21:41:14+00:00","dateModified":"2025-01-27T18:41:14+00:00","breadcrumb":{"@id":"https:\/\/fencing.ca\/fr\/staff\/#breadcrumb"},"inLanguage":"fr-FR","potentialAction":[{"@type":"ReadAction","target":["https:\/\/fencing.ca\/fr\/staff\/"]}]},{"@type":"ImageObject","inLanguage":"fr-FR","@id":"https:\/\/fencing.ca\/fr\/staff\/#primaryimage","url":"https:\/\/fencing.ca\/wp-content\/uploads\/David-Edited-300x300.png","contentUrl":"https:\/\/fencing.ca\/wp-content\/uploads\/David-Edited-300x300.png"},{"@type":"BreadcrumbList","@id":"https:\/\/fencing.ca\/fr\/staff\/#breadcrumb","itemListElement":[{"@type":"ListItem","position":1,"name":"Home","item":"https:\/\/fencing.ca\/fr\/"},{"@type":"ListItem","position":2,"name":"Staff"}]},{"@type":"WebSite","@id":"https:\/\/fencing.ca\/#website","url":"https:\/\/fencing.ca\/","name":"Canadian Fencing Federation","description":"Fencing Canada","potentialAction":[{"@type":"SearchAction","target":{"@type":"EntryPoint","urlTemplate":"https:\/\/fencing.ca\/?s={search_term_string}"},"query-input":{"@type":"PropertyValueSpecification","valueRequired":true,"valueName":"search_term_string"}}],"inLanguage":"fr-FR"}]}},"_links":{"self":[{"href":"https:\/\/fencing.ca\/fr\/wp-json\/wp\/v2\/pages\/421","targetHints":{"allow":["GET"]}}],"collection":[{"href":"https:\/\/fencing.ca\/fr\/wp-json\/wp\/v2\/pages"}],"about":[{"href":"https:\/\/fencing.ca\/fr\/wp-json\/wp\/v2\/types\/page"}],"author":[{"embeddable":true,"href":"https:\/\/fencing.ca\/fr\/wp-json\/wp\/v2\/users\/1"}],"replies":[{"embeddable":true,"href":"https:\/\/fencing.ca\/fr\/wp-json\/wp\/v2\/comments?post=421"}],"version-history":[{"count":5,"href":"https:\/\/fencing.ca\/fr\/wp-json\/wp\/v2\/pages\/421\/revisions"}],"predecessor-version":[{"id":44681,"href":"https:\/\/fencing.ca\/fr\/wp-json\/wp\/v2\/pages\/421\/revisions\/44681"}],"wp:attachment":[{"href":"https:\/\/fencing.ca\/fr\/wp-json\/wp\/v2\/media?parent=421"}],"curies":[{"name":"wp","href":"https:\/\/api.w.org\/{rel}","templated":true}]}}