{"id":444,"date":"2013-07-18T09:39:23","date_gmt":"2016-06-27T21:41:14","guid":{"rendered":""},"modified":"2024-04-12T14:34:23","modified_gmt":"2024-04-12T18:34:23","slug":"organisateurs-de-competitions-domestiques","status":"publish","type":"page","link":"https:\/\/fencing.ca\/fr\/organisateurs-de-competitions-domestiques\/","title":{"rendered":"Organisateurs de comp\u00e9titions domestiques"},"content":{"rendered":"<p><a href=\"https:\/\/eventsquare-tm-prod.s3.amazonaws.com\/reports\/membership_app\/organization\/b89bce7f35b5eef3c9993ba8fac1d501d8c26dda\/static\/fencing-canada-membership-validation-2023-2024.csv\">Fichier de validation des membres de la FCE<\/a><\/p>\n<p><a href=\"http:\/\/fencing.ca\/\/wp-content\/documents\/policies\/competitions\/domestic_competition_procedures_mar_2010_rev_fr.pdf\">Proc\u00e9dure pour les organisateurs de comp\u00e9titions canadiennes domestiques<\/a><\/p>\n<p><a href=\"http:\/\/fencing.ca\/\/\/wp-content\/documents\/policies\/competitions\/cff_domestic_competitions_payment_policy_rev_mar_2010_fr.pdf\">Politique de paiement pour les comp\u00e9titions domestiques canadiennes de la FCE<\/a><\/p>\n<p><a href=\"http:\/\/fencing.ca\/\/wp-content\/documents\/cff_rules_and_regulations_download.pdf\">les Statuts et r\u00e8glements en ce qui concerne les formules de comp\u00e9tition et les crit\u00e8res de classement<\/a><\/p>\n<p><a href=\"https:\/\/2mev.com\/#!\/events\/5223-cff-tournament-sanction\">Formulaire \u00eatre utilis\u00e9 pour une demande de sanction<\/a><\/p>\n<p><strong>Les r\u00e9sultats des comp\u00e9titions doivent \u00eatre transmis \u00e0 l&rsquo;association provinciale<\/strong><\/p>\n<p><a href=\"https:\/\/fencing.ca\/rankings-and-classifications\/\">Classements canadiens<\/a><\/p>\n<p><a href=\"http:\/\/fencing.ca\/\/\/fr\/content\/fonctions-du-logiciel-engarde\">Fonctions du logiciel Engarde<\/a><\/p>\n<p><a href=\"\/wp-content\/documents\/veterans\/2015_veterans_rules_competition_fr.pdf\">R\u00e8glement des comp\u00e9titions pour v\u00e9t\u00e9rans<\/a><\/p>\n","protected":false},"excerpt":{"rendered":"<p>Fichier de validation des membres de la FCE Proc\u00e9dure pour les organisateurs de comp\u00e9titions canadiennes domestiques Politique de paiement pour les comp\u00e9titions domestiques canadiennes de la FCE les Statuts et [&hellip;]<\/p>\n","protected":false},"author":1,"featured_media":0,"parent":0,"menu_order":0,"comment_status":"closed","ping_status":"closed","template":"","meta":{"_acf_changed":false,"footnotes":""},"class_list":["post-444","page","type-page","status-publish","hentry"],"acf":[],"yoast_head":"<!-- This site is optimized with the Yoast SEO plugin v27.3 - https:\/\/yoast.com\/product\/yoast-seo-wordpress\/ -->\n<title>Organisateurs de comp\u00e9titions domestiques - Canadian Fencing Federation<\/title>\n<meta name=\"robots\" content=\"index, follow, max-snippet:-1, max-image-preview:large, max-video-preview:-1\" \/>\n<link rel=\"canonical\" href=\"https:\/\/fencing.ca\/fr\/organisateurs-de-competitions-domestiques\/\" \/>\n<meta property=\"og:locale\" content=\"fr_FR\" \/>\n<meta property=\"og:type\" content=\"article\" \/>\n<meta property=\"og:title\" content=\"Organisateurs de comp\u00e9titions domestiques - Canadian Fencing Federation\" \/>\n<meta property=\"og:description\" content=\"Fichier de validation des membres de la FCE Proc\u00e9dure pour les organisateurs de comp\u00e9titions canadiennes domestiques Politique de paiement pour les comp\u00e9titions domestiques canadiennes de la FCE les Statuts et [&hellip;]\" \/>\n<meta property=\"og:url\" content=\"https:\/\/fencing.ca\/fr\/organisateurs-de-competitions-domestiques\/\" \/>\n<meta property=\"og:site_name\" content=\"Canadian Fencing Federation\" \/>\n<meta property=\"article:modified_time\" content=\"2024-04-12T18:34:23+00:00\" \/>\n<meta name=\"twitter:card\" content=\"summary_large_image\" \/>\n<meta name=\"twitter:label1\" content=\"Dur\u00e9e de lecture estim\u00e9e\" \/>\n\t<meta name=\"twitter:data1\" content=\"1 minute\" \/>\n<script type=\"application\/ld+json\" class=\"yoast-schema-graph\">{\"@context\":\"https:\\\/\\\/schema.org\",\"@graph\":[{\"@type\":\"WebPage\",\"@id\":\"https:\\\/\\\/fencing.ca\\\/fr\\\/organisateurs-de-competitions-domestiques\\\/\",\"url\":\"https:\\\/\\\/fencing.ca\\\/fr\\\/organisateurs-de-competitions-domestiques\\\/\",\"name\":\"Organisateurs de comp\u00e9titions domestiques - Canadian Fencing Federation\",\"isPartOf\":{\"@id\":\"https:\\\/\\\/fencing.ca\\\/#website\"},\"datePublished\":\"2016-06-27T21:41:14+00:00\",\"dateModified\":\"2024-04-12T18:34:23+00:00\",\"breadcrumb\":{\"@id\":\"https:\\\/\\\/fencing.ca\\\/fr\\\/organisateurs-de-competitions-domestiques\\\/#breadcrumb\"},\"inLanguage\":\"fr-FR\",\"potentialAction\":[{\"@type\":\"ReadAction\",\"target\":[\"https:\\\/\\\/fencing.ca\\\/fr\\\/organisateurs-de-competitions-domestiques\\\/\"]}]},{\"@type\":\"BreadcrumbList\",\"@id\":\"https:\\\/\\\/fencing.ca\\\/fr\\\/organisateurs-de-competitions-domestiques\\\/#breadcrumb\",\"itemListElement\":[{\"@type\":\"ListItem\",\"position\":1,\"name\":\"Home\",\"item\":\"https:\\\/\\\/fencing.ca\\\/fr\\\/\"},{\"@type\":\"ListItem\",\"position\":2,\"name\":\"Organisateurs de comp\u00e9titions domestiques\"}]},{\"@type\":\"WebSite\",\"@id\":\"https:\\\/\\\/fencing.ca\\\/#website\",\"url\":\"https:\\\/\\\/fencing.ca\\\/\",\"name\":\"Canadian Fencing Federation\",\"description\":\"Fencing Canada\",\"potentialAction\":[{\"@type\":\"SearchAction\",\"target\":{\"@type\":\"EntryPoint\",\"urlTemplate\":\"https:\\\/\\\/fencing.ca\\\/?s={search_term_string}\"},\"query-input\":{\"@type\":\"PropertyValueSpecification\",\"valueRequired\":true,\"valueName\":\"search_term_string\"}}],\"inLanguage\":\"fr-FR\"}]}<\/script>\n<!-- \/ Yoast SEO plugin. -->","yoast_head_json":{"title":"Organisateurs de comp\u00e9titions domestiques - Canadian Fencing Federation","robots":{"index":"index","follow":"follow","max-snippet":"max-snippet:-1","max-image-preview":"max-image-preview:large","max-video-preview":"max-video-preview:-1"},"canonical":"https:\/\/fencing.ca\/fr\/organisateurs-de-competitions-domestiques\/","og_locale":"fr_FR","og_type":"article","og_title":"Organisateurs de comp\u00e9titions domestiques - Canadian Fencing Federation","og_description":"Fichier de validation des membres de la FCE Proc\u00e9dure pour les organisateurs de comp\u00e9titions canadiennes domestiques Politique de paiement pour les comp\u00e9titions domestiques canadiennes de la FCE les Statuts et [&hellip;]","og_url":"https:\/\/fencing.ca\/fr\/organisateurs-de-competitions-domestiques\/","og_site_name":"Canadian Fencing Federation","article_modified_time":"2024-04-12T18:34:23+00:00","twitter_card":"summary_large_image","twitter_misc":{"Dur\u00e9e de lecture estim\u00e9e":"1 minute"},"schema":{"@context":"https:\/\/schema.org","@graph":[{"@type":"WebPage","@id":"https:\/\/fencing.ca\/fr\/organisateurs-de-competitions-domestiques\/","url":"https:\/\/fencing.ca\/fr\/organisateurs-de-competitions-domestiques\/","name":"Organisateurs de comp\u00e9titions domestiques - Canadian Fencing Federation","isPartOf":{"@id":"https:\/\/fencing.ca\/#website"},"datePublished":"2016-06-27T21:41:14+00:00","dateModified":"2024-04-12T18:34:23+00:00","breadcrumb":{"@id":"https:\/\/fencing.ca\/fr\/organisateurs-de-competitions-domestiques\/#breadcrumb"},"inLanguage":"fr-FR","potentialAction":[{"@type":"ReadAction","target":["https:\/\/fencing.ca\/fr\/organisateurs-de-competitions-domestiques\/"]}]},{"@type":"BreadcrumbList","@id":"https:\/\/fencing.ca\/fr\/organisateurs-de-competitions-domestiques\/#breadcrumb","itemListElement":[{"@type":"ListItem","position":1,"name":"Home","item":"https:\/\/fencing.ca\/fr\/"},{"@type":"ListItem","position":2,"name":"Organisateurs de comp\u00e9titions domestiques"}]},{"@type":"WebSite","@id":"https:\/\/fencing.ca\/#website","url":"https:\/\/fencing.ca\/","name":"Canadian Fencing Federation","description":"Fencing Canada","potentialAction":[{"@type":"SearchAction","target":{"@type":"EntryPoint","urlTemplate":"https:\/\/fencing.ca\/?s={search_term_string}"},"query-input":{"@type":"PropertyValueSpecification","valueRequired":true,"valueName":"search_term_string"}}],"inLanguage":"fr-FR"}]}},"_links":{"self":[{"href":"https:\/\/fencing.ca\/fr\/wp-json\/wp\/v2\/pages\/444","targetHints":{"allow":["GET"]}}],"collection":[{"href":"https:\/\/fencing.ca\/fr\/wp-json\/wp\/v2\/pages"}],"about":[{"href":"https:\/\/fencing.ca\/fr\/wp-json\/wp\/v2\/types\/page"}],"author":[{"embeddable":true,"href":"https:\/\/fencing.ca\/fr\/wp-json\/wp\/v2\/users\/1"}],"replies":[{"embeddable":true,"href":"https:\/\/fencing.ca\/fr\/wp-json\/wp\/v2\/comments?post=444"}],"version-history":[{"count":5,"href":"https:\/\/fencing.ca\/fr\/wp-json\/wp\/v2\/pages\/444\/revisions"}],"predecessor-version":[{"id":43632,"href":"https:\/\/fencing.ca\/fr\/wp-json\/wp\/v2\/pages\/444\/revisions\/43632"}],"wp:attachment":[{"href":"https:\/\/fencing.ca\/fr\/wp-json\/wp\/v2\/media?parent=444"}],"curies":[{"name":"wp","href":"https:\/\/api.w.org\/{rel}","templated":true}]}}