{"id":46333,"date":"2026-01-22T11:02:53","date_gmt":"2026-01-22T16:02:53","guid":{"rendered":"https:\/\/fencing.ca\/?page_id=46333"},"modified":"2026-01-22T11:02:53","modified_gmt":"2026-01-22T16:02:53","slug":"regles-de-conduite-spectateurs","status":"publish","type":"page","link":"https:\/\/fencing.ca\/fr\/regles-de-conduite-spectateurs\/","title":{"rendered":"R\u00e8gles de conduite &#8211; spectateurs"},"content":{"rendered":"<p style=\"font-weight: 400;\"><strong>R\u00e8gles de conduite \u00e0 respecter par les spectateurs lors des comp\u00e9titions d&rsquo;escrime<\/strong><\/p>\n<p style=\"font-weight: 400;\">Afin d&rsquo;assurer un environnement positif, respectueux et s\u00e9curitaire pour tous les participants aux comp\u00e9titions d&rsquo;escrime, tous les spectateurs, y compris les parents, les tuteurs, les amis et le public en g\u00e9n\u00e9ral, sont tenus de respecter ces directives en tout temps. Veuillez \u00e9galement consulter <a href=\"https:\/\/fencing.ca\/safe-sport\/\">la page d&rsquo;information sur la s\u00e9curit\u00e9 dans le sport<\/a> de la FCE et <a href=\"https:\/\/fencing.ca\/wp-content\/uploads\/CFF-Safe-Sport-Policy-Manual-March-29-2023.pdf\">le manuel sur la politique de s\u00e9curit\u00e9 dans le sport<\/a> de la FCE pour plus d&rsquo;informations sur le code de conduite et d&rsquo;\u00e9thique et la politique en mati\u00e8re de discipline et de plaintes.<\/p>\n<ol>\n<li style=\"font-weight: 400;\"><strong> Zone de comp\u00e9tition<\/strong><\/li>\n<\/ol>\n<ul>\n<li>Restez \u00e0 tout moment \u00e0 l&rsquo;ext\u00e9rieur de la zone de comp\u00e9tition d\u00e9sign\u00e9e.<\/li>\n<\/ul>\n<ol start=\"2\">\n<li style=\"font-weight: 400;\"><strong> Respect des athl\u00e8tes<\/strong><\/li>\n<\/ol>\n<ul style=\"font-weight: 400;\">\n<li>Encouragez tous les escrimeurs de mani\u00e8re positive et respectueuse.<\/li>\n<li>Ne criez pas d&rsquo;instructions et ne donnez pas de conseils aux athl\u00e8tes depuis les gradins.<\/li>\n<li>\u00c9vitez les commentaires susceptibles de distraire, d&rsquo;intimider ou de d\u00e9courager un athl\u00e8te.<\/li>\n<\/ul>\n<ol start=\"3\">\n<li style=\"font-weight: 400;\"><strong> Respect des officiels<\/strong><\/li>\n<\/ol>\n<ul style=\"font-weight: 400;\">\n<li>Acceptez les d\u00e9cisions des arbitres sans contestation ni discussion.<\/li>\n<li>Abstenez-vous de toute critique ou d\u00e9sapprobation verbale \u00e0 l&rsquo;\u00e9gard de l&rsquo;arbitrage.<\/li>\n<li>Signalez tout probl\u00e8me par les voies appropri\u00e9es, et non pendant la comp\u00e9tition.<\/li>\n<\/ul>\n<ol start=\"4\">\n<li style=\"font-weight: 400;\"><strong> Respect des autres spectateurs<\/strong><\/li>\n<\/ol>\n<ul style=\"font-weight: 400;\">\n<li>Restez courtois et pr\u00e9venant envers les autres spectateurs.<\/li>\n<li>\u00c9vitez de g\u00eaner la vue, de vous agglutiner dans certaines zones ou d&rsquo;adopter un comportement bruyant ou perturbateur.<\/li>\n<li>Respectez les r\u00e8gles du site concernant les places assises, les places debout et les d\u00e9placements pendant les combats.<\/li>\n<\/ul>\n<ol start=\"5\">\n<li style=\"font-weight: 400;\"><strong> Tol\u00e9rance z\u00e9ro pour les abus et le harc\u00e8lement<\/strong><\/li>\n<\/ol>\n<ul style=\"font-weight: 400;\">\n<li>Aucune forme d&rsquo;abus verbal, de menace, de discrimination ou de harc\u00e8lement envers les athl\u00e8tes, les entra\u00eeneurs, les officiels ou les spectateurs ne sera tol\u00e9r\u00e9e.<\/li>\n<li>Toute infraction peut entra\u00eener l&rsquo;expulsion imm\u00e9diate du site et une interdiction d&rsquo;acc\u00e8s \u00e0 l&rsquo;avenir.<\/li>\n<\/ul>\n<ol start=\"6\">\n<li style=\"font-weight: 400;\"><strong> Photographie et enregistrement vid\u00e9o<\/strong><\/li>\n<\/ol>\n<ul style=\"font-weight: 400;\">\n<li>L&rsquo;enregistrement vid\u00e9o ou la prise de photos des matchs est autoris\u00e9 uniquement depuis les zones r\u00e9serv\u00e9es aux spectateurs et ne doit pas g\u00eaner le d\u00e9roulement de la comp\u00e9tition ni enfreindre les r\u00e8gles de confidentialit\u00e9.<\/li>\n<li>Les photos avec flash sont strictement interdites pendant les combats.<\/li>\n<\/ul>\n<ol start=\"7\">\n<li style=\"font-weight: 400;\"><strong> Jeunes spectateurs<\/strong><\/li>\n<\/ol>\n<ul style=\"font-weight: 400;\">\n<li>Les enfants doivent \u00eatre surveill\u00e9s \u00e0 tout moment.<\/li>\n<li>Il est interdit de courir, de crier ou de jouer dans les zones de comp\u00e9tition.<\/li>\n<\/ul>\n<p style=\"font-weight: 400;\"><strong>Cons\u00e9quences en cas de non-respect de la pr\u00e9sente politique<\/strong><\/p>\n<p style=\"font-weight: 400;\">Toute violation de la pr\u00e9sente politique peut entra\u00eener :<\/p>\n<ul style=\"font-weight: 400;\">\n<li>un avertissement verbal;<\/li>\n<li>l&rsquo;expulsion du site;<\/li>\n<li>une suspension des \u00e9v\u00e9nements futurs;<\/li>\n<li>le renvoi vers l&rsquo;instance dirigeante comp\u00e9tente en mati\u00e8re d&rsquo;escrime pour des mesures disciplinaires suppl\u00e9mentaires.<\/li>\n<\/ul>\n<p style=\"font-weight: 400;\">\n<p style=\"font-weight: 400;\"><strong>Merci de soutenir l&rsquo;escrime et de contribuer \u00e0 cr\u00e9er un environnement respectueux et s\u00fbr.<\/strong><\/p>\n<p style=\"font-weight: 400;\">\n","protected":false},"excerpt":{"rendered":"<p>R\u00e8gles de conduite \u00e0 respecter par les spectateurs lors des comp\u00e9titions d&rsquo;escrime Afin d&rsquo;assurer un environnement positif, respectueux et s\u00e9curitaire pour tous les participants aux comp\u00e9titions d&rsquo;escrime, tous les spectateurs, [&hellip;]<\/p>\n","protected":false},"author":4,"featured_media":0,"parent":0,"menu_order":0,"comment_status":"closed","ping_status":"closed","template":"","meta":{"_acf_changed":false,"footnotes":""},"class_list":["post-46333","page","type-page","status-publish","hentry"],"acf":[],"yoast_head":"<!-- This site is optimized with the Yoast SEO plugin v27.3 - https:\/\/yoast.com\/product\/yoast-seo-wordpress\/ -->\n<title>R\u00e8gles de conduite - spectateurs - Canadian Fencing Federation<\/title>\n<meta name=\"robots\" content=\"index, follow, max-snippet:-1, max-image-preview:large, max-video-preview:-1\" \/>\n<link rel=\"canonical\" href=\"https:\/\/fencing.ca\/fr\/regles-de-conduite-spectateurs\/\" \/>\n<meta property=\"og:locale\" content=\"fr_FR\" \/>\n<meta property=\"og:type\" content=\"article\" \/>\n<meta property=\"og:title\" content=\"R\u00e8gles de conduite - spectateurs - Canadian Fencing Federation\" \/>\n<meta property=\"og:description\" content=\"R\u00e8gles de conduite \u00e0 respecter par les spectateurs lors des comp\u00e9titions d&rsquo;escrime Afin d&rsquo;assurer un environnement positif, respectueux et s\u00e9curitaire pour tous les participants aux comp\u00e9titions d&rsquo;escrime, tous les spectateurs, [&hellip;]\" \/>\n<meta property=\"og:url\" content=\"https:\/\/fencing.ca\/fr\/regles-de-conduite-spectateurs\/\" \/>\n<meta property=\"og:site_name\" content=\"Canadian Fencing Federation\" \/>\n<meta name=\"twitter:card\" content=\"summary_large_image\" \/>\n<meta name=\"twitter:label1\" content=\"Dur\u00e9e de lecture estim\u00e9e\" \/>\n\t<meta name=\"twitter:data1\" content=\"2 minutes\" \/>\n<script type=\"application\/ld+json\" class=\"yoast-schema-graph\">{\"@context\":\"https:\\\/\\\/schema.org\",\"@graph\":[{\"@type\":\"WebPage\",\"@id\":\"https:\\\/\\\/fencing.ca\\\/fr\\\/regles-de-conduite-spectateurs\\\/\",\"url\":\"https:\\\/\\\/fencing.ca\\\/fr\\\/regles-de-conduite-spectateurs\\\/\",\"name\":\"R\u00e8gles de conduite - spectateurs - Canadian Fencing Federation\",\"isPartOf\":{\"@id\":\"https:\\\/\\\/fencing.ca\\\/#website\"},\"datePublished\":\"2026-01-22T16:02:53+00:00\",\"breadcrumb\":{\"@id\":\"https:\\\/\\\/fencing.ca\\\/fr\\\/regles-de-conduite-spectateurs\\\/#breadcrumb\"},\"inLanguage\":\"fr-FR\",\"potentialAction\":[{\"@type\":\"ReadAction\",\"target\":[\"https:\\\/\\\/fencing.ca\\\/fr\\\/regles-de-conduite-spectateurs\\\/\"]}]},{\"@type\":\"BreadcrumbList\",\"@id\":\"https:\\\/\\\/fencing.ca\\\/fr\\\/regles-de-conduite-spectateurs\\\/#breadcrumb\",\"itemListElement\":[{\"@type\":\"ListItem\",\"position\":1,\"name\":\"Home\",\"item\":\"https:\\\/\\\/fencing.ca\\\/fr\\\/\"},{\"@type\":\"ListItem\",\"position\":2,\"name\":\"R\u00e8gles de conduite &#8211; spectateurs\"}]},{\"@type\":\"WebSite\",\"@id\":\"https:\\\/\\\/fencing.ca\\\/#website\",\"url\":\"https:\\\/\\\/fencing.ca\\\/\",\"name\":\"Canadian Fencing Federation\",\"description\":\"Fencing Canada\",\"potentialAction\":[{\"@type\":\"SearchAction\",\"target\":{\"@type\":\"EntryPoint\",\"urlTemplate\":\"https:\\\/\\\/fencing.ca\\\/?s={search_term_string}\"},\"query-input\":{\"@type\":\"PropertyValueSpecification\",\"valueRequired\":true,\"valueName\":\"search_term_string\"}}],\"inLanguage\":\"fr-FR\"}]}<\/script>\n<!-- \/ Yoast SEO plugin. -->","yoast_head_json":{"title":"R\u00e8gles de conduite - spectateurs - Canadian Fencing Federation","robots":{"index":"index","follow":"follow","max-snippet":"max-snippet:-1","max-image-preview":"max-image-preview:large","max-video-preview":"max-video-preview:-1"},"canonical":"https:\/\/fencing.ca\/fr\/regles-de-conduite-spectateurs\/","og_locale":"fr_FR","og_type":"article","og_title":"R\u00e8gles de conduite - spectateurs - Canadian Fencing Federation","og_description":"R\u00e8gles de conduite \u00e0 respecter par les spectateurs lors des comp\u00e9titions d&rsquo;escrime Afin d&rsquo;assurer un environnement positif, respectueux et s\u00e9curitaire pour tous les participants aux comp\u00e9titions d&rsquo;escrime, tous les spectateurs, [&hellip;]","og_url":"https:\/\/fencing.ca\/fr\/regles-de-conduite-spectateurs\/","og_site_name":"Canadian Fencing Federation","twitter_card":"summary_large_image","twitter_misc":{"Dur\u00e9e de lecture estim\u00e9e":"2 minutes"},"schema":{"@context":"https:\/\/schema.org","@graph":[{"@type":"WebPage","@id":"https:\/\/fencing.ca\/fr\/regles-de-conduite-spectateurs\/","url":"https:\/\/fencing.ca\/fr\/regles-de-conduite-spectateurs\/","name":"R\u00e8gles de conduite - spectateurs - Canadian Fencing Federation","isPartOf":{"@id":"https:\/\/fencing.ca\/#website"},"datePublished":"2026-01-22T16:02:53+00:00","breadcrumb":{"@id":"https:\/\/fencing.ca\/fr\/regles-de-conduite-spectateurs\/#breadcrumb"},"inLanguage":"fr-FR","potentialAction":[{"@type":"ReadAction","target":["https:\/\/fencing.ca\/fr\/regles-de-conduite-spectateurs\/"]}]},{"@type":"BreadcrumbList","@id":"https:\/\/fencing.ca\/fr\/regles-de-conduite-spectateurs\/#breadcrumb","itemListElement":[{"@type":"ListItem","position":1,"name":"Home","item":"https:\/\/fencing.ca\/fr\/"},{"@type":"ListItem","position":2,"name":"R\u00e8gles de conduite &#8211; spectateurs"}]},{"@type":"WebSite","@id":"https:\/\/fencing.ca\/#website","url":"https:\/\/fencing.ca\/","name":"Canadian Fencing Federation","description":"Fencing Canada","potentialAction":[{"@type":"SearchAction","target":{"@type":"EntryPoint","urlTemplate":"https:\/\/fencing.ca\/?s={search_term_string}"},"query-input":{"@type":"PropertyValueSpecification","valueRequired":true,"valueName":"search_term_string"}}],"inLanguage":"fr-FR"}]}},"_links":{"self":[{"href":"https:\/\/fencing.ca\/fr\/wp-json\/wp\/v2\/pages\/46333","targetHints":{"allow":["GET"]}}],"collection":[{"href":"https:\/\/fencing.ca\/fr\/wp-json\/wp\/v2\/pages"}],"about":[{"href":"https:\/\/fencing.ca\/fr\/wp-json\/wp\/v2\/types\/page"}],"author":[{"embeddable":true,"href":"https:\/\/fencing.ca\/fr\/wp-json\/wp\/v2\/users\/4"}],"replies":[{"embeddable":true,"href":"https:\/\/fencing.ca\/fr\/wp-json\/wp\/v2\/comments?post=46333"}],"version-history":[{"count":1,"href":"https:\/\/fencing.ca\/fr\/wp-json\/wp\/v2\/pages\/46333\/revisions"}],"predecessor-version":[{"id":46334,"href":"https:\/\/fencing.ca\/fr\/wp-json\/wp\/v2\/pages\/46333\/revisions\/46334"}],"wp:attachment":[{"href":"https:\/\/fencing.ca\/fr\/wp-json\/wp\/v2\/media?parent=46333"}],"curies":[{"name":"wp","href":"https:\/\/api.w.org\/{rel}","templated":true}]}}