{"id":46343,"date":"2026-01-22T11:11:12","date_gmt":"2026-01-22T16:11:12","guid":{"rendered":"https:\/\/fencing.ca\/?page_id=46343"},"modified":"2026-01-22T11:11:45","modified_gmt":"2026-01-22T16:11:45","slug":"directives-relatives-au-comportement-des-entraineurs","status":"publish","type":"page","link":"https:\/\/fencing.ca\/fr\/directives-relatives-au-comportement-des-entraineurs\/","title":{"rendered":"Directives relatives au comportement des entra\u00eeneurs"},"content":{"rendered":"<p style=\"font-weight: 400;\"><strong>Directives relatives au comportement des entra\u00eeneurs lors des comp\u00e9titions d&rsquo;escrime<\/strong><\/p>\n<p style=\"font-weight: 400;\">Afin de garantir un environnement positif, respectueux, s\u00fbr et \u00e9quitable pour tous les participants aux comp\u00e9titions d&rsquo;escrime, les entra\u00eeneurs sont tenus de respecter ces directives \u00e0 tout moment. Veuillez \u00e9galement consulter <a href=\"https:\/\/fencing.ca\/safe-sport\/\">la page d&rsquo;information sur la s\u00e9curit\u00e9 dans le sport<\/a> de la FCE et le <a href=\"https:\/\/fencing.ca\/wp-content\/uploads\/CFF-Safe-Sport-Policy-Manual-March-29-2023.pdf\">manuel sur la politique de s\u00e9curit\u00e9 dans le sport<\/a> de la FCE pour plus d&rsquo;informations sur le code de conduite et d&rsquo;\u00e9thique et la politique en mati\u00e8re de discipline et de plaintes.<\/p>\n<ol>\n<li style=\"font-weight: 400;\"><strong> Zone r\u00e9serv\u00e9e aux entra\u00eeneurs<\/strong><\/li>\n<\/ol>\n<ul>\n<li>Restez dans la zone r\u00e9serv\u00e9e aux entra\u00eeneurs derri\u00e8re la ligne de fond pendant tous les matchs, sauf pendant la pause d&rsquo;une minute d&rsquo;un match \u00e0 \u00e9limination directe ou si l&rsquo;arbitre vous y autorise.<\/li>\n<li>Ne quittez pas la zone r\u00e9serv\u00e9e aux entra\u00eeneurs pour vous approcher de l&rsquo;arbitre pendant le combat.<\/li>\n<\/ul>\n<ol start=\"2\">\n<li style=\"font-weight: 400;\"><strong> Communications avec votre athl\u00e8te<\/strong><\/li>\n<\/ol>\n<ul>\n<li>Ne parlez \u00e0 votre athl\u00e8te que :\n<ul>\n<li>entre \u00ab Halte \u00bb et \u00ab Allez \u00bb;<\/li>\n<li>pendant la pause d&rsquo;une minute entre les p\u00e9riodes d&rsquo;un combat en \u00e9limination directe (DE).<\/li>\n<\/ul>\n<\/li>\n<li>Pas de coaching ni d&rsquo;indications verbales pendant le combat (entre \u00ab Allez \u00bb et \u00ab Halte \u00bb).<\/li>\n<li>Parlez d&rsquo;un ton calme, professionnel et encourageant.<\/li>\n<li>\u00c9vitez de crier, d&rsquo;adopter un langage corporel agressif ou toute autre forme de perturbation.<\/li>\n<\/ul>\n<ol start=\"3\">\n<li style=\"font-weight: 400;\"><strong> Respectez les officiels<\/strong><\/li>\n<\/ol>\n<ul>\n<li>Faites toujours preuve de respect envers les arbitres et les officiels.<\/li>\n<li>Ne discutez pas avec l&rsquo;arbitre.<\/li>\n<li>Si des \u00e9claircissements sont n\u00e9cessaires, utilisez les voies appropri\u00e9es apr\u00e8s le combat.<\/li>\n<\/ul>\n<ol start=\"4\">\n<li style=\"font-weight: 400;\"><strong> Pas d&rsquo;abus ni de harc\u00e8lement<\/strong><\/li>\n<\/ol>\n<ul>\n<li>Il est strictement interdit d&rsquo;insulter, d&rsquo;intimider ou d&rsquo;adopter un comportement n\u00e9gatif envers les athl\u00e8tes, les officiels, les adversaires ou les autres entra\u00eeneurs.<\/li>\n<\/ul>\n<ol start=\"5\">\n<li style=\"font-weight: 400;\"><strong> Cons\u00e9quences d&rsquo;un comportement inappropri\u00e9<\/strong><\/li>\n<\/ol>\n<ul>\n<li>Les entra\u00eeneurs qui ne respectent pas ces directives s&rsquo;exposent \u00e0 :<\/li>\n<li>un avertissement verbal;<\/li>\n<li>un carton jaune ou rouge de l&rsquo;arbitre;<\/li>\n<li>un carton noir de l&rsquo;arbitre et l&rsquo;exclusion de la comp\u00e9tition;<\/li>\n<li>une suspension des \u00e9v\u00e9nements futurs;<\/li>\n<li>une plainte relative \u00e0 la s\u00e9curit\u00e9 dans le sport conform\u00e9ment au Programme canadien pour la s\u00e9curit\u00e9 dans le sport.<\/li>\n<\/ul>\n<p style=\"font-weight: 400;\"><strong>Les entra\u00eeneurs sont des mod\u00e8les. Votre conduite contribue \u00e0 fa\u00e7onner l&rsquo;environnement de la comp\u00e9tition. <\/strong><strong>Merci pour votre leadership et votre professionnalisme.<\/strong><\/p>\n<p style=\"font-weight: 400;\">\n","protected":false},"excerpt":{"rendered":"<p>Directives relatives au comportement des entra\u00eeneurs lors des comp\u00e9titions d&rsquo;escrime Afin de garantir un environnement positif, respectueux, s\u00fbr et \u00e9quitable pour tous les participants aux comp\u00e9titions d&rsquo;escrime, les entra\u00eeneurs sont [&hellip;]<\/p>\n","protected":false},"author":4,"featured_media":0,"parent":0,"menu_order":0,"comment_status":"closed","ping_status":"closed","template":"","meta":{"_acf_changed":false,"footnotes":""},"class_list":["post-46343","page","type-page","status-publish","hentry"],"acf":[],"yoast_head":"<!-- This site is optimized with the Yoast SEO plugin v27.3 - https:\/\/yoast.com\/product\/yoast-seo-wordpress\/ -->\n<title>Directives relatives au comportement des entra\u00eeneurs - Canadian Fencing Federation<\/title>\n<meta name=\"robots\" content=\"index, follow, max-snippet:-1, max-image-preview:large, max-video-preview:-1\" \/>\n<link rel=\"canonical\" href=\"https:\/\/fencing.ca\/fr\/directives-relatives-au-comportement-des-entraineurs\/\" \/>\n<meta property=\"og:locale\" content=\"fr_FR\" \/>\n<meta property=\"og:type\" content=\"article\" \/>\n<meta property=\"og:title\" content=\"Directives relatives au comportement des entra\u00eeneurs - Canadian Fencing Federation\" \/>\n<meta property=\"og:description\" content=\"Directives relatives au comportement des entra\u00eeneurs lors des comp\u00e9titions d&rsquo;escrime Afin de garantir un environnement positif, respectueux, s\u00fbr et \u00e9quitable pour tous les participants aux comp\u00e9titions d&rsquo;escrime, les entra\u00eeneurs sont [&hellip;]\" \/>\n<meta property=\"og:url\" content=\"https:\/\/fencing.ca\/fr\/directives-relatives-au-comportement-des-entraineurs\/\" \/>\n<meta property=\"og:site_name\" content=\"Canadian Fencing Federation\" \/>\n<meta property=\"article:modified_time\" content=\"2026-01-22T16:11:45+00:00\" \/>\n<meta name=\"twitter:card\" content=\"summary_large_image\" \/>\n<meta name=\"twitter:label1\" content=\"Dur\u00e9e de lecture estim\u00e9e\" \/>\n\t<meta name=\"twitter:data1\" content=\"2 minutes\" \/>\n<script type=\"application\/ld+json\" class=\"yoast-schema-graph\">{\"@context\":\"https:\\\/\\\/schema.org\",\"@graph\":[{\"@type\":\"WebPage\",\"@id\":\"https:\\\/\\\/fencing.ca\\\/fr\\\/directives-relatives-au-comportement-des-entraineurs\\\/\",\"url\":\"https:\\\/\\\/fencing.ca\\\/fr\\\/directives-relatives-au-comportement-des-entraineurs\\\/\",\"name\":\"Directives relatives au comportement des entra\u00eeneurs - Canadian Fencing Federation\",\"isPartOf\":{\"@id\":\"https:\\\/\\\/fencing.ca\\\/#website\"},\"datePublished\":\"2026-01-22T16:11:12+00:00\",\"dateModified\":\"2026-01-22T16:11:45+00:00\",\"breadcrumb\":{\"@id\":\"https:\\\/\\\/fencing.ca\\\/fr\\\/directives-relatives-au-comportement-des-entraineurs\\\/#breadcrumb\"},\"inLanguage\":\"fr-FR\",\"potentialAction\":[{\"@type\":\"ReadAction\",\"target\":[\"https:\\\/\\\/fencing.ca\\\/fr\\\/directives-relatives-au-comportement-des-entraineurs\\\/\"]}]},{\"@type\":\"BreadcrumbList\",\"@id\":\"https:\\\/\\\/fencing.ca\\\/fr\\\/directives-relatives-au-comportement-des-entraineurs\\\/#breadcrumb\",\"itemListElement\":[{\"@type\":\"ListItem\",\"position\":1,\"name\":\"Home\",\"item\":\"https:\\\/\\\/fencing.ca\\\/fr\\\/\"},{\"@type\":\"ListItem\",\"position\":2,\"name\":\"Directives relatives au comportement des entra\u00eeneurs\"}]},{\"@type\":\"WebSite\",\"@id\":\"https:\\\/\\\/fencing.ca\\\/#website\",\"url\":\"https:\\\/\\\/fencing.ca\\\/\",\"name\":\"Canadian Fencing Federation\",\"description\":\"Fencing Canada\",\"potentialAction\":[{\"@type\":\"SearchAction\",\"target\":{\"@type\":\"EntryPoint\",\"urlTemplate\":\"https:\\\/\\\/fencing.ca\\\/?s={search_term_string}\"},\"query-input\":{\"@type\":\"PropertyValueSpecification\",\"valueRequired\":true,\"valueName\":\"search_term_string\"}}],\"inLanguage\":\"fr-FR\"}]}<\/script>\n<!-- \/ Yoast SEO plugin. -->","yoast_head_json":{"title":"Directives relatives au comportement des entra\u00eeneurs - Canadian Fencing Federation","robots":{"index":"index","follow":"follow","max-snippet":"max-snippet:-1","max-image-preview":"max-image-preview:large","max-video-preview":"max-video-preview:-1"},"canonical":"https:\/\/fencing.ca\/fr\/directives-relatives-au-comportement-des-entraineurs\/","og_locale":"fr_FR","og_type":"article","og_title":"Directives relatives au comportement des entra\u00eeneurs - Canadian Fencing Federation","og_description":"Directives relatives au comportement des entra\u00eeneurs lors des comp\u00e9titions d&rsquo;escrime Afin de garantir un environnement positif, respectueux, s\u00fbr et \u00e9quitable pour tous les participants aux comp\u00e9titions d&rsquo;escrime, les entra\u00eeneurs sont [&hellip;]","og_url":"https:\/\/fencing.ca\/fr\/directives-relatives-au-comportement-des-entraineurs\/","og_site_name":"Canadian Fencing Federation","article_modified_time":"2026-01-22T16:11:45+00:00","twitter_card":"summary_large_image","twitter_misc":{"Dur\u00e9e de lecture estim\u00e9e":"2 minutes"},"schema":{"@context":"https:\/\/schema.org","@graph":[{"@type":"WebPage","@id":"https:\/\/fencing.ca\/fr\/directives-relatives-au-comportement-des-entraineurs\/","url":"https:\/\/fencing.ca\/fr\/directives-relatives-au-comportement-des-entraineurs\/","name":"Directives relatives au comportement des entra\u00eeneurs - Canadian Fencing Federation","isPartOf":{"@id":"https:\/\/fencing.ca\/#website"},"datePublished":"2026-01-22T16:11:12+00:00","dateModified":"2026-01-22T16:11:45+00:00","breadcrumb":{"@id":"https:\/\/fencing.ca\/fr\/directives-relatives-au-comportement-des-entraineurs\/#breadcrumb"},"inLanguage":"fr-FR","potentialAction":[{"@type":"ReadAction","target":["https:\/\/fencing.ca\/fr\/directives-relatives-au-comportement-des-entraineurs\/"]}]},{"@type":"BreadcrumbList","@id":"https:\/\/fencing.ca\/fr\/directives-relatives-au-comportement-des-entraineurs\/#breadcrumb","itemListElement":[{"@type":"ListItem","position":1,"name":"Home","item":"https:\/\/fencing.ca\/fr\/"},{"@type":"ListItem","position":2,"name":"Directives relatives au comportement des entra\u00eeneurs"}]},{"@type":"WebSite","@id":"https:\/\/fencing.ca\/#website","url":"https:\/\/fencing.ca\/","name":"Canadian Fencing Federation","description":"Fencing Canada","potentialAction":[{"@type":"SearchAction","target":{"@type":"EntryPoint","urlTemplate":"https:\/\/fencing.ca\/?s={search_term_string}"},"query-input":{"@type":"PropertyValueSpecification","valueRequired":true,"valueName":"search_term_string"}}],"inLanguage":"fr-FR"}]}},"_links":{"self":[{"href":"https:\/\/fencing.ca\/fr\/wp-json\/wp\/v2\/pages\/46343","targetHints":{"allow":["GET"]}}],"collection":[{"href":"https:\/\/fencing.ca\/fr\/wp-json\/wp\/v2\/pages"}],"about":[{"href":"https:\/\/fencing.ca\/fr\/wp-json\/wp\/v2\/types\/page"}],"author":[{"embeddable":true,"href":"https:\/\/fencing.ca\/fr\/wp-json\/wp\/v2\/users\/4"}],"replies":[{"embeddable":true,"href":"https:\/\/fencing.ca\/fr\/wp-json\/wp\/v2\/comments?post=46343"}],"version-history":[{"count":2,"href":"https:\/\/fencing.ca\/fr\/wp-json\/wp\/v2\/pages\/46343\/revisions"}],"predecessor-version":[{"id":46345,"href":"https:\/\/fencing.ca\/fr\/wp-json\/wp\/v2\/pages\/46343\/revisions\/46345"}],"wp:attachment":[{"href":"https:\/\/fencing.ca\/fr\/wp-json\/wp\/v2\/media?parent=46343"}],"curies":[{"name":"wp","href":"https:\/\/api.w.org\/{rel}","templated":true}]}}