{"id":599,"date":"2013-09-06T05:52:15","date_gmt":"2016-06-27T21:41:14","guid":{"rendered":""},"modified":"2025-08-22T10:40:06","modified_gmt":"2025-08-22T14:40:06","slug":"achat-dune-fce-licence","status":"publish","type":"page","link":"https:\/\/fencing.ca\/fr\/achat-dune-fce-licence\/","title":{"rendered":"Achat d&rsquo;une licence FCE"},"content":{"rendered":"<h2 id=\"tw-target-text-container\" class=\"tw-ta-container tw-nfl\"><span style=\"text-decoration: underline;\">Les b\u00e9n\u00e9fices de l&rsquo;adh\u00e9sion<\/span><\/h2>\n<ul>\n<li><strong>Droit de participer aux comp\u00e9titions<\/strong> : seulement les membres actuels de la FCE sont autoris\u00e9s \u00e0 participer aux comp\u00e9titions sanctionn\u00e9es par la FCE.<\/li>\n<li><strong>Classements nationaux<\/strong>\u00a0: seulement les membres actuels de la FCE sont inclus dans les classements nationaux<\/li>\n<li><strong>Programmes de d\u00e9veloppement<\/strong> : seuls les membres actuels de la FCE peuvent participer aux programmes de d\u00e9veloppement des entra\u00eeneurs et des arbitres.<\/li>\n<\/ul>\n<p>&nbsp;<\/p>\n<p>Voici quelques-uns des exemples de domaines dans lesquels les revenus g\u00e9n\u00e9r\u00e9s par les licences de la FCE sont d\u00e9pens\u00e9s&#8230;<\/p>\n<ul>\n<li>Participation en tant que signataire \u00e0 <strong><em>Sport sans abus<\/em><\/strong><\/li>\n<li>D\u00e9veloppement des entra\u00eeneurs<\/li>\n<li>Formation des officiels<\/li>\n<li>Assurance pour l&rsquo;\u00e9quipement de comp\u00e9tition de la f\u00e9d\u00e9ration<\/li>\n<li>Assurance responsabilit\u00e9 civile pour les comp\u00e9titions nationales<\/li>\n<li>Traduction<\/li>\n<\/ul>\n<p>&nbsp;<\/p>\n<p>Les pages d&rsquo;inscription des membres pour toutes les provinces qui sont actuellement disponibles sont affich\u00e9es \u00e0 l&rsquo;adresse :<\/p>\n<p><a href=\"https:\/\/2mev.com\/#!\/listings\/memberships\">https:\/\/2mev.com\/#!\/listings\/memberships<\/a><\/p>\n<p><span style=\"color: #ff0000;\"><strong>Si vous avez des probl\u00e8mes d&rsquo;inscription, veuillez contacter votre association provinciale.<\/strong><\/span><\/p>\n<h2><span style=\"text-decoration: underline;\"><strong>Entra\u00eeneurs<\/strong><\/span> :<\/h2>\n<p>Veuillez noter que tous les entra\u00eeneurs devront acheter une licence d&rsquo;entra\u00eeneur au cours du processus d&rsquo;enregistrement de l&rsquo;adh\u00e9sion et satisfaire aux exigences suivantes en mati\u00e8re de s\u00e9curit\u00e9 sportive afin d&rsquo;\u00eatre autoris\u00e9s \u00e0 entra\u00eener lors de toute comp\u00e9tition nationale :<\/p>\n<ul>\n<li><strong>Formation sur le sport s\u00e9curitaire<\/strong> : <a href=\"https:\/\/safesport.coach.ca\/fr\/suivre-la-formation-sur-la-securite-dans-le-sport\">Module sur la s\u00e9curit\u00e9 dans le sport de l&rsquo;ACE<\/a> (gratuit)*, <a href=\"https:\/\/french.respectgroupinc.com\">Respect dans le sport pour les responsables d&rsquo;activit\u00e9s<\/a> (35 $), ou l&rsquo;\u00e9quivalent.<\/li>\n<li><a href=\"https:\/\/safesport.coach.ca\/fr\/suivre-la-formation-sur-la-securite-dans-le-sport\"><strong>Compl\u00e9ter l&rsquo;\u00e9valuation du module \u00ab\u00a0Prendre des d\u00e9cisions \u00e9thiques\u00a0\u00bb du PNCE<\/strong><\/a><\/li>\n<li><strong>V\u00e9rification des ant\u00e9c\u00e9dents<\/strong> : \u00a0Sterling Backcheck* ou \u00e9quivalent V\u00e9rification approfondie des renseignements judiciaires (E-PIC)<\/li>\n<li><strong>V\u00e9rification du secteur vuln\u00e9rable<\/strong> (entra\u00eeneurs \u00e0 temps plein, entra\u00eeneurs qui travaillent seuls ou entra\u00eeneurs qui pourraient voyager avec des athl\u00e8tes).<\/li>\n<\/ul>\n<p>Les documents de l&rsquo;ACE et de Sterling (marqu\u00e9s d&rsquo;un *) sont int\u00e9gr\u00e9s dans le syst\u00e8me d&rsquo;enregistrement des membres.\u00a0 Tous les autres documents doivent \u00eatre t\u00e9l\u00e9charg\u00e9s via le portail d&rsquo;inscription des membres.\u00a0 <strong>Veuillez noter que les adh\u00e9sions provinciales et \u00e0 la FCE<\/strong><strong>\u00a0ne seront effectu\u00e9es qu&rsquo;apr\u00e8s r\u00e9ception de tous les documents.\u00a0<\/strong><\/p>\n<h2><span style=\"text-decoration: underline;\"><strong>OFFICIELS :<\/strong><\/span><\/h2>\n<p>Veuillez noter que tous les officiels (arbitres, personnel DT et armuriers) devront acheter une licence d&rsquo;officiel au cours du processus d&rsquo;inscription de l&rsquo;adh\u00e9sion et r\u00e9pondre aux exigences de safe sport suivantes, afin de pouvoir \u00eatre engag\u00e9s pour toute comp\u00e9tition nationale :<\/p>\n<ul>\n<li><strong>Formation sur le sport s\u00e9curitaire<\/strong> : Module sur le sport s\u00e9curitaire de l&rsquo;ACE (gratuit)*, Respect dans le sport pour les responsables d&rsquo;activit\u00e9s (35 $), ou une \u00e9quivalence.<\/li>\n<li><strong>V\u00e9rification des ant\u00e9c\u00e9dents<\/strong> : V\u00e9rification des ant\u00e9c\u00e9dents : Sterling Backcheck* ou l&rsquo;\u00e9quivalent V\u00e9rification approfondie des renseignements judiciaires (E-PIC).<\/li>\n<\/ul>\n<p>Les documents de l&rsquo;ACE et de Sterling( marqu\u00e9s d&rsquo;un *) sont int\u00e9gr\u00e9s dans le syst\u00e8me d&rsquo;inscription des membres. Tous les autres documents doivent \u00eatre t\u00e9l\u00e9charg\u00e9s par le biais du portail d&rsquo;inscription des membres. <strong>Veuillez noter que les adh\u00e9sions provinciales et \u00e0 la FCE ne seront effectu\u00e9es qu&rsquo;apr\u00e8s r\u00e9ception de tous les documents.<\/strong><\/p>\n<p>&nbsp;<\/p>\n<h2><span style=\"color: #0000ff;\"><strong><a style=\"color: #0000ff;\" href=\"https:\/\/2mev.com\/#!\/events\/1081-High-Performance-Program\/store\">DONNER<\/a><\/strong><\/span><\/h2>\n<p><strong>Veuillez envisager de faire un don pour aider \u00e0 soutenir l\u2019escrime canadienne !<\/strong><\/p>\n","protected":false},"excerpt":{"rendered":"<p>Les b\u00e9n\u00e9fices de l&rsquo;adh\u00e9sion Droit de participer aux comp\u00e9titions : seulement les membres actuels de la FCE sont autoris\u00e9s \u00e0 participer aux comp\u00e9titions sanctionn\u00e9es par la FCE. Classements nationaux\u00a0: seulement [&hellip;]<\/p>\n","protected":false},"author":1,"featured_media":43837,"parent":0,"menu_order":0,"comment_status":"closed","ping_status":"closed","template":"","meta":{"_acf_changed":false,"footnotes":""},"class_list":["post-599","page","type-page","status-publish","has-post-thumbnail","hentry"],"acf":[],"yoast_head":"<!-- This site is optimized with the Yoast SEO plugin v27.3 - https:\/\/yoast.com\/product\/yoast-seo-wordpress\/ -->\n<title>Achat d&#039;une licence FCE - Canadian Fencing Federation<\/title>\n<meta name=\"robots\" content=\"index, follow, max-snippet:-1, max-image-preview:large, max-video-preview:-1\" \/>\n<link rel=\"canonical\" href=\"https:\/\/fencing.ca\/fr\/achat-dune-fce-licence\/\" \/>\n<meta property=\"og:locale\" content=\"fr_FR\" \/>\n<meta property=\"og:type\" content=\"article\" \/>\n<meta property=\"og:title\" content=\"Achat d&#039;une licence FCE - Canadian Fencing Federation\" \/>\n<meta property=\"og:description\" content=\"Les b\u00e9n\u00e9fices de l&rsquo;adh\u00e9sion Droit de participer aux comp\u00e9titions : seulement les membres actuels de la FCE sont autoris\u00e9s \u00e0 participer aux comp\u00e9titions sanctionn\u00e9es par la FCE. Classements nationaux\u00a0: seulement [&hellip;]\" \/>\n<meta property=\"og:url\" content=\"https:\/\/fencing.ca\/fr\/achat-dune-fce-licence\/\" \/>\n<meta property=\"og:site_name\" content=\"Canadian Fencing Federation\" \/>\n<meta property=\"article:modified_time\" content=\"2025-08-22T14:40:06+00:00\" \/>\n<meta property=\"og:image\" content=\"https:\/\/fencing.ca\/wp-content\/uploads\/IMG_1441.jpg\" \/>\n\t<meta property=\"og:image:width\" content=\"1080\" \/>\n\t<meta property=\"og:image:height\" content=\"1350\" \/>\n\t<meta property=\"og:image:type\" content=\"image\/jpeg\" \/>\n<meta name=\"twitter:card\" content=\"summary_large_image\" \/>\n<meta name=\"twitter:label1\" content=\"Dur\u00e9e de lecture estim\u00e9e\" \/>\n\t<meta name=\"twitter:data1\" content=\"3 minutes\" \/>\n<script type=\"application\/ld+json\" class=\"yoast-schema-graph\">{\"@context\":\"https:\\\/\\\/schema.org\",\"@graph\":[{\"@type\":\"WebPage\",\"@id\":\"https:\\\/\\\/fencing.ca\\\/fr\\\/achat-dune-fce-licence\\\/\",\"url\":\"https:\\\/\\\/fencing.ca\\\/fr\\\/achat-dune-fce-licence\\\/\",\"name\":\"Achat d'une licence FCE - Canadian Fencing Federation\",\"isPartOf\":{\"@id\":\"https:\\\/\\\/fencing.ca\\\/#website\"},\"primaryImageOfPage\":{\"@id\":\"https:\\\/\\\/fencing.ca\\\/fr\\\/achat-dune-fce-licence\\\/#primaryimage\"},\"image\":{\"@id\":\"https:\\\/\\\/fencing.ca\\\/fr\\\/achat-dune-fce-licence\\\/#primaryimage\"},\"thumbnailUrl\":\"https:\\\/\\\/fencing.ca\\\/wp-content\\\/uploads\\\/IMG_1441.jpg\",\"datePublished\":\"2016-06-27T21:41:14+00:00\",\"dateModified\":\"2025-08-22T14:40:06+00:00\",\"breadcrumb\":{\"@id\":\"https:\\\/\\\/fencing.ca\\\/fr\\\/achat-dune-fce-licence\\\/#breadcrumb\"},\"inLanguage\":\"fr-FR\",\"potentialAction\":[{\"@type\":\"ReadAction\",\"target\":[\"https:\\\/\\\/fencing.ca\\\/fr\\\/achat-dune-fce-licence\\\/\"]}]},{\"@type\":\"ImageObject\",\"inLanguage\":\"fr-FR\",\"@id\":\"https:\\\/\\\/fencing.ca\\\/fr\\\/achat-dune-fce-licence\\\/#primaryimage\",\"url\":\"https:\\\/\\\/fencing.ca\\\/wp-content\\\/uploads\\\/IMG_1441.jpg\",\"contentUrl\":\"https:\\\/\\\/fencing.ca\\\/wp-content\\\/uploads\\\/IMG_1441.jpg\",\"width\":1080,\"height\":1350},{\"@type\":\"BreadcrumbList\",\"@id\":\"https:\\\/\\\/fencing.ca\\\/fr\\\/achat-dune-fce-licence\\\/#breadcrumb\",\"itemListElement\":[{\"@type\":\"ListItem\",\"position\":1,\"name\":\"Home\",\"item\":\"https:\\\/\\\/fencing.ca\\\/fr\\\/\"},{\"@type\":\"ListItem\",\"position\":2,\"name\":\"Achat d&#8217;une licence FCE\"}]},{\"@type\":\"WebSite\",\"@id\":\"https:\\\/\\\/fencing.ca\\\/#website\",\"url\":\"https:\\\/\\\/fencing.ca\\\/\",\"name\":\"Canadian Fencing Federation\",\"description\":\"Fencing Canada\",\"potentialAction\":[{\"@type\":\"SearchAction\",\"target\":{\"@type\":\"EntryPoint\",\"urlTemplate\":\"https:\\\/\\\/fencing.ca\\\/?s={search_term_string}\"},\"query-input\":{\"@type\":\"PropertyValueSpecification\",\"valueRequired\":true,\"valueName\":\"search_term_string\"}}],\"inLanguage\":\"fr-FR\"}]}<\/script>\n<!-- \/ Yoast SEO plugin. -->","yoast_head_json":{"title":"Achat d'une licence FCE - Canadian Fencing Federation","robots":{"index":"index","follow":"follow","max-snippet":"max-snippet:-1","max-image-preview":"max-image-preview:large","max-video-preview":"max-video-preview:-1"},"canonical":"https:\/\/fencing.ca\/fr\/achat-dune-fce-licence\/","og_locale":"fr_FR","og_type":"article","og_title":"Achat d'une licence FCE - Canadian Fencing Federation","og_description":"Les b\u00e9n\u00e9fices de l&rsquo;adh\u00e9sion Droit de participer aux comp\u00e9titions : seulement les membres actuels de la FCE sont autoris\u00e9s \u00e0 participer aux comp\u00e9titions sanctionn\u00e9es par la FCE. Classements nationaux\u00a0: seulement [&hellip;]","og_url":"https:\/\/fencing.ca\/fr\/achat-dune-fce-licence\/","og_site_name":"Canadian Fencing Federation","article_modified_time":"2025-08-22T14:40:06+00:00","og_image":[{"width":1080,"height":1350,"url":"https:\/\/fencing.ca\/wp-content\/uploads\/IMG_1441.jpg","type":"image\/jpeg"}],"twitter_card":"summary_large_image","twitter_misc":{"Dur\u00e9e de lecture estim\u00e9e":"3 minutes"},"schema":{"@context":"https:\/\/schema.org","@graph":[{"@type":"WebPage","@id":"https:\/\/fencing.ca\/fr\/achat-dune-fce-licence\/","url":"https:\/\/fencing.ca\/fr\/achat-dune-fce-licence\/","name":"Achat d'une licence FCE - Canadian Fencing Federation","isPartOf":{"@id":"https:\/\/fencing.ca\/#website"},"primaryImageOfPage":{"@id":"https:\/\/fencing.ca\/fr\/achat-dune-fce-licence\/#primaryimage"},"image":{"@id":"https:\/\/fencing.ca\/fr\/achat-dune-fce-licence\/#primaryimage"},"thumbnailUrl":"https:\/\/fencing.ca\/wp-content\/uploads\/IMG_1441.jpg","datePublished":"2016-06-27T21:41:14+00:00","dateModified":"2025-08-22T14:40:06+00:00","breadcrumb":{"@id":"https:\/\/fencing.ca\/fr\/achat-dune-fce-licence\/#breadcrumb"},"inLanguage":"fr-FR","potentialAction":[{"@type":"ReadAction","target":["https:\/\/fencing.ca\/fr\/achat-dune-fce-licence\/"]}]},{"@type":"ImageObject","inLanguage":"fr-FR","@id":"https:\/\/fencing.ca\/fr\/achat-dune-fce-licence\/#primaryimage","url":"https:\/\/fencing.ca\/wp-content\/uploads\/IMG_1441.jpg","contentUrl":"https:\/\/fencing.ca\/wp-content\/uploads\/IMG_1441.jpg","width":1080,"height":1350},{"@type":"BreadcrumbList","@id":"https:\/\/fencing.ca\/fr\/achat-dune-fce-licence\/#breadcrumb","itemListElement":[{"@type":"ListItem","position":1,"name":"Home","item":"https:\/\/fencing.ca\/fr\/"},{"@type":"ListItem","position":2,"name":"Achat d&#8217;une licence FCE"}]},{"@type":"WebSite","@id":"https:\/\/fencing.ca\/#website","url":"https:\/\/fencing.ca\/","name":"Canadian Fencing Federation","description":"Fencing Canada","potentialAction":[{"@type":"SearchAction","target":{"@type":"EntryPoint","urlTemplate":"https:\/\/fencing.ca\/?s={search_term_string}"},"query-input":{"@type":"PropertyValueSpecification","valueRequired":true,"valueName":"search_term_string"}}],"inLanguage":"fr-FR"}]}},"_links":{"self":[{"href":"https:\/\/fencing.ca\/fr\/wp-json\/wp\/v2\/pages\/599","targetHints":{"allow":["GET"]}}],"collection":[{"href":"https:\/\/fencing.ca\/fr\/wp-json\/wp\/v2\/pages"}],"about":[{"href":"https:\/\/fencing.ca\/fr\/wp-json\/wp\/v2\/types\/page"}],"author":[{"embeddable":true,"href":"https:\/\/fencing.ca\/fr\/wp-json\/wp\/v2\/users\/1"}],"replies":[{"embeddable":true,"href":"https:\/\/fencing.ca\/fr\/wp-json\/wp\/v2\/comments?post=599"}],"version-history":[{"count":5,"href":"https:\/\/fencing.ca\/fr\/wp-json\/wp\/v2\/pages\/599\/revisions"}],"predecessor-version":[{"id":45195,"href":"https:\/\/fencing.ca\/fr\/wp-json\/wp\/v2\/pages\/599\/revisions\/45195"}],"wp:featuredmedia":[{"embeddable":true,"href":"https:\/\/fencing.ca\/fr\/wp-json\/wp\/v2\/media\/43837"}],"wp:attachment":[{"href":"https:\/\/fencing.ca\/fr\/wp-json\/wp\/v2\/media?parent=599"}],"curies":[{"name":"wp","href":"https:\/\/api.w.org\/{rel}","templated":true}]}}