{"id":602,"date":"2013-09-06T08:00:47","date_gmt":"2016-06-27T21:41:14","guid":{"rendered":""},"modified":"2025-06-13T15:07:28","modified_gmt":"2025-06-13T19:07:28","slug":"normes-equipment-pour-les-competitions-nationales-de-la-fce","status":"publish","type":"page","link":"https:\/\/fencing.ca\/fr\/normes-equipment-pour-les-competitions-nationales-de-la-fce\/","title":{"rendered":"Normes pour l&rsquo;\u00e9quipement dans les comp\u00e9titions domestiques de la FCE"},"content":{"rendered":"<p><strong>Tenues<\/strong><\/p>\n<p>Pour toutes les cat\u00e9gories d&rsquo;\u00e2ge (<strong>U11,<\/strong> <strong>U13, U15, Cadet, Junior, Senior, et V\u00e9t\u00e9rans<\/strong>) :<\/p>\n<p><strong>Masque <\/strong>: 350N (CE niveau 1) ou mieux. Les masques doivent \u00eatre maintenus avec une attache (syst\u00e8me de s\u00e9curit\u00e9). Au fleuret, la bavette conductrice est obligatoire. Les adaptations sont autoris\u00e9es, mais elles doivent respecter les sp\u00e9cifications de la FIE. Les masques \u00e0 visi\u00e8re sont interdits. Les masques <em>Comfort-Fit <\/em>de Leon Paul sans syst\u00e8me de soutien doivent inclure un clip de retenue ou une adaptation certifi\u00e9e, fournis par la compagnie.<br \/>\n<strong>Veste <\/strong>: 350N (CE niveau 1) ou mieux. Le bas de la veste doit recouvrir le pantalon sur une hauteur d&rsquo;au moins 10 cm, en vertu des r\u00e8gles de la FIE.<br \/>\n<strong>Pantalon <\/strong>: 350N (CE niveau 1) ou mieux. Les chaussettes doivent recouvrir le bas du pantalon, en vertu des r\u00e8gles de la FIE.<br \/>\n<strong>Sous-bras (sous-plastron) <\/strong>: 350N (CE niveau 1) ou mieux. Le sous-bras est obligatoire, en vertu des r\u00e8gles de la FIE.<br \/>\n<strong>Prot\u00e8ge-poitrine :<\/strong> Il est obligatoire pour les femmes, en vertu des r\u00e8gles de la FIE.<\/p>\n<p>Les athl\u00e8tes doivent porter les v\u00eatements correspondant \u00e0 la main avec laquelle ils tirent (par exemple, les escrimeurs gauchers doivent porter des pantalons gauchers et des vestes et lam\u00e9s gauchers ou \u00e0 fermeture sur le dos).<\/p>\n<p>Tous les v\u00eatements de comp\u00e9tition, \u00e0 l&rsquo;exception du gant, des chaussettes et des chaussures, doivent porter une marque de certification (label) CE ou la norme de la FIE pour \u00eatre admissibles en comp\u00e9tition.<\/p>\n<p><strong>REMARQUE<\/strong> : Conform\u00e9ment aux r\u00e8gles de la FIE, les athl\u00e8tes doivent se pr\u00e9senter sur la piste avec au moins deux armes fonctionnelles, ainsi que deux fils de corps fonctionnels et deux fils de t\u00eate fonctionnels (pour le fleuret et le sabre).<\/p>\n<p><strong>Lames<\/strong><\/p>\n<p>Pour toutes les cat\u00e9gories d&rsquo;\u00e2ge (<strong>U11,<\/strong> <strong>U13, U15, Cadet, Junior, Senior, et V\u00e9t\u00e9rans<\/strong>) :<\/p>\n<p>Sauf mention contraire, pour toutes les comp\u00e9titions domestiques, il est permis d&rsquo;utiliser des lames qui ne sont pas de la FIE.<\/p>\n<p>Pour les cat\u00e9gories d&rsquo;\u00e2ge suivantes :<\/p>\n<p>U11 \u00a0\u00a0\u00a0\u00a0\u00a0\u00a0 &#8211; lames de taille 0 obligatoires\u00a0 (fleuret et \u00e9p\u00e9e : 77,5 cm maximum, sabre : 75 cm maximum)<br \/>\nU13 \u00a0 \u00a0 \u00a0 &#8211; aucune r\u00e8gle sp\u00e9cifique en ce qui concerne la longueur maximale de la lame<br \/>\nU15 \u00a0\u00a0\u00a0\u00a0\u00a0\u00a0 &#8211; aucune r\u00e8gle sp\u00e9cifique en ce qui concerne la longueur maximale de la lame<br \/>\nCadet\u00a0\u00a0\u00a0 &#8211; aucune r\u00e8gle sp\u00e9cifique en ce qui concerne la longueur maximale de la lame<br \/>\nJunior\u00a0\u00a0\u00a0 &#8211; aucune r\u00e8gle sp\u00e9cifique en ce qui concerne la longueur maximale de la lame<br \/>\nSenior\u00a0\u00a0 &#8211; aucune r\u00e8gle sp\u00e9cifique en ce qui concerne la longueur maximale de la lame<br \/>\nV\u00e9t\u00e9rans &#8211; aucune r\u00e8gle sp\u00e9cifique en ce qui concerne la longueur maximale de la lame<\/p>\n","protected":false},"excerpt":{"rendered":"<p>Tenues Pour toutes les cat\u00e9gories d&rsquo;\u00e2ge (U11, U13, U15, Cadet, Junior, Senior, et V\u00e9t\u00e9rans) : Masque : 350N (CE niveau 1) ou mieux. Les masques doivent \u00eatre maintenus avec une [&hellip;]<\/p>\n","protected":false},"author":1,"featured_media":0,"parent":0,"menu_order":0,"comment_status":"closed","ping_status":"closed","template":"","meta":{"_acf_changed":false,"footnotes":""},"class_list":["post-602","page","type-page","status-publish","hentry"],"acf":[],"yoast_head":"<!-- This site is optimized with the Yoast SEO plugin v27.3 - https:\/\/yoast.com\/product\/yoast-seo-wordpress\/ -->\n<title>Normes pour l&#039;\u00e9quipement dans les comp\u00e9titions domestiques de la FCE - Canadian Fencing Federation<\/title>\n<meta name=\"robots\" content=\"index, follow, max-snippet:-1, max-image-preview:large, max-video-preview:-1\" \/>\n<link rel=\"canonical\" href=\"https:\/\/fencing.ca\/fr\/normes-equipment-pour-les-competitions-nationales-de-la-fce\/\" \/>\n<meta property=\"og:locale\" content=\"fr_FR\" \/>\n<meta property=\"og:type\" content=\"article\" \/>\n<meta property=\"og:title\" content=\"Normes pour l&#039;\u00e9quipement dans les comp\u00e9titions domestiques de la FCE - Canadian Fencing Federation\" \/>\n<meta property=\"og:description\" content=\"Tenues Pour toutes les cat\u00e9gories d&rsquo;\u00e2ge (U11, U13, U15, Cadet, Junior, Senior, et V\u00e9t\u00e9rans) : Masque : 350N (CE niveau 1) ou mieux. Les masques doivent \u00eatre maintenus avec une [&hellip;]\" \/>\n<meta property=\"og:url\" content=\"https:\/\/fencing.ca\/fr\/normes-equipment-pour-les-competitions-nationales-de-la-fce\/\" \/>\n<meta property=\"og:site_name\" content=\"Canadian Fencing Federation\" \/>\n<meta property=\"article:modified_time\" content=\"2025-06-13T19:07:28+00:00\" \/>\n<meta name=\"twitter:card\" content=\"summary_large_image\" \/>\n<meta name=\"twitter:label1\" content=\"Dur\u00e9e de lecture estim\u00e9e\" \/>\n\t<meta name=\"twitter:data1\" content=\"2 minutes\" \/>\n<script type=\"application\/ld+json\" class=\"yoast-schema-graph\">{\"@context\":\"https:\\\/\\\/schema.org\",\"@graph\":[{\"@type\":\"WebPage\",\"@id\":\"https:\\\/\\\/fencing.ca\\\/fr\\\/normes-equipment-pour-les-competitions-nationales-de-la-fce\\\/\",\"url\":\"https:\\\/\\\/fencing.ca\\\/fr\\\/normes-equipment-pour-les-competitions-nationales-de-la-fce\\\/\",\"name\":\"Normes pour l'\u00e9quipement dans les comp\u00e9titions domestiques de la FCE - Canadian Fencing Federation\",\"isPartOf\":{\"@id\":\"https:\\\/\\\/fencing.ca\\\/#website\"},\"datePublished\":\"2016-06-27T21:41:14+00:00\",\"dateModified\":\"2025-06-13T19:07:28+00:00\",\"breadcrumb\":{\"@id\":\"https:\\\/\\\/fencing.ca\\\/fr\\\/normes-equipment-pour-les-competitions-nationales-de-la-fce\\\/#breadcrumb\"},\"inLanguage\":\"fr-FR\",\"potentialAction\":[{\"@type\":\"ReadAction\",\"target\":[\"https:\\\/\\\/fencing.ca\\\/fr\\\/normes-equipment-pour-les-competitions-nationales-de-la-fce\\\/\"]}]},{\"@type\":\"BreadcrumbList\",\"@id\":\"https:\\\/\\\/fencing.ca\\\/fr\\\/normes-equipment-pour-les-competitions-nationales-de-la-fce\\\/#breadcrumb\",\"itemListElement\":[{\"@type\":\"ListItem\",\"position\":1,\"name\":\"Home\",\"item\":\"https:\\\/\\\/fencing.ca\\\/fr\\\/\"},{\"@type\":\"ListItem\",\"position\":2,\"name\":\"Normes pour l&#8217;\u00e9quipement dans les comp\u00e9titions domestiques de la FCE\"}]},{\"@type\":\"WebSite\",\"@id\":\"https:\\\/\\\/fencing.ca\\\/#website\",\"url\":\"https:\\\/\\\/fencing.ca\\\/\",\"name\":\"Canadian Fencing Federation\",\"description\":\"Fencing Canada\",\"potentialAction\":[{\"@type\":\"SearchAction\",\"target\":{\"@type\":\"EntryPoint\",\"urlTemplate\":\"https:\\\/\\\/fencing.ca\\\/?s={search_term_string}\"},\"query-input\":{\"@type\":\"PropertyValueSpecification\",\"valueRequired\":true,\"valueName\":\"search_term_string\"}}],\"inLanguage\":\"fr-FR\"}]}<\/script>\n<!-- \/ Yoast SEO plugin. -->","yoast_head_json":{"title":"Normes pour l'\u00e9quipement dans les comp\u00e9titions domestiques de la FCE - Canadian Fencing Federation","robots":{"index":"index","follow":"follow","max-snippet":"max-snippet:-1","max-image-preview":"max-image-preview:large","max-video-preview":"max-video-preview:-1"},"canonical":"https:\/\/fencing.ca\/fr\/normes-equipment-pour-les-competitions-nationales-de-la-fce\/","og_locale":"fr_FR","og_type":"article","og_title":"Normes pour l'\u00e9quipement dans les comp\u00e9titions domestiques de la FCE - Canadian Fencing Federation","og_description":"Tenues Pour toutes les cat\u00e9gories d&rsquo;\u00e2ge (U11, U13, U15, Cadet, Junior, Senior, et V\u00e9t\u00e9rans) : Masque : 350N (CE niveau 1) ou mieux. Les masques doivent \u00eatre maintenus avec une [&hellip;]","og_url":"https:\/\/fencing.ca\/fr\/normes-equipment-pour-les-competitions-nationales-de-la-fce\/","og_site_name":"Canadian Fencing Federation","article_modified_time":"2025-06-13T19:07:28+00:00","twitter_card":"summary_large_image","twitter_misc":{"Dur\u00e9e de lecture estim\u00e9e":"2 minutes"},"schema":{"@context":"https:\/\/schema.org","@graph":[{"@type":"WebPage","@id":"https:\/\/fencing.ca\/fr\/normes-equipment-pour-les-competitions-nationales-de-la-fce\/","url":"https:\/\/fencing.ca\/fr\/normes-equipment-pour-les-competitions-nationales-de-la-fce\/","name":"Normes pour l'\u00e9quipement dans les comp\u00e9titions domestiques de la FCE - Canadian Fencing Federation","isPartOf":{"@id":"https:\/\/fencing.ca\/#website"},"datePublished":"2016-06-27T21:41:14+00:00","dateModified":"2025-06-13T19:07:28+00:00","breadcrumb":{"@id":"https:\/\/fencing.ca\/fr\/normes-equipment-pour-les-competitions-nationales-de-la-fce\/#breadcrumb"},"inLanguage":"fr-FR","potentialAction":[{"@type":"ReadAction","target":["https:\/\/fencing.ca\/fr\/normes-equipment-pour-les-competitions-nationales-de-la-fce\/"]}]},{"@type":"BreadcrumbList","@id":"https:\/\/fencing.ca\/fr\/normes-equipment-pour-les-competitions-nationales-de-la-fce\/#breadcrumb","itemListElement":[{"@type":"ListItem","position":1,"name":"Home","item":"https:\/\/fencing.ca\/fr\/"},{"@type":"ListItem","position":2,"name":"Normes pour l&#8217;\u00e9quipement dans les comp\u00e9titions domestiques de la FCE"}]},{"@type":"WebSite","@id":"https:\/\/fencing.ca\/#website","url":"https:\/\/fencing.ca\/","name":"Canadian Fencing Federation","description":"Fencing Canada","potentialAction":[{"@type":"SearchAction","target":{"@type":"EntryPoint","urlTemplate":"https:\/\/fencing.ca\/?s={search_term_string}"},"query-input":{"@type":"PropertyValueSpecification","valueRequired":true,"valueName":"search_term_string"}}],"inLanguage":"fr-FR"}]}},"_links":{"self":[{"href":"https:\/\/fencing.ca\/fr\/wp-json\/wp\/v2\/pages\/602","targetHints":{"allow":["GET"]}}],"collection":[{"href":"https:\/\/fencing.ca\/fr\/wp-json\/wp\/v2\/pages"}],"about":[{"href":"https:\/\/fencing.ca\/fr\/wp-json\/wp\/v2\/types\/page"}],"author":[{"embeddable":true,"href":"https:\/\/fencing.ca\/fr\/wp-json\/wp\/v2\/users\/1"}],"replies":[{"embeddable":true,"href":"https:\/\/fencing.ca\/fr\/wp-json\/wp\/v2\/comments?post=602"}],"version-history":[{"count":5,"href":"https:\/\/fencing.ca\/fr\/wp-json\/wp\/v2\/pages\/602\/revisions"}],"predecessor-version":[{"id":45060,"href":"https:\/\/fencing.ca\/fr\/wp-json\/wp\/v2\/pages\/602\/revisions\/45060"}],"wp:attachment":[{"href":"https:\/\/fencing.ca\/fr\/wp-json\/wp\/v2\/media?parent=602"}],"curies":[{"name":"wp","href":"https:\/\/api.w.org\/{rel}","templated":true}]}}