{"id":604,"date":"2013-09-06T08:16:25","date_gmt":"2016-06-27T21:41:14","guid":{"rendered":""},"modified":"2025-05-15T08:23:47","modified_gmt":"2025-05-15T12:23:47","slug":"categories-dage-pour-les-competitions","status":"publish","type":"page","link":"https:\/\/fencing.ca\/fr\/categories-dage-pour-les-competitions\/","title":{"rendered":"Cat\u00e9gories d\u2019\u00e2ge pour les comp\u00e9titions"},"content":{"rendered":"<div>\n<div>Les groupes d\u2019\u00e2ge suivants sont d\u00e9termin\u00e9s par l\u2019\u00e2ge des participants au 31 d\u00e9cembre de l\u2019ann\u00e9e de validit\u00e9 de la licence (du 1<sup>er<\/sup> ao\u00fbt au 31 juillet de l\u2019ann\u00e9e suivante).<\/div>\n<div><\/div>\n<div><\/div>\n<table style=\"height: 388px;\" width=\"804\">\n<tbody>\n<tr>\n<td width=\"187\">U13 (moins de 13 ans)<\/td>\n<td width=\"463\">tous les athl\u00e8tes \u00e2g\u00e9s au minimum de 11 ans, et de moins de 12 ans<\/td>\n<\/tr>\n<tr>\n<td width=\"187\"><strong>U15<\/strong> (moins de 15 ans)<\/td>\n<td width=\"463\">tous les athl\u00e8tes \u00e2g\u00e9s au minimum de 11 ans, et de moins de 15 ans<\/td>\n<\/tr>\n<tr>\n<td width=\"187\"><strong>Cadets <\/strong>(moins de 17 ans)<strong>\u00a0<\/strong><\/td>\n<td width=\"463\">tous les athl\u00e8tes \u00e2g\u00e9s au minimum de 12 ans, et de moins de 17 ans <span style=\"color: #ff0000;\"><strong>(NOTE : pour les championnats nationaux de mai, il faut \u00eatre \u00e2g\u00e9 de moins de 16 ans au 31 d\u00e9cembre de l&rsquo;ann\u00e9e de validit\u00e9 de la licence)<\/strong><\/span><\/td>\n<\/tr>\n<tr>\n<td width=\"187\"><strong>Juniors <\/strong>(moins de 20 ans)<\/td>\n<td width=\"463\">tous les athl\u00e8tes \u00e2g\u00e9s au minimum de 12 ans, et de moins de 20 ans <span style=\"color: #ff0000;\"><strong>(NOTE : pour les championnats nationaux de mai, il faut \u00eatre \u00e2g\u00e9 de moins de 19 ans au 31 d\u00e9cembre de l&rsquo;ann\u00e9e de validit\u00e9 de la licence)<\/strong><\/span><\/td>\n<\/tr>\n<tr>\n<td width=\"187\"><strong>U23<\/strong> (moins de 23 ans)<\/td>\n<td width=\"463\">tous les athl\u00e8tes \u00e2g\u00e9s au minimum de 13 ans, et de moins de 23 ans<\/td>\n<\/tr>\n<tr>\n<td width=\"187\"><strong>Seniors<\/strong><\/td>\n<td width=\"463\">tous les athl\u00e8tes \u00e2g\u00e9s au minimum de 13 ans<\/td>\n<\/tr>\n<tr>\n<td width=\"187\"><strong>V\u00e9t\u00e9rans<\/strong><\/td>\n<td width=\"463\">tous les athl\u00e8tes \u00e2g\u00e9s de 40 ans ou plus <strong><span style=\"color: #ff0000;\">(*39 ans et plus \u00e0 partir de 2024-25)<\/span><\/strong><\/td>\n<\/tr>\n<\/tbody>\n<\/table>\n<div><\/div>\n<div>Les groupes d\u2019\u00e2ge ne sont pas exclusifs. Un athl\u00e8te peut faire partie d\u2019un groupe ou de plusieurs groupes selon les crit\u00e8res.<\/div>\n<div><\/div>\n<\/div>\n<p>&nbsp;<\/p>\n","protected":false},"excerpt":{"rendered":"<p>Les groupes d\u2019\u00e2ge suivants sont d\u00e9termin\u00e9s par l\u2019\u00e2ge des participants au 31 d\u00e9cembre de l\u2019ann\u00e9e de validit\u00e9 de la licence (du 1er ao\u00fbt au 31 juillet de l\u2019ann\u00e9e suivante). U13 [&hellip;]<\/p>\n","protected":false},"author":1,"featured_media":0,"parent":0,"menu_order":0,"comment_status":"closed","ping_status":"closed","template":"","meta":{"_acf_changed":false,"footnotes":""},"class_list":["post-604","page","type-page","status-publish","hentry"],"acf":[],"yoast_head":"<!-- This site is optimized with the Yoast SEO plugin v27.3 - https:\/\/yoast.com\/product\/yoast-seo-wordpress\/ -->\n<title>Cat\u00e9gories d\u2019\u00e2ge pour les comp\u00e9titions - Canadian Fencing Federation<\/title>\n<meta name=\"robots\" content=\"index, follow, max-snippet:-1, max-image-preview:large, max-video-preview:-1\" \/>\n<link rel=\"canonical\" href=\"https:\/\/fencing.ca\/fr\/categories-dage-pour-les-competitions\/\" \/>\n<meta property=\"og:locale\" content=\"fr_FR\" \/>\n<meta property=\"og:type\" content=\"article\" \/>\n<meta property=\"og:title\" content=\"Cat\u00e9gories d\u2019\u00e2ge pour les comp\u00e9titions - Canadian Fencing Federation\" \/>\n<meta property=\"og:description\" content=\"Les groupes d\u2019\u00e2ge suivants sont d\u00e9termin\u00e9s par l\u2019\u00e2ge des participants au 31 d\u00e9cembre de l\u2019ann\u00e9e de validit\u00e9 de la licence (du 1er ao\u00fbt au 31 juillet de l\u2019ann\u00e9e suivante). U13 [&hellip;]\" \/>\n<meta property=\"og:url\" content=\"https:\/\/fencing.ca\/fr\/categories-dage-pour-les-competitions\/\" \/>\n<meta property=\"og:site_name\" content=\"Canadian Fencing Federation\" \/>\n<meta property=\"article:modified_time\" content=\"2025-05-15T12:23:47+00:00\" \/>\n<meta name=\"twitter:card\" content=\"summary_large_image\" \/>\n<meta name=\"twitter:label1\" content=\"Dur\u00e9e de lecture estim\u00e9e\" \/>\n\t<meta name=\"twitter:data1\" content=\"2 minutes\" \/>\n<script type=\"application\/ld+json\" class=\"yoast-schema-graph\">{\"@context\":\"https:\\\/\\\/schema.org\",\"@graph\":[{\"@type\":\"WebPage\",\"@id\":\"https:\\\/\\\/fencing.ca\\\/fr\\\/categories-dage-pour-les-competitions\\\/\",\"url\":\"https:\\\/\\\/fencing.ca\\\/fr\\\/categories-dage-pour-les-competitions\\\/\",\"name\":\"Cat\u00e9gories d\u2019\u00e2ge pour les comp\u00e9titions - Canadian Fencing Federation\",\"isPartOf\":{\"@id\":\"https:\\\/\\\/fencing.ca\\\/#website\"},\"datePublished\":\"2016-06-27T21:41:14+00:00\",\"dateModified\":\"2025-05-15T12:23:47+00:00\",\"breadcrumb\":{\"@id\":\"https:\\\/\\\/fencing.ca\\\/fr\\\/categories-dage-pour-les-competitions\\\/#breadcrumb\"},\"inLanguage\":\"fr-FR\",\"potentialAction\":[{\"@type\":\"ReadAction\",\"target\":[\"https:\\\/\\\/fencing.ca\\\/fr\\\/categories-dage-pour-les-competitions\\\/\"]}]},{\"@type\":\"BreadcrumbList\",\"@id\":\"https:\\\/\\\/fencing.ca\\\/fr\\\/categories-dage-pour-les-competitions\\\/#breadcrumb\",\"itemListElement\":[{\"@type\":\"ListItem\",\"position\":1,\"name\":\"Home\",\"item\":\"https:\\\/\\\/fencing.ca\\\/fr\\\/\"},{\"@type\":\"ListItem\",\"position\":2,\"name\":\"Cat\u00e9gories d\u2019\u00e2ge pour les comp\u00e9titions\"}]},{\"@type\":\"WebSite\",\"@id\":\"https:\\\/\\\/fencing.ca\\\/#website\",\"url\":\"https:\\\/\\\/fencing.ca\\\/\",\"name\":\"Canadian Fencing Federation\",\"description\":\"Fencing Canada\",\"potentialAction\":[{\"@type\":\"SearchAction\",\"target\":{\"@type\":\"EntryPoint\",\"urlTemplate\":\"https:\\\/\\\/fencing.ca\\\/?s={search_term_string}\"},\"query-input\":{\"@type\":\"PropertyValueSpecification\",\"valueRequired\":true,\"valueName\":\"search_term_string\"}}],\"inLanguage\":\"fr-FR\"}]}<\/script>\n<!-- \/ Yoast SEO plugin. -->","yoast_head_json":{"title":"Cat\u00e9gories d\u2019\u00e2ge pour les comp\u00e9titions - Canadian Fencing Federation","robots":{"index":"index","follow":"follow","max-snippet":"max-snippet:-1","max-image-preview":"max-image-preview:large","max-video-preview":"max-video-preview:-1"},"canonical":"https:\/\/fencing.ca\/fr\/categories-dage-pour-les-competitions\/","og_locale":"fr_FR","og_type":"article","og_title":"Cat\u00e9gories d\u2019\u00e2ge pour les comp\u00e9titions - Canadian Fencing Federation","og_description":"Les groupes d\u2019\u00e2ge suivants sont d\u00e9termin\u00e9s par l\u2019\u00e2ge des participants au 31 d\u00e9cembre de l\u2019ann\u00e9e de validit\u00e9 de la licence (du 1er ao\u00fbt au 31 juillet de l\u2019ann\u00e9e suivante). U13 [&hellip;]","og_url":"https:\/\/fencing.ca\/fr\/categories-dage-pour-les-competitions\/","og_site_name":"Canadian Fencing Federation","article_modified_time":"2025-05-15T12:23:47+00:00","twitter_card":"summary_large_image","twitter_misc":{"Dur\u00e9e de lecture estim\u00e9e":"2 minutes"},"schema":{"@context":"https:\/\/schema.org","@graph":[{"@type":"WebPage","@id":"https:\/\/fencing.ca\/fr\/categories-dage-pour-les-competitions\/","url":"https:\/\/fencing.ca\/fr\/categories-dage-pour-les-competitions\/","name":"Cat\u00e9gories d\u2019\u00e2ge pour les comp\u00e9titions - Canadian Fencing Federation","isPartOf":{"@id":"https:\/\/fencing.ca\/#website"},"datePublished":"2016-06-27T21:41:14+00:00","dateModified":"2025-05-15T12:23:47+00:00","breadcrumb":{"@id":"https:\/\/fencing.ca\/fr\/categories-dage-pour-les-competitions\/#breadcrumb"},"inLanguage":"fr-FR","potentialAction":[{"@type":"ReadAction","target":["https:\/\/fencing.ca\/fr\/categories-dage-pour-les-competitions\/"]}]},{"@type":"BreadcrumbList","@id":"https:\/\/fencing.ca\/fr\/categories-dage-pour-les-competitions\/#breadcrumb","itemListElement":[{"@type":"ListItem","position":1,"name":"Home","item":"https:\/\/fencing.ca\/fr\/"},{"@type":"ListItem","position":2,"name":"Cat\u00e9gories d\u2019\u00e2ge pour les comp\u00e9titions"}]},{"@type":"WebSite","@id":"https:\/\/fencing.ca\/#website","url":"https:\/\/fencing.ca\/","name":"Canadian Fencing Federation","description":"Fencing Canada","potentialAction":[{"@type":"SearchAction","target":{"@type":"EntryPoint","urlTemplate":"https:\/\/fencing.ca\/?s={search_term_string}"},"query-input":{"@type":"PropertyValueSpecification","valueRequired":true,"valueName":"search_term_string"}}],"inLanguage":"fr-FR"}]}},"_links":{"self":[{"href":"https:\/\/fencing.ca\/fr\/wp-json\/wp\/v2\/pages\/604","targetHints":{"allow":["GET"]}}],"collection":[{"href":"https:\/\/fencing.ca\/fr\/wp-json\/wp\/v2\/pages"}],"about":[{"href":"https:\/\/fencing.ca\/fr\/wp-json\/wp\/v2\/types\/page"}],"author":[{"embeddable":true,"href":"https:\/\/fencing.ca\/fr\/wp-json\/wp\/v2\/users\/1"}],"replies":[{"embeddable":true,"href":"https:\/\/fencing.ca\/fr\/wp-json\/wp\/v2\/comments?post=604"}],"version-history":[{"count":5,"href":"https:\/\/fencing.ca\/fr\/wp-json\/wp\/v2\/pages\/604\/revisions"}],"predecessor-version":[{"id":44999,"href":"https:\/\/fencing.ca\/fr\/wp-json\/wp\/v2\/pages\/604\/revisions\/44999"}],"wp:attachment":[{"href":"https:\/\/fencing.ca\/fr\/wp-json\/wp\/v2\/media?parent=604"}],"curies":[{"name":"wp","href":"https:\/\/api.w.org\/{rel}","templated":true}]}}