{"id":720,"date":"2014-03-27T08:22:02","date_gmt":"2016-06-27T21:41:14","guid":{"rendered":""},"modified":"2016-07-28T14:31:15","modified_gmt":"2016-07-28T18:31:15","slug":"fonctions-du-logiciel-engarde","status":"publish","type":"page","link":"https:\/\/fencing.ca\/fr\/fonctions-du-logiciel-engarde\/","title":{"rendered":"Fonctions du logiciel Engarde"},"content":{"rendered":"<p>Aux organisateurs de comp&eacute;titions au Canada : Chers ami(e)s,<\/p>\n<p>Pour que votre comp&eacute;tition soit class&eacute;e par la FCE, vous devez absolument suivre les &eacute;tapes suivantes. &Agrave; ce sujet, consultez&nbsp;<a href=\"http:\/\/fencing.ca\/\/wp-content\/documents\/cff_rules_and_regulations_download.pdf\">les Statuts et r&egrave;glements<\/a>&nbsp;en ce qui concerne les formules de comp&eacute;tition et les crit&egrave;res de classement.<\/p>\n<p>Vous devez :<\/p>\n<ol>\n<li>verser les frais de sanction appropri&eacute;s &agrave; la FCE pour les &eacute;preuves, en utilisant le formulaire &eacute;lectronique en ligne. Vous devez verser ces frais avant le premier jour de la comp&eacute;tition;<br \/>\n\t&nbsp;<\/li>\n<li>utiliser la version 8.16 ou une plus r&eacute;cente du logiciel Engarde;<br \/>\n\t&nbsp;<\/li>\n<li>&agrave; la fin de la comp&eacute;tition, envoyer la confirmation par courriel des frais de sanction et les fichiers de comp&eacute;tition fff export&eacute;s &agrave; l&#39;adresse suivante :<a href=\"mailto:pa@fencing.ca\">pa@fencing.ca<\/a><\/li>\n<\/ol>\n<p>Pour qu&#39;on tienne automatiquement compte des r&eacute;sultats pour le classement, il faut que vous utilisiez certaines fonctions du logiciel Engarde d&#39;une certaine mani&egrave;re. Lorsque vous indiquez les informations dans les champs obligatoires, assurez-vous que ces informations sont exactes. Si vous indiquez des informations erron&eacute;es, il se peut qu&#39;un escrimeur ou une escrimeuse ne soit pas class&eacute;(e) ou m&ecirc;me que la comp&eacute;tition toute enti&egrave;re soit rejet&eacute;e par le syst&egrave;me. Vous devez donc utiliser Engarde comme suit :<\/p>\n<p><strong>Options comp&eacute;tition :<\/strong><\/p>\n<table cellpadding=\"3\" bgcolor=\"#FFCCCC\" border=\"1\">\n<tr>\n<td valign=\"top\" bgcolor=\"#EEEEBB\">\n<p>\t\t\t\tTitre r\u00e9duit &#8211;<\/td>\n<td valign=\"top\" bgcolor=\"#FFFFFF\">Le nom de la comp\u00e9tition, y compris l&#39;arme et <\/p>\n<p>\t\t\t\tla cat\u00e9gorie d&#39;\u00e2ge, tels que le logiciel engarde sauvegarde ces <\/p>\n<p>\t\t\t\tinformations.<\/td>\n<\/tr>\n<tr>\n<td valign=\"top\" bgcolor=\"#EEEEBB\">Titre sur une<\/p>\n<p>\t\t\t\t\tligne &#8211;<\/td>\n<td valign=\"top\" bgcolor=\"#FFFFFF\">D\u00e9tails complets relatifs \u00e0 la comp\u00e9tition<\/td>\n<\/tr>\n<tr>\n<td valign=\"top\" bgcolor=\"#EEEEBB\">Organisateur &#8211;<\/td>\n<td valign=\"top\" bgcolor=\"#FFFFFF\">La personne qui a fait la demande et qui a re\u00e7u <\/p>\n<p>\t\t\t\tla sanction<\/td>\n<\/tr>\n<tr>\n<td valign=\"top\" bgcolor=\"#EEEEBB\">F\u00e9d\u00e9ration &#8211;<\/td>\n<td valign=\"top\" bgcolor=\"#FFFFFF\">Canada<\/td>\n<\/tr>\n<tr>\n<td valign=\"top\" bgcolor=\"#EEEEBB\">Domaine de<\/p>\n<p>\t\t\t\t\tcomp\u00e9tition &#8211;<\/td>\n<td valign=\"top\" bgcolor=\"#FFFFFF\">National<\/td>\n<\/tr>\n<tr>\n<td valign=\"top\" bgcolor=\"#EEEEBB\">Championnat&nbsp;&#8211;<\/td>\n<td valign=\"top\" bgcolor=\"#FFFFFF\">N&#39;importe lequel<\/td>\n<\/tr>\n<tr>\n<td valign=\"top\" bgcolor=\"#EEEEBB\">Identification &#8211;<\/td>\n<td valign=\"top\" bgcolor=\"#FFFFFF\">N&#39;importe laquelle<\/td>\n<\/tr>\n<tr>\n<td valign=\"top\" bgcolor=\"#EEEEBB\">Ann\u00e9e &#8211;<\/td>\n<td valign=\"top\" bgcolor=\"#FFFFFF\">L&#39;ann\u00e9e civile au cours de laquelle la comp\u00e9tition est <\/p>\n<p>\t\t\t\torganis\u00e9e<\/td>\n<\/tr>\n<tr>\n<td valign=\"top\" bgcolor=\"#EEEEBB\">Arme &#8211;<\/td>\n<td valign=\"top\" bgcolor=\"#FFFFFF\">Fleuret, \u00e9p\u00e9e ou sabre<\/td>\n<\/tr>\n<tr>\n<td valign=\"top\" bgcolor=\"#EEEEBB\">Cat\u00e9gorie &#8211;<\/td>\n<td valign=\"top\" bgcolor=\"#FFFFFF\">Cadet, junior, senior (ouverte) ou v\u00e9t\u00e9ran (ma\u00eetres)<\/td>\n<\/tr>\n<tr>\n<td valign=\"top\" bgcolor=\"#EEEEBB\">Sexe &#8211;<\/td>\n<td valign=\"top\" bgcolor=\"#FFFFFF\">Homme (M) ou femme (F) (en ce qui concerne les <\/p>\n<p>\t\t\t\tcomp\u00e9titions mixtes, le sexe le plus courant)<\/td>\n<\/tr>\n<tr>\n<td valign=\"top\" bgcolor=\"#EEEEBB\">Date &#8211;<\/td>\n<td valign=\"top\" bgcolor=\"#FFFFFF\">La date r\u00e9elle de la comp\u00e9tition<\/td>\n<\/tr>\n<tr>\n<td valign=\"top\" bgcolor=\"#EEEEBB\">Titre 1&#8230;.4 &#8211;<\/td>\n<td valign=\"top\" bgcolor=\"#FFFFFF\">N&#39;importe lequel<\/td>\n<\/tr>\n<\/table>\n<p><b>Escrimeurs :<\/b><\/p>\n<table border=\"1\" width=\"100%\" cellpadding=\"3\" bgcolor=\"#FFCCCC\">\n<tr>\n<td valign=\"top\" bgcolor=\"#EEEEBB\">Nom &#8211;<\/td>\n<td valign=\"top\" bgcolor=\"#FFFFFF\">Obligatoire<\/td>\n<\/tr>\n<tr>\n<td valign=\"top\" bgcolor=\"#EEEEBB\">Pr\u00e9nom &#8211;<\/td>\n<td valign=\"top\" bgcolor=\"#FFFFFF\">Obligatoire<\/td>\n<\/tr>\n<tr>\n<td valign=\"top\" bgcolor=\"#EEEEBB\">Pr\u00e9sence &#8211;<\/td>\n<td valign=\"top\" bgcolor=\"#FFFFFF\">Obligatoire<\/td>\n<\/tr>\n<tr>\n<td valign=\"top\" bgcolor=\"#EEEEBB\">S\u00e9rie &#8211;<\/td>\n<td valign=\"top\" bgcolor=\"#FFFFFF\">Facultatif<\/td>\n<\/tr>\n<tr>\n<td valign=\"top\" bgcolor=\"#EEEEBB\">Club &#8211;<\/td>\n<td valign=\"top\" bgcolor=\"#FFFFFF\">Club de l&#39;escrimeur(euse)<\/td>\n<\/tr>\n<tr>\n<td valign=\"top\" bgcolor=\"#EEEEBB\">\u00c9tat &#8211;<\/td>\n<td valign=\"top\" bgcolor=\"#FFFFFF\">Facultatif<\/td>\n<\/tr>\n<tr>\n<td valign=\"top\" bgcolor=\"#EEEEBB\">Nation &#8211;<\/td>\n<td valign=\"top\" bgcolor=\"#FFFFFF\">Canada &#8211; Obligatoire (si ce champ est laiss\u00e9 vide ou si <\/p>\n<p>\t\t\t\ton y indique une autre nationalit\u00e9, p. ex. \u00c9tats-Unis, <\/p>\n<p>\t\t\t\tl&#39;escrimeur(euse) ne sera pas class\u00e9(e) au Canada)<\/td>\n<\/tr>\n<tr>\n<td valign=\"top\" bgcolor=\"#EEEEBB\">Date de naissance &#8211;<\/td>\n<td valign=\"top\" bgcolor=\"#FFFFFF\">Facultative<\/td>\n<\/tr>\n<tr>\n<td valign=\"top\" bgcolor=\"#EEEEBB\">Licence&nbsp;&#8211;<\/td>\n<td valign=\"top\" bgcolor=\"#FFFFFF\">Num\u00e9ro de licence de la FCE<\/td>\n<\/tr>\n<tr>\n<td valign=\"top\" bgcolor=\"#EEEEBB\">Licence de la FIE &#8211;<\/td>\n<td valign=\"top\" bgcolor=\"#FFFFFF\">Facultatif<\/td>\n<\/tr>\n<tr>\n<td valign=\"top\" bgcolor=\"#EEEEBB\">Points&nbsp;&#8211;<\/td>\n<td valign=\"top\" bgcolor=\"#FFFFFF\">Facultatif<\/td>\n<\/tr>\n<tr>\n<td valign=\"top\" bgcolor=\"#EEEEBB\">Dos &#8211;<\/td>\n<td valign=\"top\" bgcolor=\"#FFFFFF\">Facultatif<\/td>\n<\/tr>\n<tr>\n<td valign=\"top\" bgcolor=\"#EEEEBB\">Sexe&nbsp;&#8211;<\/td>\n<td valign=\"top\" bgcolor=\"#FFFFFF\">M \/ F &#8211; Obligatoire<\/td>\n<\/tr>\n<\/table>\n<p>&nbsp;<\/p>\n<p><strong>Une fois la comp&eacute;tition enti&egrave;rement saisie<\/strong>, allez &agrave; :<\/p>\n<p>Fichier : fichiers r&eacute;sultats, autres fichiers : fichier de transfert FFF : v&eacute;rifier les r&eacute;sultats : classement final : (v&eacute;rifiez que tous les athl&egrave;tes sont inclus(es) : classement jusqu&#39;&agrave; premi&egrave;re place dans le fichier (1) : sauvegarder comme nom de la comp&eacute;tition \/ arme \/ cat&eacute;gorie \/ sexe.<\/p>\n<p>e.g. challenge-estoc-fleuret-senior-masculin.fff<\/p>\n","protected":false},"excerpt":{"rendered":"<p>Aux organisateurs de comp&eacute;titions au Canada : Chers ami(e)s, Pour que votre comp&eacute;tition soit class&eacute;e par la FCE, vous devez absolument suivre les &eacute;tapes suivantes. &Agrave; ce sujet, consultez&nbsp;les Statuts [&hellip;]<\/p>\n","protected":false},"author":1,"featured_media":0,"parent":0,"menu_order":0,"comment_status":"closed","ping_status":"closed","template":"","meta":{"_acf_changed":false,"footnotes":""},"class_list":["post-720","page","type-page","status-publish","hentry"],"acf":[],"yoast_head":"<!-- This site is optimized with the Yoast SEO plugin v27.3 - https:\/\/yoast.com\/product\/yoast-seo-wordpress\/ -->\n<title>Fonctions du logiciel Engarde - Canadian Fencing Federation<\/title>\n<meta name=\"robots\" content=\"index, follow, max-snippet:-1, max-image-preview:large, max-video-preview:-1\" \/>\n<link rel=\"canonical\" href=\"https:\/\/fencing.ca\/fr\/fonctions-du-logiciel-engarde\/\" \/>\n<meta property=\"og:locale\" content=\"fr_FR\" \/>\n<meta property=\"og:type\" content=\"article\" \/>\n<meta property=\"og:title\" content=\"Fonctions du logiciel Engarde - Canadian Fencing Federation\" \/>\n<meta property=\"og:description\" content=\"Aux organisateurs de comp&eacute;titions au Canada : Chers ami(e)s, Pour que votre comp&eacute;tition soit class&eacute;e par la FCE, vous devez absolument suivre les &eacute;tapes suivantes. &Agrave; ce sujet, consultez&nbsp;les Statuts [&hellip;]\" \/>\n<meta property=\"og:url\" content=\"https:\/\/fencing.ca\/fr\/fonctions-du-logiciel-engarde\/\" \/>\n<meta property=\"og:site_name\" content=\"Canadian Fencing Federation\" \/>\n<meta property=\"article:modified_time\" content=\"2016-07-28T18:31:15+00:00\" \/>\n<meta name=\"twitter:card\" content=\"summary_large_image\" \/>\n<meta name=\"twitter:label1\" content=\"Dur\u00e9e de lecture estim\u00e9e\" \/>\n\t<meta name=\"twitter:data1\" content=\"3 minutes\" \/>\n<script type=\"application\/ld+json\" class=\"yoast-schema-graph\">{\"@context\":\"https:\\\/\\\/schema.org\",\"@graph\":[{\"@type\":\"WebPage\",\"@id\":\"https:\\\/\\\/fencing.ca\\\/fr\\\/fonctions-du-logiciel-engarde\\\/\",\"url\":\"https:\\\/\\\/fencing.ca\\\/fr\\\/fonctions-du-logiciel-engarde\\\/\",\"name\":\"Fonctions du logiciel Engarde - Canadian Fencing Federation\",\"isPartOf\":{\"@id\":\"https:\\\/\\\/fencing.ca\\\/#website\"},\"datePublished\":\"2016-06-27T21:41:14+00:00\",\"dateModified\":\"2016-07-28T18:31:15+00:00\",\"breadcrumb\":{\"@id\":\"https:\\\/\\\/fencing.ca\\\/fr\\\/fonctions-du-logiciel-engarde\\\/#breadcrumb\"},\"inLanguage\":\"fr-FR\",\"potentialAction\":[{\"@type\":\"ReadAction\",\"target\":[\"https:\\\/\\\/fencing.ca\\\/fr\\\/fonctions-du-logiciel-engarde\\\/\"]}]},{\"@type\":\"BreadcrumbList\",\"@id\":\"https:\\\/\\\/fencing.ca\\\/fr\\\/fonctions-du-logiciel-engarde\\\/#breadcrumb\",\"itemListElement\":[{\"@type\":\"ListItem\",\"position\":1,\"name\":\"Home\",\"item\":\"https:\\\/\\\/fencing.ca\\\/fr\\\/\"},{\"@type\":\"ListItem\",\"position\":2,\"name\":\"Fonctions du logiciel Engarde\"}]},{\"@type\":\"WebSite\",\"@id\":\"https:\\\/\\\/fencing.ca\\\/#website\",\"url\":\"https:\\\/\\\/fencing.ca\\\/\",\"name\":\"Canadian Fencing Federation\",\"description\":\"Fencing Canada\",\"potentialAction\":[{\"@type\":\"SearchAction\",\"target\":{\"@type\":\"EntryPoint\",\"urlTemplate\":\"https:\\\/\\\/fencing.ca\\\/?s={search_term_string}\"},\"query-input\":{\"@type\":\"PropertyValueSpecification\",\"valueRequired\":true,\"valueName\":\"search_term_string\"}}],\"inLanguage\":\"fr-FR\"}]}<\/script>\n<!-- \/ Yoast SEO plugin. -->","yoast_head_json":{"title":"Fonctions du logiciel Engarde - Canadian Fencing Federation","robots":{"index":"index","follow":"follow","max-snippet":"max-snippet:-1","max-image-preview":"max-image-preview:large","max-video-preview":"max-video-preview:-1"},"canonical":"https:\/\/fencing.ca\/fr\/fonctions-du-logiciel-engarde\/","og_locale":"fr_FR","og_type":"article","og_title":"Fonctions du logiciel Engarde - Canadian Fencing Federation","og_description":"Aux organisateurs de comp&eacute;titions au Canada : Chers ami(e)s, Pour que votre comp&eacute;tition soit class&eacute;e par la FCE, vous devez absolument suivre les &eacute;tapes suivantes. &Agrave; ce sujet, consultez&nbsp;les Statuts [&hellip;]","og_url":"https:\/\/fencing.ca\/fr\/fonctions-du-logiciel-engarde\/","og_site_name":"Canadian Fencing Federation","article_modified_time":"2016-07-28T18:31:15+00:00","twitter_card":"summary_large_image","twitter_misc":{"Dur\u00e9e de lecture estim\u00e9e":"3 minutes"},"schema":{"@context":"https:\/\/schema.org","@graph":[{"@type":"WebPage","@id":"https:\/\/fencing.ca\/fr\/fonctions-du-logiciel-engarde\/","url":"https:\/\/fencing.ca\/fr\/fonctions-du-logiciel-engarde\/","name":"Fonctions du logiciel Engarde - Canadian Fencing Federation","isPartOf":{"@id":"https:\/\/fencing.ca\/#website"},"datePublished":"2016-06-27T21:41:14+00:00","dateModified":"2016-07-28T18:31:15+00:00","breadcrumb":{"@id":"https:\/\/fencing.ca\/fr\/fonctions-du-logiciel-engarde\/#breadcrumb"},"inLanguage":"fr-FR","potentialAction":[{"@type":"ReadAction","target":["https:\/\/fencing.ca\/fr\/fonctions-du-logiciel-engarde\/"]}]},{"@type":"BreadcrumbList","@id":"https:\/\/fencing.ca\/fr\/fonctions-du-logiciel-engarde\/#breadcrumb","itemListElement":[{"@type":"ListItem","position":1,"name":"Home","item":"https:\/\/fencing.ca\/fr\/"},{"@type":"ListItem","position":2,"name":"Fonctions du logiciel Engarde"}]},{"@type":"WebSite","@id":"https:\/\/fencing.ca\/#website","url":"https:\/\/fencing.ca\/","name":"Canadian Fencing Federation","description":"Fencing Canada","potentialAction":[{"@type":"SearchAction","target":{"@type":"EntryPoint","urlTemplate":"https:\/\/fencing.ca\/?s={search_term_string}"},"query-input":{"@type":"PropertyValueSpecification","valueRequired":true,"valueName":"search_term_string"}}],"inLanguage":"fr-FR"}]}},"_links":{"self":[{"href":"https:\/\/fencing.ca\/fr\/wp-json\/wp\/v2\/pages\/720","targetHints":{"allow":["GET"]}}],"collection":[{"href":"https:\/\/fencing.ca\/fr\/wp-json\/wp\/v2\/pages"}],"about":[{"href":"https:\/\/fencing.ca\/fr\/wp-json\/wp\/v2\/types\/page"}],"author":[{"embeddable":true,"href":"https:\/\/fencing.ca\/fr\/wp-json\/wp\/v2\/users\/1"}],"replies":[{"embeddable":true,"href":"https:\/\/fencing.ca\/fr\/wp-json\/wp\/v2\/comments?post=720"}],"version-history":[{"count":2,"href":"https:\/\/fencing.ca\/fr\/wp-json\/wp\/v2\/pages\/720\/revisions"}],"predecessor-version":[{"id":2070,"href":"https:\/\/fencing.ca\/fr\/wp-json\/wp\/v2\/pages\/720\/revisions\/2070"}],"wp:attachment":[{"href":"https:\/\/fencing.ca\/fr\/wp-json\/wp\/v2\/media?parent=720"}],"curies":[{"name":"wp","href":"https:\/\/api.w.org\/{rel}","templated":true}]}}