{"id":8294,"date":"2016-10-03T16:31:47","date_gmt":"2016-10-03T20:31:47","guid":{"rendered":"http:\/\/fencing.ca\/fr\/?page_id=8294"},"modified":"2016-10-03T21:53:40","modified_gmt":"2016-10-04T01:53:40","slug":"selections-internationales-darbitrage","status":"publish","type":"page","link":"https:\/\/fencing.ca\/fr\/selections-internationales-darbitrage\/","title":{"rendered":"S\u00e9lections des arbitres internationaux"},"content":{"rendered":"<p>Trouvez, si dessous, les arbitres selection\u00e9s pour les competitions international jusqu\u2019a la fin d\u00e9cembre.<\/p>\n<p>Ci-dessous vous trouverez les s\u00e9lections pour les prochaines comp\u00e9titions internationales. S&rsquo;il vous pla\u00eet noter que les arbitres s\u00e9lectionn\u00e9s iront \u00e0 la comp\u00e9tition si, et seulement si, nous devons envoyer un arbitre. L&rsquo;ordre dans lequel ils apparaissent, est l&rsquo;ordre dans lequel les arbitres seront appel\u00e9s au besoin. La FCE enverra un maximum de 2 arbitres par comp\u00e9tition, nous allons embaucher des arbitres locaux pour compenser tout d\u00e9ficit. Les s\u00e9lections o\u00f9 il y a seulement une d\u00e9claration \u00abhire\u00bb, sont les comp\u00e9titions auxquelles personne ne c\u2019ait inscrit.<\/p>\n<p>Merci \u00e0 vous tous pour appliquer, votre d\u00e9vouement est appr\u00e9ci\u00e9,<\/p>\n<p>Comit\u00e9 d\u2019arbitrage.<\/p>\n<p>Cadet<\/p>\n<p>&nbsp;<\/p>\n<table>\n<thead>\n<tr>\n<td width=\"156\">\n<h4>Competition<\/h4>\n<\/td>\n<td width=\"156\">\n<h4>Date<\/h4>\n<\/td>\n<td width=\"156\">\n<h4>Weapon<\/h4>\n<\/td>\n<td width=\"156\">\n<h4>Selection<\/h4>\n<\/td>\n<\/tr>\n<\/thead>\n<tbody>\n<tr>\n<td width=\"156\">Budapest, Hungary<\/td>\n<td width=\"156\">Oct 1<\/td>\n<td width=\"156\">W.F. and M.F.<\/td>\n<td width=\"156\">Dan BanksAdrian Symons<\/p>\n<p>Local Ref<\/td>\n<\/tr>\n<tr>\n<td width=\"156\">Klagenfurt, Germany<\/td>\n<td width=\"156\">Oct 29-30<\/td>\n<td width=\"156\">W.E. and M.E.<\/td>\n<td width=\"156\">Carolyn GranholmVincent Pelletier<\/p>\n<p>Local Ref<\/td>\n<\/tr>\n<tr>\n<td width=\"156\">London, England<\/td>\n<td width=\"156\">Oct 29-30<\/td>\n<td width=\"156\">W.S. and M.S,<\/td>\n<td width=\"156\">Kristina HanSteven Moore<\/td>\n<\/tr>\n<tr>\n<td width=\"156\">Cabries, France<\/td>\n<td width=\"156\">Dec 3-4<\/td>\n<td width=\"156\">W.F. and M.F.<\/td>\n<td width=\"156\">Carolyn GranholmAdrian Symons<\/p>\n<p>P.O. Bontem<\/td>\n<\/tr>\n<tr>\n<td width=\"156\">Copenhagen, Denmark<\/td>\n<td width=\"156\">Dec 11-12<\/td>\n<td width=\"156\">W.E. and M.E.<\/td>\n<td width=\"156\">Manuel BelmonteKristina Han<\/p>\n<p>&nbsp;<\/td>\n<\/tr>\n<\/tbody>\n<\/table>\n<p>&nbsp;<\/p>\n<p>&nbsp;<\/p>\n<p>&nbsp;<\/p>\n<p>Junior<\/p>\n<p>&nbsp;<\/p>\n<table>\n<thead>\n<tr>\n<td width=\"156\">\n<h4>Competition<\/h4>\n<\/td>\n<td width=\"156\">\n<h4>Date<\/h4>\n<\/td>\n<td width=\"156\">\n<h4>Weapon<\/h4>\n<\/td>\n<td width=\"156\">\n<h4>Selection<\/h4>\n<\/td>\n<\/tr>\n<\/thead>\n<tbody>\n<tr>\n<td width=\"156\">San Jose, Costa Rica<\/td>\n<td width=\"156\">Sep 17-18<\/td>\n<td width=\"156\">W.S.<\/td>\n<td width=\"156\">DONE<\/td>\n<\/tr>\n<tr>\n<td width=\"156\">Plovdiv, Bulgaria<\/td>\n<td width=\"156\">Oct 1-2<\/td>\n<td width=\"156\">W.S. and M.S.<\/p>\n<p>6\u00a0\u00a0 6<\/td>\n<td width=\"156\">Steven MooreLocal Ref<\/td>\n<\/tr>\n<tr>\n<td width=\"156\">Luxembourg, Belgium<\/td>\n<td width=\"156\">Oct 10-11<\/td>\n<td width=\"156\">M.E.<\/td>\n<td width=\"156\">DONE<\/td>\n<\/tr>\n<tr>\n<td width=\"156\">Riga, Latvia<\/td>\n<td width=\"156\">Oct 15-16<\/td>\n<td width=\"156\">M.E.\u00a0\u00a0 6<\/td>\n<td width=\"156\">Local Ref (2)<\/td>\n<\/tr>\n<tr>\n<td width=\"156\">Laupheim, Germany<\/td>\n<td width=\"156\">Oct 15-16<\/td>\n<td width=\"156\">W.E.\u00a0\u00a0 12<\/td>\n<td width=\"156\">HIRE 2<\/td>\n<\/tr>\n<tr>\n<td width=\"156\">Bochum, Germany<\/td>\n<td width=\"156\">Oct 29-30<\/td>\n<td width=\"156\">W.F.<\/td>\n<td width=\"156\">Local Ref<\/td>\n<\/tr>\n<tr>\n<td width=\"156\">Leszno, Poland<\/td>\n<td width=\"156\">Oct 29-30<\/td>\n<td width=\"156\">M.F.<\/td>\n<td width=\"156\">Local Ref<\/td>\n<\/tr>\n<tr>\n<td width=\"156\">Zagreb, Croatia<\/td>\n<td width=\"156\">Nov 19-20MOVED TO JANUARY<\/td>\n<td width=\"156\">W.F.<\/td>\n<td width=\"156\">Alex Kuznetsov<\/td>\n<\/tr>\n<tr>\n<td width=\"156\">Cancun, Mexico<\/td>\n<td width=\"156\">Nov 19-20MOVED TO JANUARY<\/td>\n<td width=\"156\">M.F.<\/td>\n<td width=\"156\">Steven MooreLocal Ref<\/td>\n<\/tr>\n<tr>\n<td width=\"156\">London, England<\/td>\n<td width=\"156\">Dec 17-18<\/td>\n<td width=\"156\">M.F.<\/td>\n<td width=\"156\">Thomas NguyenLocal Ref<\/td>\n<\/tr>\n<tr>\n<td width=\"156\">Lyon, France<\/td>\n<td width=\"156\">Dec 17-18<\/td>\n<td width=\"156\">W.F.<\/td>\n<td width=\"156\">Carolyn GranholmLocal Ref<\/td>\n<\/tr>\n<tr>\n<td width=\"156\">Burgos, Spain<\/td>\n<td width=\"156\">Dec 17-18<\/td>\n<td width=\"156\">W.E.<\/td>\n<td width=\"156\">Manuel BelmonteJohn Makela<\/td>\n<\/tr>\n<\/tbody>\n<\/table>\n<p>&nbsp;<\/p>\n","protected":false},"excerpt":{"rendered":"<p>Trouvez, si dessous, les arbitres selection\u00e9s pour les competitions international jusqu\u2019a la fin d\u00e9cembre. Ci-dessous vous trouverez les s\u00e9lections pour les prochaines comp\u00e9titions internationales. S&rsquo;il vous pla\u00eet noter que les [&hellip;]<\/p>\n","protected":false},"author":1,"featured_media":0,"parent":0,"menu_order":0,"comment_status":"closed","ping_status":"closed","template":"","meta":{"_acf_changed":false,"footnotes":""},"class_list":["post-8294","page","type-page","status-publish","hentry"],"acf":[],"yoast_head":"<!-- This site is optimized with the Yoast SEO plugin v27.2 - https:\/\/yoast.com\/product\/yoast-seo-wordpress\/ -->\n<title>S\u00e9lections des arbitres internationaux - Canadian Fencing Federation<\/title>\n<meta name=\"robots\" content=\"index, follow, max-snippet:-1, max-image-preview:large, max-video-preview:-1\" \/>\n<link rel=\"canonical\" href=\"https:\/\/fencing.ca\/fr\/selections-internationales-darbitrage\/\" \/>\n<meta property=\"og:locale\" content=\"fr_FR\" \/>\n<meta property=\"og:type\" content=\"article\" \/>\n<meta property=\"og:title\" content=\"S\u00e9lections des arbitres internationaux - Canadian Fencing Federation\" \/>\n<meta property=\"og:description\" content=\"Trouvez, si dessous, les arbitres selection\u00e9s pour les competitions international jusqu\u2019a la fin d\u00e9cembre. Ci-dessous vous trouverez les s\u00e9lections pour les prochaines comp\u00e9titions internationales. S&rsquo;il vous pla\u00eet noter que les [&hellip;]\" \/>\n<meta property=\"og:url\" content=\"https:\/\/fencing.ca\/fr\/selections-internationales-darbitrage\/\" \/>\n<meta property=\"og:site_name\" content=\"Canadian Fencing Federation\" \/>\n<meta property=\"article:modified_time\" content=\"2016-10-04T01:53:40+00:00\" \/>\n<meta name=\"twitter:card\" content=\"summary_large_image\" \/>\n<meta name=\"twitter:label1\" content=\"Dur\u00e9e de lecture estim\u00e9e\" \/>\n\t<meta name=\"twitter:data1\" content=\"2 minutes\" \/>\n<script type=\"application\/ld+json\" class=\"yoast-schema-graph\">{\"@context\":\"https:\/\/schema.org\",\"@graph\":[{\"@type\":\"WebPage\",\"@id\":\"https:\/\/fencing.ca\/fr\/selections-internationales-darbitrage\/\",\"url\":\"https:\/\/fencing.ca\/fr\/selections-internationales-darbitrage\/\",\"name\":\"S\u00e9lections des arbitres internationaux - Canadian Fencing Federation\",\"isPartOf\":{\"@id\":\"https:\/\/fencing.ca\/#website\"},\"datePublished\":\"2016-10-03T20:31:47+00:00\",\"dateModified\":\"2016-10-04T01:53:40+00:00\",\"breadcrumb\":{\"@id\":\"https:\/\/fencing.ca\/fr\/selections-internationales-darbitrage\/#breadcrumb\"},\"inLanguage\":\"fr-FR\",\"potentialAction\":[{\"@type\":\"ReadAction\",\"target\":[\"https:\/\/fencing.ca\/fr\/selections-internationales-darbitrage\/\"]}]},{\"@type\":\"BreadcrumbList\",\"@id\":\"https:\/\/fencing.ca\/fr\/selections-internationales-darbitrage\/#breadcrumb\",\"itemListElement\":[{\"@type\":\"ListItem\",\"position\":1,\"name\":\"Home\",\"item\":\"https:\/\/fencing.ca\/fr\/\"},{\"@type\":\"ListItem\",\"position\":2,\"name\":\"S\u00e9lections des arbitres internationaux\"}]},{\"@type\":\"WebSite\",\"@id\":\"https:\/\/fencing.ca\/#website\",\"url\":\"https:\/\/fencing.ca\/\",\"name\":\"Canadian Fencing Federation\",\"description\":\"Fencing Canada\",\"potentialAction\":[{\"@type\":\"SearchAction\",\"target\":{\"@type\":\"EntryPoint\",\"urlTemplate\":\"https:\/\/fencing.ca\/?s={search_term_string}\"},\"query-input\":{\"@type\":\"PropertyValueSpecification\",\"valueRequired\":true,\"valueName\":\"search_term_string\"}}],\"inLanguage\":\"fr-FR\"}]}<\/script>\n<!-- \/ Yoast SEO plugin. -->","yoast_head_json":{"title":"S\u00e9lections des arbitres internationaux - Canadian Fencing Federation","robots":{"index":"index","follow":"follow","max-snippet":"max-snippet:-1","max-image-preview":"max-image-preview:large","max-video-preview":"max-video-preview:-1"},"canonical":"https:\/\/fencing.ca\/fr\/selections-internationales-darbitrage\/","og_locale":"fr_FR","og_type":"article","og_title":"S\u00e9lections des arbitres internationaux - Canadian Fencing Federation","og_description":"Trouvez, si dessous, les arbitres selection\u00e9s pour les competitions international jusqu\u2019a la fin d\u00e9cembre. Ci-dessous vous trouverez les s\u00e9lections pour les prochaines comp\u00e9titions internationales. S&rsquo;il vous pla\u00eet noter que les [&hellip;]","og_url":"https:\/\/fencing.ca\/fr\/selections-internationales-darbitrage\/","og_site_name":"Canadian Fencing Federation","article_modified_time":"2016-10-04T01:53:40+00:00","twitter_card":"summary_large_image","twitter_misc":{"Dur\u00e9e de lecture estim\u00e9e":"2 minutes"},"schema":{"@context":"https:\/\/schema.org","@graph":[{"@type":"WebPage","@id":"https:\/\/fencing.ca\/fr\/selections-internationales-darbitrage\/","url":"https:\/\/fencing.ca\/fr\/selections-internationales-darbitrage\/","name":"S\u00e9lections des arbitres internationaux - Canadian Fencing Federation","isPartOf":{"@id":"https:\/\/fencing.ca\/#website"},"datePublished":"2016-10-03T20:31:47+00:00","dateModified":"2016-10-04T01:53:40+00:00","breadcrumb":{"@id":"https:\/\/fencing.ca\/fr\/selections-internationales-darbitrage\/#breadcrumb"},"inLanguage":"fr-FR","potentialAction":[{"@type":"ReadAction","target":["https:\/\/fencing.ca\/fr\/selections-internationales-darbitrage\/"]}]},{"@type":"BreadcrumbList","@id":"https:\/\/fencing.ca\/fr\/selections-internationales-darbitrage\/#breadcrumb","itemListElement":[{"@type":"ListItem","position":1,"name":"Home","item":"https:\/\/fencing.ca\/fr\/"},{"@type":"ListItem","position":2,"name":"S\u00e9lections des arbitres internationaux"}]},{"@type":"WebSite","@id":"https:\/\/fencing.ca\/#website","url":"https:\/\/fencing.ca\/","name":"Canadian Fencing Federation","description":"Fencing Canada","potentialAction":[{"@type":"SearchAction","target":{"@type":"EntryPoint","urlTemplate":"https:\/\/fencing.ca\/?s={search_term_string}"},"query-input":{"@type":"PropertyValueSpecification","valueRequired":true,"valueName":"search_term_string"}}],"inLanguage":"fr-FR"}]}},"_links":{"self":[{"href":"https:\/\/fencing.ca\/fr\/wp-json\/wp\/v2\/pages\/8294","targetHints":{"allow":["GET"]}}],"collection":[{"href":"https:\/\/fencing.ca\/fr\/wp-json\/wp\/v2\/pages"}],"about":[{"href":"https:\/\/fencing.ca\/fr\/wp-json\/wp\/v2\/types\/page"}],"author":[{"embeddable":true,"href":"https:\/\/fencing.ca\/fr\/wp-json\/wp\/v2\/users\/1"}],"replies":[{"embeddable":true,"href":"https:\/\/fencing.ca\/fr\/wp-json\/wp\/v2\/comments?post=8294"}],"version-history":[{"count":3,"href":"https:\/\/fencing.ca\/fr\/wp-json\/wp\/v2\/pages\/8294\/revisions"}],"predecessor-version":[{"id":8300,"href":"https:\/\/fencing.ca\/fr\/wp-json\/wp\/v2\/pages\/8294\/revisions\/8300"}],"wp:attachment":[{"href":"https:\/\/fencing.ca\/fr\/wp-json\/wp\/v2\/media?parent=8294"}],"curies":[{"name":"wp","href":"https:\/\/api.w.org\/{rel}","templated":true}]}}