{"id":8522,"date":"2016-12-07T09:53:13","date_gmt":"2016-12-07T14:53:13","guid":{"rendered":"http:\/\/fencing.ca\/fr\/?page_id=8522"},"modified":"2016-12-07T09:53:13","modified_gmt":"2016-12-07T14:53:13","slug":"classement-canadien-domestique","status":"publish","type":"page","link":"https:\/\/fencing.ca\/fr\/classement-canadien-domestique\/","title":{"rendered":"CLASSEMENT CANADIEN DOMESTIQUE"},"content":{"rendered":"<p>Mis \u00e0 jour en d\u00e9cembre 2016<\/p>\n<p>&nbsp;<\/p>\n<h4><strong>G\u00c9N\u00c9RALIT\u00c9S<\/strong><\/h4>\n<p>&nbsp;<\/p>\n<p>1.1 Le syst\u00e8me de points est con\u00e7u de mani\u00e8re \u00e0 \u00e9valuer le plus pr\u00e9cis\u00e9ment possible la performance des concurrents au Canada, pendant une p\u00e9riode de douze (12) mois, et de les classer en fonction de leurs r\u00e9sultats.<\/p>\n<p>&nbsp;<\/p>\n<p>1.2 \u00c0 chaque arme et dans chaque cat\u00e9gorie d&rsquo;\u00e2ge (U15\/minime, U17\/cadet, U20\/junior, senior et v\u00e9t\u00e9ran), le classement canadien domestique se compose des cinq meilleurs r\u00e9sultats \u00e0 des comp\u00e9titions sanctionn\u00e9es par la FCE, plus les r\u00e9sultats du Championnat r\u00e9gional (Est ou Ouest) et du Championnat canadien.<\/p>\n<p>&nbsp;<\/p>\n<p>1.3 Toutes les comp\u00e9titions sanctionn\u00e9es par la FCE peuvent \u00eatre soumises pour \u00eatre incluses dans le classement canadien domestique.<\/p>\n<p>&nbsp;<\/p>\n<p>1.4 Pour qu&rsquo;un tournoi puisse \u00eatre inclus dans le classement canadien domestique, il doit respecter les\u00a0 normes g\u00e9n\u00e9rales suivantes :<\/p>\n<ol>\n<li>il doit \u00eatre sanctionn\u00e9 par la FCE. Pour cela, les organisateurs du tournoi doivent s&rsquo;inscrire et payer \u00e9lectroniquement les frais de sanctions exig\u00e9s (sur le site Web de la FCE), <strong><em>avant<\/em><\/strong> la comp\u00e9tition;<\/li>\n<li>les r\u00e9sultats doivent \u00eatre soumis \u00e9lectroniquement dans le format d\u00e9crit sur le site Web de la FCE, dans les quatorze (14) jours suivant la comp\u00e9tition;<\/li>\n<\/ol>\n<ul>\n<li>on doit respecter les Statuts et r\u00e8glements de la FCE; et<\/li>\n<\/ul>\n<ol>\n<li>il doit y avoir au moins six (6) concurrents \u00e0 l&rsquo;\u00e9preuve en question. Voir l&rsquo;article 1.11 en ce qui concerne les \u00e9preuves o\u00f9 il y a moins de six (6) concurrents.<\/li>\n<\/ol>\n<p>&nbsp;<\/p>\n<h4><strong>P\u00c9RIODE DE CLASSEMENT<\/strong><\/h4>\n<p>&nbsp;<\/p>\n<p>1.5 Le classement est calcul\u00e9 sur une p\u00e9riode d&rsquo;un an, en rotation. Une comp\u00e9tition est remplac\u00e9e quand :<\/p>\n<p>&nbsp;<\/p>\n<ul>\n<li>365 jours se sont \u00e9coul\u00e9s depuis qu&rsquo;elle a \u00e9t\u00e9 organis\u00e9e; OU<\/li>\n<li>elle a \u00e9t\u00e9 organis\u00e9e \u00e0 nouveau dans les 365 jours, selon l&rsquo;alternative qui s&rsquo;est pr\u00e9sent\u00e9e en premier.<\/li>\n<\/ul>\n<p>&nbsp;<\/p>\n<h4><strong>FR\u00c9QUENCE DE CLASSEMENT<\/strong><\/h4>\n<p>&nbsp;<\/p>\n<p>1.6 Le classement est \u00e9labor\u00e9 p\u00e9riodiquement pendant toute la saison. Il est affich\u00e9 sur le site Web de la FCE.<\/p>\n<p>&nbsp;<\/p>\n<h4><strong>CALCUL DES POINTS<\/strong><\/h4>\n<p>&nbsp;<\/p>\n<p>1.7 Le total des points domestiques d&rsquo;un escrimeur pendant une p\u00e9riode de douze (12) mois se compose des points qu&rsquo;il a accumul\u00e9s en participant au Championnat canadien, au Championnat r\u00e9gional et \u00e0 ses cinq meilleures performances (en terme de points) \u00e0 des comp\u00e9titions sanctionn\u00e9es par la FCE, qui peuvent inclure un championnat provincial. Par cons\u00e9quent, sept (7) tournois canadiens au maximum serviront \u00e0 calculer son total de points.<\/p>\n<p>&nbsp;<\/p>\n<p>1.8 En ce qui concerne les Coupes Canada r\u00e9gionales les tireurs qui r\u00e9sident dans ce secteur g\u00e9ographique voient leur r\u00e9sultat compter comme ceux du Championnat r\u00e9gional, et ceux qui ne r\u00e9sident pas dans ce secteur g\u00e9ographique voient leur r\u00e9sultat compter comme ceux d&rsquo;un tournoi ouvert.<\/p>\n<p>&nbsp;<\/p>\n<h4><strong>PROC\u00c9DURE<\/strong><\/h4>\n<p>&nbsp;<\/p>\n<p>1.9 Les r\u00e9sultats aux comp\u00e9titions domestiques sanctionn\u00e9es par la FCE seront soumis \u00e0 la FCE conform\u00e9ment \u00e0 la mani\u00e8re prescrite sur le site Web de la FCE.<\/p>\n<p>&nbsp;<\/p>\n<h4><strong>LE SYST\u00c8ME DE POINTS<\/strong><\/h4>\n<p>&nbsp;<\/p>\n<p>1.10 \u00a0\u00a0\u00a0\u00a0\u00a0\u00a0 Le calcul des points obtenus par un tireur \u00e0 un tournoi se fait de la fa\u00e7on suivante :<\/p>\n<p>&nbsp;<\/p>\n<p>R = F * (1,006 &#8211; (log P\/log N) dans laquelle<\/p>\n<p>R = le nombre de points de classement attribu\u00e9 pour P<\/p>\n<p>P = la place obtenue dans la comp\u00e9tition<\/p>\n<p>N = le nombre de participants \u00e0 la comp\u00e9tition, et<\/p>\n<p>F = 15 x A + 10 x B + 5 x C + 3 x D<\/p>\n<p>o\u00f9 A = le nombre de tireurs class\u00e9s A participant \u00e0 la comp\u00e9tition<\/p>\n<ul>\n<li>= le nombre de tireurs class\u00e9s B participant \u00e0 la comp\u00e9tition<\/li>\n<li>= le nombre de tireurs class\u00e9s C participant \u00e0 la comp\u00e9tition<\/li>\n<li>= le nombre de tireurs class\u00e9s D participant \u00e0 la comp\u00e9tition<\/li>\n<\/ul>\n<p>&nbsp;<\/p>\n<p>Toutes les comp\u00e9titions sanctionn\u00e9es auront une force minimale (F). Si la valeur calcul\u00e9e de F est inf\u00e9rieure \u00e0 la valeur minimale, alors on utilisera la force minimale pour l&rsquo;\u00e9preuve en question, de la mani\u00e8re suivante :<\/p>\n<p>Cat\u00e9gorie ouverte : F = 30\u00a0 \u00a0\u00a0\u00a0\u00a0\u00a0\u00a0\u00a0\u00a0\u00a0\u00a0\u00a0\u00a0 Cat\u00e9gorie junior : F = 20<\/p>\n<p>Cat\u00e9gorie v\u00e9t\u00e9ran : F = 20\u00a0 \u00a0\u00a0\u00a0\u00a0\u00a0\u00a0\u00a0\u00a0\u00a0\u00a0\u00a0\u00a0 Cat\u00e9gorie cadette : F = 10<\/p>\n<p>Cat\u00e9gorie U15 : F = 10<\/p>\n<p>Les points sont calcul\u00e9s \u00e0 une d\u00e9cimale pr\u00e8s.<\/p>\n<p>&nbsp;<\/p>\n<p>&nbsp;<\/p>\n<p>&nbsp;<\/p>\n<p>&nbsp;<\/p>\n<p>Pour clarifier les choses, voici quelques exemples :<\/p>\n<p>Exemple A \u00a0\u00a0\u00a0\u00a0\u00a0\u00a0\u00a0\u00a0\u00a0\u00a0\u00a0 \u00a0\u00a0\u00a0\u00a0\u00a0\u00a0\u00a0\u00a0\u00a0\u00a0\u00a0\u00a0\u00a0\u00a0\u00a0 \u00a0\u00a0\u00a0\u00a0\u00a0\u00a0\u00a0\u00a0\u00a0\u00a0\u00a0\u00a0\u00a0\u00a0\u00a0 \u00a0\u00a0\u00a0\u00a0\u00a0\u00a0\u00a0\u00a0\u00a0\u00a0\u00a0\u00a0\u00a0\u00a0\u00a0 \u00a0\u00a0\u00a0\u00a0\u00a0\u00a0\u00a0\u00a0\u00a0\u00a0\u00a0\u00a0\u00a0\u00a0\u00a0 \u00a0\u00a0\u00a0\u00a0\u00a0\u00a0\u00a0\u00a0\u00a0\u00a0\u00a0\u00a0\u00a0\u00a0\u00a0 \u00a0\u00a0\u00a0\u00a0\u00a0\u00a0\u00a0\u00a0\u00a0\u00a0\u00a0\u00a0\u00a0\u00a0\u00a0\u00a0\u00a0\u00a0 Exemple B<\/p>\n<p>Nombre de participants (N): 41 \u00a0\u00a0\u00a0\u00a0\u00a0\u00a0\u00a0\u00a0\u00a0\u00a0\u00a0\u00a0\u00a0\u00a0\u00a0\u00a0\u00a0\u00a0\u00a0\u00a0\u00a0\u00a0\u00a0 \u00a0\u00a0\u00a0\u00a0\u00a0\u00a0\u00a0\u00a0\u00a0\u00a0\u00a0\u00a0\u00a0\u00a0\u00a0 \u00a0\u00a0\u00a0\u00a0\u00a0\u00a0\u00a0\u00a0\u00a0\u00a0\u00a0\u00a0\u00a0\u00a0\u00a0 \u00a0\u00a0\u00a0\u00a0\u00a0\u00a0\u00a0\u00a0\u00a0\u00a0\u00a0\u00a0\u00a0\u00a0\u00a0\u00a0\u00a0\u00a0\u00a0\u00a0 Nombre de participants (N):39<\/p>\n<p>le minimum F = 30 s&rsquo;applique<\/p>\n<table width=\"642\">\n<tbody>\n<tr>\n<td width=\"47\">As<\/td>\n<td width=\"48\">Bs<\/td>\n<td width=\"46\">Cs<\/td>\n<td width=\"48\">Ds<\/td>\n<td width=\"45\">F<\/td>\n<td rowspan=\"44\" width=\"155\">&nbsp;<\/p>\n<p>&nbsp;<\/p>\n<p>&nbsp;<\/p>\n<p>&nbsp;<\/p>\n<p>&nbsp;<\/p>\n<p>&nbsp;<\/p>\n<p>&nbsp;<\/p>\n<p>&nbsp;<\/p>\n<p>&nbsp;<\/p>\n<p>&nbsp;<\/p>\n<p>&nbsp;<\/p>\n<p>&nbsp;<\/p>\n<p>&nbsp;<\/p>\n<p>&nbsp;<\/p>\n<p>&nbsp;<\/p>\n<p>&nbsp;<\/p>\n<p>&nbsp;<\/p>\n<p>&nbsp;<\/p>\n<p>&nbsp;<\/p>\n<p>&nbsp;<\/p>\n<p>&nbsp;<\/p>\n<p>&nbsp;<\/p>\n<p>&nbsp;<\/p>\n<p>&nbsp;<\/p>\n<p>&nbsp;<\/p>\n<p>&nbsp;<\/p>\n<p>&nbsp;<\/p>\n<p>&nbsp;<\/p>\n<p>&nbsp;<\/p>\n<p>&nbsp;<\/p>\n<p>&nbsp;<\/p>\n<p>&nbsp;<\/p>\n<p>&nbsp;<\/p>\n<p>&nbsp;<\/p>\n<p>&nbsp;<\/p>\n<p>&nbsp;<\/p>\n<p>&nbsp;<\/p>\n<p>&nbsp;<\/p>\n<p>&nbsp;<\/p>\n<p>&nbsp;<\/p>\n<p>&nbsp;<\/p>\n<p>&nbsp;<\/p>\n<p>&nbsp;<\/p>\n<p>&nbsp;<\/td>\n<td width=\"51\">As<\/td>\n<td width=\"52\">Bs<\/td>\n<td width=\"49\">Cs<\/td>\n<td width=\"51\">Ds<\/td>\n<td colspan=\"2\" width=\"51\">F<\/td>\n<\/tr>\n<tr>\n<td width=\"47\">3<\/td>\n<td width=\"48\">5<\/td>\n<td width=\"46\">9<\/td>\n<td width=\"48\">4<\/td>\n<td width=\"45\">152<\/td>\n<td width=\"51\">0<\/td>\n<td width=\"52\">0<\/td>\n<td width=\"49\">0<\/td>\n<td width=\"51\">4<\/td>\n<td colspan=\"2\" width=\"51\">12<\/td>\n<\/tr>\n<tr>\n<td colspan=\"2\" width=\"94\">place<\/td>\n<td colspan=\"2\" width=\"94\">points<\/td>\n<td rowspan=\"42\" width=\"45\">&nbsp;<\/td>\n<td colspan=\"2\" width=\"103\">place<\/td>\n<td colspan=\"3\" width=\"105\">points<\/td>\n<td rowspan=\"42\" width=\"45\">&nbsp;<\/td>\n<\/tr>\n<tr>\n<td colspan=\"2\" width=\"94\">1<\/td>\n<td colspan=\"2\" width=\"94\">152,8<\/td>\n<td colspan=\"2\" width=\"103\">1<\/td>\n<td colspan=\"3\" width=\"105\">30,2<\/td>\n<\/tr>\n<tr>\n<td colspan=\"2\" width=\"94\">2<\/td>\n<td colspan=\"2\" width=\"94\">124,4<\/td>\n<td colspan=\"2\" width=\"103\">2<\/td>\n<td colspan=\"3\" width=\"105\">24,5<\/td>\n<\/tr>\n<tr>\n<td colspan=\"2\" width=\"94\">3<\/td>\n<td colspan=\"2\" width=\"94\">107,8<\/td>\n<td colspan=\"2\" width=\"103\">3<\/td>\n<td colspan=\"3\" width=\"105\">21,2<\/td>\n<\/tr>\n<tr>\n<td colspan=\"2\" width=\"94\">4<\/td>\n<td colspan=\"2\" width=\"94\">96,0<\/td>\n<td colspan=\"2\" width=\"103\">4<\/td>\n<td colspan=\"3\" width=\"105\">18,8<\/td>\n<\/tr>\n<tr>\n<td colspan=\"2\" width=\"94\">5<\/td>\n<td colspan=\"2\" width=\"94\">86,9<\/td>\n<td colspan=\"2\" width=\"103\">5<\/td>\n<td colspan=\"3\" width=\"105\">17,0<\/td>\n<\/tr>\n<tr>\n<td colspan=\"2\" width=\"94\">6<\/td>\n<td colspan=\"2\" width=\"94\">79,4<\/td>\n<td colspan=\"2\" width=\"103\">6<\/td>\n<td colspan=\"3\" width=\"105\">15,5<\/td>\n<\/tr>\n<tr>\n<td colspan=\"2\" width=\"94\">7<\/td>\n<td colspan=\"2\" width=\"94\">73,1<\/td>\n<td colspan=\"2\" width=\"103\">7<\/td>\n<td colspan=\"3\" width=\"105\">14,2<\/td>\n<\/tr>\n<tr>\n<td colspan=\"2\" width=\"94\">8<\/td>\n<td colspan=\"2\" width=\"94\">67,6<\/td>\n<td colspan=\"2\" width=\"103\">8<\/td>\n<td colspan=\"3\" width=\"105\">13,1<\/td>\n<\/tr>\n<tr>\n<td colspan=\"2\" width=\"94\">9<\/td>\n<td colspan=\"2\" width=\"94\">62,8<\/td>\n<td colspan=\"2\" width=\"103\">9<\/td>\n<td colspan=\"3\" width=\"105\">12,2<\/td>\n<\/tr>\n<tr>\n<td colspan=\"2\" width=\"94\">10<\/td>\n<td colspan=\"2\" width=\"94\">58,5<\/td>\n<td colspan=\"2\" width=\"103\">10<\/td>\n<td colspan=\"3\" width=\"105\">11,3<\/td>\n<\/tr>\n<tr>\n<td colspan=\"2\" width=\"94\">11<\/td>\n<td colspan=\"2\" width=\"94\">54,6<\/td>\n<td colspan=\"2\" width=\"103\">11<\/td>\n<td colspan=\"3\" width=\"105\">10,5<\/td>\n<\/tr>\n<tr>\n<td colspan=\"2\" width=\"94\">12<\/td>\n<td colspan=\"2\" width=\"94\">51,1<\/td>\n<td colspan=\"2\" width=\"103\">12<\/td>\n<td colspan=\"3\" width=\"105\">9,8<\/td>\n<\/tr>\n<tr>\n<td colspan=\"2\" width=\"94\">13<\/td>\n<td colspan=\"2\" width=\"94\">47,8<\/td>\n<td colspan=\"2\" width=\"103\">13<\/td>\n<td colspan=\"3\" width=\"105\">9,1<\/td>\n<\/tr>\n<tr>\n<td colspan=\"2\" width=\"94\">14<\/td>\n<td colspan=\"2\" width=\"94\">44,7<\/td>\n<td colspan=\"2\" width=\"103\">14<\/td>\n<td colspan=\"3\" width=\"105\">8,5<\/td>\n<\/tr>\n<tr>\n<td colspan=\"2\" width=\"94\">15<\/td>\n<td colspan=\"2\" width=\"94\">41,9<\/td>\n<td colspan=\"2\" width=\"103\">15<\/td>\n<td colspan=\"3\" width=\"105\">8,0<\/td>\n<\/tr>\n<tr>\n<td colspan=\"2\" width=\"94\">16<\/td>\n<td colspan=\"2\" width=\"94\">39,3<\/td>\n<td colspan=\"2\" width=\"103\">16<\/td>\n<td colspan=\"3\" width=\"105\">7,4<\/td>\n<\/tr>\n<tr>\n<td colspan=\"2\" width=\"94\">17<\/td>\n<td colspan=\"2\" width=\"94\">36,8<\/td>\n<td colspan=\"2\" width=\"103\">17<\/td>\n<td colspan=\"3\" width=\"105\">6,9<\/td>\n<\/tr>\n<tr>\n<td colspan=\"2\" width=\"94\">18<\/td>\n<td colspan=\"2\" width=\"94\">34,5<\/td>\n<td colspan=\"2\" width=\"103\">18<\/td>\n<td colspan=\"3\" width=\"105\">6,5<\/td>\n<\/tr>\n<tr>\n<td colspan=\"2\" width=\"94\">19<\/td>\n<td colspan=\"2\" width=\"94\">32,2<\/td>\n<td colspan=\"2\" width=\"103\">19<\/td>\n<td colspan=\"3\" width=\"105\">6,0<\/td>\n<\/tr>\n<tr>\n<td colspan=\"2\" width=\"94\">20<\/td>\n<td colspan=\"2\" width=\"94\">30,1<\/td>\n<td colspan=\"2\" width=\"103\">20<\/td>\n<td colspan=\"3\" width=\"105\">5,6<\/td>\n<\/tr>\n<tr>\n<td colspan=\"2\" width=\"94\">21<\/td>\n<td colspan=\"2\" width=\"94\">28,1<\/td>\n<td colspan=\"2\" width=\"103\">21<\/td>\n<td colspan=\"3\" width=\"105\">5,2<\/td>\n<\/tr>\n<tr>\n<td colspan=\"2\" width=\"94\">22<\/td>\n<td colspan=\"2\" width=\"94\">26,2<\/td>\n<td colspan=\"2\" width=\"103\">22<\/td>\n<td colspan=\"3\" width=\"105\">4,8<\/td>\n<\/tr>\n<tr>\n<td colspan=\"2\" width=\"94\">23<\/td>\n<td colspan=\"2\" width=\"94\">24,4<\/td>\n<td colspan=\"2\" width=\"103\">23<\/td>\n<td colspan=\"3\" width=\"105\">4,5<\/td>\n<\/tr>\n<tr>\n<td colspan=\"2\" width=\"94\">24<\/td>\n<td colspan=\"2\" width=\"94\">22,7<\/td>\n<td colspan=\"2\" width=\"103\">24<\/td>\n<td colspan=\"3\" width=\"105\">4,1<\/td>\n<\/tr>\n<tr>\n<td colspan=\"2\" width=\"94\">25<\/td>\n<td colspan=\"2\" width=\"94\">21,0<\/td>\n<td colspan=\"2\" width=\"103\">25<\/td>\n<td colspan=\"3\" width=\"105\">3,8<\/td>\n<\/tr>\n<tr>\n<td colspan=\"2\" width=\"94\">26<\/td>\n<td colspan=\"2\" width=\"94\">19,4<\/td>\n<td colspan=\"2\" width=\"103\">26<\/td>\n<td colspan=\"3\" width=\"105\">3,5<\/td>\n<\/tr>\n<tr>\n<td colspan=\"2\" width=\"94\">27<\/td>\n<td colspan=\"2\" width=\"94\">17,9<\/td>\n<td colspan=\"2\" width=\"103\">27<\/td>\n<td colspan=\"3\" width=\"105\">3,2<\/td>\n<\/tr>\n<tr>\n<td colspan=\"2\" width=\"94\">28<\/td>\n<td colspan=\"2\" width=\"94\">16,4<\/td>\n<td colspan=\"2\" width=\"103\">28<\/td>\n<td colspan=\"3\" width=\"105\">2,9<\/td>\n<\/tr>\n<tr>\n<td colspan=\"2\" width=\"94\">29<\/td>\n<td colspan=\"2\" width=\"94\">14,9<\/td>\n<td colspan=\"2\" width=\"103\">29<\/td>\n<td colspan=\"3\" width=\"105\">2,6<\/td>\n<\/tr>\n<tr>\n<td colspan=\"2\" width=\"94\">30<\/td>\n<td colspan=\"2\" width=\"94\">13,5<\/td>\n<td colspan=\"2\" width=\"103\">30<\/td>\n<td colspan=\"3\" width=\"105\">2,3<\/td>\n<\/tr>\n<tr>\n<td colspan=\"2\" width=\"94\">31<\/td>\n<td colspan=\"2\" width=\"94\">12,2<\/td>\n<td colspan=\"2\" width=\"103\">31<\/td>\n<td colspan=\"3\" width=\"105\">2,0<\/td>\n<\/tr>\n<tr>\n<td colspan=\"2\" width=\"94\">32<\/td>\n<td colspan=\"2\" width=\"94\">10,9<\/td>\n<td colspan=\"2\" width=\"103\">32<\/td>\n<td colspan=\"3\" width=\"105\">1,8<\/td>\n<\/tr>\n<tr>\n<td colspan=\"2\" width=\"94\">33<\/td>\n<td colspan=\"2\" width=\"94\">9,6<\/td>\n<td colspan=\"2\" width=\"103\">33<\/td>\n<td colspan=\"3\" width=\"105\">1,5<\/td>\n<\/tr>\n<tr>\n<td colspan=\"2\" width=\"94\">34<\/td>\n<td colspan=\"2\" width=\"94\">8,4<\/td>\n<td colspan=\"2\" width=\"103\">34<\/td>\n<td colspan=\"3\" width=\"105\">1,3<\/td>\n<\/tr>\n<tr>\n<td colspan=\"2\" width=\"94\">35<\/td>\n<td colspan=\"2\" width=\"94\">7,2<\/td>\n<td colspan=\"2\" width=\"103\">35<\/td>\n<td colspan=\"3\" width=\"105\">1,0<\/td>\n<\/tr>\n<tr>\n<td colspan=\"2\" width=\"94\">36<\/td>\n<td colspan=\"2\" width=\"94\">6,1<\/td>\n<td colspan=\"2\" width=\"103\">36<\/td>\n<td colspan=\"3\" width=\"105\">0,8<\/td>\n<\/tr>\n<tr>\n<td colspan=\"2\" width=\"94\">37<\/td>\n<td colspan=\"2\" width=\"94\">5,0<\/td>\n<td colspan=\"2\" width=\"103\">37<\/td>\n<td colspan=\"3\" width=\"105\">0,6<\/td>\n<\/tr>\n<tr>\n<td colspan=\"2\" width=\"94\">38<\/td>\n<td colspan=\"2\" width=\"94\">3,9<\/td>\n<td colspan=\"2\" width=\"103\">38<\/td>\n<td colspan=\"3\" width=\"105\">0,4<\/td>\n<\/tr>\n<tr>\n<td colspan=\"2\" width=\"94\">39<\/td>\n<td colspan=\"2\" width=\"94\">2,8<\/td>\n<td colspan=\"2\" width=\"103\">39<\/td>\n<td colspan=\"3\" width=\"105\">0,1<\/td>\n<\/tr>\n<tr>\n<td colspan=\"2\" width=\"94\">40<\/td>\n<td colspan=\"2\" width=\"94\">1,8<\/td>\n<td colspan=\"5\" rowspan=\"2\" width=\"208\">&nbsp;<\/td>\n<\/tr>\n<tr>\n<td colspan=\"2\" width=\"94\">41<\/td>\n<td colspan=\"2\" width=\"94\">0,8<\/td>\n<\/tr>\n<tr>\n<td width=\"47\"><\/td>\n<td width=\"48\"><\/td>\n<td width=\"46\"><\/td>\n<td width=\"48\"><\/td>\n<td width=\"45\"><\/td>\n<td width=\"155\"><\/td>\n<td width=\"51\"><\/td>\n<td width=\"52\"><\/td>\n<td width=\"49\"><\/td>\n<td width=\"51\"><\/td>\n<td width=\"5\"><\/td>\n<td width=\"45\"><\/td>\n<\/tr>\n<\/tbody>\n<\/table>\n<p>&nbsp;<\/p>\n<h4><strong>PROC\u00c9DURE QUAND IL Y A MOINS DE SIX CONCURRENTS<\/strong><\/h4>\n<p>&nbsp;<\/p>\n<p>1.11 En ce qui concerne les \u00e9preuves o\u00f9 moins de six (6) concurrents sont inscrits, on peut appliquer le format suivant :<\/p>\n<p>&nbsp;<\/p>\n<ol>\n<li>quand moins de six (6) tireurs ou tireuses veulent participer, ils ou elles peuvent participer \u00e0 l&rsquo;\u00e9preuve du sexe oppos\u00e9 \u00e0 la m\u00eame arme. Si cette nouvelle \u00e9preuve combin\u00e9e a plus de six (6) concurrents, les points seront calcul\u00e9s de la m\u00eame mani\u00e8re qu&rsquo;au paragraphe 1.10.<\/li>\n<\/ol>\n<p>&nbsp;<\/p>\n<ol>\n<li>les organisateurs de la comp\u00e9tition doivent indiquer les concurrent(e)s qui participent \u00e0 l&rsquo;\u00e9preuve du sexe oppos\u00e9, afin que la FCE puisse calculer correctement les points de classement.<\/li>\n<\/ol>\n","protected":false},"excerpt":{"rendered":"<p>Mis \u00e0 jour en d\u00e9cembre 2016 &nbsp; G\u00c9N\u00c9RALIT\u00c9S &nbsp; 1.1 Le syst\u00e8me de points est con\u00e7u de mani\u00e8re \u00e0 \u00e9valuer le plus pr\u00e9cis\u00e9ment possible la performance des concurrents au Canada, [&hellip;]<\/p>\n","protected":false},"author":1,"featured_media":0,"parent":0,"menu_order":0,"comment_status":"closed","ping_status":"closed","template":"","meta":{"_acf_changed":false,"footnotes":""},"class_list":["post-8522","page","type-page","status-publish","hentry"],"acf":[],"yoast_head":"<!-- This site is optimized with the Yoast SEO plugin v27.2 - https:\/\/yoast.com\/product\/yoast-seo-wordpress\/ -->\n<title>CLASSEMENT CANADIEN DOMESTIQUE - Canadian Fencing Federation<\/title>\n<meta name=\"robots\" content=\"index, follow, max-snippet:-1, max-image-preview:large, max-video-preview:-1\" \/>\n<link rel=\"canonical\" href=\"https:\/\/fencing.ca\/fr\/classement-canadien-domestique\/\" \/>\n<meta property=\"og:locale\" content=\"fr_FR\" \/>\n<meta property=\"og:type\" content=\"article\" \/>\n<meta property=\"og:title\" content=\"CLASSEMENT CANADIEN DOMESTIQUE - Canadian Fencing Federation\" \/>\n<meta property=\"og:description\" content=\"Mis \u00e0 jour en d\u00e9cembre 2016 &nbsp; G\u00c9N\u00c9RALIT\u00c9S &nbsp; 1.1 Le syst\u00e8me de points est con\u00e7u de mani\u00e8re \u00e0 \u00e9valuer le plus pr\u00e9cis\u00e9ment possible la performance des concurrents au Canada, [&hellip;]\" \/>\n<meta property=\"og:url\" content=\"https:\/\/fencing.ca\/fr\/classement-canadien-domestique\/\" \/>\n<meta property=\"og:site_name\" content=\"Canadian Fencing Federation\" \/>\n<meta name=\"twitter:card\" content=\"summary_large_image\" \/>\n<meta name=\"twitter:label1\" content=\"Dur\u00e9e de lecture estim\u00e9e\" \/>\n\t<meta name=\"twitter:data1\" content=\"4 minutes\" \/>\n<script type=\"application\/ld+json\" class=\"yoast-schema-graph\">{\"@context\":\"https:\/\/schema.org\",\"@graph\":[{\"@type\":\"WebPage\",\"@id\":\"https:\/\/fencing.ca\/fr\/classement-canadien-domestique\/\",\"url\":\"https:\/\/fencing.ca\/fr\/classement-canadien-domestique\/\",\"name\":\"CLASSEMENT CANADIEN DOMESTIQUE - Canadian Fencing Federation\",\"isPartOf\":{\"@id\":\"https:\/\/fencing.ca\/#website\"},\"datePublished\":\"2016-12-07T14:53:13+00:00\",\"breadcrumb\":{\"@id\":\"https:\/\/fencing.ca\/fr\/classement-canadien-domestique\/#breadcrumb\"},\"inLanguage\":\"fr-FR\",\"potentialAction\":[{\"@type\":\"ReadAction\",\"target\":[\"https:\/\/fencing.ca\/fr\/classement-canadien-domestique\/\"]}]},{\"@type\":\"BreadcrumbList\",\"@id\":\"https:\/\/fencing.ca\/fr\/classement-canadien-domestique\/#breadcrumb\",\"itemListElement\":[{\"@type\":\"ListItem\",\"position\":1,\"name\":\"Home\",\"item\":\"https:\/\/fencing.ca\/fr\/\"},{\"@type\":\"ListItem\",\"position\":2,\"name\":\"CLASSEMENT CANADIEN DOMESTIQUE\"}]},{\"@type\":\"WebSite\",\"@id\":\"https:\/\/fencing.ca\/#website\",\"url\":\"https:\/\/fencing.ca\/\",\"name\":\"Canadian Fencing Federation\",\"description\":\"Fencing Canada\",\"potentialAction\":[{\"@type\":\"SearchAction\",\"target\":{\"@type\":\"EntryPoint\",\"urlTemplate\":\"https:\/\/fencing.ca\/?s={search_term_string}\"},\"query-input\":{\"@type\":\"PropertyValueSpecification\",\"valueRequired\":true,\"valueName\":\"search_term_string\"}}],\"inLanguage\":\"fr-FR\"}]}<\/script>\n<!-- \/ Yoast SEO plugin. -->","yoast_head_json":{"title":"CLASSEMENT CANADIEN DOMESTIQUE - Canadian Fencing Federation","robots":{"index":"index","follow":"follow","max-snippet":"max-snippet:-1","max-image-preview":"max-image-preview:large","max-video-preview":"max-video-preview:-1"},"canonical":"https:\/\/fencing.ca\/fr\/classement-canadien-domestique\/","og_locale":"fr_FR","og_type":"article","og_title":"CLASSEMENT CANADIEN DOMESTIQUE - Canadian Fencing Federation","og_description":"Mis \u00e0 jour en d\u00e9cembre 2016 &nbsp; G\u00c9N\u00c9RALIT\u00c9S &nbsp; 1.1 Le syst\u00e8me de points est con\u00e7u de mani\u00e8re \u00e0 \u00e9valuer le plus pr\u00e9cis\u00e9ment possible la performance des concurrents au Canada, [&hellip;]","og_url":"https:\/\/fencing.ca\/fr\/classement-canadien-domestique\/","og_site_name":"Canadian Fencing Federation","twitter_card":"summary_large_image","twitter_misc":{"Dur\u00e9e de lecture estim\u00e9e":"4 minutes"},"schema":{"@context":"https:\/\/schema.org","@graph":[{"@type":"WebPage","@id":"https:\/\/fencing.ca\/fr\/classement-canadien-domestique\/","url":"https:\/\/fencing.ca\/fr\/classement-canadien-domestique\/","name":"CLASSEMENT CANADIEN DOMESTIQUE - Canadian Fencing Federation","isPartOf":{"@id":"https:\/\/fencing.ca\/#website"},"datePublished":"2016-12-07T14:53:13+00:00","breadcrumb":{"@id":"https:\/\/fencing.ca\/fr\/classement-canadien-domestique\/#breadcrumb"},"inLanguage":"fr-FR","potentialAction":[{"@type":"ReadAction","target":["https:\/\/fencing.ca\/fr\/classement-canadien-domestique\/"]}]},{"@type":"BreadcrumbList","@id":"https:\/\/fencing.ca\/fr\/classement-canadien-domestique\/#breadcrumb","itemListElement":[{"@type":"ListItem","position":1,"name":"Home","item":"https:\/\/fencing.ca\/fr\/"},{"@type":"ListItem","position":2,"name":"CLASSEMENT CANADIEN DOMESTIQUE"}]},{"@type":"WebSite","@id":"https:\/\/fencing.ca\/#website","url":"https:\/\/fencing.ca\/","name":"Canadian Fencing Federation","description":"Fencing Canada","potentialAction":[{"@type":"SearchAction","target":{"@type":"EntryPoint","urlTemplate":"https:\/\/fencing.ca\/?s={search_term_string}"},"query-input":{"@type":"PropertyValueSpecification","valueRequired":true,"valueName":"search_term_string"}}],"inLanguage":"fr-FR"}]}},"_links":{"self":[{"href":"https:\/\/fencing.ca\/fr\/wp-json\/wp\/v2\/pages\/8522","targetHints":{"allow":["GET"]}}],"collection":[{"href":"https:\/\/fencing.ca\/fr\/wp-json\/wp\/v2\/pages"}],"about":[{"href":"https:\/\/fencing.ca\/fr\/wp-json\/wp\/v2\/types\/page"}],"author":[{"embeddable":true,"href":"https:\/\/fencing.ca\/fr\/wp-json\/wp\/v2\/users\/1"}],"replies":[{"embeddable":true,"href":"https:\/\/fencing.ca\/fr\/wp-json\/wp\/v2\/comments?post=8522"}],"version-history":[{"count":1,"href":"https:\/\/fencing.ca\/fr\/wp-json\/wp\/v2\/pages\/8522\/revisions"}],"predecessor-version":[{"id":8523,"href":"https:\/\/fencing.ca\/fr\/wp-json\/wp\/v2\/pages\/8522\/revisions\/8523"}],"wp:attachment":[{"href":"https:\/\/fencing.ca\/fr\/wp-json\/wp\/v2\/media?parent=8522"}],"curies":[{"name":"wp","href":"https:\/\/api.w.org\/{rel}","templated":true}]}}