{"id":919,"date":"2014-07-25T06:46:52","date_gmt":"2016-06-27T21:41:15","guid":{"rendered":""},"modified":"2026-02-11T04:27:48","modified_gmt":"2026-02-11T09:27:48","slug":"comites-de-programme-de-la-federation-canadienne-descrime-fce-2014-15","status":"publish","type":"page","link":"https:\/\/fencing.ca\/fr\/comites-de-programme-de-la-federation-canadienne-descrime-fce-2014-15\/","title":{"rendered":"Comit\u00e9s de la F\u00e9d\u00e9ration canadienne d&rsquo;escrime"},"content":{"rendered":"<p><span style=\"text-decoration: underline;\"><strong>Conseil des athl\u00e8tes<\/strong><\/span><\/p>\n<ul>\n<li>Pr\u00e9sident et repr\u00e9sentant des athl\u00e8tes au conseil d&rsquo;administration &#8211; Shaul Gordon<\/li>\n<li>Repr\u00e9sentant des anciens athl\u00e8tes &#8211; Joseph Polossifakis<\/li>\n<li>Para-escrime &#8211; Ryan Rousell<\/li>\n<li>\u00c9p\u00e9e f\u00e9minine &#8211; Leonora Mackinnon<\/li>\n<li>Fleuret f\u00e9minin &#8211; Eleanor Harvey<\/li>\n<li>Sabre f\u00e9minin &#8211; Madison Thurgood<\/li>\n<li>\u00c9p\u00e9e masculine &#8211; Ruibo (Leon) Xiao<\/li>\n<li>Fleuret masculin &#8211; Edward Li<\/li>\n<li>Sabre masculin &#8211; Shaul Gordon<\/li>\n<\/ul>\n<div>\n<p class=\"TableParagraph\" style=\"text-align: left;\" align=\"center\"><a href=\"https:\/\/fencing.ca\/wp-content\/uploads\/Athletes-Council-ToR-fr.pdf\"><span lang=\"FR-CA\">Conseil des athl\u00e8tes &#8211; Mandat<\/span><\/a><\/p>\n<\/div>\n<p>&nbsp;<\/p>\n<p><span style=\"text-decoration: underline;\"><strong>Comit\u00e9 de\u00a0d\u00e9veloppement des entra\u00eeneurs<\/strong><\/span><\/p>\n<p>Le r\u00f4le du comit\u00e9 de d\u00e9veloppement des entra\u00eeneurs est de guider et de fournir des conseils experts pour la supervision du d\u00e9veloppement, la r\u00e9alisation,\u00a0et l&rsquo;\u00e9valuation de tous les programmes de d\u00e9veloppement des entra\u00eeneurs de la FCE.<\/p>\n<p>Membres:<\/p>\n<ul>\n<li><strong>Olivier Tyteca &#8211; Pr\u00e9sidente<\/strong><\/li>\n<li>Lynn Seguin<\/li>\n<li>Maureen Griffin<\/li>\n<li>Patricia Howes<\/li>\n<li>Steven Moore-Vountas (Membre du conseil d&rsquo;administration)<\/li>\n<\/ul>\n<p><a href=\"http:\/\/fencing.ca\/wp-content\/uploads\/Comite-de-developpement-des-entraineurs-TOR.pdf\">Veuillez cliquer ici pour consulter le mandat de ce comit\u00e9<\/a>.<\/p>\n<p>&nbsp;<\/p>\n<p><span style=\"text-decoration: underline;\"><strong>Comit\u00e9 des comp\u00e9titions<\/strong><\/span><\/p>\n<p>Le Comit\u00e9 des comp\u00e9titions a pour r\u00f4le d&rsquo;\u00eatre le chef de file, de guider et de fournir des conseils experts pour la supervision de la planification et de l&rsquo;organisation r\u00e9ussies de toutes les comp\u00e9titions de la FCE, y compris toutes les \u00e9preuves organis\u00e9es en partenariat avec les h\u00f4tes respectifs choisis par la FCE.<\/p>\n<p>Membres:<\/p>\n<ul>\n<li><strong>David Howes \u2013 Pr\u00e9sident (Directeur ex\u00e9cutif)<\/strong><\/li>\n<li>Esther Lapointe<\/li>\n<li>Judit Blasko<\/li>\n<li>Kamil Karbonowski<\/li>\n<li>Kiah Bransch<\/li>\n<li>Kristine Richardson<\/li>\n<li>Patrick Fournier<\/li>\n<\/ul>\n<p><a href=\"http:\/\/fencing.ca\/wp-content\/uploads\/Comite-des-competitions-TOR_fr.pdf\">Veuillez cliquer ici pour consulter le mandat de ce comit\u00e9<\/a>.<\/p>\n<p>&nbsp;<\/p>\n<p><span style=\"text-decoration: underline;\"><strong>Comit\u00e9 des finances et de\u00a0<\/strong><b>l&rsquo;audit<\/b><\/span><\/p>\n<p>Le Comit\u00e9 des finances et de l&rsquo;audit a pour r\u00f4le &#8230;<\/p>\n<p>Membres:<\/p>\n<ul>\n<li><strong>Alexanne Verret \u2013 Pr\u00e9sident (Membre du conseil d&rsquo;administration)<\/strong><\/li>\n<li>Phil McCully (Membre du conseil d&rsquo;administration)<\/li>\n<li>David Howes (Directeur ex\u00e9cutif)<\/li>\n<li>Kathy Hare (Administrateur des finances)<\/li>\n<\/ul>\n<p><a href=\"https:\/\/fencing.ca\/wp-content\/uploads\/Mandat-du-comite-des-finances-et-de-la-verification.pdf\">Veuillez cliquer ici pour consulter le mandat de ce comit\u00e9<\/a><\/p>\n<p>&nbsp;<\/p>\n<p><span style=\"text-decoration: underline;\"><strong>Comit\u00e9 d&rsquo;\u00e9quit\u00e9 des genres<\/strong><\/span><\/p>\n<p>Le comit\u00e9 d&rsquo;\u00e9quit\u00e9 des genres appuie la FCE dans l&rsquo;\u00e9laboration, la promotion, la surveillance et la prestation de conseils sur les programmes et les politiques visant \u00e0 promouvoir l&rsquo;\u00e9quit\u00e9 des genres.<\/p>\n<p>Membres:<\/p>\n<ul>\n<li style=\"list-style-type: none;\">\n<ul>\n<li><strong>Kirsten Van Marion \u2013 Pr\u00e9sidente<\/strong><\/li>\n<li>Avery Hiebert<\/li>\n<li>Daria Jorquera Palmer<\/li>\n<li>Felice Hu<\/li>\n<li>Jason Harel<\/li>\n<li>Kali Sayers<\/li>\n<li>Madison Thurgood<\/li>\n<li>Monique Kavelaars (Membre du conseil d&rsquo;administration)<\/li>\n<\/ul>\n<\/li>\n<\/ul>\n<p><a href=\"http:\/\/fencing.ca\/wp-content\/uploads\/fce-Gender-Equity-Committee-TOR-FR.pdf\">Veuillez cliquer ici pour consulter le mandat de ce comit\u00e9<\/a><\/p>\n<p>&nbsp;<\/p>\n<p><span style=\"text-decoration: underline;\"><strong>Comit\u00e9 de gouvernance<\/strong><\/span><\/p>\n<p>Le Comit\u00e9 de gouvernance a pour r\u00f4le &#8230;<\/p>\n<p>Membres:<\/p>\n<p><strong>Le Comit\u00e9 est actuellement \u00e0 la recherche d&rsquo;autres membres &#8211; email <a href=\"mailto:ed@fencing.ca\">ed@fencing.ca<\/a><\/strong><\/p>\n<p><a href=\"http:\/\/fencing.ca\/wp-content\/uploads\/Comite-de-gouvernance-TOR-FR.pdf\">Veuillez cliquer ici pour consulter le mandat de ce comit\u00e9<\/a>.<\/p>\n<p>&nbsp;<\/p>\n<p><span style=\"text-decoration: underline;\"><strong>Comit\u00e9 de consultation de la haute performance<\/strong><\/span><\/p>\n<p>Le Comit\u00e9 de consultation de la haute performance a pour r\u00f4le d&rsquo;\u00eatre le chef de file et de guider les programmes de haute performance de la FCE.<\/p>\n<p>Membres:<\/p>\n<ul>\n<li><strong>Igor Gantsevich \u2013 Pr\u00e9sident (DHP)<\/strong><\/li>\n<li>David Howes (DE)<\/li>\n<li>Au moins trois entra\u00eeneurs nationaux (un par arme)<\/li>\n<li>Repr\u00e9sentant des athl\u00e8tes<\/li>\n<li>Un membre repr\u00e9sentant le Conseil d\u2019administration de la FCE<\/li>\n<li>autres membres \u00e0 d\u00e9terminer<\/li>\n<\/ul>\n<p>&nbsp;<\/p>\n<p><span style=\"text-decoration: underline;\"><strong>Comit\u00e9 des nominations<\/strong><\/span><\/p>\n<div><span lang=\"FR-CA\">La responsabilit\u00e9 g\u00e9n\u00e9rale du comit\u00e9 des nominations consiste \u00e0 rechercher, identifier et recruter des personnes qualifi\u00e9es et comp\u00e9tentes, capables d&rsquo;assurer une gouvernance efficace au sein du conseil d&rsquo;administration. <\/span><\/div>\n<p>Membres:<\/p>\n<ul>\n<li>\n<div><span lang=\"FR-CA\">Le <strong>pr\u00e9sident<\/strong> du comit\u00e9 sera nomm\u00e9 par le \u00a0<\/span><span lang=\"FR-CA\">conseil d&rsquo;administration.<br \/>\n<\/span>Le comit\u00e9 sera compos\u00e9 d&rsquo;au maximum trois (3) personnes nomm\u00e9es par le conseil d&rsquo;administration et comprendra au moins un (1) administrateur qui n&rsquo;est pas soumis \u00e0 \u00e9lection. Les personnes qui souhaitent \u00eatre \u00e9lues ou r\u00e9\u00e9lues au conseil d&rsquo;administration ne peuvent pas \u00eatre nomm\u00e9es au comit\u00e9.<\/div>\n<\/li>\n<\/ul>\n<p><a href=\"https:\/\/fencing.ca\/wp-content\/uploads\/Nominations-Protocol-fr.pdf\">Protocole de nomination<\/a><\/p>\n<p>&nbsp;<\/p>\n<p><span style=\"text-decoration: underline;\"><strong>NOUVEAU Comit\u00e9 des officiels<\/strong><\/span><\/p>\n<div>\n<p class=\"p1\"><span lang=\"FR-CA\">Le comit\u00e9 des officiels a pour objectif d&rsquo;\u00e9laborer, de coordonner et d&rsquo;\u00e9valuer des programmes visant \u00e0 former et \u00e0 am\u00e9liorer les performances des officiels d&rsquo;escrime, ainsi que de nommer les officiels pour les comp\u00e9titions nationales et internationales d\u00e9sign\u00e9es.<\/span><\/p>\n<\/div>\n<p><a href=\"https:\/\/fencing.ca\/wp-content\/uploads\/National-Officials-Committee-TOR-fr.pdf\">Veuillez cliquer ici pour consulter le mandat de ce comit\u00e9<\/a>.<\/p>\n<p><strong>Sous-comit\u00e9 des arbitres<\/strong><\/p>\n<ul>\n<li><strong>Thomas Nguyen \u2013 Pr\u00e9sident<\/strong><\/li>\n<li>Carolyn Granholm<\/li>\n<li>Kamil Karbonowski<\/li>\n<li>Pascal Heidecker<\/li>\n<li>Pierre-Olivier Bontems<\/li>\n<li>Steven Moore-Vountas (Membre du conseil d&rsquo;administration)<\/li>\n<\/ul>\n<p><strong>Sous-comit\u00e9 du\u00a0secr\u00e9tariat<\/strong><\/p>\n<p>Membres \u00e0 confirmer<\/p>\n<p><strong>Sous-comit\u00e9 de l&rsquo;armurerie<\/strong><\/p>\n<p>Membres \u00e0 confirmer<\/p>\n<p>&nbsp;<\/p>\n<p><span style=\"text-decoration: underline;\"><strong>Comit\u00e9 d&rsquo;escrime handisport<\/strong><\/span><\/p>\n<p>Le Comit\u00e9 d&rsquo;escrime handisport a pour r\u00f4le de reproduire pour les athl\u00e8tes ayant un handicap\u00a0les programmes de d\u00e9veloppement de la FCE ainsi que de mettre en oeuvre des programmes\u00a0de haute performance pour les escrimeurs ayant un handicap<\/p>\n<p>Membres:<\/p>\n<ul>\n<li><strong>Patrice Duclos &#8211; Pr\u00e9sident<\/strong><\/li>\n<\/ul>\n<p><strong>Le Comit\u00e9 est actuellement \u00e0 la recherche d&rsquo;autres membres &#8211; email <a href=\"mailto:ed@fencing.ca\">ed@fencing.ca<\/a><\/strong><\/p>\n<p><a href=\"http:\/\/fencing.ca\/wp-content\/uploads\/Comite-descrime-handisport-TOR-FR.pdf\">Veuillez cliquer ici pour consulter le mandat de ce comit\u00e9<\/a>.<\/p>\n<p>&nbsp;<\/p>\n<p><span style=\"text-decoration: underline;\"><strong>Comit\u00e9 de m\u00e9dicine du sport<\/strong><\/span><\/p>\n<p>Le Comit\u00e9 d&rsquo;escrime handisport a\u00a0pour r\u00f4le de soutenir et d&rsquo;optimiser la performance sportive en fournissant des\u00a0services de haute qualit\u00e9 bas\u00e9s sur des preuves en mati\u00e8re de m\u00e9decine et de sciences du\u00a0sport, aux athl\u00e8tes, aux entra\u00eeneurs et aux membres.<\/p>\n<p>Membres:<\/p>\n<ul>\n<li><strong>Nader Abdelkader- Pr\u00e9sident<\/strong><\/li>\n<li class=\"\">Cedric Boutet<\/li>\n<li>Kaity Szabo<\/li>\n<li class=\"\">Lisa Huzel<\/li>\n<li class=\"\">Shaul Gordon (Athlete Rep)<\/li>\n<\/ul>\n<p><a href=\"http:\/\/fencing.ca\/wp-content\/uploads\/Comite-de-medecine-du-sport-TOR_fr.pdf\">Veuillez cliquer ici pour consulter le mandat de ce comit\u00e9<\/a>.<\/p>\n<p>&nbsp;<\/p>\n<p><span style=\"text-decoration: underline;\"><strong>Comit\u00e9 des v\u00e9t\u00e9rans<\/strong><\/span><\/p>\n<p>Le Comit\u00e9 des v\u00e9t\u00e9rans a pour r\u00f4le de fournir un leadership, des conseils et de l&rsquo;expertise pour promouvoir l&rsquo;escrime pour les v\u00e9t\u00e9rans au Canada.<\/p>\n<p>Membres:<\/p>\n<ul>\n<li><strong>Mark Ballard &#8211; Pr\u00e9sident<\/strong><\/li>\n<li>Alexis C\u00f4t\u00e9<\/li>\n<li>Gaby Weisz<\/li>\n<li>Howard Simmons<\/li>\n<li>Marie-Christine Alamy<\/li>\n<li>Svetoslav Marinov<\/li>\n<li>Yann Bernard (Membre du conseil d&rsquo;administration)<\/li>\n<\/ul>\n<p><strong>Le Comit\u00e9 est actuellement \u00e0 la recherche d&rsquo;autres membres &#8211; email <a href=\"mailto:ed@fencing.ca\">ed@fencing.ca<\/a><\/strong><\/p>\n<p><a href=\"http:\/\/fencing.ca\/wp-content\/uploads\/Comite-des-veterans-TOR_fr.pdf\">Veuillez cliquer ici pour consulter le mandat de ce comit\u00e9<\/a>.<\/p>\n<p>&nbsp;<\/p>\n<p>&nbsp;<\/p>\n<p><span style=\"text-decoration: underline;\"><strong>Comit\u00e9 de d\u00e9veloppement au pays<\/strong><\/span><\/p>\n<p>Le Comit\u00e9 de d\u00e9veloppement au pays a pour r\u00f4le d&rsquo;\u00eatre le chef de file du d\u00e9veloppement de l&rsquo;escrime au Canada, conform\u00e9ment aux principes du mod\u00e8le de d\u00e9veloppement \u00e0 long terme de l&rsquo;athl\u00e8te (DLTA) de la FCE.<\/p>\n<p><strong>Ce comit\u00e9 est actuellement inactif.<\/strong><\/p>\n<p><a href=\"http:\/\/fencing.ca\/\/wp-content\/documents\/committees\/CTR_DDC_fr.pdf\">Veuillez cliquer ici pour consulter le mandat de ce comit\u00e9<\/a>.<\/p>\n<p>&nbsp;<\/p>\n<p><span style=\"text-decoration: underline;\"><strong>Comit\u00e9 d&rsquo;histoire<\/strong><\/span><\/p>\n<p>Le Comit\u00e9 d\u2019histoire a pour r\u00f4le de pr\u00e9server et d&rsquo;archiver l&rsquo;histoire de l&rsquo;escrime au Canada.<\/p>\n<p><strong>Ce comit\u00e9 est actuellement inactif.<\/strong><\/p>\n<p><a href=\"http:\/\/fencing.ca\/\/wp-content\/documents\/committees\/CTR_HC_fr.pdf\">Veuillez cliquer ici pour consulter le mandat de ce comit\u00e9<\/a>.<\/p>\n<p>&nbsp;<\/p>\n<p>Pour toutes questions au niveau des comit\u00e9s, veuillez envoyer un courriel \u00e0 <a href=\"mailto:ed@fencing.ca?subject=2014-2015%20Program%20Committees\">ed@fencing.ca<\/a><\/p>\n<p>&nbsp;<\/p>\n","protected":false},"excerpt":{"rendered":"<p>Conseil des athl\u00e8tes Pr\u00e9sident et repr\u00e9sentant des athl\u00e8tes au conseil d&rsquo;administration &#8211; Shaul Gordon Repr\u00e9sentant des anciens athl\u00e8tes &#8211; Joseph Polossifakis Para-escrime &#8211; Ryan Rousell \u00c9p\u00e9e f\u00e9minine &#8211; Leonora Mackinnon [&hellip;]<\/p>\n","protected":false},"author":1,"featured_media":0,"parent":0,"menu_order":0,"comment_status":"closed","ping_status":"closed","template":"","meta":{"_acf_changed":false,"footnotes":""},"class_list":["post-919","page","type-page","status-publish","hentry"],"acf":[],"yoast_head":"<!-- This site is optimized with the Yoast SEO plugin v27.3 - https:\/\/yoast.com\/product\/yoast-seo-wordpress\/ -->\n<title>Comit\u00e9s de la F\u00e9d\u00e9ration canadienne d&#039;escrime - Canadian Fencing Federation<\/title>\n<meta name=\"robots\" content=\"index, follow, max-snippet:-1, max-image-preview:large, max-video-preview:-1\" \/>\n<link rel=\"canonical\" href=\"https:\/\/fencing.ca\/fr\/comites-de-programme-de-la-federation-canadienne-descrime-fce-2014-15\/\" \/>\n<meta property=\"og:locale\" content=\"fr_FR\" \/>\n<meta property=\"og:type\" content=\"article\" \/>\n<meta property=\"og:title\" content=\"Comit\u00e9s de la F\u00e9d\u00e9ration canadienne d&#039;escrime - Canadian Fencing Federation\" \/>\n<meta property=\"og:description\" content=\"Conseil des athl\u00e8tes Pr\u00e9sident et repr\u00e9sentant des athl\u00e8tes au conseil d&rsquo;administration &#8211; Shaul Gordon Repr\u00e9sentant des anciens athl\u00e8tes &#8211; Joseph Polossifakis Para-escrime &#8211; Ryan Rousell \u00c9p\u00e9e f\u00e9minine &#8211; Leonora Mackinnon [&hellip;]\" \/>\n<meta property=\"og:url\" content=\"https:\/\/fencing.ca\/fr\/comites-de-programme-de-la-federation-canadienne-descrime-fce-2014-15\/\" \/>\n<meta property=\"og:site_name\" content=\"Canadian Fencing Federation\" \/>\n<meta property=\"article:modified_time\" content=\"2026-02-11T09:27:48+00:00\" \/>\n<meta name=\"twitter:card\" content=\"summary_large_image\" \/>\n<meta name=\"twitter:label1\" content=\"Dur\u00e9e de lecture estim\u00e9e\" \/>\n\t<meta name=\"twitter:data1\" content=\"4 minutes\" \/>\n<script type=\"application\/ld+json\" class=\"yoast-schema-graph\">{\"@context\":\"https:\\\/\\\/schema.org\",\"@graph\":[{\"@type\":\"WebPage\",\"@id\":\"https:\\\/\\\/fencing.ca\\\/fr\\\/comites-de-programme-de-la-federation-canadienne-descrime-fce-2014-15\\\/\",\"url\":\"https:\\\/\\\/fencing.ca\\\/fr\\\/comites-de-programme-de-la-federation-canadienne-descrime-fce-2014-15\\\/\",\"name\":\"Comit\u00e9s de la F\u00e9d\u00e9ration canadienne d'escrime - Canadian Fencing Federation\",\"isPartOf\":{\"@id\":\"https:\\\/\\\/fencing.ca\\\/#website\"},\"datePublished\":\"2016-06-27T21:41:15+00:00\",\"dateModified\":\"2026-02-11T09:27:48+00:00\",\"breadcrumb\":{\"@id\":\"https:\\\/\\\/fencing.ca\\\/fr\\\/comites-de-programme-de-la-federation-canadienne-descrime-fce-2014-15\\\/#breadcrumb\"},\"inLanguage\":\"fr-FR\",\"potentialAction\":[{\"@type\":\"ReadAction\",\"target\":[\"https:\\\/\\\/fencing.ca\\\/fr\\\/comites-de-programme-de-la-federation-canadienne-descrime-fce-2014-15\\\/\"]}]},{\"@type\":\"BreadcrumbList\",\"@id\":\"https:\\\/\\\/fencing.ca\\\/fr\\\/comites-de-programme-de-la-federation-canadienne-descrime-fce-2014-15\\\/#breadcrumb\",\"itemListElement\":[{\"@type\":\"ListItem\",\"position\":1,\"name\":\"Home\",\"item\":\"https:\\\/\\\/fencing.ca\\\/fr\\\/\"},{\"@type\":\"ListItem\",\"position\":2,\"name\":\"Comit\u00e9s de la F\u00e9d\u00e9ration canadienne d&#8217;escrime\"}]},{\"@type\":\"WebSite\",\"@id\":\"https:\\\/\\\/fencing.ca\\\/#website\",\"url\":\"https:\\\/\\\/fencing.ca\\\/\",\"name\":\"Canadian Fencing Federation\",\"description\":\"Fencing Canada\",\"potentialAction\":[{\"@type\":\"SearchAction\",\"target\":{\"@type\":\"EntryPoint\",\"urlTemplate\":\"https:\\\/\\\/fencing.ca\\\/?s={search_term_string}\"},\"query-input\":{\"@type\":\"PropertyValueSpecification\",\"valueRequired\":true,\"valueName\":\"search_term_string\"}}],\"inLanguage\":\"fr-FR\"}]}<\/script>\n<!-- \/ Yoast SEO plugin. -->","yoast_head_json":{"title":"Comit\u00e9s de la F\u00e9d\u00e9ration canadienne d'escrime - Canadian Fencing Federation","robots":{"index":"index","follow":"follow","max-snippet":"max-snippet:-1","max-image-preview":"max-image-preview:large","max-video-preview":"max-video-preview:-1"},"canonical":"https:\/\/fencing.ca\/fr\/comites-de-programme-de-la-federation-canadienne-descrime-fce-2014-15\/","og_locale":"fr_FR","og_type":"article","og_title":"Comit\u00e9s de la F\u00e9d\u00e9ration canadienne d'escrime - Canadian Fencing Federation","og_description":"Conseil des athl\u00e8tes Pr\u00e9sident et repr\u00e9sentant des athl\u00e8tes au conseil d&rsquo;administration &#8211; Shaul Gordon Repr\u00e9sentant des anciens athl\u00e8tes &#8211; Joseph Polossifakis Para-escrime &#8211; Ryan Rousell \u00c9p\u00e9e f\u00e9minine &#8211; Leonora Mackinnon [&hellip;]","og_url":"https:\/\/fencing.ca\/fr\/comites-de-programme-de-la-federation-canadienne-descrime-fce-2014-15\/","og_site_name":"Canadian Fencing Federation","article_modified_time":"2026-02-11T09:27:48+00:00","twitter_card":"summary_large_image","twitter_misc":{"Dur\u00e9e de lecture estim\u00e9e":"4 minutes"},"schema":{"@context":"https:\/\/schema.org","@graph":[{"@type":"WebPage","@id":"https:\/\/fencing.ca\/fr\/comites-de-programme-de-la-federation-canadienne-descrime-fce-2014-15\/","url":"https:\/\/fencing.ca\/fr\/comites-de-programme-de-la-federation-canadienne-descrime-fce-2014-15\/","name":"Comit\u00e9s de la F\u00e9d\u00e9ration canadienne d'escrime - Canadian Fencing Federation","isPartOf":{"@id":"https:\/\/fencing.ca\/#website"},"datePublished":"2016-06-27T21:41:15+00:00","dateModified":"2026-02-11T09:27:48+00:00","breadcrumb":{"@id":"https:\/\/fencing.ca\/fr\/comites-de-programme-de-la-federation-canadienne-descrime-fce-2014-15\/#breadcrumb"},"inLanguage":"fr-FR","potentialAction":[{"@type":"ReadAction","target":["https:\/\/fencing.ca\/fr\/comites-de-programme-de-la-federation-canadienne-descrime-fce-2014-15\/"]}]},{"@type":"BreadcrumbList","@id":"https:\/\/fencing.ca\/fr\/comites-de-programme-de-la-federation-canadienne-descrime-fce-2014-15\/#breadcrumb","itemListElement":[{"@type":"ListItem","position":1,"name":"Home","item":"https:\/\/fencing.ca\/fr\/"},{"@type":"ListItem","position":2,"name":"Comit\u00e9s de la F\u00e9d\u00e9ration canadienne d&#8217;escrime"}]},{"@type":"WebSite","@id":"https:\/\/fencing.ca\/#website","url":"https:\/\/fencing.ca\/","name":"Canadian Fencing Federation","description":"Fencing Canada","potentialAction":[{"@type":"SearchAction","target":{"@type":"EntryPoint","urlTemplate":"https:\/\/fencing.ca\/?s={search_term_string}"},"query-input":{"@type":"PropertyValueSpecification","valueRequired":true,"valueName":"search_term_string"}}],"inLanguage":"fr-FR"}]}},"_links":{"self":[{"href":"https:\/\/fencing.ca\/fr\/wp-json\/wp\/v2\/pages\/919","targetHints":{"allow":["GET"]}}],"collection":[{"href":"https:\/\/fencing.ca\/fr\/wp-json\/wp\/v2\/pages"}],"about":[{"href":"https:\/\/fencing.ca\/fr\/wp-json\/wp\/v2\/types\/page"}],"author":[{"embeddable":true,"href":"https:\/\/fencing.ca\/fr\/wp-json\/wp\/v2\/users\/1"}],"replies":[{"embeddable":true,"href":"https:\/\/fencing.ca\/fr\/wp-json\/wp\/v2\/comments?post=919"}],"version-history":[{"count":5,"href":"https:\/\/fencing.ca\/fr\/wp-json\/wp\/v2\/pages\/919\/revisions"}],"predecessor-version":[{"id":46523,"href":"https:\/\/fencing.ca\/fr\/wp-json\/wp\/v2\/pages\/919\/revisions\/46523"}],"wp:attachment":[{"href":"https:\/\/fencing.ca\/fr\/wp-json\/wp\/v2\/media?parent=919"}],"curies":[{"name":"wp","href":"https:\/\/api.w.org\/{rel}","templated":true}]}}